{"id":3147,"date":"2022-03-26T21:58:44","date_gmt":"2022-03-26T21:58:44","guid":{"rendered":"https:\/\/www.mdw.ac.at\/talentlab\/?page_id=3147"},"modified":"2022-03-26T21:59:17","modified_gmt":"2022-03-26T21:59:17","slug":"legal-notice","status":"publish","type":"page","link":"https:\/\/www.mdw.ac.at\/talentlab\/en\/legal-notice\/","title":{"rendered":"Legal notice"},"content":{"rendered":"<div class=\"fusion-fullwidth fullwidth-box fusion-builder-row-1 fusion-flex-container nonhundred-percent-fullwidth non-hundred-percent-height-scrolling\" style=\"background-color: rgba(255,255,255,0);background-position: center center;background-repeat: no-repeat;border-width: 0px 0px 0px 0px;border-color:#eae9e9;border-style:solid;\" ><div class=\"fusion-builder-row fusion-row fusion-flex-align-items-flex-start\" style=\"max-width:calc( 1240px + 120px );margin-left: calc(-120px \/ 2 );margin-right: calc(-120px \/ 2 );\"><div class=\"fusion-layout-column fusion_builder_column fusion-builder-column-0 fusion_builder_column_1_1 1_1 fusion-flex-column\"><div class=\"fusion-column-wrapper fusion-flex-justify-content-flex-start fusion-content-layout-column\" style=\"background-position:left top;background-repeat:no-repeat;-webkit-background-size:cover;-moz-background-size:cover;-o-background-size:cover;background-size:cover;padding: 0px 0px 0px 0px;\"><div class=\"fusion-text fusion-text-1\"><h2 class=\"fusion-responsive-typography-calculated\" style=\"--fontsize: 50; line-height: 1.2;\" data-fontsize=\"50\" data-lineheight=\"60px\">Offenlegung gem. \u00a7 25 Mediengeset<\/h2>\n<h3 class=\"fusion-responsive-typography-calculated\" style=\"--fontsize: 34; line-height: 1.2;\" data-fontsize=\"34\" data-lineheight=\"40.8px\">Medieninhaberin, Herausgeberin, Eigent\u00fcmerin<\/h3>\n<p><strong>mdw \u2013 Universit\u00e4t f\u00fcr Musik und darstellende Kunst Wien<\/strong><br \/>\nAnton-von-Webern-Platz 1<br \/>\n1030 Wien<\/p>\n<p>Tel.: +43 1 711 55<\/p>\n<p>Vertretungsbefugte Organe: <b><a href=\"https:\/\/www.mdw.ac.at\/591\/\">Rektorin Ulrike Sych<\/a>, <a href=\"https:\/\/www.mdw.ac.at\/37\/\">Rektorat<\/a><\/b><\/p>\n<p>UID-Nummer: ATU 37871004<br \/>\nDVR-Nummer: 0447331<\/p>\n<hr \/>\n<h3 class=\"\" style=\"--fontsize: 30; line-height: 1.5;\" data-fontsize=\"30\" data-lineheight=\"45px\">Kontakt<\/h3>\n<p>mdw talent lab &#8211; Support Center for Young Musicians<br \/>\nTelefon:+43 (1) 71155 &#8211; 7811<br \/>\n<a href=\"mailto:talentlab@mdw.ac.at\">talentlab@mdw.ac.at<\/a><\/p>\n<h3 class=\"\" style=\"--fontsize: 30; line-height: 1.5;\" data-fontsize=\"30\" data-lineheight=\"45px\">F\u00fcr den Inhalt verantwortlich<\/h3>\n<p>Magdalena Bork<\/p>\n<h3 class=\"\" style=\"--fontsize: 30; line-height: 1.5;\" data-fontsize=\"30\" data-lineheight=\"45px\">Online-Team<\/h3>\n<p>Magdalena Bork<br \/>\nKarin Torky-Martin<br \/>\nJulia Ostroverkhova<\/p>\n<h3 class=\"fusion-responsive-typography-calculated\" style=\"--fontsize: 34; line-height: 1.2;\" data-fontsize=\"34\" data-lineheight=\"40.8px\">Corporate Design, Webdesign<\/h3>\n<p><a href=\"http:\/\/www.christoph-aichinger.at\">Christoph Aichinger<\/a><\/p>\n<h3 class=\"\" style=\"--fontsize: 30; line-height: 1.5;\" data-fontsize=\"30\" data-lineheight=\"45px\">Website Entwicklung<\/h3>\n<p><a href=\"http:\/\/www.softos.at\">SOFTOS Data Services<\/a><\/p>\n<hr \/>\n<h3 class=\"\" style=\"--fontsize: 30; line-height: 1.5;\" data-fontsize=\"30\" data-lineheight=\"45px\">Datenschutzerkl\u00e4rung<\/h3>\n<p><a href=\"https:\/\/www.mdw.ac.at\/datenschutz\/datenschutzinformation-der-mdw\" target=\"_blank\" rel=\"noopener\"><b>Datenschutzinformation der mdw gem. Art. 13 DSGVO<\/b><\/a><\/p>\n<hr \/>\n<h3 class=\"\" style=\"--fontsize: 30; line-height: 1.5;\" data-fontsize=\"30\" data-lineheight=\"45px\">Erkl\u00e4rung zur Barrierefreiheit<\/h3>\n<p><a href=\"https:\/\/www.mdw.ac.at\/barrierefreiheitserklaerung\/\" target=\"_blank\" rel=\"noopener\"><b>Erkl\u00e4rung zur Barrierefreiheit<\/b><\/a><\/p>\n<hr \/>\n<h3 class=\"\" style=\"--fontsize: 30; line-height: 1.5;\" data-fontsize=\"30\" data-lineheight=\"45px\">Disclaimer<\/h3>\n<p>Diese Website kann Hinweise auf andere Eigentumsrechte und Informationen zu Urheberrechten enthalten, die beachtet und befolgt werden m\u00fcssen. Dies gilt insbesondere f\u00fcr Logos, Bilder, Tondateien und Videos.<\/p>\n<p>Das Herunterladen, Drucken und Speichern von Dateien dieser Website f\u00fcr den ausschlie\u00dflich privaten Gebrauch ist gestattet, dar\u00fcber hinaus gehende Nutzung bedarf der ausdr\u00fccklichen Zustimmung der mdw \u2013 Universit\u00e4t f\u00fcr Musik und darstellende Kunst Wien.<\/p>\n<p>Die mdw \u00fcbernimmt keine Haftung f\u00fcr Datenverlust oder andere technische Beeintr\u00e4chtigungen, die beim Betrachten oder Herunterladen von Daten dieser Website entstehen k\u00f6nnen. Bei Links zu anderen Webseiten \u00fcbernimmt die mdw keine Haftung f\u00fcr deren Inhalt.<\/p>\n<p>Die auf dieser Website bereitgestellten Informationen werden durch die mdw sorgf\u00e4ltig gepr\u00fcft und regelm\u00e4\u00dfig aktualisiert. F\u00fcr die Vollst\u00e4ndigkeit, Aktualit\u00e4t und Richtigkeit der Angaben der im Rahmen dieser Internetseiten angebotenen Inhalte wird keine Gew\u00e4hr \u00fcbernommen.<\/p>\n<p>\u00c4nderungen und Irrt\u00fcmer sind vorbehalten. Des Weiteren beh\u00e4lt sich die mdw vor, jederzeit den Inhalt und das Design dieser Website ohne vorhergehende Ank\u00fcndigung zu \u00e4ndern.<\/p>\n<hr \/>\n<h3 class=\"\" style=\"--fontsize: 30; line-height: 1.5;\" data-fontsize=\"30\" data-lineheight=\"45px\">Die mdw Netiquette auf Social Media<\/h3>\n<p>Bitte beachten Sie die <a href=\"https:\/\/www.mdw.ac.at\/netiquette\/\" target=\"_blank\" rel=\"noopener\"><b>Netiquette der mdw<\/b><\/a> wenn Sie auf unseren Social Media-Kan\u00e4len unterwegs sind.<\/p>\n<hr \/>\n<h3>Cookie-Einstellungen<\/h3>\n<p>Diese Website verwendet Cookies und eingebundene Services anderer Anbieter.<\/p>\n<\/div><div class=\"fusion-privacy-element fusion-privacy-element-1\"><div class=\"fusion-privacy-form-intro\"><p>Weitere Informationen entnehmen Sie unserer <a href=\"https:\/\/www.mdw.ac.at\/datenschutz\/datenschutzinformation-der-mdw\/#tracking\">Datenschutzerkl\u00e4rung.<\/a><\/p>\n<p>Einbindung folgender Dienste erlauben:<\/p>\n<\/div><form id=\"fusion-privacy-form-1\" method=\"post\" class=\"fusion-privacy-form fusion-privacy-form-stacked\"><ul><li><label for=\"youtube\"><input name=\"consents[]\" type=\"checkbox\" value=\"youtube\"  id=\"youtube\">YouTube<\/label><\/li><li><label for=\"facebook\"><input name=\"consents[]\" type=\"checkbox\" value=\"facebook\"  id=\"facebook\">Facebook<\/label><\/li><li><label for=\"gmaps\"><input name=\"consents[]\" type=\"checkbox\" value=\"gmaps\"  id=\"gmaps\">Google Maps<\/label><\/li><li><label for=\"tracking\"><input name=\"consents[]\" type=\"checkbox\" value=\"tracking\"  id=\"tracking\">Tracking Cookies<\/label><\/li><\/ul><input type=\"hidden\" name=\"_wp_http_referer\" value=\"\/talentlab\/wp-json\/wp\/v2\/pages\/3147\" \/><input type=\"hidden\" name=\"privacyformid\" value=\"1\"><input type=\"hidden\" name=\"consents[]\" value=\"consent\"><input class=\"fusion-button fusion-button-default fusion-button-default-size\" type=\"submit\" value=\"Update\" ><\/form><\/div><\/div><style type=\"text\/css\">.fusion-body .fusion-builder-column-0{width:100% !important;margin-top : 0px;margin-bottom : 0px;}.fusion-builder-column-0 > .fusion-column-wrapper {padding-top : 0px !important;padding-right : 0px !important;margin-right : 60px;padding-bottom : 0px !important;padding-left : 0px !important;margin-left : 60px;}@media only screen and (max-width:1024px) {.fusion-body .fusion-builder-column-0{width:100% !important;order : 0;}.fusion-builder-column-0 > .fusion-column-wrapper {margin-right : 60px;margin-left : 60px;}}@media only screen and (max-width:640px) {.fusion-body .fusion-builder-column-0{width:100% !important;order : 0;}.fusion-builder-column-0 > .fusion-column-wrapper {margin-right : 60px;margin-left : 60px;}}<\/style><\/div><\/div><style type=\"text\/css\">.fusion-body .fusion-flex-container.fusion-builder-row-1{ padding-top : ;margin-top : 0px;padding-right : ;padding-bottom : ;margin-bottom : 0px;padding-left : ;}<\/style><\/div>\n","protected":false},"excerpt":{"rendered":"","protected":false},"author":1,"featured_media":0,"parent":0,"menu_order":0,"comment_status":"closed","ping_status":"closed","template":"100-width.php","meta":{"_links_to":"","_links_to_target":""},"_links":{"self":[{"href":"https:\/\/www.mdw.ac.at\/talentlab\/wp-json\/wp\/v2\/pages\/3147"}],"collection":[{"href":"https:\/\/www.mdw.ac.at\/talentlab\/wp-json\/wp\/v2\/pages"}],"about":[{"href":"https:\/\/www.mdw.ac.at\/talentlab\/wp-json\/wp\/v2\/types\/page"}],"author":[{"embeddable":true,"href":"https:\/\/www.mdw.ac.at\/talentlab\/wp-json\/wp\/v2\/users\/1"}],"replies":[{"embeddable":true,"href":"https:\/\/www.mdw.ac.at\/talentlab\/wp-json\/wp\/v2\/comments?post=3147"}],"version-history":[{"count":2,"href":"https:\/\/www.mdw.ac.at\/talentlab\/wp-json\/wp\/v2\/pages\/3147\/revisions"}],"predecessor-version":[{"id":3149,"href":"https:\/\/www.mdw.ac.at\/talentlab\/wp-json\/wp\/v2\/pages\/3147\/revisions\/3149"}],"wp:attachment":[{"href":"https:\/\/www.mdw.ac.at\/talentlab\/wp-json\/wp\/v2\/media?parent=3147"}],"curies":[{"name":"wp","href":"https:\/\/api.w.org\/{rel}","templated":true}]}}