{"id":7845,"date":"2026-05-08T08:52:36","date_gmt":"2026-05-08T06:52:36","guid":{"rendered":"https:\/\/www.mdw.ac.at\/mdwpress\/?page_id=7845"},"modified":"2026-05-08T08:52:36","modified_gmt":"2026-05-08T06:52:36","slug":"diamond-open-access","status":"publish","type":"page","link":"https:\/\/www.mdw.ac.at\/mdwpress\/diamond-open-access\/","title":{"rendered":"Diamond Open Access"},"content":{"rendered":"<hr style=\"border: 0; border-top: 1px solid #ccc;\">\n<p>Alle Publikationen bei mdwPress erscheinen in <a href=\"https:\/\/diamond-open-access.de\/sedoa\/was-ist-eine-diamond-open-access-publikation\/\">Diamond Open Access<\/a>. Das bedeutet, dass ihre qualit\u00e4tsgepr\u00fcften Inhalte kostenfrei f\u00fcr Autor_innen und Leser_innen unter Open-Access-konformen Lizenzen ver\u00f6ffentlicht werden. Diese Lizenzen erlauben eine freie Zug\u00e4nglichkeit und Weiterverbreitung der Publikationen und erm\u00f6glichen ggf. auch ihre Weiterbearbeitung. Die Nennung der Autor_innen des Werks sowie des Verlags ist dabei immer verpflichtend.<\/p>\n<p>mdwPress ist der <a href=https:\/\/www.mdw.ac.at\/bib\/oa-policy\/>Open Access Policy<\/a> der mdw verpflichtet und erf\u00fcllt alle Voraussetzungen f\u00fcr Open-Access-Publikationen wie sie von Forschungsf\u00f6rdereinrichtungen (u.a. dem <a href=\"https:\/\/www.fwf.ac.at\/de\/forschungsfoerderung\/open-access-policy\">FWF<\/a>) im <a href=\"https:\/\/www.coalition-s.org\/addendum-to-the-coalition-s-guidance-on-the-implementation-of-plan-s\/principles-and-implementation\/\">Plan S<\/a> postuliert werden. Diesen Voraussetzungen folgend wird eine einheitliche und autor_innenfreundliche <a href=\"https:\/\/www.mdw.ac.at\/mdwpress\/wordpress\/wp-content\/uploads\/2024\/04\/mdwpress-autor_innenvereinb_2024-04-01.pdf\">Publikationsvereinbarung<\/a> mit flexibler Wahl einer Creative-Commons-Lizenz (<a href=\"https:\/\/creativecommons.org\/licenses\/?lang=de\">CC-Lizenz<\/a>) getroffen.<\/p>\n<p>Weitere Informationen zu Open Access an der mdw finden Sie auf der Website der <a href=\"https:\/\/ub.mdw.ac.at\/open-access\/\">Universit\u00e4tsbibliothek<\/a>.","protected":false},"excerpt":{"rendered":"<p>Alle Publikationen bei mdwPress erscheinen in Diamond Open Access. Das bedeutet, dass ihre qualit\u00e4tsgepr\u00fcften Inhalte kostenfrei f\u00fcr Autor_innen und Leser_innen unter Open-Access-konformen Lizenzen ver\u00f6ffentlicht werden. Diese Lizenzen erlauben eine freie Zug\u00e4nglichkeit und Weiterverbreitung der Publikationen und erm\u00f6glichen ggf. auch ihre Weiterbearbeitung. Die Nennung der Autor_innen des Werks sowie des Verlags ist dabei immer verpflichtend. mdwPress &hellip;<\/p>\n","protected":false},"author":8,"featured_media":0,"parent":0,"menu_order":0,"comment_status":"closed","ping_status":"closed","template":"","meta":{"inline_featured_image":false,"footnotes":""},"class_list":["post-7845","page","type-page","status-publish","hentry"],"yoast_head":"<!-- This site is optimized with the Yoast SEO plugin v26.9 - https:\/\/yoast.com\/product\/yoast-seo-wordpress\/ -->\n<title>Diamond Open Access &#8211; mdwPress<\/title>\n<meta name=\"robots\" content=\"index, follow, max-snippet:-1, max-image-preview:large, max-video-preview:-1\" \/>\n<link rel=\"canonical\" href=\"https:\/\/www.mdw.ac.at\/mdwpress\/diamond-open-access\/\" \/>\n<meta property=\"og:locale\" content=\"de_DE\" \/>\n<meta property=\"og:type\" content=\"article\" \/>\n<meta property=\"og:title\" content=\"Diamond Open Access &#8211; mdwPress\" \/>\n<meta property=\"og:description\" content=\"Alle Publikationen bei mdwPress erscheinen in Diamond Open Access. Das bedeutet, dass ihre qualit\u00e4tsgepr\u00fcften Inhalte kostenfrei f\u00fcr Autor_innen und Leser_innen unter Open-Access-konformen Lizenzen ver\u00f6ffentlicht werden. Diese Lizenzen erlauben eine freie Zug\u00e4nglichkeit und Weiterverbreitung der Publikationen und erm\u00f6glichen ggf. auch ihre Weiterbearbeitung. Die Nennung der Autor_innen des Werks sowie des Verlags ist dabei immer verpflichtend. mdwPress &hellip;\" \/>\n<meta property=\"og:url\" content=\"https:\/\/www.mdw.ac.at\/mdwpress\/diamond-open-access\/\" \/>\n<meta property=\"og:site_name\" content=\"mdwPress\" \/>\n<meta name=\"twitter:card\" content=\"summary_large_image\" \/>\n<meta name=\"twitter:label1\" content=\"Gesch\u00e4tzte Lesezeit\" \/>\n\t<meta name=\"twitter:data1\" content=\"1\u00a0Minute\" \/>\n<script type=\"application\/ld+json\" class=\"yoast-schema-graph\">{\"@context\":\"https:\/\/schema.org\",\"@graph\":[{\"@type\":\"WebPage\",\"@id\":\"https:\/\/www.mdw.ac.at\/mdwpress\/diamond-open-access\/\",\"url\":\"https:\/\/www.mdw.ac.at\/mdwpress\/diamond-open-access\/\",\"name\":\"Diamond Open Access &#8211; mdwPress\",\"isPartOf\":{\"@id\":\"https:\/\/www.mdw.ac.at\/mdwpress\/en\/#website\"},\"datePublished\":\"2026-05-08T06:52:36+00:00\",\"breadcrumb\":{\"@id\":\"https:\/\/www.mdw.ac.at\/mdwpress\/diamond-open-access\/#breadcrumb\"},\"inLanguage\":\"de\",\"potentialAction\":[{\"@type\":\"ReadAction\",\"target\":[\"https:\/\/www.mdw.ac.at\/mdwpress\/diamond-open-access\/\"]}]},{\"@type\":\"BreadcrumbList\",\"@id\":\"https:\/\/www.mdw.ac.at\/mdwpress\/diamond-open-access\/#breadcrumb\",\"itemListElement\":[{\"@type\":\"ListItem\",\"position\":1,\"name\":\"Startseite\",\"item\":\"https:\/\/www.mdw.ac.at\/mdwpress\/en\/\"},{\"@type\":\"ListItem\",\"position\":2,\"name\":\"Diamond Open Access\"}]},{\"@type\":\"WebSite\",\"@id\":\"https:\/\/www.mdw.ac.at\/mdwpress\/en\/#website\",\"url\":\"https:\/\/www.mdw.ac.at\/mdwpress\/en\/\",\"name\":\"mdwPress\",\"description\":\"Der Open-Access-Universit\u00e4tsverlag der mdw\",\"publisher\":{\"@id\":\"https:\/\/www.mdw.ac.at\/mdwpress\/en\/#organization\"},\"potentialAction\":[{\"@type\":\"SearchAction\",\"target\":{\"@type\":\"EntryPoint\",\"urlTemplate\":\"https:\/\/www.mdw.ac.at\/mdwpress\/en\/?s={search_term_string}\"},\"query-input\":{\"@type\":\"PropertyValueSpecification\",\"valueRequired\":true,\"valueName\":\"search_term_string\"}}],\"inLanguage\":\"de\"},{\"@type\":\"Organization\",\"@id\":\"https:\/\/www.mdw.ac.at\/mdwpress\/en\/#organization\",\"name\":\"mdwPress\",\"url\":\"https:\/\/www.mdw.ac.at\/mdwpress\/en\/\",\"logo\":{\"@type\":\"ImageObject\",\"inLanguage\":\"de\",\"@id\":\"https:\/\/www.mdw.ac.at\/mdwpress\/en\/#\/schema\/logo\/image\/\",\"url\":\"https:\/\/www.mdw.ac.at\/mdwpress\/wordpress\/wp-content\/uploads\/2021\/02\/mdwpress-logo-schwarz.svg\",\"contentUrl\":\"https:\/\/www.mdw.ac.at\/mdwpress\/wordpress\/wp-content\/uploads\/2021\/02\/mdwpress-logo-schwarz.svg\",\"width\":\"1024\",\"height\":\"1024\",\"caption\":\"mdwPress\"},\"image\":{\"@id\":\"https:\/\/www.mdw.ac.at\/mdwpress\/en\/#\/schema\/logo\/image\/\"}}]}<\/script>\n<!-- \/ Yoast SEO plugin. -->","yoast_head_json":{"title":"Diamond Open Access &#8211; mdwPress","robots":{"index":"index","follow":"follow","max-snippet":"max-snippet:-1","max-image-preview":"max-image-preview:large","max-video-preview":"max-video-preview:-1"},"canonical":"https:\/\/www.mdw.ac.at\/mdwpress\/diamond-open-access\/","og_locale":"de_DE","og_type":"article","og_title":"Diamond Open Access &#8211; mdwPress","og_description":"Alle Publikationen bei mdwPress erscheinen in Diamond Open Access. Das bedeutet, dass ihre qualit\u00e4tsgepr\u00fcften Inhalte kostenfrei f\u00fcr Autor_innen und Leser_innen unter Open-Access-konformen Lizenzen ver\u00f6ffentlicht werden. Diese Lizenzen erlauben eine freie Zug\u00e4nglichkeit und Weiterverbreitung der Publikationen und erm\u00f6glichen ggf. auch ihre Weiterbearbeitung. Die Nennung der Autor_innen des Werks sowie des Verlags ist dabei immer verpflichtend. mdwPress &hellip;","og_url":"https:\/\/www.mdw.ac.at\/mdwpress\/diamond-open-access\/","og_site_name":"mdwPress","twitter_card":"summary_large_image","twitter_misc":{"Gesch\u00e4tzte Lesezeit":"1\u00a0Minute"},"schema":{"@context":"https:\/\/schema.org","@graph":[{"@type":"WebPage","@id":"https:\/\/www.mdw.ac.at\/mdwpress\/diamond-open-access\/","url":"https:\/\/www.mdw.ac.at\/mdwpress\/diamond-open-access\/","name":"Diamond Open Access &#8211; mdwPress","isPartOf":{"@id":"https:\/\/www.mdw.ac.at\/mdwpress\/en\/#website"},"datePublished":"2026-05-08T06:52:36+00:00","breadcrumb":{"@id":"https:\/\/www.mdw.ac.at\/mdwpress\/diamond-open-access\/#breadcrumb"},"inLanguage":"de","potentialAction":[{"@type":"ReadAction","target":["https:\/\/www.mdw.ac.at\/mdwpress\/diamond-open-access\/"]}]},{"@type":"BreadcrumbList","@id":"https:\/\/www.mdw.ac.at\/mdwpress\/diamond-open-access\/#breadcrumb","itemListElement":[{"@type":"ListItem","position":1,"name":"Startseite","item":"https:\/\/www.mdw.ac.at\/mdwpress\/en\/"},{"@type":"ListItem","position":2,"name":"Diamond Open Access"}]},{"@type":"WebSite","@id":"https:\/\/www.mdw.ac.at\/mdwpress\/en\/#website","url":"https:\/\/www.mdw.ac.at\/mdwpress\/en\/","name":"mdwPress","description":"Der Open-Access-Universit\u00e4tsverlag der mdw","publisher":{"@id":"https:\/\/www.mdw.ac.at\/mdwpress\/en\/#organization"},"potentialAction":[{"@type":"SearchAction","target":{"@type":"EntryPoint","urlTemplate":"https:\/\/www.mdw.ac.at\/mdwpress\/en\/?s={search_term_string}"},"query-input":{"@type":"PropertyValueSpecification","valueRequired":true,"valueName":"search_term_string"}}],"inLanguage":"de"},{"@type":"Organization","@id":"https:\/\/www.mdw.ac.at\/mdwpress\/en\/#organization","name":"mdwPress","url":"https:\/\/www.mdw.ac.at\/mdwpress\/en\/","logo":{"@type":"ImageObject","inLanguage":"de","@id":"https:\/\/www.mdw.ac.at\/mdwpress\/en\/#\/schema\/logo\/image\/","url":"https:\/\/www.mdw.ac.at\/mdwpress\/wordpress\/wp-content\/uploads\/2021\/02\/mdwpress-logo-schwarz.svg","contentUrl":"https:\/\/www.mdw.ac.at\/mdwpress\/wordpress\/wp-content\/uploads\/2021\/02\/mdwpress-logo-schwarz.svg","width":"1024","height":"1024","caption":"mdwPress"},"image":{"@id":"https:\/\/www.mdw.ac.at\/mdwpress\/en\/#\/schema\/logo\/image\/"}}]}},"_links":{"self":[{"href":"https:\/\/www.mdw.ac.at\/mdwpress\/wp-json\/wp\/v2\/pages\/7845","targetHints":{"allow":["GET"]}}],"collection":[{"href":"https:\/\/www.mdw.ac.at\/mdwpress\/wp-json\/wp\/v2\/pages"}],"about":[{"href":"https:\/\/www.mdw.ac.at\/mdwpress\/wp-json\/wp\/v2\/types\/page"}],"author":[{"embeddable":true,"href":"https:\/\/www.mdw.ac.at\/mdwpress\/wp-json\/wp\/v2\/users\/8"}],"replies":[{"embeddable":true,"href":"https:\/\/www.mdw.ac.at\/mdwpress\/wp-json\/wp\/v2\/comments?post=7845"}],"version-history":[{"count":14,"href":"https:\/\/www.mdw.ac.at\/mdwpress\/wp-json\/wp\/v2\/pages\/7845\/revisions"}],"predecessor-version":[{"id":8138,"href":"https:\/\/www.mdw.ac.at\/mdwpress\/wp-json\/wp\/v2\/pages\/7845\/revisions\/8138"}],"wp:attachment":[{"href":"https:\/\/www.mdw.ac.at\/mdwpress\/wp-json\/wp\/v2\/media?parent=7845"}],"curies":[{"name":"wp","href":"https:\/\/api.w.org\/{rel}","templated":true}]}}