{"id":6220,"date":"2026-03-17T10:49:51","date_gmt":"2026-03-17T09:49:51","guid":{"rendered":"https:\/\/www.mdw.ac.at\/mdwpress\/?page_id=6220"},"modified":"2026-03-17T10:54:47","modified_gmt":"2026-03-17T09:54:47","slug":"buecher","status":"publish","type":"page","link":"https:\/\/www.mdw.ac.at\/mdwpress\/publikationen\/buecher\/","title":{"rendered":"B\u00fccher"},"content":{"rendered":"<style id=\"sp_pcp_dynamic_style4790\">#pcp_wrapper-4790:not(.sps-glossary-layout) .sp-pcp-row,#pcp_wrapper-4790 .sps-glossary-items-group .sps-glossary-items-content {margin-right: -7.5px;margin-left: -7.5px;}#pcp_wrapper-4790 .sp-pcp-row [class*='sp-pcp-col-']{padding-right: 7.5px;padding-left: 7.5px; padding-bottom:15px;}#pcp_wrapper-4790 .sp-pcp-post {padding: 0 0 0 0;}#pcp_wrapper-4790.sp-slider_layout .sp-pcp-post .sp-pcp-post-details {top: 0; right:0; bottom:0; left:0;}#pcp_wrapper-4790 .sp-pcp-post {border: 0px solid #e2e2e2; border-radius: 0px }#pcp_wrapper-4790 .sp-pcp-post{background-color: transparent;}#pcp_wrapper-4790 .pcp-post-thumb-wrapper{border: 0px solid #dddddd;border-radius:0px;}.pcp-wrapper-4790 .sp-pcp-post-meta li,.pcp-wrapper-4790 .sp-pcp-post-meta ul,.pcp-wrapper-4790 .sp-pcp-post-meta li a{color: #888;}.pcp-wrapper-4790 .sp-pcp-post-meta li a:hover{color: #e1624b;}#pcp_wrapper-4790 .pcp-post-pagination .page-numbers.current, #pcp_wrapper-4790 .pcp-post-pagination a.active , #pcp_wrapper-4790 .pcp-post-pagination a:hover{ color: #ffffff; background: #e1624b; border-color: #e1624b; }#pcp_wrapper-4790 .pcp-post-pagination .page-numbers, .pcp-post-pagination a{ background: #ffffff; color:#5e5e5e; border: 2px solid #bbbbbb;border-radius: 2px; }#pcp_wrapper-4790 .pcp-post-pagination{text-align: left;}@media (min-width: 1200px) {.sp-pcp-row .sp-pcp-col-xl-1 {flex: 0 0 100%;}.sp-pcp-row .sp-pcp-col-xl-2 {flex: 1 1 calc( 50% - 15px);}.sp-pcp-row .sp-pcp-col-xl-3 {flex: 1 1 calc( 33.333% - 15px);}.sp-pcp-row .sp-pcp-col-xl-4 {flex: 1 1 calc( 25% - 15px);}.sp-pcp-row .sp-pcp-col-xl-5 { flex: 1 1 calc( 20% - 15px);}.sp-pcp-row .sp-pcp-col-xl-6 {flex: 1 1 calc( 16.66666666666667% - 15px);}.sp-pcp-row .sp-pcp-col-xl-7 {flex: 1 1 calc( 14.28571428% - 15px);}.sp-pcp-row .sp-pcp-col-xl-8 {flex: 1 1 calc( 12.5% - 15px);}}@media (max-width: 1200px) {.sp-pcp-row .sp-pcp-col-lg-1 {flex: 0 0 100%;}.sp-pcp-row .sp-pcp-col-lg-2 {flex: 1 1 calc( 50% - 15px);}.sp-pcp-row .sp-pcp-col-lg-3 {flex: 1 1 calc( 33.333% - 15px);}.sp-pcp-row .sp-pcp-col-lg-4 {flex: 1 1 calc( 25% - 15px);}.sp-pcp-row .sp-pcp-col-lg-5 { flex: 1 1 calc( 20% - 15px);}.sp-pcp-row .sp-pcp-col-lg-6 {flex: 1 1 calc( 16.66666666666667% - 15px);}.sp-pcp-row .sp-pcp-col-lg-7 {flex: 1 1 calc( 14.28571428% - 15px);}.sp-pcp-row .sp-pcp-col-lg-8 {flex: 1 1 calc( 12.5% - 15px);}}@media (max-width: 992px) {.sp-pcp-row .sp-pcp-col-md-1 {flex: 0 0 100%;}.sp-pcp-row .sp-pcp-col-md-2 {flex: 1 1 calc( 50% - 15px);}.sp-pcp-row .sp-pcp-col-md-2-5 {flex: 0 0 75%;}.sp-pcp-row .sp-pcp-col-md-3 {flex: 1 1 calc( 33.333% - 15px);}.sp-pcp-row .sp-pcp-col-md-4 {flex: 1 1 calc( 25% - 15px);}.sp-pcp-row .sp-pcp-col-md-5 { flex: 1 1 calc( 20% - 15px);}.sp-pcp-row .sp-pcp-col-md-6 {flex: 1 1 calc( 16.66666666666667% - 15px);}.sp-pcp-row .sp-pcp-col-md-7 {flex: 1 1 calc( 14.28571428% - 15px);}.sp-pcp-row .sp-pcp-col-md-8 {flex: 1 1 calc( 12.5% - 15px);}}@media (max-width: 768px) {.sp-pcp-row .sp-pcp-col-sm-1 {flex: 0 0 100%;}.sp-pcp-row .sp-pcp-col-sm-2 {flex: 1 1 calc( 50% - 15px);}.sp-pcp-row .sp-pcp-col-sm-2-5 {flex: 0 0 75%;}.sp-pcp-row .sp-pcp-col-sm-3 {flex: 1 1 calc( 33.333% - 15px);}.sp-pcp-row .sp-pcp-col-sm-4 {flex: 1 1 calc( 25% - 15px);}.sp-pcp-row .sp-pcp-col-sm-5 { flex: 1 1 calc( 20% - 15px);}.sp-pcp-row .sp-pcp-col-sm-6 {flex: 1 1 calc( 16.66666666666667% - 15px);}.sp-pcp-row .sp-pcp-col-sm-7 {flex: 1 1 calc( 14.28571428% - 15px);}.sp-pcp-row .sp-pcp-col-sm-8 {flex: 1 1 calc( 12.5% - 15px);}}@media (max-width: 420px) {.sp-pcp-row .sp-pcp-col-xs-1 {flex: 0 0 100%;}.sp-pcp-row .sp-pcp-col-xs-2 {flex: 1 1 calc( 50% - 15px);}.sp-pcp-row .sp-pcp-col-xs-3 {flex: 1 1 calc( 33.333% - 15px);}.sp-pcp-row .sp-pcp-col-xs-4 {flex: 1 1 calc( 25% - 15px);}.sp-pcp-row .sp-pcp-col-xs-5 { flex: 1 1 calc( 20% - 15px);}.sp-pcp-row .sp-pcp-col-xs-6 {flex: 1 1 calc( 16.66666666666667% - 15px);}.sp-pcp-row .sp-pcp-col-xs-7 {flex: 1 1 calc( 14.28571428% - 15px);}.sp-pcp-row .sp-pcp-col-xs-8 {flex: 1 1 calc( 12.5% - 15px);}}<\/style>\n<div id=\"pcp_wrapper-4790\" class=\"sp-pcp-section sp-pcp-container pcp-wrapper-4790\">\n\t<div class=\"sp-pcp-row\">\n\t\t\t\t<div class=\" sp-pcp-col-xs-1 sp-pcp-col-sm-1 sp-pcp-col-md-1 sp-pcp-col-lg-5 sp-pcp-col-xl-5\">\n\t\t\t<div class=\"sp-pcp-post default pcp-item-5976\" data-id=\"5976\">\n\t\t\t\t\t\t\t\t<div class=\"pcp-post-thumb-wrapper\">\n\t\t\t\t\t<div class=\"sp-pcp-post-thumb-area\">\n\t\t\t\t\t\t\t\t\t\t\t\t<a class=\"sp-pcp-thumb\" href=\"https:\/\/www.mdw.ac.at\/mdwpress\/book-harpsichord-italy\/\" target=\"_self\" >\n\t\t\t\t\t\t\t\t\t\t\t\t\t<img loading=\"lazy\" decoding=\"async\" src=\"https:\/\/www.mdw.ac.at\/mdwpress\/wp-content\/uploads\/Harpsichord_II_Cover-scaled.jpg\" width=\"1684\" height=\"2560\" alt=\"\">\n\t\t\t\t\t\t<\/a>\n\t\t\t\t\t<\/div>\n\t\t\t\t<\/div>\n\t\t\t\t\t\t\t\t<div class=\"sp-pcp-post-details\">\n\t\t\t\t\t<div class=\"sp-pcp-post-details-content\">\n\t\t\t\t\t\t\t\t\t\t<\/div>\n\t\t\t\t<\/div>\n\t\t\t<\/div>\n\t\t<\/div>\n\t\t\t\t<div class=\" sp-pcp-col-xs-1 sp-pcp-col-sm-1 sp-pcp-col-md-1 sp-pcp-col-lg-5 sp-pcp-col-xl-5\">\n\t\t\t<div class=\"sp-pcp-post default pcp-item-4198\" data-id=\"4198\">\n\t\t\t\t\t\t\t\t<div class=\"pcp-post-thumb-wrapper\">\n\t\t\t\t\t<div class=\"sp-pcp-post-thumb-area\">\n\t\t\t\t\t\t\t\t\t\t\t\t<a class=\"sp-pcp-thumb\" href=\"https:\/\/www.mdw.ac.at\/mdwpress\/music-motion\/\" target=\"_self\" >\n\t\t\t\t\t\t\t\t\t\t\t\t\t<img loading=\"lazy\" decoding=\"async\" src=\"https:\/\/www.mdw.ac.at\/mdwpress\/wp-content\/uploads\/music-motion-1.png\" width=\"877\" height=\"1331\" alt=\"\">\n\t\t\t\t\t\t<\/a>\n\t\t\t\t\t<\/div>\n\t\t\t\t<\/div>\n\t\t\t\t\t\t\t\t<div class=\"sp-pcp-post-details\">\n\t\t\t\t\t<div class=\"sp-pcp-post-details-content\">\n\t\t\t\t\t\t\t\t\t\t<\/div>\n\t\t\t\t<\/div>\n\t\t\t<\/div>\n\t\t<\/div>\n\t\t\t\t<div class=\" sp-pcp-col-xs-1 sp-pcp-col-sm-1 sp-pcp-col-md-1 sp-pcp-col-lg-5 sp-pcp-col-xl-5\">\n\t\t\t<div class=\"sp-pcp-post default pcp-item-5859\" data-id=\"5859\">\n\t\t\t\t\t\t\t\t<div class=\"pcp-post-thumb-wrapper\">\n\t\t\t\t\t<div class=\"sp-pcp-post-thumb-area\">\n\t\t\t\t\t\t\t\t\t\t\t\t<a class=\"sp-pcp-thumb\" href=\"https:\/\/www.mdw.ac.at\/mdwpress\/the-flavor-of-thinking\/\" target=\"_self\" >\n\t\t\t\t\t\t\t\t\t\t\t\t\t<img loading=\"lazy\" decoding=\"async\" src=\"https:\/\/www.mdw.ac.at\/mdwpress\/wp-content\/uploads\/tw11898_Cover-online.png\" width=\"1166\" height=\"1772\" alt=\"\">\n\t\t\t\t\t\t<\/a>\n\t\t\t\t\t<\/div>\n\t\t\t\t<\/div>\n\t\t\t\t\t\t\t\t<div class=\"sp-pcp-post-details\">\n\t\t\t\t\t<div class=\"sp-pcp-post-details-content\">\n\t\t\t\t\t\t\t\t\t\t<\/div>\n\t\t\t\t<\/div>\n\t\t\t<\/div>\n\t\t<\/div>\n\t\t\t\t<div class=\" sp-pcp-col-xs-1 sp-pcp-col-sm-1 sp-pcp-col-md-1 sp-pcp-col-lg-5 sp-pcp-col-xl-5\">\n\t\t\t<div class=\"sp-pcp-post default pcp-item-5961\" data-id=\"5961\">\n\t\t\t\t\t\t\t\t<div class=\"pcp-post-thumb-wrapper\">\n\t\t\t\t\t<div class=\"sp-pcp-post-thumb-area\">\n\t\t\t\t\t\t\t\t\t\t\t\t<a class=\"sp-pcp-thumb\" href=\"https:\/\/www.mdw.ac.at\/mdwpress\/facing-drag\/\" target=\"_self\" >\n\t\t\t\t\t\t\t\t\t\t\t\t\t<img loading=\"lazy\" decoding=\"async\" src=\"https:\/\/www.mdw.ac.at\/mdwpress\/wp-content\/uploads\/facing_drag_final.png\" width=\"1680\" height=\"2552\" alt=\"Book Cover of Facing Drag\">\n\t\t\t\t\t\t<\/a>\n\t\t\t\t\t<\/div>\n\t\t\t\t<\/div>\n\t\t\t\t\t\t\t\t<div class=\"sp-pcp-post-details\">\n\t\t\t\t\t<div class=\"sp-pcp-post-details-content\">\n\t\t\t\t\t\t\t\t\t\t<\/div>\n\t\t\t\t<\/div>\n\t\t\t<\/div>\n\t\t<\/div>\n\t\t\t\t<div class=\" sp-pcp-col-xs-1 sp-pcp-col-sm-1 sp-pcp-col-md-1 sp-pcp-col-lg-5 sp-pcp-col-xl-5\">\n\t\t\t<div class=\"sp-pcp-post default pcp-item-5900\" data-id=\"5900\">\n\t\t\t\t\t\t\t\t<div class=\"pcp-post-thumb-wrapper\">\n\t\t\t\t\t<div class=\"sp-pcp-post-thumb-area\">\n\t\t\t\t\t\t\t\t\t\t\t\t<a class=\"sp-pcp-thumb\" href=\"https:\/\/www.mdw.ac.at\/mdwpress\/dirty-dragging-performative-transpositions\/\" target=\"_self\" >\n\t\t\t\t\t\t\t\t\t\t\t\t\t<img loading=\"lazy\" decoding=\"async\" src=\"https:\/\/www.mdw.ac.at\/mdwpress\/wp-content\/uploads\/tw7475_Cover-online_en2.png\" width=\"1679\" height=\"2552\" alt=\"\">\n\t\t\t\t\t\t<\/a>\n\t\t\t\t\t<\/div>\n\t\t\t\t<\/div>\n\t\t\t\t\t\t\t\t<div class=\"sp-pcp-post-details\">\n\t\t\t\t\t<div class=\"sp-pcp-post-details-content\">\n\t\t\t\t\t\t\t\t\t\t<\/div>\n\t\t\t\t<\/div>\n\t\t\t<\/div>\n\t\t<\/div>\n\t\t\t\t<div class=\" sp-pcp-col-xs-1 sp-pcp-col-sm-1 sp-pcp-col-md-1 sp-pcp-col-lg-5 sp-pcp-col-xl-5\">\n\t\t\t<div class=\"sp-pcp-post default pcp-item-4213\" data-id=\"4213\">\n\t\t\t\t\t\t\t\t<div class=\"pcp-post-thumb-wrapper\">\n\t\t\t\t\t<div class=\"sp-pcp-post-thumb-area\">\n\t\t\t\t\t\t\t\t\t\t\t\t<a class=\"sp-pcp-thumb\" href=\"https:\/\/www.mdw.ac.at\/mdwpress\/dirty-dragging-performative-transpositionen\/\" target=\"_self\" >\n\t\t\t\t\t\t\t\t\t\t\t\t\t<img loading=\"lazy\" decoding=\"async\" src=\"https:\/\/www.mdw.ac.at\/mdwpress\/wp-content\/uploads\/tw7474_Cover-online_de-1.png\" width=\"1679\" height=\"2552\" alt=\"\">\n\t\t\t\t\t\t<\/a>\n\t\t\t\t\t<\/div>\n\t\t\t\t<\/div>\n\t\t\t\t\t\t\t\t<div class=\"sp-pcp-post-details\">\n\t\t\t\t\t<div class=\"sp-pcp-post-details-content\">\n\t\t\t\t\t\t\t\t\t\t<\/div>\n\t\t\t\t<\/div>\n\t\t\t<\/div>\n\t\t<\/div>\n\t\t\t\t<div class=\" sp-pcp-col-xs-1 sp-pcp-col-sm-1 sp-pcp-col-md-1 sp-pcp-col-lg-5 sp-pcp-col-xl-5\">\n\t\t\t<div class=\"sp-pcp-post default pcp-item-4869\" data-id=\"4869\">\n\t\t\t\t\t\t\t\t<div class=\"pcp-post-thumb-wrapper\">\n\t\t\t\t\t<div class=\"sp-pcp-post-thumb-area\">\n\t\t\t\t\t\t\t\t\t\t\t\t<a class=\"sp-pcp-thumb\" href=\"https:\/\/www.mdw.ac.at\/mdwpress\/books-turning-social\/\" target=\"_self\" >\n\t\t\t\t\t\t\t\t\t\t\t\t\t<img loading=\"lazy\" decoding=\"async\" src=\"https:\/\/www.mdw.ac.at\/mdwpress\/wp-content\/uploads\/Cover-Turning-Social-front-web.png\" width=\"1169\" height=\"1774\" alt=\"\">\n\t\t\t\t\t\t<\/a>\n\t\t\t\t\t<\/div>\n\t\t\t\t<\/div>\n\t\t\t\t\t\t\t\t<div class=\"sp-pcp-post-details\">\n\t\t\t\t\t<div class=\"sp-pcp-post-details-content\">\n\t\t\t\t\t\t\t\t\t\t<\/div>\n\t\t\t\t<\/div>\n\t\t\t<\/div>\n\t\t<\/div>\n\t\t\t\t<div class=\" sp-pcp-col-xs-1 sp-pcp-col-sm-1 sp-pcp-col-md-1 sp-pcp-col-lg-5 sp-pcp-col-xl-5\">\n\t\t\t<div class=\"sp-pcp-post default pcp-item-1972\" data-id=\"1972\">\n\t\t\t\t\t\t\t\t<div class=\"pcp-post-thumb-wrapper\">\n\t\t\t\t\t<div class=\"sp-pcp-post-thumb-area\">\n\t\t\t\t\t\t\t\t\t\t\t\t<a class=\"sp-pcp-thumb\" href=\"https:\/\/www.mdw.ac.at\/mdwpress\/books-musik-suizidalitaet\/\" target=\"_self\" >\n\t\t\t\t\t\t\t\t\t\t\t\t\t<img loading=\"lazy\" decoding=\"async\" src=\"https:\/\/www.mdw.ac.at\/mdwpress\/wp-content\/uploads\/m-suiz-final-1.png\" width=\"1748\" height=\"2659\" alt=\"\">\n\t\t\t\t\t\t<\/a>\n\t\t\t\t\t<\/div>\n\t\t\t\t<\/div>\n\t\t\t\t\t\t\t\t<div class=\"sp-pcp-post-details\">\n\t\t\t\t\t<div class=\"sp-pcp-post-details-content\">\n\t\t\t\t\t\t\t\t\t\t<\/div>\n\t\t\t\t<\/div>\n\t\t\t<\/div>\n\t\t<\/div>\n\t\t\t\t<div class=\" sp-pcp-col-xs-1 sp-pcp-col-sm-1 sp-pcp-col-md-1 sp-pcp-col-lg-5 sp-pcp-col-xl-5\">\n\t\t\t<div class=\"sp-pcp-post default pcp-item-1964\" data-id=\"1964\">\n\t\t\t\t\t\t\t\t<div class=\"pcp-post-thumb-wrapper\">\n\t\t\t\t\t<div class=\"sp-pcp-post-thumb-area\">\n\t\t\t\t\t\t\t\t\t\t\t\t<a class=\"sp-pcp-thumb\" href=\"https:\/\/www.mdw.ac.at\/mdwpress\/books-xenakis\/\" target=\"_self\" >\n\t\t\t\t\t\t\t\t\t\t\t\t\t<img loading=\"lazy\" decoding=\"async\" src=\"https:\/\/www.mdw.ac.at\/mdwpress\/wp-content\/uploads\/Xenakis_Cover-f.png\" width=\"1750\" height=\"2659\" alt=\"\">\n\t\t\t\t\t\t<\/a>\n\t\t\t\t\t<\/div>\n\t\t\t\t<\/div>\n\t\t\t\t\t\t\t\t<div class=\"sp-pcp-post-details\">\n\t\t\t\t\t<div class=\"sp-pcp-post-details-content\">\n\t\t\t\t\t\t\t\t\t\t<\/div>\n\t\t\t\t<\/div>\n\t\t\t<\/div>\n\t\t<\/div>\n\t\t\t\t<div class=\" sp-pcp-col-xs-1 sp-pcp-col-sm-1 sp-pcp-col-md-1 sp-pcp-col-lg-5 sp-pcp-col-xl-5\">\n\t\t\t<div class=\"sp-pcp-post default pcp-item-1968\" data-id=\"1968\">\n\t\t\t\t\t\t\t\t<div class=\"pcp-post-thumb-wrapper\">\n\t\t\t\t\t<div class=\"sp-pcp-post-thumb-area\">\n\t\t\t\t\t\t\t\t\t\t\t\t<a class=\"sp-pcp-thumb\" href=\"https:\/\/www.mdw.ac.at\/mdwpress\/books-social-organization-of-arts\/\" target=\"_self\" >\n\t\t\t\t\t\t\t\t\t\t\t\t\t<img loading=\"lazy\" decoding=\"async\" src=\"https:\/\/www.mdw.ac.at\/mdwpress\/wp-content\/uploads\/2024\/02\/Buchcover-SocialOrganizationOfArts.png\" width=\"1004\" height=\"1526\" alt=\"\">\n\t\t\t\t\t\t<\/a>\n\t\t\t\t\t<\/div>\n\t\t\t\t<\/div>\n\t\t\t\t\t\t\t\t<div class=\"sp-pcp-post-details\">\n\t\t\t\t\t<div class=\"sp-pcp-post-details-content\">\n\t\t\t\t\t\t\t\t\t\t<\/div>\n\t\t\t\t<\/div>\n\t\t\t<\/div>\n\t\t<\/div>\n\t\t\t\t<div class=\" sp-pcp-col-xs-1 sp-pcp-col-sm-1 sp-pcp-col-md-1 sp-pcp-col-lg-5 sp-pcp-col-xl-5\">\n\t\t\t<div class=\"sp-pcp-post default pcp-item-1961\" data-id=\"1961\">\n\t\t\t\t\t\t\t\t<div class=\"pcp-post-thumb-wrapper\">\n\t\t\t\t\t<div class=\"sp-pcp-post-thumb-area\">\n\t\t\t\t\t\t\t\t\t\t\t\t<a class=\"sp-pcp-thumb\" href=\"https:\/\/www.mdw.ac.at\/mdwpress\/books-populismus-kritisieren\/\" target=\"_self\" >\n\t\t\t\t\t\t\t\t\t\t\t\t\t<img loading=\"lazy\" decoding=\"async\" src=\"https:\/\/www.mdw.ac.at\/mdwpress\/wp-content\/uploads\/2024\/02\/popkrit-cover.png\" width=\"584\" height=\"887\" alt=\"\">\n\t\t\t\t\t\t<\/a>\n\t\t\t\t\t<\/div>\n\t\t\t\t<\/div>\n\t\t\t\t\t\t\t\t<div class=\"sp-pcp-post-details\">\n\t\t\t\t\t<div class=\"sp-pcp-post-details-content\">\n\t\t\t\t\t\t\t\t\t\t<\/div>\n\t\t\t\t<\/div>\n\t\t\t<\/div>\n\t\t<\/div>\n\t\t\t\t<div class=\" sp-pcp-col-xs-1 sp-pcp-col-sm-1 sp-pcp-col-md-1 sp-pcp-col-lg-5 sp-pcp-col-xl-5\">\n\t\t\t<div class=\"sp-pcp-post default pcp-item-1947\" data-id=\"1947\">\n\t\t\t\t\t\t\t\t<div class=\"pcp-post-thumb-wrapper\">\n\t\t\t\t\t<div class=\"sp-pcp-post-thumb-area\">\n\t\t\t\t\t\t\t\t\t\t\t\t<a class=\"sp-pcp-thumb\" href=\"https:\/\/www.mdw.ac.at\/mdwpress\/books-politik-des-kritischen-komponierens\/\" target=\"_self\" >\n\t\t\t\t\t\t\t\t\t\t\t\t\t<img loading=\"lazy\" decoding=\"async\" src=\"https:\/\/www.mdw.ac.at\/mdwpress\/wp-content\/uploads\/2024\/02\/Drazic-Cover-final-U1-R.png\" width=\"1167\" height=\"1774\" alt=\"\">\n\t\t\t\t\t\t<\/a>\n\t\t\t\t\t<\/div>\n\t\t\t\t<\/div>\n\t\t\t\t\t\t\t\t<div class=\"sp-pcp-post-details\">\n\t\t\t\t\t<div class=\"sp-pcp-post-details-content\">\n\t\t\t\t\t\t\t\t\t\t<\/div>\n\t\t\t\t<\/div>\n\t\t\t<\/div>\n\t\t<\/div>\n\t\t\t<\/div>\n\t\t<span class=\"sp-pcp-pagination-data\" style=\"display:none;\"><\/span>\n\n\t\t<nav class=\"pcp-post-pagination pcp-on-desktop\">\n\t\t\t<span aria-current=\"page\" class=\"page-numbers current\">1<\/span><a class=\"page-numbers\" href=\"https:\/\/www.mdw.ac.at\/mdwpress\/wp-json\/wp\/v2\/pages\/6220\/?paged4790=2\">2<\/a><a class=\"next page-numbers\" href=\"https:\/\/www.mdw.ac.at\/mdwpress\/wp-json\/wp\/v2\/pages\/6220\/?paged4790=2\"><i class=\"fa fa-angle-right\"><\/i><\/a>\t\t<\/nav>\n\t\t\t\t\t<nav class=\"pcp-post-pagination pcp-on-mobile\">\n\t\t\t<span aria-current=\"page\" class=\"page-numbers current\">1<\/span><a class=\"page-numbers\" href=\"https:\/\/www.mdw.ac.at\/mdwpress\/wp-json\/wp\/v2\/pages\/6220\/?paged4790=2\">2<\/a><a class=\"next page-numbers\" href=\"https:\/\/www.mdw.ac.at\/mdwpress\/wp-json\/wp\/v2\/pages\/6220\/?paged4790=2\"><i class=\"fa fa-angle-right\"><\/i><\/a>\t\t<\/nav>\n\t\t\t\t<\/div>","protected":false},"excerpt":{"rendered":"<p>Die Politik des Kritischen Komponierens Diskursive Verflechtungen um Helmut Lachenmann Lena Dra\u017ei\u0107 &nbsp; Neue Musik konfrontiert uns mit ungewohnten Kl\u00e4ngen und zwingt uns so, unser Verh\u00e4ltnis zur Welt zu hinterfragen. Sie r\u00fcttelt auf und ist somit immer auch politisch, so die g\u00e4ngige These. Am Beispiel von Helmut Lachenmann, einem der prominentesten Komponisten der Gegenwart, macht &hellip;<\/p>\n","protected":false},"author":8,"featured_media":0,"parent":903,"menu_order":1,"comment_status":"closed","ping_status":"closed","template":"","meta":{"inline_featured_image":false,"footnotes":""},"class_list":["post-6220","page","type-page","status-publish","hentry"],"yoast_head":"<!-- This site is optimized with the Yoast SEO plugin v26.9 - https:\/\/yoast.com\/product\/yoast-seo-wordpress\/ -->\n<title>B\u00fccher &#8211; mdwPress<\/title>\n<meta name=\"robots\" content=\"index, follow, max-snippet:-1, max-image-preview:large, max-video-preview:-1\" \/>\n<link rel=\"canonical\" href=\"https:\/\/www.mdw.ac.at\/mdwpress\/publikationen\/buecher\/\" \/>\n<meta property=\"og:locale\" content=\"de_DE\" \/>\n<meta property=\"og:type\" content=\"article\" \/>\n<meta property=\"og:title\" content=\"B\u00fccher &#8211; mdwPress\" \/>\n<meta property=\"og:description\" content=\"Die Politik des Kritischen Komponierens Diskursive Verflechtungen um Helmut Lachenmann Lena Dra\u017ei\u0107 &nbsp; Neue Musik konfrontiert uns mit ungewohnten Kl\u00e4ngen und zwingt uns so, unser Verh\u00e4ltnis zur Welt zu hinterfragen. Sie r\u00fcttelt auf und ist somit immer auch politisch, so die g\u00e4ngige These. Am Beispiel von Helmut Lachenmann, einem der prominentesten Komponisten der Gegenwart, macht &hellip;\" \/>\n<meta property=\"og:url\" content=\"https:\/\/www.mdw.ac.at\/mdwpress\/publikationen\/buecher\/\" \/>\n<meta property=\"og:site_name\" content=\"mdwPress\" \/>\n<meta property=\"article:modified_time\" content=\"2026-03-17T09:54:47+00:00\" \/>\n<meta name=\"twitter:card\" content=\"summary_large_image\" \/>\n<script type=\"application\/ld+json\" class=\"yoast-schema-graph\">{\"@context\":\"https:\/\/schema.org\",\"@graph\":[{\"@type\":\"WebPage\",\"@id\":\"https:\/\/www.mdw.ac.at\/mdwpress\/publikationen\/buecher\/\",\"url\":\"https:\/\/www.mdw.ac.at\/mdwpress\/publikationen\/buecher\/\",\"name\":\"B\u00fccher &#8211; mdwPress\",\"isPartOf\":{\"@id\":\"https:\/\/www.mdw.ac.at\/mdwpress\/en\/#website\"},\"datePublished\":\"2026-03-17T09:49:51+00:00\",\"dateModified\":\"2026-03-17T09:54:47+00:00\",\"breadcrumb\":{\"@id\":\"https:\/\/www.mdw.ac.at\/mdwpress\/publikationen\/buecher\/#breadcrumb\"},\"inLanguage\":\"de\",\"potentialAction\":[{\"@type\":\"ReadAction\",\"target\":[\"https:\/\/www.mdw.ac.at\/mdwpress\/publikationen\/buecher\/\"]}]},{\"@type\":\"BreadcrumbList\",\"@id\":\"https:\/\/www.mdw.ac.at\/mdwpress\/publikationen\/buecher\/#breadcrumb\",\"itemListElement\":[{\"@type\":\"ListItem\",\"position\":1,\"name\":\"Startseite\",\"item\":\"https:\/\/www.mdw.ac.at\/mdwpress\/en\/\"},{\"@type\":\"ListItem\",\"position\":2,\"name\":\"Publikationen\",\"item\":\"https:\/\/www.mdw.ac.at\/mdwpress\/en\/publikationen\/\"},{\"@type\":\"ListItem\",\"position\":3,\"name\":\"B\u00fccher\"}]},{\"@type\":\"WebSite\",\"@id\":\"https:\/\/www.mdw.ac.at\/mdwpress\/en\/#website\",\"url\":\"https:\/\/www.mdw.ac.at\/mdwpress\/en\/\",\"name\":\"mdwPress\",\"description\":\"Der Open-Access-Universit\u00e4tsverlag der mdw\",\"publisher\":{\"@id\":\"https:\/\/www.mdw.ac.at\/mdwpress\/en\/#organization\"},\"potentialAction\":[{\"@type\":\"SearchAction\",\"target\":{\"@type\":\"EntryPoint\",\"urlTemplate\":\"https:\/\/www.mdw.ac.at\/mdwpress\/en\/?s={search_term_string}\"},\"query-input\":{\"@type\":\"PropertyValueSpecification\",\"valueRequired\":true,\"valueName\":\"search_term_string\"}}],\"inLanguage\":\"de\"},{\"@type\":\"Organization\",\"@id\":\"https:\/\/www.mdw.ac.at\/mdwpress\/en\/#organization\",\"name\":\"mdwPress\",\"url\":\"https:\/\/www.mdw.ac.at\/mdwpress\/en\/\",\"logo\":{\"@type\":\"ImageObject\",\"inLanguage\":\"de\",\"@id\":\"https:\/\/www.mdw.ac.at\/mdwpress\/en\/#\/schema\/logo\/image\/\",\"url\":\"https:\/\/www.mdw.ac.at\/mdwpress\/wordpress\/wp-content\/uploads\/2021\/02\/mdwpress-logo-schwarz.svg\",\"contentUrl\":\"https:\/\/www.mdw.ac.at\/mdwpress\/wordpress\/wp-content\/uploads\/2021\/02\/mdwpress-logo-schwarz.svg\",\"width\":\"1024\",\"height\":\"1024\",\"caption\":\"mdwPress\"},\"image\":{\"@id\":\"https:\/\/www.mdw.ac.at\/mdwpress\/en\/#\/schema\/logo\/image\/\"}}]}<\/script>\n<!-- \/ Yoast SEO plugin. -->","yoast_head_json":{"title":"B\u00fccher &#8211; mdwPress","robots":{"index":"index","follow":"follow","max-snippet":"max-snippet:-1","max-image-preview":"max-image-preview:large","max-video-preview":"max-video-preview:-1"},"canonical":"https:\/\/www.mdw.ac.at\/mdwpress\/publikationen\/buecher\/","og_locale":"de_DE","og_type":"article","og_title":"B\u00fccher &#8211; mdwPress","og_description":"Die Politik des Kritischen Komponierens Diskursive Verflechtungen um Helmut Lachenmann Lena Dra\u017ei\u0107 &nbsp; Neue Musik konfrontiert uns mit ungewohnten Kl\u00e4ngen und zwingt uns so, unser Verh\u00e4ltnis zur Welt zu hinterfragen. Sie r\u00fcttelt auf und ist somit immer auch politisch, so die g\u00e4ngige These. Am Beispiel von Helmut Lachenmann, einem der prominentesten Komponisten der Gegenwart, macht &hellip;","og_url":"https:\/\/www.mdw.ac.at\/mdwpress\/publikationen\/buecher\/","og_site_name":"mdwPress","article_modified_time":"2026-03-17T09:54:47+00:00","twitter_card":"summary_large_image","schema":{"@context":"https:\/\/schema.org","@graph":[{"@type":"WebPage","@id":"https:\/\/www.mdw.ac.at\/mdwpress\/publikationen\/buecher\/","url":"https:\/\/www.mdw.ac.at\/mdwpress\/publikationen\/buecher\/","name":"B\u00fccher &#8211; mdwPress","isPartOf":{"@id":"https:\/\/www.mdw.ac.at\/mdwpress\/en\/#website"},"datePublished":"2026-03-17T09:49:51+00:00","dateModified":"2026-03-17T09:54:47+00:00","breadcrumb":{"@id":"https:\/\/www.mdw.ac.at\/mdwpress\/publikationen\/buecher\/#breadcrumb"},"inLanguage":"de","potentialAction":[{"@type":"ReadAction","target":["https:\/\/www.mdw.ac.at\/mdwpress\/publikationen\/buecher\/"]}]},{"@type":"BreadcrumbList","@id":"https:\/\/www.mdw.ac.at\/mdwpress\/publikationen\/buecher\/#breadcrumb","itemListElement":[{"@type":"ListItem","position":1,"name":"Startseite","item":"https:\/\/www.mdw.ac.at\/mdwpress\/en\/"},{"@type":"ListItem","position":2,"name":"Publikationen","item":"https:\/\/www.mdw.ac.at\/mdwpress\/en\/publikationen\/"},{"@type":"ListItem","position":3,"name":"B\u00fccher"}]},{"@type":"WebSite","@id":"https:\/\/www.mdw.ac.at\/mdwpress\/en\/#website","url":"https:\/\/www.mdw.ac.at\/mdwpress\/en\/","name":"mdwPress","description":"Der Open-Access-Universit\u00e4tsverlag der mdw","publisher":{"@id":"https:\/\/www.mdw.ac.at\/mdwpress\/en\/#organization"},"potentialAction":[{"@type":"SearchAction","target":{"@type":"EntryPoint","urlTemplate":"https:\/\/www.mdw.ac.at\/mdwpress\/en\/?s={search_term_string}"},"query-input":{"@type":"PropertyValueSpecification","valueRequired":true,"valueName":"search_term_string"}}],"inLanguage":"de"},{"@type":"Organization","@id":"https:\/\/www.mdw.ac.at\/mdwpress\/en\/#organization","name":"mdwPress","url":"https:\/\/www.mdw.ac.at\/mdwpress\/en\/","logo":{"@type":"ImageObject","inLanguage":"de","@id":"https:\/\/www.mdw.ac.at\/mdwpress\/en\/#\/schema\/logo\/image\/","url":"https:\/\/www.mdw.ac.at\/mdwpress\/wordpress\/wp-content\/uploads\/2021\/02\/mdwpress-logo-schwarz.svg","contentUrl":"https:\/\/www.mdw.ac.at\/mdwpress\/wordpress\/wp-content\/uploads\/2021\/02\/mdwpress-logo-schwarz.svg","width":"1024","height":"1024","caption":"mdwPress"},"image":{"@id":"https:\/\/www.mdw.ac.at\/mdwpress\/en\/#\/schema\/logo\/image\/"}}]}},"_links":{"self":[{"href":"https:\/\/www.mdw.ac.at\/mdwpress\/wp-json\/wp\/v2\/pages\/6220","targetHints":{"allow":["GET"]}}],"collection":[{"href":"https:\/\/www.mdw.ac.at\/mdwpress\/wp-json\/wp\/v2\/pages"}],"about":[{"href":"https:\/\/www.mdw.ac.at\/mdwpress\/wp-json\/wp\/v2\/types\/page"}],"author":[{"embeddable":true,"href":"https:\/\/www.mdw.ac.at\/mdwpress\/wp-json\/wp\/v2\/users\/8"}],"replies":[{"embeddable":true,"href":"https:\/\/www.mdw.ac.at\/mdwpress\/wp-json\/wp\/v2\/comments?post=6220"}],"version-history":[{"count":54,"href":"https:\/\/www.mdw.ac.at\/mdwpress\/wp-json\/wp\/v2\/pages\/6220\/revisions"}],"predecessor-version":[{"id":7500,"href":"https:\/\/www.mdw.ac.at\/mdwpress\/wp-json\/wp\/v2\/pages\/6220\/revisions\/7500"}],"up":[{"embeddable":true,"href":"https:\/\/www.mdw.ac.at\/mdwpress\/wp-json\/wp\/v2\/pages\/903"}],"wp:attachment":[{"href":"https:\/\/www.mdw.ac.at\/mdwpress\/wp-json\/wp\/v2\/media?parent=6220"}],"curies":[{"name":"wp","href":"https:\/\/api.w.org\/{rel}","templated":true}]}}