{"id":6040,"date":"2026-03-17T10:43:36","date_gmt":"2026-03-17T09:43:36","guid":{"rendered":"https:\/\/www.mdw.ac.at\/mdwpress\/?page_id=6040"},"modified":"2026-05-12T09:29:22","modified_gmt":"2026-05-12T07:29:22","slug":"zeitschriften","status":"publish","type":"page","link":"https:\/\/www.mdw.ac.at\/mdwpress\/publikationen\/zeitschriften\/","title":{"rendered":"Zeitschriften"},"content":{"rendered":"<hr>\n<div class=\"one_third\"><a href=\"https:\/\/bem.publia.org\/bem\/index\"><img loading=\"lazy\" decoding=\"async\" class=\"alignleft wp-image-1958\" src=\"https:\/\/www.mdw.ac.at\/mdwpress\/wordpress\/wp-content\/uploads\/2023\/06\/thmbn-1.png\" alt=\"journal cover of recent issue\" width=\"350\" height=\"532\" \/> <\/a><\/div>\n<div class=\"two_third last\">\n<h2>Beitr\u00e4ge empirischer Musikp\u00e4dagogik (b:em)<\/h2>\n<p>&nbsp;<br \/>\n<span class='bdaia-btns bdaia-btn-medium' style=\"background:#c90073 !important;color:#ffffff !important;\"><a href=\"https:\/\/bem.journals.qucosa.de\/bem\" target=\"_blank\" rel=\"nofollow\" style=\"color:#ffffff !important;\">b:em WEBSITE<\/a><\/span>\n&nbsp;<\/p>\n<p style=\"text-align: justify;\"><a href=\"https:\/\/www.b-em.info\/\" target=\"_blank\" rel=\"noopener\"><em>Beitr\u00e4ge empirischer Musikp\u00e4dagogik<\/em><\/a> (b:em) bietet eine internationale Plattform zur Publikation hochwertiger empirischer Studien, Metastudien und Methodenreflexionen aus dem gesamten Bereich musikp\u00e4dagogischer Forschung.<!--more--> Das internationale Open-Access-Journal mit double-blind Peer-Review ist sowohl f\u00fcr Autor:innen als auch f\u00fcr Leser:innen kostenfrei. Vorgestellt und diskutiert werden Befunde und Analysen musikp\u00e4dagogischer Schul- und Unterrichtsforschung sowie Beitr\u00e4ge, die sich non-formalen oder informellen Musizier- und Lehr-\/Lernkontexten widmen. Ebenso willkommen sind Einreichungen aus angrenzenden Disziplinen, sofern ihre musikp\u00e4dagogische Relevanz deutlich wird.<br \/>\nEinen weiterer Schwerpunkt bilden Artikel mit methodischem oder methodologischem Schwerpunkt. Sie sind ein wertvoller Beitrag f\u00fcr die Weiterentwicklung empirischer Musikp\u00e4dagogik. Zudem beinhaltet jede Ausgabe Rezensionen sowie Tagungsberichte mit dem Ziel, den innerfachlichen und internationalen Dialog voranzutreiben und die Wissenschaftskommunikation zu unterst\u00fctzen. Insbesondere im kontinentaleurop\u00e4ischen Raum ist uns dies ein wichtiges Anliegen.<\/p>\n<p>\nISSN: 2190-3174<br \/>\n<br \/>\nKontakt: <a href=\"mailto:redaktion@b-em.info\">Valerie Krupp<\/a><br \/>\n<\/div><div class=\"clear-fix\"><\/div>\n<\/p>\n<hr>\n<div class=\"one_third\"><a href=\"https:\/\/ijmm.world\/\"><img loading=\"lazy\" decoding=\"async\" class=\"alignleft wp-image-1958\" src=\"https:\/\/www.mdw.ac.at\/mdwpress\/wordpress\/wp-content\/uploads\/2023\/06\/ijmm_thmbn.png\" alt=\"journal cover of volume 1\" width=\"350\" height=\"532\" \/> <\/a> <\/div>\n<div class=\"two_third last\">\n<h2>International Journal of Music Mediation (IJMM)<\/h2>\n<p>&nbsp;<br \/>\n<span class='bdaia-btns bdaia-btn-medium' style=\"background:#4084c5 !important;color:#ffffff !important;\"><a href=\"https:\/\/ijmm.world\/\" target=\"_blank\" rel=\"nofollow\" style=\"color:#ffffff !important;\">IJMM WEBSITE<\/a><\/span>\n&nbsp;<\/p>\n<p style=\"text-align: justify;\">Das <em><a href=\"https:\/\/ijmm.world\" target=\"_blank\">International Journal of Music Mediation<\/em><\/a> (IJMM) ist ein interdisziplin\u00e4r ausgerichtetes, englischsprachiges, double-blind peer-reviewtes Open Access Journal, das sich mit Musikvermittlung als hybrider Disziplin in all ihren Facetten befasst.<!--more--> Den Kernbereich des Journals bilden wissenschaftliche Artikel, die den aktuellsten Stand des akademischen Diskurses abbilden. Dar\u00fcber hinaus steht das Journal auch Praxisreflexionen, Interviews von und mit Praktiker_innen aus dem Feld, Portraits und Tagungsberichten offen, um einen Austausch zwischen Forschung und Praxis zu erm\u00f6glichen. Buchrezensionen f\u00f6rdern die Bekanntmachung und kritische Auseinandersetzung mit relevanter, aktueller Literatur zum Thema.<br \/>\nDas IJMM f\u00f6rdert eine Vielfalt von Ans\u00e4tzen und Methoden und l\u00e4dt Beitr\u00e4ge aus den Bereichen der empirischen, theoretischen und k\u00fcnstlerischen Forschung ein. Das Journal richtet sich an die wissenschaftliche Community ebenso wie an das Praxisfeld (Musikvermittler_innen, Musiker_innen, Kulturorganisationen, politische Entscheidungstr\u00e4ger_innen) und ist dar\u00fcber hinaus eine n\u00fctzliche Ressource f\u00fcr Studierende.<\/p>\n<p>\nISSN: 2943-6109<br \/>\n<br \/>\nKontakt: <a href=\"mailto:petri-preis@mdw.ac.at\">Axel Petri-Preis<\/a><br \/>\n<\/div><div class=\"clear-fix\"><\/div>\n<\/p>\n<hr>\n<div class=\"one_third\"><img loading=\"lazy\" decoding=\"async\" class=\"alignleft wp-image-1958\" src=\"https:\/\/www.mdw.ac.at\/mdwpress\/wordpress\/wp-content\/uploads\/2021\/02\/mmjournal_cover_vol_1-2000px-high.png\" alt=\"journal cover of volume 1\" width=\"350\" height=\"532\" \/>&nbsp;<\/div>\n<div class=\"two_third last\">\n<h1>Music &#038; Minorities<\/h1>\n<p>&nbsp;<\/p>\n<span class='bdaia-btns bdaia-btn-medium' style=\"background:#b9dad9 !important;color:#000000 !important;\"><a href=\"https:\/\/journals.qucosa.de\/mm\" target=\"_blank\" rel=\"nofollow\" style=\"color:#000000 !important;\">M&#038;M WEBSITE<\/a><\/span>\n<p>&nbsp;<\/p>\n<p style=\"text-align: justify;\"><a href=\"https:\/\/journals.qucosa.de\/mm\"><em>Music &amp; Minorities<\/em><\/a> (M&amp;M) is dedicated to the scholarly exploration of the multi-dimensional field introduced by the concepts of &#8222;music&#8220; and &#8222;minorities&#8220;. M&#038;M is a peer-reviewed English-language, online-only, fee-free, \u201cdiamond\u201d open access journal.<!--more--> It is edited by the Music and Minorities Research Center (MMRC) at mdw &#8211; University of Music and Performing Arts Vienna and published by mdwPress.<br \/>\nThe journal is inclusive of music, dance, and other sound-based social phenomena. The term &#8222;minority&#8220; refers to communities, groups, and\/or individuals that are at risk of discrimination on grounds of ethnicity, race, religion, language, gender, sexual orientation, disability, political opinion, displacement, social or economic deprivation, and their intersections.<\/p>\n<p>Indexed in: <a href=\"https:\/\/doaj.org\/toc\/2791-4569\">DOAJ<\/a><br \/>\n<br \/>ISSN: 2791-4569<br \/>\n    Kontakt: <a href=\"mailto:mm-journal@mdw.ac.at\">Ursula Hemetek &amp; Malik Sharif<\/a><\/p>\n<p> <\/div><div class=\"clear-fix\"><\/div>\n<hr>","protected":false},"excerpt":{"rendered":"<p>Beitr\u00e4ge empirischer Musikp\u00e4dagogik (b:em) &nbsp; &nbsp; Beitr\u00e4ge empirischer Musikp\u00e4dagogik (b:em) bietet eine internationale Plattform zur Publikation hochwertiger empirischer Studien, Metastudien und Methodenreflexionen aus dem gesamten Bereich musikp\u00e4dagogischer Forschung.<\/p>\n","protected":false},"author":8,"featured_media":0,"parent":903,"menu_order":2,"comment_status":"closed","ping_status":"closed","template":"","meta":{"inline_featured_image":false,"footnotes":""},"class_list":["post-6040","page","type-page","status-publish","hentry"],"yoast_head":"<!-- This site is optimized with the Yoast SEO plugin v26.9 - https:\/\/yoast.com\/product\/yoast-seo-wordpress\/ -->\n<title>Zeitschriften &#8211; mdwPress<\/title>\n<meta name=\"robots\" content=\"index, follow, max-snippet:-1, max-image-preview:large, max-video-preview:-1\" \/>\n<link rel=\"canonical\" href=\"https:\/\/www.mdw.ac.at\/mdwpress\/publikationen\/zeitschriften\/\" \/>\n<meta property=\"og:locale\" content=\"de_DE\" \/>\n<meta property=\"og:type\" content=\"article\" \/>\n<meta property=\"og:title\" content=\"Zeitschriften &#8211; mdwPress\" \/>\n<meta property=\"og:description\" content=\"Beitr\u00e4ge empirischer Musikp\u00e4dagogik (b:em) &nbsp; &nbsp; Beitr\u00e4ge empirischer Musikp\u00e4dagogik (b:em) bietet eine internationale Plattform zur Publikation hochwertiger empirischer Studien, Metastudien und Methodenreflexionen aus dem gesamten Bereich musikp\u00e4dagogischer Forschung.\" \/>\n<meta property=\"og:url\" content=\"https:\/\/www.mdw.ac.at\/mdwpress\/publikationen\/zeitschriften\/\" \/>\n<meta property=\"og:site_name\" content=\"mdwPress\" \/>\n<meta property=\"article:modified_time\" content=\"2026-05-12T07:29:22+00:00\" \/>\n<meta name=\"twitter:card\" content=\"summary_large_image\" \/>\n<meta name=\"twitter:label1\" content=\"Gesch\u00e4tzte Lesezeit\" \/>\n\t<meta name=\"twitter:data1\" content=\"5\u00a0Minuten\" \/>\n<script type=\"application\/ld+json\" class=\"yoast-schema-graph\">{\"@context\":\"https:\/\/schema.org\",\"@graph\":[{\"@type\":\"WebPage\",\"@id\":\"https:\/\/www.mdw.ac.at\/mdwpress\/publikationen\/zeitschriften\/\",\"url\":\"https:\/\/www.mdw.ac.at\/mdwpress\/publikationen\/zeitschriften\/\",\"name\":\"Zeitschriften &#8211; mdwPress\",\"isPartOf\":{\"@id\":\"https:\/\/www.mdw.ac.at\/mdwpress\/en\/#website\"},\"primaryImageOfPage\":{\"@id\":\"https:\/\/www.mdw.ac.at\/mdwpress\/publikationen\/zeitschriften\/#primaryimage\"},\"image\":{\"@id\":\"https:\/\/www.mdw.ac.at\/mdwpress\/publikationen\/zeitschriften\/#primaryimage\"},\"thumbnailUrl\":\"https:\/\/www.mdw.ac.at\/mdwpress\/wordpress\/wp-content\/uploads\/2023\/06\/thmbn-1.png\",\"datePublished\":\"2026-03-17T09:43:36+00:00\",\"dateModified\":\"2026-05-12T07:29:22+00:00\",\"breadcrumb\":{\"@id\":\"https:\/\/www.mdw.ac.at\/mdwpress\/publikationen\/zeitschriften\/#breadcrumb\"},\"inLanguage\":\"de\",\"potentialAction\":[{\"@type\":\"ReadAction\",\"target\":[\"https:\/\/www.mdw.ac.at\/mdwpress\/publikationen\/zeitschriften\/\"]}]},{\"@type\":\"ImageObject\",\"inLanguage\":\"de\",\"@id\":\"https:\/\/www.mdw.ac.at\/mdwpress\/publikationen\/zeitschriften\/#primaryimage\",\"url\":\"\",\"contentUrl\":\"\"},{\"@type\":\"BreadcrumbList\",\"@id\":\"https:\/\/www.mdw.ac.at\/mdwpress\/publikationen\/zeitschriften\/#breadcrumb\",\"itemListElement\":[{\"@type\":\"ListItem\",\"position\":1,\"name\":\"Startseite\",\"item\":\"https:\/\/www.mdw.ac.at\/mdwpress\/en\/\"},{\"@type\":\"ListItem\",\"position\":2,\"name\":\"Publikationen\",\"item\":\"https:\/\/www.mdw.ac.at\/mdwpress\/publikationen\/\"},{\"@type\":\"ListItem\",\"position\":3,\"name\":\"Zeitschriften\"}]},{\"@type\":\"WebSite\",\"@id\":\"https:\/\/www.mdw.ac.at\/mdwpress\/en\/#website\",\"url\":\"https:\/\/www.mdw.ac.at\/mdwpress\/en\/\",\"name\":\"mdwPress\",\"description\":\"Der Open-Access-Universit\u00e4tsverlag der mdw\",\"publisher\":{\"@id\":\"https:\/\/www.mdw.ac.at\/mdwpress\/en\/#organization\"},\"potentialAction\":[{\"@type\":\"SearchAction\",\"target\":{\"@type\":\"EntryPoint\",\"urlTemplate\":\"https:\/\/www.mdw.ac.at\/mdwpress\/en\/?s={search_term_string}\"},\"query-input\":{\"@type\":\"PropertyValueSpecification\",\"valueRequired\":true,\"valueName\":\"search_term_string\"}}],\"inLanguage\":\"de\"},{\"@type\":\"Organization\",\"@id\":\"https:\/\/www.mdw.ac.at\/mdwpress\/en\/#organization\",\"name\":\"mdwPress\",\"url\":\"https:\/\/www.mdw.ac.at\/mdwpress\/en\/\",\"logo\":{\"@type\":\"ImageObject\",\"inLanguage\":\"de\",\"@id\":\"https:\/\/www.mdw.ac.at\/mdwpress\/en\/#\/schema\/logo\/image\/\",\"url\":\"https:\/\/www.mdw.ac.at\/mdwpress\/wordpress\/wp-content\/uploads\/2021\/02\/mdwpress-logo-schwarz.svg\",\"contentUrl\":\"https:\/\/www.mdw.ac.at\/mdwpress\/wordpress\/wp-content\/uploads\/2021\/02\/mdwpress-logo-schwarz.svg\",\"width\":\"1024\",\"height\":\"1024\",\"caption\":\"mdwPress\"},\"image\":{\"@id\":\"https:\/\/www.mdw.ac.at\/mdwpress\/en\/#\/schema\/logo\/image\/\"}}]}<\/script>\n<!-- \/ Yoast SEO plugin. -->","yoast_head_json":{"title":"Zeitschriften &#8211; mdwPress","robots":{"index":"index","follow":"follow","max-snippet":"max-snippet:-1","max-image-preview":"max-image-preview:large","max-video-preview":"max-video-preview:-1"},"canonical":"https:\/\/www.mdw.ac.at\/mdwpress\/publikationen\/zeitschriften\/","og_locale":"de_DE","og_type":"article","og_title":"Zeitschriften &#8211; mdwPress","og_description":"Beitr\u00e4ge empirischer Musikp\u00e4dagogik (b:em) &nbsp; &nbsp; Beitr\u00e4ge empirischer Musikp\u00e4dagogik (b:em) bietet eine internationale Plattform zur Publikation hochwertiger empirischer Studien, Metastudien und Methodenreflexionen aus dem gesamten Bereich musikp\u00e4dagogischer Forschung.","og_url":"https:\/\/www.mdw.ac.at\/mdwpress\/publikationen\/zeitschriften\/","og_site_name":"mdwPress","article_modified_time":"2026-05-12T07:29:22+00:00","twitter_card":"summary_large_image","twitter_misc":{"Gesch\u00e4tzte Lesezeit":"5\u00a0Minuten"},"schema":{"@context":"https:\/\/schema.org","@graph":[{"@type":"WebPage","@id":"https:\/\/www.mdw.ac.at\/mdwpress\/publikationen\/zeitschriften\/","url":"https:\/\/www.mdw.ac.at\/mdwpress\/publikationen\/zeitschriften\/","name":"Zeitschriften &#8211; mdwPress","isPartOf":{"@id":"https:\/\/www.mdw.ac.at\/mdwpress\/en\/#website"},"primaryImageOfPage":{"@id":"https:\/\/www.mdw.ac.at\/mdwpress\/publikationen\/zeitschriften\/#primaryimage"},"image":{"@id":"https:\/\/www.mdw.ac.at\/mdwpress\/publikationen\/zeitschriften\/#primaryimage"},"thumbnailUrl":"https:\/\/www.mdw.ac.at\/mdwpress\/wordpress\/wp-content\/uploads\/2023\/06\/thmbn-1.png","datePublished":"2026-03-17T09:43:36+00:00","dateModified":"2026-05-12T07:29:22+00:00","breadcrumb":{"@id":"https:\/\/www.mdw.ac.at\/mdwpress\/publikationen\/zeitschriften\/#breadcrumb"},"inLanguage":"de","potentialAction":[{"@type":"ReadAction","target":["https:\/\/www.mdw.ac.at\/mdwpress\/publikationen\/zeitschriften\/"]}]},{"@type":"ImageObject","inLanguage":"de","@id":"https:\/\/www.mdw.ac.at\/mdwpress\/publikationen\/zeitschriften\/#primaryimage","url":"","contentUrl":""},{"@type":"BreadcrumbList","@id":"https:\/\/www.mdw.ac.at\/mdwpress\/publikationen\/zeitschriften\/#breadcrumb","itemListElement":[{"@type":"ListItem","position":1,"name":"Startseite","item":"https:\/\/www.mdw.ac.at\/mdwpress\/en\/"},{"@type":"ListItem","position":2,"name":"Publikationen","item":"https:\/\/www.mdw.ac.at\/mdwpress\/publikationen\/"},{"@type":"ListItem","position":3,"name":"Zeitschriften"}]},{"@type":"WebSite","@id":"https:\/\/www.mdw.ac.at\/mdwpress\/en\/#website","url":"https:\/\/www.mdw.ac.at\/mdwpress\/en\/","name":"mdwPress","description":"Der Open-Access-Universit\u00e4tsverlag der mdw","publisher":{"@id":"https:\/\/www.mdw.ac.at\/mdwpress\/en\/#organization"},"potentialAction":[{"@type":"SearchAction","target":{"@type":"EntryPoint","urlTemplate":"https:\/\/www.mdw.ac.at\/mdwpress\/en\/?s={search_term_string}"},"query-input":{"@type":"PropertyValueSpecification","valueRequired":true,"valueName":"search_term_string"}}],"inLanguage":"de"},{"@type":"Organization","@id":"https:\/\/www.mdw.ac.at\/mdwpress\/en\/#organization","name":"mdwPress","url":"https:\/\/www.mdw.ac.at\/mdwpress\/en\/","logo":{"@type":"ImageObject","inLanguage":"de","@id":"https:\/\/www.mdw.ac.at\/mdwpress\/en\/#\/schema\/logo\/image\/","url":"https:\/\/www.mdw.ac.at\/mdwpress\/wordpress\/wp-content\/uploads\/2021\/02\/mdwpress-logo-schwarz.svg","contentUrl":"https:\/\/www.mdw.ac.at\/mdwpress\/wordpress\/wp-content\/uploads\/2021\/02\/mdwpress-logo-schwarz.svg","width":"1024","height":"1024","caption":"mdwPress"},"image":{"@id":"https:\/\/www.mdw.ac.at\/mdwpress\/en\/#\/schema\/logo\/image\/"}}]}},"_links":{"self":[{"href":"https:\/\/www.mdw.ac.at\/mdwpress\/wp-json\/wp\/v2\/pages\/6040","targetHints":{"allow":["GET"]}}],"collection":[{"href":"https:\/\/www.mdw.ac.at\/mdwpress\/wp-json\/wp\/v2\/pages"}],"about":[{"href":"https:\/\/www.mdw.ac.at\/mdwpress\/wp-json\/wp\/v2\/types\/page"}],"author":[{"embeddable":true,"href":"https:\/\/www.mdw.ac.at\/mdwpress\/wp-json\/wp\/v2\/users\/8"}],"replies":[{"embeddable":true,"href":"https:\/\/www.mdw.ac.at\/mdwpress\/wp-json\/wp\/v2\/comments?post=6040"}],"version-history":[{"count":48,"href":"https:\/\/www.mdw.ac.at\/mdwpress\/wp-json\/wp\/v2\/pages\/6040\/revisions"}],"predecessor-version":[{"id":8172,"href":"https:\/\/www.mdw.ac.at\/mdwpress\/wp-json\/wp\/v2\/pages\/6040\/revisions\/8172"}],"up":[{"embeddable":true,"href":"https:\/\/www.mdw.ac.at\/mdwpress\/wp-json\/wp\/v2\/pages\/903"}],"wp:attachment":[{"href":"https:\/\/www.mdw.ac.at\/mdwpress\/wp-json\/wp\/v2\/media?parent=6040"}],"curies":[{"name":"wp","href":"https:\/\/api.w.org\/{rel}","templated":true}]}}