{"id":516,"date":"2021-02-08T14:44:13","date_gmt":"2021-02-08T13:44:13","guid":{"rendered":"https:\/\/www.mdw.ac.at\/mdwpress\/wordpress\/?page_id=516"},"modified":"2024-04-10T13:44:44","modified_gmt":"2024-04-10T11:44:44","slug":"oa","status":"publish","type":"page","link":"https:\/\/www.mdw.ac.at\/mdwpress\/oa\/","title":{"rendered":"Open-Access-Grundsatz"},"content":{"rendered":"<p><\/p>\r\n\r\n<p>Alle Publikationen von mdwPress erscheinen \u2013 ohne Verz\u00f6gerung \u2013 mindestens in einer frei zug\u00e4nglichen elektronischen Ausgabe. Alle elektronischen Publikationsformate sind grunds\u00e4tzlich frei zug\u00e4nglich. Dar\u00fcber hinaus werden sie mit einer <a href=\"https:\/\/creativecommons.org\/licenses\/?lang=de\">Creative-Commons-Lizenz<\/a> (CC-Lizenz) versehen. Diese Lizenz erlaubt es, den Hauptteil des Werks zumindest f\u00fcr nicht-kommerzielle Zwecke in der Originalsprache zur Archivierung, zum Einsatz in Lehre und Forschung sowie f\u00fcr Text- und Data-Mining weiterzuverbreiten und zu bearbeiten. Dabei m\u00fcssen die Autor_innen des Werks immer benannt und die Art der Bearbeitung beschrieben werden. Au\u00dferdem muss die Ver\u00f6ffentlichung durch mdwPress ersichtlich sein. Allen Autor_innen und Herausgeber_innen wird in einem Beratungsgespr\u00e4ch die freieste CC-Lizenz, <a href=\"https:\/\/creativecommons.org\/licenses\/by\/4.0\/\" target=\"_blank\" rel=\"noreferrer noopener\">CC BY<\/a>, empfohlen. F\u00fcr gedruckte B\u00fccher kann eine Einschr\u00e4nkung auf nicht-kommerzielle Weiterverwendung (<a href=\"https:\/\/creativecommons.org\/licenses\/by-nc\/4.0\/\">CC BY-NC<\/a>) sinnvoll sein. Es kommt eine einheitliche <a href=\"https:\/\/www.mdw.ac.at\/mdwpress\/wordpress\/wp-content\/uploads\/2024\/04\/mdwpress-autor_innenvereinb_2024-04-01.pdf\" target=\"_blank\" rel=\"noopener\">Autor_innenvereinbarung<\/a> mit flexibler CC-Lizenz zum Einsatz.<\/p>\r\n\r\n\r\n\r\n<p>mdwPress erf\u00fcllt alle Voraussetzungen f\u00fcr Open-Access-Publikationen wie sie von Forschungsf\u00f6rdereinrichtungen, einschlie\u00dflich des <a href=\"https:\/\/www.fwf.ac.at\/de\/forschungsfoerderung\/open-access-policy\" target=\"_blank\" rel=\"noreferrer noopener\">FWF<\/a>, im <a href=\"https:\/\/www.coalition-s.org\/addendum-to-the-coalition-s-guidance-on-the-implementation-of-plan-s\/principles-and-implementation\/\" target=\"_blank\" rel=\"noreferrer noopener\">Plan S<\/a> gefordert werden.<\/p>\r\n\r\n\r\n\r\n<p>Mehr Informationen zu Open Access an der mdw finden Sie auf der <a href=\"https:\/\/ub.mdw.ac.at\/open-access\/\">Website der Universit\u00e4tsbibliothek<\/a>.<\/p>\r\n\r\n<span class='bdaia-btns bdaia-btn-medium' style=\"background:#e6e1e1 !important;color:#000000 !important;\"><a href=\"https:\/\/www.mdw.ac.at\/mdwpress\/wordpress\/wp-content\/uploads\/2024\/04\/mdwpress-autor_innenvereinb_2024-04-01.pdf\" target=\"_blank\" rel=\"nofollow\" style=\"color:#000000 !important;\">Autor_innenvereinbarung (PDF)<\/a><\/span>\r\n\r\n\r\n\r\n<p class=\"is-layout-flex wp-block-buttons-is-layout-flex\"><\/p>","protected":false},"excerpt":{"rendered":"<p>Alle Publikationen von mdwPress erscheinen \u2013 ohne Verz\u00f6gerung \u2013 mindestens in einer frei zug\u00e4nglichen elektronischen Ausgabe. Alle elektronischen Publikationsformate sind grunds\u00e4tzlich frei zug\u00e4nglich. Dar\u00fcber hinaus werden sie mit einer Creative-Commons-Lizenz (CC-Lizenz) versehen. Diese Lizenz erlaubt es, den Hauptteil des Werks zumindest f\u00fcr nicht-kommerzielle Zwecke in der Originalsprache zur Archivierung, zum Einsatz in Lehre und Forschung &hellip;<\/p>\n","protected":false},"author":1,"featured_media":0,"parent":0,"menu_order":0,"comment_status":"closed","ping_status":"closed","template":"","meta":{"inline_featured_image":false,"footnotes":""},"class_list":["post-516","page","type-page","status-publish","hentry"],"yoast_head":"<!-- This site is optimized with the Yoast SEO plugin v26.9 - https:\/\/yoast.com\/product\/yoast-seo-wordpress\/ -->\n<title>Open-Access-Grundsatz &#8211; mdwPress<\/title>\n<meta name=\"robots\" content=\"index, follow, max-snippet:-1, max-image-preview:large, max-video-preview:-1\" \/>\n<link rel=\"canonical\" href=\"https:\/\/www.mdw.ac.at\/mdwpress\/oa\/\" \/>\n<meta property=\"og:locale\" content=\"de_DE\" \/>\n<meta property=\"og:type\" content=\"article\" \/>\n<meta property=\"og:title\" content=\"[:de]Open-Access-Grundsatz[:en]Open Access Policy[:] &#8211; mdwPress\" \/>\n<meta property=\"og:description\" content=\"Alle Publikationen von mdwPress erscheinen \u2013 ohne Verz\u00f6gerung \u2013 mindestens in einer frei zug\u00e4nglichen elektronischen Ausgabe. Alle elektronischen Publikationsformate sind grunds\u00e4tzlich frei zug\u00e4nglich. Dar\u00fcber hinaus werden sie mit einer Creative-Commons-Lizenz (CC-Lizenz) versehen. Diese Lizenz erlaubt es, den Hauptteil des Werks zumindest f\u00fcr nicht-kommerzielle Zwecke in der Originalsprache zur Archivierung, zum Einsatz in Lehre und Forschung &hellip;\" \/>\n<meta property=\"og:url\" content=\"https:\/\/www.mdw.ac.at\/mdwpress\/oa\/\" \/>\n<meta property=\"og:site_name\" content=\"mdwPress\" \/>\n<meta property=\"article:modified_time\" content=\"2024-04-10T11:44:44+00:00\" \/>\n<meta name=\"twitter:card\" content=\"summary_large_image\" \/>\n<meta name=\"twitter:label1\" content=\"Gesch\u00e4tzte Lesezeit\" \/>\n\t<meta name=\"twitter:data1\" content=\"2\u00a0Minuten\" \/>\n<script type=\"application\/ld+json\" class=\"yoast-schema-graph\">{\"@context\":\"https:\/\/schema.org\",\"@graph\":[{\"@type\":\"WebPage\",\"@id\":\"https:\/\/www.mdw.ac.at\/mdwpress\/oa\/\",\"url\":\"https:\/\/www.mdw.ac.at\/mdwpress\/oa\/\",\"name\":\"[:de]Open-Access-Grundsatz[:en]Open Access Policy[:] &#8211; mdwPress\",\"isPartOf\":{\"@id\":\"https:\/\/www.mdw.ac.at\/mdwpress\/en\/#website\"},\"datePublished\":\"2021-02-08T13:44:13+00:00\",\"dateModified\":\"2024-04-10T11:44:44+00:00\",\"breadcrumb\":{\"@id\":\"https:\/\/www.mdw.ac.at\/mdwpress\/oa\/#breadcrumb\"},\"inLanguage\":\"de\",\"potentialAction\":[{\"@type\":\"ReadAction\",\"target\":[\"https:\/\/www.mdw.ac.at\/mdwpress\/oa\/\"]}]},{\"@type\":\"BreadcrumbList\",\"@id\":\"https:\/\/www.mdw.ac.at\/mdwpress\/oa\/#breadcrumb\",\"itemListElement\":[{\"@type\":\"ListItem\",\"position\":1,\"name\":\"Startseite\",\"item\":\"https:\/\/www.mdw.ac.at\/mdwpress\/en\/\"},{\"@type\":\"ListItem\",\"position\":2,\"name\":\"Open-Access-Grundsatz\"}]},{\"@type\":\"WebSite\",\"@id\":\"https:\/\/www.mdw.ac.at\/mdwpress\/en\/#website\",\"url\":\"https:\/\/www.mdw.ac.at\/mdwpress\/en\/\",\"name\":\"mdwPress\",\"description\":\"Der Open-Access-Universit\u00e4tsverlag der mdw\",\"publisher\":{\"@id\":\"https:\/\/www.mdw.ac.at\/mdwpress\/en\/#organization\"},\"potentialAction\":[{\"@type\":\"SearchAction\",\"target\":{\"@type\":\"EntryPoint\",\"urlTemplate\":\"https:\/\/www.mdw.ac.at\/mdwpress\/en\/?s={search_term_string}\"},\"query-input\":{\"@type\":\"PropertyValueSpecification\",\"valueRequired\":true,\"valueName\":\"search_term_string\"}}],\"inLanguage\":\"de\"},{\"@type\":\"Organization\",\"@id\":\"https:\/\/www.mdw.ac.at\/mdwpress\/en\/#organization\",\"name\":\"mdwPress\",\"url\":\"https:\/\/www.mdw.ac.at\/mdwpress\/en\/\",\"logo\":{\"@type\":\"ImageObject\",\"inLanguage\":\"de\",\"@id\":\"https:\/\/www.mdw.ac.at\/mdwpress\/en\/#\/schema\/logo\/image\/\",\"url\":\"https:\/\/www.mdw.ac.at\/mdwpress\/wordpress\/wp-content\/uploads\/2021\/02\/mdwpress-logo-schwarz.svg\",\"contentUrl\":\"https:\/\/www.mdw.ac.at\/mdwpress\/wordpress\/wp-content\/uploads\/2021\/02\/mdwpress-logo-schwarz.svg\",\"width\":\"1024\",\"height\":\"1024\",\"caption\":\"mdwPress\"},\"image\":{\"@id\":\"https:\/\/www.mdw.ac.at\/mdwpress\/en\/#\/schema\/logo\/image\/\"}}]}<\/script>\n<!-- \/ Yoast SEO plugin. -->","yoast_head_json":{"title":"[:de]Open-Access-Grundsatz[:en]Open Access Policy[:] &#8211; mdwPress","robots":{"index":"index","follow":"follow","max-snippet":"max-snippet:-1","max-image-preview":"max-image-preview:large","max-video-preview":"max-video-preview:-1"},"canonical":"https:\/\/www.mdw.ac.at\/mdwpress\/oa\/","og_locale":"de_DE","og_type":"article","og_title":"[:de]Open-Access-Grundsatz[:en]Open Access Policy[:] &#8211; mdwPress","og_description":"Alle Publikationen von mdwPress erscheinen \u2013 ohne Verz\u00f6gerung \u2013 mindestens in einer frei zug\u00e4nglichen elektronischen Ausgabe. Alle elektronischen Publikationsformate sind grunds\u00e4tzlich frei zug\u00e4nglich. Dar\u00fcber hinaus werden sie mit einer Creative-Commons-Lizenz (CC-Lizenz) versehen. Diese Lizenz erlaubt es, den Hauptteil des Werks zumindest f\u00fcr nicht-kommerzielle Zwecke in der Originalsprache zur Archivierung, zum Einsatz in Lehre und Forschung &hellip;","og_url":"https:\/\/www.mdw.ac.at\/mdwpress\/oa\/","og_site_name":"mdwPress","article_modified_time":"2024-04-10T11:44:44+00:00","twitter_card":"summary_large_image","twitter_misc":{"Gesch\u00e4tzte Lesezeit":"2\u00a0Minuten"},"schema":{"@context":"https:\/\/schema.org","@graph":[{"@type":"WebPage","@id":"https:\/\/www.mdw.ac.at\/mdwpress\/oa\/","url":"https:\/\/www.mdw.ac.at\/mdwpress\/oa\/","name":"[:de]Open-Access-Grundsatz[:en]Open Access Policy[:] &#8211; mdwPress","isPartOf":{"@id":"https:\/\/www.mdw.ac.at\/mdwpress\/en\/#website"},"datePublished":"2021-02-08T13:44:13+00:00","dateModified":"2024-04-10T11:44:44+00:00","breadcrumb":{"@id":"https:\/\/www.mdw.ac.at\/mdwpress\/oa\/#breadcrumb"},"inLanguage":"de","potentialAction":[{"@type":"ReadAction","target":["https:\/\/www.mdw.ac.at\/mdwpress\/oa\/"]}]},{"@type":"BreadcrumbList","@id":"https:\/\/www.mdw.ac.at\/mdwpress\/oa\/#breadcrumb","itemListElement":[{"@type":"ListItem","position":1,"name":"Startseite","item":"https:\/\/www.mdw.ac.at\/mdwpress\/en\/"},{"@type":"ListItem","position":2,"name":"Open-Access-Grundsatz"}]},{"@type":"WebSite","@id":"https:\/\/www.mdw.ac.at\/mdwpress\/en\/#website","url":"https:\/\/www.mdw.ac.at\/mdwpress\/en\/","name":"mdwPress","description":"Der Open-Access-Universit\u00e4tsverlag der mdw","publisher":{"@id":"https:\/\/www.mdw.ac.at\/mdwpress\/en\/#organization"},"potentialAction":[{"@type":"SearchAction","target":{"@type":"EntryPoint","urlTemplate":"https:\/\/www.mdw.ac.at\/mdwpress\/en\/?s={search_term_string}"},"query-input":{"@type":"PropertyValueSpecification","valueRequired":true,"valueName":"search_term_string"}}],"inLanguage":"de"},{"@type":"Organization","@id":"https:\/\/www.mdw.ac.at\/mdwpress\/en\/#organization","name":"mdwPress","url":"https:\/\/www.mdw.ac.at\/mdwpress\/en\/","logo":{"@type":"ImageObject","inLanguage":"de","@id":"https:\/\/www.mdw.ac.at\/mdwpress\/en\/#\/schema\/logo\/image\/","url":"https:\/\/www.mdw.ac.at\/mdwpress\/wordpress\/wp-content\/uploads\/2021\/02\/mdwpress-logo-schwarz.svg","contentUrl":"https:\/\/www.mdw.ac.at\/mdwpress\/wordpress\/wp-content\/uploads\/2021\/02\/mdwpress-logo-schwarz.svg","width":"1024","height":"1024","caption":"mdwPress"},"image":{"@id":"https:\/\/www.mdw.ac.at\/mdwpress\/en\/#\/schema\/logo\/image\/"}}]}},"_links":{"self":[{"href":"https:\/\/www.mdw.ac.at\/mdwpress\/wp-json\/wp\/v2\/pages\/516","targetHints":{"allow":["GET"]}}],"collection":[{"href":"https:\/\/www.mdw.ac.at\/mdwpress\/wp-json\/wp\/v2\/pages"}],"about":[{"href":"https:\/\/www.mdw.ac.at\/mdwpress\/wp-json\/wp\/v2\/types\/page"}],"author":[{"embeddable":true,"href":"https:\/\/www.mdw.ac.at\/mdwpress\/wp-json\/wp\/v2\/users\/1"}],"replies":[{"embeddable":true,"href":"https:\/\/www.mdw.ac.at\/mdwpress\/wp-json\/wp\/v2\/comments?post=516"}],"version-history":[{"count":15,"href":"https:\/\/www.mdw.ac.at\/mdwpress\/wp-json\/wp\/v2\/pages\/516\/revisions"}],"predecessor-version":[{"id":2681,"href":"https:\/\/www.mdw.ac.at\/mdwpress\/wp-json\/wp\/v2\/pages\/516\/revisions\/2681"}],"wp:attachment":[{"href":"https:\/\/www.mdw.ac.at\/mdwpress\/wp-json\/wp\/v2\/media?parent=516"}],"curies":[{"name":"wp","href":"https:\/\/api.w.org\/{rel}","templated":true}]}}