{"id":514,"date":"2021-02-08T14:42:46","date_gmt":"2021-02-08T13:42:46","guid":{"rendered":"https:\/\/www.mdw.ac.at\/mdwpress\/wordpress\/?page_id=514"},"modified":"2026-01-28T09:04:37","modified_gmt":"2026-01-28T08:04:37","slug":"quality","status":"publish","type":"page","link":"https:\/\/www.mdw.ac.at\/mdwpress\/willkommen\/quality\/","title":{"rendered":"Qualit\u00e4tssicherung"},"content":{"rendered":"<p>Um einen hohen wissenschaftlichen Standard zu gew\u00e4hrleisten, setzt mdwPress in jedem Schritt zur Ver\u00f6ffentlichung qualit\u00e4tssichernde Ma\u00dfnahmen: Zun\u00e4chst pr\u00fcft die <strong>mdwPress-Koordination<\/strong>, ob im Antrag die <a href=\"https:\/\/www.mdw.ac.at\/mdwpress\/for-authors\/\">Einreichungsvoraussetzungen<\/a> formal eingehalten wurden. Im n\u00e4chsten Schritt begutachtet das <a href=\"#WK\">wissenschaftliche Kuratorium<\/a> eingereichte Publikationsprojekte inhaltlich und entscheidet \u00fcber die Aufnahme in das Verlagsprogramm. Dabei empfiehlt das Kuratorium \u2013 je nach Publikationsformat und Fachbereich \u2013 passende weitere Qualit\u00e4tssicherungsma\u00dfnahmen.<\/p>\n<p>Im folgenden Peer Review-Prozess hat sich mdwPress prinzipiell zu <strong>Double-Blind Peer Review<\/strong> verpflichtet. In gewissen Ausnahmef\u00e4llen, wie etwa nicht-wissenschaftlichen oder k\u00fcnstlerisch-forschenden Beitr\u00e4gen zu Sammelb\u00e4nden, k\u00f6nnen Alternativl\u00f6sungen gefunden werden. Das Peer Review durch anonyme externe Gutachter_innen wird von der mdwPress-Koordination organisiert.<\/p>\n<p>Gutachten werden nach Abschluss des Peer Reviews dem <strong>mdwPress-Kuratorium<\/strong> vorgelegt, das im Falle von empfohlenen \u00dcberarbeitungen \u00fcber das weitere Vorgehen entscheidet und im Dialog mit den Autor_innen\/Herausgeber_innen den Publikationsprozess fortsetzt. Nach den gegebenenfalls durchgef\u00fchrten Anpassungen pr\u00fcfen mdwPress-Kuratorium und mdwPress-Koordination, ob damit den Gutachten entsprochen wurde, und somit alle Auflagen zur Qualit\u00e4tssicherung eingehalten wurden. Jede Publikation wird anschlie\u00dfend in Kooperation mit dem <a href=\"https:\/\/www.mdw.ac.at\/aki\/akademische-integritaet\/\" rel=\"noopener\" target=\"_blank\">Kompetenzzentrum f\u00fcr Akademische Integrit\u00e4t<\/a> auf Textidentit\u00e4ten \u00fcberpr\u00fcft.<\/p>\n<p>Am Ende jeder Publikation findet sich eine Dokumentation der jeweils durchgef\u00fchrten qualit\u00e4tssichernden Ma\u00dfnahmen.<\/p>\n<h3 id=\"WK\">Wissenschaftliches Kuratorium<\/h3>\n<p><a href=\"https:\/\/www.mdw.ac.at\/ar_center\/de\/anderwald-grond_de\/\" target=\"_blank\">Ruth Anderwald<\/a> <a href=\"https:\/\/orcid.org\/0000-0003-4914-5983\"><img loading=\"lazy\" decoding=\"async\" class=\"alignnone wp-image-600\" src=\"https:\/\/www.mdw.ac.at\/mdwpress\/wordpress\/wp-content\/uploads\/2021\/02\/orcid.png\" alt=\"orcid\" width=\"19\" height=\"19\" \/><\/a><br \/>\nArtistic Research Center, mdw<\/p>\n<p><a href=\"https:\/\/www.ipop.at\/ralf-von-appen\/\">Ralf von Appen<\/a> <a href=\"https:\/\/orcid.org\/0000-0001-8850-5617\"><img loading=\"lazy\" decoding=\"async\" class=\"alignnone wp-image-600\" src=\"https:\/\/www.mdw.ac.at\/mdwpress\/wordpress\/wp-content\/uploads\/2021\/02\/orcid.png\" alt=\"orcid\" width=\"19\" height=\"19\" \/><\/a><br \/>\nInstitut f\u00fcr Popularmusikforschung, mdw<\/p>\n<p><a href=\"https:\/\/ufgonline.ufg.ac.at\/ufg_online\/pl\/ui\/$ctx\/visitenkarte.show_vcard?pPersonenId=3B4B11E2DD6032B2&#038;pPersonenGruppe=3\">Silke Felber<\/a> <a href=\"https:\/\/orcid.org\/0000-0003-1459-608X\"><img loading=\"lazy\" decoding=\"async\" class=\"alignnone wp-image-600\" src=\"https:\/\/www.mdw.ac.at\/mdwpress\/wordpress\/wp-content\/uploads\/2021\/02\/orcid.png\" alt=\"orcid\" width=\"19\" height=\"19\" \/><\/a><br \/>\nInstitut f\u00fcr Bildende Kunst und Kulturwissenschaften, Kunstuniversit\u00e4t Linz<\/p>\n<p><a href=\"https:\/\/www.mdw.ac.at\/imi\/fritz_truempi\/\">Fritz Tr\u00fcmpi<\/a> <a href=\"https:\/\/orcid.org\/0000-0003-3362-0604\"><img loading=\"lazy\" decoding=\"async\" class=\"alignnone wp-image-600\" src=\"https:\/\/www.mdw.ac.at\/mdwpress\/wordpress\/wp-content\/uploads\/2021\/02\/orcid.png\" alt=\"orcid\" width=\"19\" height=\"19\" \/><\/a><br \/>Institut f\u00fcr Musikwissenschaft und Interpretationsforschung, mdw<\/p>\n<p><a href=\"https:\/\/www.oeaw.ac.at\/ikw\/team\/monika-mokre\" target=\"_blank\" rel=\"noopener\">Monika Mokre<\/a><a href=\"https:\/\/orcid.org\/0000-0001-6109-6681\"><img loading=\"lazy\" decoding=\"async\" class=\"alignnone wp-image-600\" src=\"https:\/\/www.mdw.ac.at\/mdwpress\/wordpress\/wp-content\/uploads\/2021\/02\/orcid.png\" alt=\"orcid\" width=\"19\" height=\"19\" \/><\/a><br \/>\nInstitut f\u00fcr Kulturwissenschaften, \u00d6AW<\/p>\n<p><strong>Ehemalige Mitglieder<br \/>\n<\/strong><a href=\"https:\/\/www.mdw.ac.at\/ikm\/annuss\/\">Evelyn Annu\u00df<\/a>, mdw <a href=\"https:\/\/orcid.org\/0000-0001-8401-9013\"><img loading=\"lazy\" decoding=\"async\" class=\"alignnone wp-image-600\" src=\"https:\/\/www.mdw.ac.at\/mdwpress\/wordpress\/wp-content\/uploads\/2021\/02\/orcid.png\" alt=\"orcid\" width=\"19\" height=\"19\" \/><\/a><br \/>\n<a href=\"https:\/\/www.mdw.ac.at\/iwk\/wasilakis\/\">Vasileios Chatziioannou<\/a>, mdw <a href=\"https:\/\/orcid.org\/0000-0002-5410-4724\"><img loading=\"lazy\" decoding=\"async\" class=\"alignnone wp-image-600\" src=\"https:\/\/www.mdw.ac.at\/mdwpress\/wordpress\/wp-content\/uploads\/2021\/02\/orcid.png\" alt=\"orcid\" width=\"19\" height=\"19\" \/><\/a><br \/>\n<a href=\"https:\/\/www.ifk.ac.at\/index.php\/prof-in-dr-in-karin-harrasser.html\">Karin Harrasser<\/a>, Kunstuniversit\u00e4t Linz <a href=\"https:\/\/orcid.org\/0000-0001-5591-9995\"><img loading=\"lazy\" decoding=\"async\" class=\"bdaia-img-show alignnone wp-image-600\" src=\"https:\/\/www.mdw.ac.at\/mdwpress\/wordpress\/wp-content\/uploads\/2021\/02\/orcid.png\" alt=\"orcid\" width=\"19\" height=\"19\" \/><\/a><br \/>\n<a href=\"https:\/\/www.dieangewandte.at\/jart\/prj3\/angewandte-2016\/main.jart?reserve-mode=active&amp;content-id=1458930944469&amp;Pe-Id=8341&amp;rel=de\">Nanna Heidenreich<\/a>, Universit\u00e4t f\u00fcr Angewandte Kunst Wien <a href=\"https:\/\/orcid.org\/0000-0003-0762-8573\"><img loading=\"lazy\" decoding=\"async\" class=\"alignnone wp-image-600\" src=\"https:\/\/www.mdw.ac.at\/mdwpress\/wordpress\/wp-content\/uploads\/2021\/02\/orcid.png\" alt=\"orcid\" width=\"19\" height=\"19\" \/><\/a><br \/>\n<a href=\"https:\/\/www.mdw.ac.at\/imi\/marie_louise_herzfeld-schild\/\" target=\"_blank\" rel=\"noopener\">Marie Louise Herzfeld-Schild<\/a>, mdw <a href=\"https:\/\/orcid.org\/0000-0002-2993-7716\"><img loading=\"lazy\" decoding=\"async\" class=\"alignnone wp-image-600\" src=\"https:\/\/www.mdw.ac.at\/mdwpress\/wordpress\/wp-content\/uploads\/2021\/02\/orcid.png\" alt=\"orcid\" width=\"19\" height=\"19\" \/><\/a><br \/>\n<a href=\"https:\/\/zeitgeschichte.univie.ac.at\/ueber-uns\/wissenschaftliche-mitarbeiterinnen\/oliver-rathkolb\/\">Oliver Rathkolb<\/a>, Universit\u00e4t Wien <a href=\"https:\/\/orcid.org\/0000-0002-8664-9980\"><img loading=\"lazy\" decoding=\"async\" class=\"bdaia-img-show alignnone wp-image-600\" src=\"https:\/\/www.mdw.ac.at\/mdwpress\/wordpress\/wp-content\/uploads\/2021\/02\/orcid.png\" alt=\"orcid\" width=\"19\" height=\"19\" \/><\/a><br \/>\n<a href=\"https:\/\/www.oeaw.ac.at\/ikt\/team\/peter-stachel\">Peter Stachel<\/a>, \u00d6sterreichische Akademie der Wissenschaften<br \/>\n<a href=\"https:\/\/www.oeaw.ac.at\/ikt\/team\/heidemarie-uhl\">Heidemarie Uhl<\/a> (\u2020), \u00d6sterreichische Akademie der Wissenschaften <a href=\"https:\/\/orcid.org\/0000-0003-3805-8956\"><img loading=\"lazy\" decoding=\"async\" class=\"alignnone wp-image-600\" src=\"https:\/\/www.mdw.ac.at\/mdwpress\/wordpress\/wp-content\/uploads\/2021\/02\/orcid.png\" alt=\"orcid\" width=\"19\" height=\"19\" \/><\/a><br \/>\n<a href=\"https:\/\/www.mdw.ac.at\/imi\/melanie_unseld\/\">Melanie Unseld<\/a>, mdw <a href=\"https:\/\/orcid.org\/0000-0003-0969-0549\"><img loading=\"lazy\" decoding=\"async\" class=\"alignnone wp-image-600\" src=\"https:\/\/www.mdw.ac.at\/mdwpress\/wordpress\/wp-content\/uploads\/2021\/02\/orcid.png\" alt=\"orcid\" width=\"19\" height=\"19\" \/><\/a><\/p>","protected":false},"excerpt":{"rendered":"<p>Um einen hohen wissenschaftlichen Standard zu gew\u00e4hrleisten, setzt mdwPress in jedem Schritt zur Ver\u00f6ffentlichung qualit\u00e4tssichernde Ma\u00dfnahmen: Zun\u00e4chst pr\u00fcft die mdwPress-Koordination, ob im Antrag die Einreichungsvoraussetzungen formal eingehalten wurden. Im n\u00e4chsten Schritt begutachtet das wissenschaftliche Kuratorium eingereichte Publikationsprojekte inhaltlich und entscheidet \u00fcber die Aufnahme in das Verlagsprogramm. Dabei empfiehlt das Kuratorium \u2013 je nach Publikationsformat und &hellip;<\/p>\n","protected":false},"author":1,"featured_media":0,"parent":713,"menu_order":0,"comment_status":"closed","ping_status":"closed","template":"","meta":{"inline_featured_image":false,"footnotes":""},"class_list":["post-514","page","type-page","status-publish","hentry"],"yoast_head":"<!-- This site is optimized with the Yoast SEO plugin v26.9 - https:\/\/yoast.com\/product\/yoast-seo-wordpress\/ -->\n<title>Qualit\u00e4tssicherung &#8211; mdwPress<\/title>\n<meta name=\"robots\" content=\"index, follow, max-snippet:-1, max-image-preview:large, max-video-preview:-1\" \/>\n<link rel=\"canonical\" href=\"https:\/\/www.mdw.ac.at\/mdwpress\/willkommen\/quality\/\" \/>\n<meta property=\"og:locale\" content=\"de_DE\" \/>\n<meta property=\"og:type\" content=\"article\" \/>\n<meta property=\"og:title\" content=\"[:de]Qualit\u00e4tssicherung[:en]Quality Assurance[:] &#8211; mdwPress\" \/>\n<meta property=\"og:description\" content=\"Um einen hohen wissenschaftlichen Standard zu gew\u00e4hrleisten, setzt mdwPress in jedem Schritt zur Ver\u00f6ffentlichung qualit\u00e4tssichernde Ma\u00dfnahmen: Zun\u00e4chst pr\u00fcft die mdwPress-Koordination, ob im Antrag die Einreichungsvoraussetzungen formal eingehalten wurden. Im n\u00e4chsten Schritt begutachtet das wissenschaftliche Kuratorium eingereichte Publikationsprojekte inhaltlich und entscheidet \u00fcber die Aufnahme in das Verlagsprogramm. Dabei empfiehlt das Kuratorium \u2013 je nach Publikationsformat und &hellip;\" \/>\n<meta property=\"og:url\" content=\"https:\/\/www.mdw.ac.at\/mdwpress\/willkommen\/quality\/\" \/>\n<meta property=\"og:site_name\" content=\"mdwPress\" \/>\n<meta property=\"article:modified_time\" content=\"2026-01-28T08:04:37+00:00\" \/>\n<meta property=\"og:image\" content=\"https:\/\/www.mdw.ac.at\/mdwpress\/wordpress\/wp-content\/uploads\/2021\/02\/orcid.png\" \/>\n<meta name=\"twitter:card\" content=\"summary_large_image\" \/>\n<meta name=\"twitter:label1\" content=\"Gesch\u00e4tzte Lesezeit\" \/>\n\t<meta name=\"twitter:data1\" content=\"3\u00a0Minuten\" \/>\n<script type=\"application\/ld+json\" class=\"yoast-schema-graph\">{\"@context\":\"https:\/\/schema.org\",\"@graph\":[{\"@type\":\"WebPage\",\"@id\":\"https:\/\/www.mdw.ac.at\/mdwpress\/willkommen\/quality\/\",\"url\":\"https:\/\/www.mdw.ac.at\/mdwpress\/willkommen\/quality\/\",\"name\":\"[:de]Qualit\u00e4tssicherung[:en]Quality Assurance[:] &#8211; mdwPress\",\"isPartOf\":{\"@id\":\"https:\/\/www.mdw.ac.at\/mdwpress\/en\/#website\"},\"primaryImageOfPage\":{\"@id\":\"https:\/\/www.mdw.ac.at\/mdwpress\/willkommen\/quality\/#primaryimage\"},\"image\":{\"@id\":\"https:\/\/www.mdw.ac.at\/mdwpress\/willkommen\/quality\/#primaryimage\"},\"thumbnailUrl\":\"https:\/\/www.mdw.ac.at\/mdwpress\/wordpress\/wp-content\/uploads\/2021\/02\/orcid.png\",\"datePublished\":\"2021-02-08T13:42:46+00:00\",\"dateModified\":\"2026-01-28T08:04:37+00:00\",\"breadcrumb\":{\"@id\":\"https:\/\/www.mdw.ac.at\/mdwpress\/willkommen\/quality\/#breadcrumb\"},\"inLanguage\":\"de\",\"potentialAction\":[{\"@type\":\"ReadAction\",\"target\":[\"https:\/\/www.mdw.ac.at\/mdwpress\/willkommen\/quality\/\"]}]},{\"@type\":\"ImageObject\",\"inLanguage\":\"de\",\"@id\":\"https:\/\/www.mdw.ac.at\/mdwpress\/willkommen\/quality\/#primaryimage\",\"url\":\"https:\/\/www.mdw.ac.at\/mdwpress\/wp-content\/uploads\/2021\/02\/orcid.png\",\"contentUrl\":\"https:\/\/www.mdw.ac.at\/mdwpress\/wp-content\/uploads\/2021\/02\/orcid.png\",\"width\":64,\"height\":64,\"caption\":\"orcid\"},{\"@type\":\"BreadcrumbList\",\"@id\":\"https:\/\/www.mdw.ac.at\/mdwpress\/willkommen\/quality\/#breadcrumb\",\"itemListElement\":[{\"@type\":\"ListItem\",\"position\":1,\"name\":\"Startseite\",\"item\":\"https:\/\/www.mdw.ac.at\/mdwpress\/en\/\"},{\"@type\":\"ListItem\",\"position\":2,\"name\":\"The Open Access Academic Publisher of the mdw\",\"item\":\"https:\/\/www.mdw.ac.at\/mdwpress\/en\/\"},{\"@type\":\"ListItem\",\"position\":3,\"name\":\"Qualit\u00e4tssicherung\"}]},{\"@type\":\"WebSite\",\"@id\":\"https:\/\/www.mdw.ac.at\/mdwpress\/en\/#website\",\"url\":\"https:\/\/www.mdw.ac.at\/mdwpress\/en\/\",\"name\":\"mdwPress\",\"description\":\"Der Open-Access-Universit\u00e4tsverlag der mdw\",\"publisher\":{\"@id\":\"https:\/\/www.mdw.ac.at\/mdwpress\/en\/#organization\"},\"potentialAction\":[{\"@type\":\"SearchAction\",\"target\":{\"@type\":\"EntryPoint\",\"urlTemplate\":\"https:\/\/www.mdw.ac.at\/mdwpress\/en\/?s={search_term_string}\"},\"query-input\":{\"@type\":\"PropertyValueSpecification\",\"valueRequired\":true,\"valueName\":\"search_term_string\"}}],\"inLanguage\":\"de\"},{\"@type\":\"Organization\",\"@id\":\"https:\/\/www.mdw.ac.at\/mdwpress\/en\/#organization\",\"name\":\"mdwPress\",\"url\":\"https:\/\/www.mdw.ac.at\/mdwpress\/en\/\",\"logo\":{\"@type\":\"ImageObject\",\"inLanguage\":\"de\",\"@id\":\"https:\/\/www.mdw.ac.at\/mdwpress\/en\/#\/schema\/logo\/image\/\",\"url\":\"https:\/\/www.mdw.ac.at\/mdwpress\/wordpress\/wp-content\/uploads\/2021\/02\/mdwpress-logo-schwarz.svg\",\"contentUrl\":\"https:\/\/www.mdw.ac.at\/mdwpress\/wordpress\/wp-content\/uploads\/2021\/02\/mdwpress-logo-schwarz.svg\",\"width\":\"1024\",\"height\":\"1024\",\"caption\":\"mdwPress\"},\"image\":{\"@id\":\"https:\/\/www.mdw.ac.at\/mdwpress\/en\/#\/schema\/logo\/image\/\"}}]}<\/script>\n<!-- \/ Yoast SEO plugin. -->","yoast_head_json":{"title":"[:de]Qualit\u00e4tssicherung[:en]Quality Assurance[:] &#8211; mdwPress","robots":{"index":"index","follow":"follow","max-snippet":"max-snippet:-1","max-image-preview":"max-image-preview:large","max-video-preview":"max-video-preview:-1"},"canonical":"https:\/\/www.mdw.ac.at\/mdwpress\/willkommen\/quality\/","og_locale":"de_DE","og_type":"article","og_title":"[:de]Qualit\u00e4tssicherung[:en]Quality Assurance[:] &#8211; mdwPress","og_description":"Um einen hohen wissenschaftlichen Standard zu gew\u00e4hrleisten, setzt mdwPress in jedem Schritt zur Ver\u00f6ffentlichung qualit\u00e4tssichernde Ma\u00dfnahmen: Zun\u00e4chst pr\u00fcft die mdwPress-Koordination, ob im Antrag die Einreichungsvoraussetzungen formal eingehalten wurden. Im n\u00e4chsten Schritt begutachtet das wissenschaftliche Kuratorium eingereichte Publikationsprojekte inhaltlich und entscheidet \u00fcber die Aufnahme in das Verlagsprogramm. Dabei empfiehlt das Kuratorium \u2013 je nach Publikationsformat und &hellip;","og_url":"https:\/\/www.mdw.ac.at\/mdwpress\/willkommen\/quality\/","og_site_name":"mdwPress","article_modified_time":"2026-01-28T08:04:37+00:00","og_image":[{"url":"https:\/\/www.mdw.ac.at\/mdwpress\/wordpress\/wp-content\/uploads\/2021\/02\/orcid.png","type":"","width":"","height":""}],"twitter_card":"summary_large_image","twitter_misc":{"Gesch\u00e4tzte Lesezeit":"3\u00a0Minuten"},"schema":{"@context":"https:\/\/schema.org","@graph":[{"@type":"WebPage","@id":"https:\/\/www.mdw.ac.at\/mdwpress\/willkommen\/quality\/","url":"https:\/\/www.mdw.ac.at\/mdwpress\/willkommen\/quality\/","name":"[:de]Qualit\u00e4tssicherung[:en]Quality Assurance[:] &#8211; mdwPress","isPartOf":{"@id":"https:\/\/www.mdw.ac.at\/mdwpress\/en\/#website"},"primaryImageOfPage":{"@id":"https:\/\/www.mdw.ac.at\/mdwpress\/willkommen\/quality\/#primaryimage"},"image":{"@id":"https:\/\/www.mdw.ac.at\/mdwpress\/willkommen\/quality\/#primaryimage"},"thumbnailUrl":"https:\/\/www.mdw.ac.at\/mdwpress\/wordpress\/wp-content\/uploads\/2021\/02\/orcid.png","datePublished":"2021-02-08T13:42:46+00:00","dateModified":"2026-01-28T08:04:37+00:00","breadcrumb":{"@id":"https:\/\/www.mdw.ac.at\/mdwpress\/willkommen\/quality\/#breadcrumb"},"inLanguage":"de","potentialAction":[{"@type":"ReadAction","target":["https:\/\/www.mdw.ac.at\/mdwpress\/willkommen\/quality\/"]}]},{"@type":"ImageObject","inLanguage":"de","@id":"https:\/\/www.mdw.ac.at\/mdwpress\/willkommen\/quality\/#primaryimage","url":"https:\/\/www.mdw.ac.at\/mdwpress\/wp-content\/uploads\/2021\/02\/orcid.png","contentUrl":"https:\/\/www.mdw.ac.at\/mdwpress\/wp-content\/uploads\/2021\/02\/orcid.png","width":64,"height":64,"caption":"orcid"},{"@type":"BreadcrumbList","@id":"https:\/\/www.mdw.ac.at\/mdwpress\/willkommen\/quality\/#breadcrumb","itemListElement":[{"@type":"ListItem","position":1,"name":"Startseite","item":"https:\/\/www.mdw.ac.at\/mdwpress\/en\/"},{"@type":"ListItem","position":2,"name":"The Open Access Academic Publisher of the mdw","item":"https:\/\/www.mdw.ac.at\/mdwpress\/en\/"},{"@type":"ListItem","position":3,"name":"Qualit\u00e4tssicherung"}]},{"@type":"WebSite","@id":"https:\/\/www.mdw.ac.at\/mdwpress\/en\/#website","url":"https:\/\/www.mdw.ac.at\/mdwpress\/en\/","name":"mdwPress","description":"Der Open-Access-Universit\u00e4tsverlag der mdw","publisher":{"@id":"https:\/\/www.mdw.ac.at\/mdwpress\/en\/#organization"},"potentialAction":[{"@type":"SearchAction","target":{"@type":"EntryPoint","urlTemplate":"https:\/\/www.mdw.ac.at\/mdwpress\/en\/?s={search_term_string}"},"query-input":{"@type":"PropertyValueSpecification","valueRequired":true,"valueName":"search_term_string"}}],"inLanguage":"de"},{"@type":"Organization","@id":"https:\/\/www.mdw.ac.at\/mdwpress\/en\/#organization","name":"mdwPress","url":"https:\/\/www.mdw.ac.at\/mdwpress\/en\/","logo":{"@type":"ImageObject","inLanguage":"de","@id":"https:\/\/www.mdw.ac.at\/mdwpress\/en\/#\/schema\/logo\/image\/","url":"https:\/\/www.mdw.ac.at\/mdwpress\/wordpress\/wp-content\/uploads\/2021\/02\/mdwpress-logo-schwarz.svg","contentUrl":"https:\/\/www.mdw.ac.at\/mdwpress\/wordpress\/wp-content\/uploads\/2021\/02\/mdwpress-logo-schwarz.svg","width":"1024","height":"1024","caption":"mdwPress"},"image":{"@id":"https:\/\/www.mdw.ac.at\/mdwpress\/en\/#\/schema\/logo\/image\/"}}]}},"_links":{"self":[{"href":"https:\/\/www.mdw.ac.at\/mdwpress\/wp-json\/wp\/v2\/pages\/514","targetHints":{"allow":["GET"]}}],"collection":[{"href":"https:\/\/www.mdw.ac.at\/mdwpress\/wp-json\/wp\/v2\/pages"}],"about":[{"href":"https:\/\/www.mdw.ac.at\/mdwpress\/wp-json\/wp\/v2\/types\/page"}],"author":[{"embeddable":true,"href":"https:\/\/www.mdw.ac.at\/mdwpress\/wp-json\/wp\/v2\/users\/1"}],"replies":[{"embeddable":true,"href":"https:\/\/www.mdw.ac.at\/mdwpress\/wp-json\/wp\/v2\/comments?post=514"}],"version-history":[{"count":104,"href":"https:\/\/www.mdw.ac.at\/mdwpress\/wp-json\/wp\/v2\/pages\/514\/revisions"}],"predecessor-version":[{"id":6492,"href":"https:\/\/www.mdw.ac.at\/mdwpress\/wp-json\/wp\/v2\/pages\/514\/revisions\/6492"}],"up":[{"embeddable":true,"href":"https:\/\/www.mdw.ac.at\/mdwpress\/wp-json\/wp\/v2\/pages\/713"}],"wp:attachment":[{"href":"https:\/\/www.mdw.ac.at\/mdwpress\/wp-json\/wp\/v2\/media?parent=514"}],"curies":[{"name":"wp","href":"https:\/\/api.w.org\/{rel}","templated":true}]}}