{"id":512,"date":"2021-02-08T14:36:51","date_gmt":"2021-02-08T13:36:51","guid":{"rendered":"https:\/\/www.mdw.ac.at\/mdwpress\/wordpress\/?page_id=512"},"modified":"2025-03-17T16:18:06","modified_gmt":"2025-03-17T15:18:06","slug":"concept","status":"publish","type":"page","link":"https:\/\/www.mdw.ac.at\/mdwpress\/concept\/","title":{"rendered":"Leitbild"},"content":{"rendered":"<p><\/p>\r\n\r\n<p>mdwPress ist der Wissenschaftsverlag der <a href=\"http:\/\/mdw.ac.at\" target=\"_blank\" rel=\"noreferrer noopener\">mdw \u2013 Universit\u00e4t f\u00fcr Musik und darstellende Kunst Wien<\/a>. Mit dem Verlag tr\u00e4gt die mdw auf Basis ihrer <a href=\"https:\/\/www.mdw.ac.at\/upload\/MDWeb\/forschungsfoerderung\/downloads\/forschungsstrategie_de_en.pdf\" target=\"_blank\" rel=\"noreferrer noopener\">Forschungsstrategie<\/a> zur Entwicklung einer globalen, Ressourcen sparenden Open-Access-Infrastruktur bei und steigert die Sichtbarkeit von wissenschaftlichen Publikationen aus der mdw. Unabh\u00e4ngig von kommerziellen Motiven folgt mdwPress der Einsicht, dass Forschungsergebnisse auf gesamtgesellschaftlichen Wissensquellen beruhen und diese gleichzeitig bereichern. Es entspricht daher dem gesellschaftlichen Auftrag der mdw, diese f\u00fcr die interessierte \u00d6ffentlichkeit frei zug\u00e4nglich sowie nachnutzbar zu machen.<\/p>\r\n\r\n\r\n\r\n<p>Hinsichtlich seiner Inhalte und Themen deckt mdwPress das <a href=\"https:\/\/mdw.ac.at\/7\/\" target=\"_blank\" rel=\"noreferrer noopener\">an der mdw vertretene Forschungsspektrum<\/a> in seiner gesamten Diversit\u00e4t ab und f\u00f6rdert Inter- und Transdisziplinarit\u00e4t. Der Verlag ist offen f\u00fcr alle wissenschaftlichen Publikationsformate und unterst\u00fctzt sowohl digitale als auch gedruckte Editionen. mdwPress sichert seine akademische Unabh\u00e4ngigkeit durch ein Kuratorium, dessen regelm\u00e4\u00dfig wechselnden internen und externen Mitglieder sich durch hervorragende wissenschaftliche Leistungen auszeichnen und die Diversit\u00e4t der mdw m\u00f6glichst ausgewogen repr\u00e4sentieren. Die Entscheidungen \u00fcber das Verlagsprogramm obliegen diesem Kuratorium, ebenso wie jene \u00fcber die jeweilige Methode der Qualit\u00e4tssicherung, die jede Publikation durchl\u00e4uft.<\/p>\r\n\r\n\r\n\r\n<p>mdwPress richtet sich nach den aktuellen technischen und ethischen Standards des Publikationswesens zur bestm\u00f6glichen Nutzung des wissenschaftlichen Wissens durch die Gesellschaft und beteiligt sich an der Weiterentwicklung dieser Standards. Die mdw-internen Koordinator_innen von mdwPress reagieren auf relevante Entwicklungen bedarfs- und budgetgerecht und unterst\u00fctzen die Forschenden im Publikationsprozess bestm\u00f6glich. mdwPress bem\u00fcht sich stets, alle operativen Prozesse und Kosten f\u00fcr die \u00d6ffentlichkeit nachvollziehbar darzustellen. Wo erforderlich, setzt mdwPress auf externe Kooperationen, die unter den Vorzeichen des hier formulierten Leitbildes konzipiert werden.<\/p>\r\n\r\n<span class='bdaia-btns bdaia-btn-medium' style=\"background:#e6e1e1 !important;color:#000000 !important;\"><a href=\"https:\/\/www.mdw.ac.at\/mdwpress\/wordpress\/wp-content\/uploads\/2021\/02\/mdwpress-leitbild2020-11-04.pdf\" target=\"_blank\" rel=\"nofollow\" style=\"color:#000000 !important;\">Als PDF herunterladen<\/a><\/span>\r\n\r\n<p><\/p>","protected":false},"excerpt":{"rendered":"<p>mdwPress ist der Wissenschaftsverlag der mdw \u2013 Universit\u00e4t f\u00fcr Musik und darstellende Kunst Wien. Mit dem Verlag tr\u00e4gt die mdw auf Basis ihrer Forschungsstrategie zur Entwicklung einer globalen, Ressourcen sparenden Open-Access-Infrastruktur bei und steigert die Sichtbarkeit von wissenschaftlichen Publikationen aus der mdw. Unabh\u00e4ngig von kommerziellen Motiven folgt mdwPress der Einsicht, dass Forschungsergebnisse auf gesamtgesellschaftlichen Wissensquellen &hellip;<\/p>\n","protected":false},"author":1,"featured_media":0,"parent":0,"menu_order":0,"comment_status":"closed","ping_status":"closed","template":"","meta":{"inline_featured_image":false,"footnotes":""},"class_list":["post-512","page","type-page","status-publish","hentry"],"yoast_head":"<!-- This site is optimized with the Yoast SEO plugin v26.9 - https:\/\/yoast.com\/product\/yoast-seo-wordpress\/ -->\n<title>Leitbild<\/title>\n<meta name=\"robots\" content=\"index, follow, max-snippet:-1, max-image-preview:large, max-video-preview:-1\" \/>\n<link rel=\"canonical\" href=\"https:\/\/www.mdw.ac.at\/mdwpress\/concept\/\" \/>\n<meta property=\"og:locale\" content=\"de_DE\" \/>\n<meta property=\"og:type\" content=\"article\" \/>\n<meta property=\"og:title\" content=\"[:de]Leitbild[:en]Concept &#8211; mdwPress\" \/>\n<meta property=\"og:description\" content=\"mdwPress ist der Wissenschaftsverlag der mdw \u2013 Universit\u00e4t f\u00fcr Musik und darstellende Kunst Wien. Mit dem Verlag tr\u00e4gt die mdw auf Basis ihrer Forschungsstrategie zur Entwicklung einer globalen, Ressourcen sparenden Open-Access-Infrastruktur bei und steigert die Sichtbarkeit von wissenschaftlichen Publikationen aus der mdw. Unabh\u00e4ngig von kommerziellen Motiven folgt mdwPress der Einsicht, dass Forschungsergebnisse auf gesamtgesellschaftlichen Wissensquellen &hellip;\" \/>\n<meta property=\"og:url\" content=\"https:\/\/www.mdw.ac.at\/mdwpress\/concept\/\" \/>\n<meta property=\"og:site_name\" content=\"mdwPress\" \/>\n<meta property=\"article:modified_time\" content=\"2025-03-17T15:18:06+00:00\" \/>\n<meta name=\"twitter:card\" content=\"summary_large_image\" \/>\n<meta name=\"twitter:label1\" content=\"Gesch\u00e4tzte Lesezeit\" \/>\n\t<meta name=\"twitter:data1\" content=\"3\u00a0Minuten\" \/>\n<script type=\"application\/ld+json\" class=\"yoast-schema-graph\">{\"@context\":\"https:\/\/schema.org\",\"@graph\":[{\"@type\":\"WebPage\",\"@id\":\"https:\/\/www.mdw.ac.at\/mdwpress\/concept\/\",\"url\":\"https:\/\/www.mdw.ac.at\/mdwpress\/concept\/\",\"name\":\"[:de]Leitbild[:en]Concept &#8211; mdwPress\",\"isPartOf\":{\"@id\":\"https:\/\/www.mdw.ac.at\/mdwpress\/en\/#website\"},\"datePublished\":\"2021-02-08T13:36:51+00:00\",\"dateModified\":\"2025-03-17T15:18:06+00:00\",\"breadcrumb\":{\"@id\":\"https:\/\/www.mdw.ac.at\/mdwpress\/concept\/#breadcrumb\"},\"inLanguage\":\"de\",\"potentialAction\":[{\"@type\":\"ReadAction\",\"target\":[\"https:\/\/www.mdw.ac.at\/mdwpress\/concept\/\"]}]},{\"@type\":\"BreadcrumbList\",\"@id\":\"https:\/\/www.mdw.ac.at\/mdwpress\/concept\/#breadcrumb\",\"itemListElement\":[{\"@type\":\"ListItem\",\"position\":1,\"name\":\"Startseite\",\"item\":\"https:\/\/www.mdw.ac.at\/mdwpress\/en\/\"},{\"@type\":\"ListItem\",\"position\":2,\"name\":\"Leitbild\"}]},{\"@type\":\"WebSite\",\"@id\":\"https:\/\/www.mdw.ac.at\/mdwpress\/en\/#website\",\"url\":\"https:\/\/www.mdw.ac.at\/mdwpress\/en\/\",\"name\":\"mdwPress\",\"description\":\"Der Open-Access-Universit\u00e4tsverlag der mdw\",\"publisher\":{\"@id\":\"https:\/\/www.mdw.ac.at\/mdwpress\/en\/#organization\"},\"potentialAction\":[{\"@type\":\"SearchAction\",\"target\":{\"@type\":\"EntryPoint\",\"urlTemplate\":\"https:\/\/www.mdw.ac.at\/mdwpress\/en\/?s={search_term_string}\"},\"query-input\":{\"@type\":\"PropertyValueSpecification\",\"valueRequired\":true,\"valueName\":\"search_term_string\"}}],\"inLanguage\":\"de\"},{\"@type\":\"Organization\",\"@id\":\"https:\/\/www.mdw.ac.at\/mdwpress\/en\/#organization\",\"name\":\"mdwPress\",\"url\":\"https:\/\/www.mdw.ac.at\/mdwpress\/en\/\",\"logo\":{\"@type\":\"ImageObject\",\"inLanguage\":\"de\",\"@id\":\"https:\/\/www.mdw.ac.at\/mdwpress\/en\/#\/schema\/logo\/image\/\",\"url\":\"https:\/\/www.mdw.ac.at\/mdwpress\/wordpress\/wp-content\/uploads\/2021\/02\/mdwpress-logo-schwarz.svg\",\"contentUrl\":\"https:\/\/www.mdw.ac.at\/mdwpress\/wordpress\/wp-content\/uploads\/2021\/02\/mdwpress-logo-schwarz.svg\",\"width\":\"1024\",\"height\":\"1024\",\"caption\":\"mdwPress\"},\"image\":{\"@id\":\"https:\/\/www.mdw.ac.at\/mdwpress\/en\/#\/schema\/logo\/image\/\"}}]}<\/script>\n<!-- \/ Yoast SEO plugin. -->","yoast_head_json":{"title":"[:de]Leitbild[:en]Concept &#8211; mdwPress","robots":{"index":"index","follow":"follow","max-snippet":"max-snippet:-1","max-image-preview":"max-image-preview:large","max-video-preview":"max-video-preview:-1"},"canonical":"https:\/\/www.mdw.ac.at\/mdwpress\/concept\/","og_locale":"de_DE","og_type":"article","og_title":"[:de]Leitbild[:en]Concept &#8211; mdwPress","og_description":"mdwPress ist der Wissenschaftsverlag der mdw \u2013 Universit\u00e4t f\u00fcr Musik und darstellende Kunst Wien. Mit dem Verlag tr\u00e4gt die mdw auf Basis ihrer Forschungsstrategie zur Entwicklung einer globalen, Ressourcen sparenden Open-Access-Infrastruktur bei und steigert die Sichtbarkeit von wissenschaftlichen Publikationen aus der mdw. Unabh\u00e4ngig von kommerziellen Motiven folgt mdwPress der Einsicht, dass Forschungsergebnisse auf gesamtgesellschaftlichen Wissensquellen &hellip;","og_url":"https:\/\/www.mdw.ac.at\/mdwpress\/concept\/","og_site_name":"mdwPress","article_modified_time":"2025-03-17T15:18:06+00:00","twitter_card":"summary_large_image","twitter_misc":{"Gesch\u00e4tzte Lesezeit":"3\u00a0Minuten"},"schema":{"@context":"https:\/\/schema.org","@graph":[{"@type":"WebPage","@id":"https:\/\/www.mdw.ac.at\/mdwpress\/concept\/","url":"https:\/\/www.mdw.ac.at\/mdwpress\/concept\/","name":"[:de]Leitbild[:en]Concept &#8211; mdwPress","isPartOf":{"@id":"https:\/\/www.mdw.ac.at\/mdwpress\/en\/#website"},"datePublished":"2021-02-08T13:36:51+00:00","dateModified":"2025-03-17T15:18:06+00:00","breadcrumb":{"@id":"https:\/\/www.mdw.ac.at\/mdwpress\/concept\/#breadcrumb"},"inLanguage":"de","potentialAction":[{"@type":"ReadAction","target":["https:\/\/www.mdw.ac.at\/mdwpress\/concept\/"]}]},{"@type":"BreadcrumbList","@id":"https:\/\/www.mdw.ac.at\/mdwpress\/concept\/#breadcrumb","itemListElement":[{"@type":"ListItem","position":1,"name":"Startseite","item":"https:\/\/www.mdw.ac.at\/mdwpress\/en\/"},{"@type":"ListItem","position":2,"name":"Leitbild"}]},{"@type":"WebSite","@id":"https:\/\/www.mdw.ac.at\/mdwpress\/en\/#website","url":"https:\/\/www.mdw.ac.at\/mdwpress\/en\/","name":"mdwPress","description":"Der Open-Access-Universit\u00e4tsverlag der mdw","publisher":{"@id":"https:\/\/www.mdw.ac.at\/mdwpress\/en\/#organization"},"potentialAction":[{"@type":"SearchAction","target":{"@type":"EntryPoint","urlTemplate":"https:\/\/www.mdw.ac.at\/mdwpress\/en\/?s={search_term_string}"},"query-input":{"@type":"PropertyValueSpecification","valueRequired":true,"valueName":"search_term_string"}}],"inLanguage":"de"},{"@type":"Organization","@id":"https:\/\/www.mdw.ac.at\/mdwpress\/en\/#organization","name":"mdwPress","url":"https:\/\/www.mdw.ac.at\/mdwpress\/en\/","logo":{"@type":"ImageObject","inLanguage":"de","@id":"https:\/\/www.mdw.ac.at\/mdwpress\/en\/#\/schema\/logo\/image\/","url":"https:\/\/www.mdw.ac.at\/mdwpress\/wordpress\/wp-content\/uploads\/2021\/02\/mdwpress-logo-schwarz.svg","contentUrl":"https:\/\/www.mdw.ac.at\/mdwpress\/wordpress\/wp-content\/uploads\/2021\/02\/mdwpress-logo-schwarz.svg","width":"1024","height":"1024","caption":"mdwPress"},"image":{"@id":"https:\/\/www.mdw.ac.at\/mdwpress\/en\/#\/schema\/logo\/image\/"}}]}},"_links":{"self":[{"href":"https:\/\/www.mdw.ac.at\/mdwpress\/wp-json\/wp\/v2\/pages\/512","targetHints":{"allow":["GET"]}}],"collection":[{"href":"https:\/\/www.mdw.ac.at\/mdwpress\/wp-json\/wp\/v2\/pages"}],"about":[{"href":"https:\/\/www.mdw.ac.at\/mdwpress\/wp-json\/wp\/v2\/types\/page"}],"author":[{"embeddable":true,"href":"https:\/\/www.mdw.ac.at\/mdwpress\/wp-json\/wp\/v2\/users\/1"}],"replies":[{"embeddable":true,"href":"https:\/\/www.mdw.ac.at\/mdwpress\/wp-json\/wp\/v2\/comments?post=512"}],"version-history":[{"count":30,"href":"https:\/\/www.mdw.ac.at\/mdwpress\/wp-json\/wp\/v2\/pages\/512\/revisions"}],"predecessor-version":[{"id":4829,"href":"https:\/\/www.mdw.ac.at\/mdwpress\/wp-json\/wp\/v2\/pages\/512\/revisions\/4829"}],"wp:attachment":[{"href":"https:\/\/www.mdw.ac.at\/mdwpress\/wp-json\/wp\/v2\/media?parent=512"}],"curies":[{"name":"wp","href":"https:\/\/api.w.org\/{rel}","templated":true}]}}