{"id":489,"date":"2021-02-08T12:53:08","date_gmt":"2021-02-08T11:53:08","guid":{"rendered":"https:\/\/www.mdw.ac.at\/mdwpress\/wordpress\/?page_id=489"},"modified":"2025-11-04T09:02:05","modified_gmt":"2025-11-04T08:02:05","slug":"imprint","status":"publish","type":"page","link":"https:\/\/www.mdw.ac.at\/mdwpress\/imprint\/","title":{"rendered":"Impressum &#038; Offenlegung"},"content":{"rendered":"Medieninhaberin, Herausgeberin, Eigent\u00fcmerin: <strong>mdw \u2013 Universit\u00e4t f\u00fcr Musik und darstellende Kunst Wien<\/strong>, vertreten durch <strong>Rektorin Ulrike Sych<\/strong>, 1030 Wien, Anton-von-Webern-Platz 1, <a href=\"http:\/\/www.mdw.ac.at\" target=\"_blank\" rel=\"noreferrer noopener\">www.mdw.ac.at<\/a>, <strong>DVR-Nr.: 044 7331, UID-Nummer: ATU 37871004. <\/strong>Unternehmensgegenstand sind die f\u00fcr Kunstuniversit\u00e4ten relevanten Aufgaben gem\u00e4\u00df \u00a7 3 Universit\u00e4tsgesetz (UG).<\/p>\n<p><strong>F\u00fcr den Inhalt verantwortlich:<\/strong> Rektorat, Ulrike Sych, Anton-von-Webern-Platz 1, 1030 Wien. <strong>Redaktion:<\/strong> mdwPress-Koordination. <strong>Ansprechpartnerin: <\/strong>Christian Keitel, E-Mail: <a href=\"mailto:mdwpress@mdw.ac.at\">mdwpress@mdw.ac.at<\/a>, Tel.: +43 1 71155 8122. <strong>Technische Umsetzung:<\/strong> Martin Hufnagl (Zentraler Informatikdienst), E-Mail: <a href=\"mailto:hufnagl@mdw.ac.at\">hufnagl@mdw.ac.at<\/a>, Tel.: +43 1 71155 7320.<\/p>\n<p>Alle Rechte vorbehalten. Es gilt der <a href=\"https:\/\/www.mdw.ac.at\/229\/\" target=\"_blank\" rel=\"noreferrer noopener\">Disclaimer der Website der mdw<\/a>.<\/p>\n<h2>Datenschutzerkl\u00e4rung<\/h2>\n<p>Auszug aus der <a href=\"https:\/\/www.mdw.ac.at\/datenschutz\/?PageId=6\"> Datenschutzerkl\u00e4rung der mdw:<\/a><\/p>\n<p>Die Datenverarbeitung im Rahmen der Publikationsservices der mdw erfolgt zu dem Zweck, den Ver\u00f6ffentlichungsprozess von der Einreichung \u00fcber die Begutachtung bis zur Publikation abzudecken. F\u00fcr die Verwaltung und Ver\u00f6ffentlichung von wissenschaftlichenArbeiten werden wir Ihre nachfolgend angef\u00fchrten personenbezogenen Daten verarbeiten: Personenstammdaten bei Anmeldung von Titeln zur Ver\u00f6ffentlichung (akademischer Titel, Name, Institutszugeh\u00f6rigkeit, publikationsspezifische Informationen), Personenstammdaten zur Erfassung im individualisierten Autorenstammsatz der GND (akademischer Titel, Name, Geschlecht, Geburtsjahr, Geburtsort, Beruf, Institutszugeh\u00f6rigkeit), Kommunikationsdaten (Name, Benutzername, E-Mail-Adresse), Vertragsstammdaten, Kundenhistorie und IT-Nutzungsdaten.<\/p>\n<p>Die Verarbeitung der genannten Daten erfolgt dabei zur Erf\u00fcllung eines Vertrages mit Ihnen bzw. zur Durchf\u00fchrung vorvertraglicher Ma\u00dfnahmen, Rechtsgrundlage der Verarbeitung ist daher Art 6 Abs 1 lit b DS-GVO.<\/p>\n<p>Die Verarbeitung Ihrer personenbezogenen Daten erfolgt zun\u00e4chst durch Mitarbeiter_innen der mdw, und anschlie\u00dfend gegebenenfalls durch Kooperationspartner, die auf den Webseiten der Publikationsservices benannt sind. Ihre wissenschaftliche Arbeit sowie Ihr Name, Ihr akademischer Titel, Ihre Institutszugeh\u00f6rigkeit, Ihre E-Mail-Adresse und publikationsspezifische Informationen werden auf Basis des abgeschlossenen Vertrags ver\u00f6ffentlicht und damit allgemein zug\u00e4nglich gemacht. Die Speicherung erfolgt f\u00fcr die Dauer des Vertragsverh\u00e4ltnisses und dar\u00fcber hinaus f\u00fcr die Dauer etwaiger bestehender Rechtsanspr\u00fcche bzw. aufgrund gesetzlicher Pflichten. Daten, die Archivgut gem\u00e4\u00df dem Bundesarchivgesetz darstellen, werden unbegrenzt aufbewahrt.<\/p>\n<h3>Ihre Rechte<\/h3>\n<p>Als Betroffene_r der Datenverarbeitung haben Sie im Rahmen der Art 15-21 DSGVO gegen\u00fcber der mdw das Recht auf Auskunft, Berichtigung, L\u00f6schung, Einschr\u00e4nkung und Daten\u00fcbertragbarkeit. Dar\u00fcber hinaus steht es Ihnen zu, sich bei Beschwerden wegen Datenschutzverst\u00f6\u00dfen an eine Aufsichtsbeh\u00f6rde (in \u00d6sterreich: die Datenschutzbeh\u00f6rde, <a href=\"mailto:dsb@dsb.gv.at\">dsb@dsb.gv.at<\/a>) zu wenden.<\/p>\n<p>Selbstverst\u00e4ndlich k\u00f6nnen Sie sich bei im Raum stehenden Datenschutzverst\u00f6\u00dfen oder Fragen zum Datenschutz an der mdw sowie zur Wahrnehmung oben genannter Rechte an unsere Datenschutzbeauftragte wenden: Anton-von-Webern-Platz 1, 1030 Wien, per E-Mail unter <a href=\"mailto:datenschutz@mdw.ac.at\">datenschutz@mdw.ac.at<\/a> oder telefonisch unter 0043 1 71155 6046.<\/p>\n<p>&nbsp;<\/p>\n<p>Fassung vom 14. September 2021","protected":false},"excerpt":{"rendered":"<p>Medieninhaberin, Herausgeberin, Eigent\u00fcmerin: mdw \u2013 Universit\u00e4t f\u00fcr Musik und darstellende Kunst Wien, vertreten durch Rektorin Ulrike Sych, 1030 Wien, Anton-von-Webern-Platz 1, www.mdw.ac.at, DVR-Nr.: 044 7331, UID-Nummer: ATU 37871004. Unternehmensgegenstand sind die f\u00fcr Kunstuniversit\u00e4ten relevanten Aufgaben gem\u00e4\u00df \u00a7 3 Universit\u00e4tsgesetz (UG). F\u00fcr den Inhalt verantwortlich: Rektorat, Ulrike Sych, Anton-von-Webern-Platz 1, 1030 Wien. Redaktion: mdwPress-Koordination. Ansprechpartnerin: Christian &hellip;<\/p>\n","protected":false},"author":1,"featured_media":0,"parent":0,"menu_order":0,"comment_status":"closed","ping_status":"closed","template":"","meta":{"inline_featured_image":false,"footnotes":""},"class_list":["post-489","page","type-page","status-publish","hentry"],"yoast_head":"<!-- This site is optimized with the Yoast SEO plugin v26.9 - https:\/\/yoast.com\/product\/yoast-seo-wordpress\/ -->\n<title>Impressum &#038; Offenlegung &#8211; mdwPress<\/title>\n<meta name=\"robots\" content=\"index, follow, max-snippet:-1, max-image-preview:large, max-video-preview:-1\" \/>\n<link rel=\"canonical\" href=\"https:\/\/www.mdw.ac.at\/mdwpress\/imprint\/\" \/>\n<meta property=\"og:locale\" content=\"de_DE\" \/>\n<meta property=\"og:type\" content=\"article\" \/>\n<meta property=\"og:title\" content=\"Impressum &#038; Offenlegung &#8211; mdwPress\" \/>\n<meta property=\"og:description\" content=\"Medieninhaberin, Herausgeberin, Eigent\u00fcmerin: mdw \u2013 Universit\u00e4t f\u00fcr Musik und darstellende Kunst Wien, vertreten durch Rektorin Ulrike Sych, 1030 Wien, Anton-von-Webern-Platz 1, www.mdw.ac.at, DVR-Nr.: 044 7331, UID-Nummer: ATU 37871004. Unternehmensgegenstand sind die f\u00fcr Kunstuniversit\u00e4ten relevanten Aufgaben gem\u00e4\u00df \u00a7 3 Universit\u00e4tsgesetz (UG). F\u00fcr den Inhalt verantwortlich: Rektorat, Ulrike Sych, Anton-von-Webern-Platz 1, 1030 Wien. Redaktion: mdwPress-Koordination. Ansprechpartnerin: Christian &hellip;\" \/>\n<meta property=\"og:url\" content=\"https:\/\/www.mdw.ac.at\/mdwpress\/imprint\/\" \/>\n<meta property=\"og:site_name\" content=\"mdwPress\" \/>\n<meta property=\"article:modified_time\" content=\"2025-11-04T08:02:05+00:00\" \/>\n<meta name=\"twitter:card\" content=\"summary_large_image\" \/>\n<meta name=\"twitter:label1\" content=\"Gesch\u00e4tzte Lesezeit\" \/>\n\t<meta name=\"twitter:data1\" content=\"4\u00a0Minuten\" \/>\n<script type=\"application\/ld+json\" class=\"yoast-schema-graph\">{\"@context\":\"https:\/\/schema.org\",\"@graph\":[{\"@type\":\"WebPage\",\"@id\":\"https:\/\/www.mdw.ac.at\/mdwpress\/imprint\/\",\"url\":\"https:\/\/www.mdw.ac.at\/mdwpress\/imprint\/\",\"name\":\"Impressum &#038; Offenlegung &#8211; mdwPress\",\"isPartOf\":{\"@id\":\"https:\/\/www.mdw.ac.at\/mdwpress\/en\/#website\"},\"datePublished\":\"2021-02-08T11:53:08+00:00\",\"dateModified\":\"2025-11-04T08:02:05+00:00\",\"breadcrumb\":{\"@id\":\"https:\/\/www.mdw.ac.at\/mdwpress\/imprint\/#breadcrumb\"},\"inLanguage\":\"de\",\"potentialAction\":[{\"@type\":\"ReadAction\",\"target\":[\"https:\/\/www.mdw.ac.at\/mdwpress\/imprint\/\"]}]},{\"@type\":\"BreadcrumbList\",\"@id\":\"https:\/\/www.mdw.ac.at\/mdwpress\/imprint\/#breadcrumb\",\"itemListElement\":[{\"@type\":\"ListItem\",\"position\":1,\"name\":\"Startseite\",\"item\":\"https:\/\/www.mdw.ac.at\/mdwpress\/en\/\"},{\"@type\":\"ListItem\",\"position\":2,\"name\":\"Impressum &#038; Offenlegung\"}]},{\"@type\":\"WebSite\",\"@id\":\"https:\/\/www.mdw.ac.at\/mdwpress\/en\/#website\",\"url\":\"https:\/\/www.mdw.ac.at\/mdwpress\/en\/\",\"name\":\"mdwPress\",\"description\":\"Der Open-Access-Universit\u00e4tsverlag der mdw\",\"publisher\":{\"@id\":\"https:\/\/www.mdw.ac.at\/mdwpress\/en\/#organization\"},\"potentialAction\":[{\"@type\":\"SearchAction\",\"target\":{\"@type\":\"EntryPoint\",\"urlTemplate\":\"https:\/\/www.mdw.ac.at\/mdwpress\/en\/?s={search_term_string}\"},\"query-input\":{\"@type\":\"PropertyValueSpecification\",\"valueRequired\":true,\"valueName\":\"search_term_string\"}}],\"inLanguage\":\"de\"},{\"@type\":\"Organization\",\"@id\":\"https:\/\/www.mdw.ac.at\/mdwpress\/en\/#organization\",\"name\":\"mdwPress\",\"url\":\"https:\/\/www.mdw.ac.at\/mdwpress\/en\/\",\"logo\":{\"@type\":\"ImageObject\",\"inLanguage\":\"de\",\"@id\":\"https:\/\/www.mdw.ac.at\/mdwpress\/en\/#\/schema\/logo\/image\/\",\"url\":\"https:\/\/www.mdw.ac.at\/mdwpress\/wordpress\/wp-content\/uploads\/2021\/02\/mdwpress-logo-schwarz.svg\",\"contentUrl\":\"https:\/\/www.mdw.ac.at\/mdwpress\/wordpress\/wp-content\/uploads\/2021\/02\/mdwpress-logo-schwarz.svg\",\"width\":\"1024\",\"height\":\"1024\",\"caption\":\"mdwPress\"},\"image\":{\"@id\":\"https:\/\/www.mdw.ac.at\/mdwpress\/en\/#\/schema\/logo\/image\/\"}}]}<\/script>\n<!-- \/ Yoast SEO plugin. -->","yoast_head_json":{"title":"Impressum &#038; Offenlegung &#8211; mdwPress","robots":{"index":"index","follow":"follow","max-snippet":"max-snippet:-1","max-image-preview":"max-image-preview:large","max-video-preview":"max-video-preview:-1"},"canonical":"https:\/\/www.mdw.ac.at\/mdwpress\/imprint\/","og_locale":"de_DE","og_type":"article","og_title":"Impressum &#038; Offenlegung &#8211; mdwPress","og_description":"Medieninhaberin, Herausgeberin, Eigent\u00fcmerin: mdw \u2013 Universit\u00e4t f\u00fcr Musik und darstellende Kunst Wien, vertreten durch Rektorin Ulrike Sych, 1030 Wien, Anton-von-Webern-Platz 1, www.mdw.ac.at, DVR-Nr.: 044 7331, UID-Nummer: ATU 37871004. Unternehmensgegenstand sind die f\u00fcr Kunstuniversit\u00e4ten relevanten Aufgaben gem\u00e4\u00df \u00a7 3 Universit\u00e4tsgesetz (UG). F\u00fcr den Inhalt verantwortlich: Rektorat, Ulrike Sych, Anton-von-Webern-Platz 1, 1030 Wien. Redaktion: mdwPress-Koordination. Ansprechpartnerin: Christian &hellip;","og_url":"https:\/\/www.mdw.ac.at\/mdwpress\/imprint\/","og_site_name":"mdwPress","article_modified_time":"2025-11-04T08:02:05+00:00","twitter_card":"summary_large_image","twitter_misc":{"Gesch\u00e4tzte Lesezeit":"4\u00a0Minuten"},"schema":{"@context":"https:\/\/schema.org","@graph":[{"@type":"WebPage","@id":"https:\/\/www.mdw.ac.at\/mdwpress\/imprint\/","url":"https:\/\/www.mdw.ac.at\/mdwpress\/imprint\/","name":"Impressum &#038; Offenlegung &#8211; mdwPress","isPartOf":{"@id":"https:\/\/www.mdw.ac.at\/mdwpress\/en\/#website"},"datePublished":"2021-02-08T11:53:08+00:00","dateModified":"2025-11-04T08:02:05+00:00","breadcrumb":{"@id":"https:\/\/www.mdw.ac.at\/mdwpress\/imprint\/#breadcrumb"},"inLanguage":"de","potentialAction":[{"@type":"ReadAction","target":["https:\/\/www.mdw.ac.at\/mdwpress\/imprint\/"]}]},{"@type":"BreadcrumbList","@id":"https:\/\/www.mdw.ac.at\/mdwpress\/imprint\/#breadcrumb","itemListElement":[{"@type":"ListItem","position":1,"name":"Startseite","item":"https:\/\/www.mdw.ac.at\/mdwpress\/en\/"},{"@type":"ListItem","position":2,"name":"Impressum &#038; Offenlegung"}]},{"@type":"WebSite","@id":"https:\/\/www.mdw.ac.at\/mdwpress\/en\/#website","url":"https:\/\/www.mdw.ac.at\/mdwpress\/en\/","name":"mdwPress","description":"Der Open-Access-Universit\u00e4tsverlag der mdw","publisher":{"@id":"https:\/\/www.mdw.ac.at\/mdwpress\/en\/#organization"},"potentialAction":[{"@type":"SearchAction","target":{"@type":"EntryPoint","urlTemplate":"https:\/\/www.mdw.ac.at\/mdwpress\/en\/?s={search_term_string}"},"query-input":{"@type":"PropertyValueSpecification","valueRequired":true,"valueName":"search_term_string"}}],"inLanguage":"de"},{"@type":"Organization","@id":"https:\/\/www.mdw.ac.at\/mdwpress\/en\/#organization","name":"mdwPress","url":"https:\/\/www.mdw.ac.at\/mdwpress\/en\/","logo":{"@type":"ImageObject","inLanguage":"de","@id":"https:\/\/www.mdw.ac.at\/mdwpress\/en\/#\/schema\/logo\/image\/","url":"https:\/\/www.mdw.ac.at\/mdwpress\/wordpress\/wp-content\/uploads\/2021\/02\/mdwpress-logo-schwarz.svg","contentUrl":"https:\/\/www.mdw.ac.at\/mdwpress\/wordpress\/wp-content\/uploads\/2021\/02\/mdwpress-logo-schwarz.svg","width":"1024","height":"1024","caption":"mdwPress"},"image":{"@id":"https:\/\/www.mdw.ac.at\/mdwpress\/en\/#\/schema\/logo\/image\/"}}]}},"_links":{"self":[{"href":"https:\/\/www.mdw.ac.at\/mdwpress\/wp-json\/wp\/v2\/pages\/489","targetHints":{"allow":["GET"]}}],"collection":[{"href":"https:\/\/www.mdw.ac.at\/mdwpress\/wp-json\/wp\/v2\/pages"}],"about":[{"href":"https:\/\/www.mdw.ac.at\/mdwpress\/wp-json\/wp\/v2\/types\/page"}],"author":[{"embeddable":true,"href":"https:\/\/www.mdw.ac.at\/mdwpress\/wp-json\/wp\/v2\/users\/1"}],"replies":[{"embeddable":true,"href":"https:\/\/www.mdw.ac.at\/mdwpress\/wp-json\/wp\/v2\/comments?post=489"}],"version-history":[{"count":23,"href":"https:\/\/www.mdw.ac.at\/mdwpress\/wp-json\/wp\/v2\/pages\/489\/revisions"}],"predecessor-version":[{"id":6038,"href":"https:\/\/www.mdw.ac.at\/mdwpress\/wp-json\/wp\/v2\/pages\/489\/revisions\/6038"}],"wp:attachment":[{"href":"https:\/\/www.mdw.ac.at\/mdwpress\/wp-json\/wp\/v2\/media?parent=489"}],"curies":[{"name":"wp","href":"https:\/\/api.w.org\/{rel}","templated":true}]}}