{"id":7937,"date":"2026-05-08T09:08:41","date_gmt":"2026-05-08T07:08:41","guid":{"rendered":"https:\/\/www.mdw.ac.at\/mdwpress\/?page_id=7937"},"modified":"2026-05-08T09:08:41","modified_gmt":"2026-05-08T07:08:41","slug":"kuratorium","status":"publish","type":"page","link":"https:\/\/www.mdw.ac.at\/mdwpress\/en\/kuratorium\/","title":{"rendered":"Kuratorium"},"content":{"rendered":"<p class=\"qtranxs-available-languages-message qtranxs-available-languages-message-en\">Sorry, this entry is only available in <a href=\"https:\/\/www.mdw.ac.at\/mdwpress\/de\/wp-json\/wp\/v2\/pages\/7937\" class=\"qtranxs-available-language-link qtranxs-available-language-link-de\" title=\"Deutsch\">Deutsch<\/a>.<\/p><hr style=\"border: 0; border-top: 1px solid #ccc;\">\n<p>\nDas wissenschaftliche Kuratorium von mdwPress entscheidet auf Grundlage der eingereichten Publikationsantr\u00e4ge und ihrer formalen Einsch\u00e4tzung durch mdwPress \u00fcber die Aufnahme von Publikationen in das Verlagsprogramm. Dies beinhaltet auch die Entscheidung \u00fcber die Aufnahme von Zeitschriften und Buchreihen. In Bezug auf die Ausrichtung des Verlagsprogramms hat es beratende Funktion.<\/p>\n<p>Die einzelnen Mitglieder des Kuratoriums werden f\u00fcr eine Periode von zwei Jahren bestellt. Mindestens zwei der f\u00fcnf Mitglieder m\u00fcssen von anderen wissenschaftlichen Einrichtungen als der mdw kommen. Die Auswahl der Mitglieder trifft mdwPress auf Grundlage der fachlichen Expertise potenzieller Kandidat_innen. Dabei wird neben der Gender Balance und Diversit\u00e4tskriterien auch auf eine fachlich diverse Zusammensetzung des Kuratoriums geachtet. Kuratoriumsmitglieder m\u00fcssen mindestens die Karrierestufe R3 oder R4 nach dem Modell der Europ\u00e4ischen Kommission erreicht haben.<\/p>\n<p>Kuratoriumssitzungen finden in der Regel dreimal j\u00e4hrlich statt. Entscheidungen f\u00fchrt das Kuratorium konsensorientiert herbei. Ist kein Konsens m\u00f6glich, entscheidet eine einfache Mehrheit. Die Aufbereitung und \u00dcbermittlung der Publikationsantr\u00e4ge sowie die Kommunikation der Kuratoriumsentscheidung an die Antragsteller_innen laufen \u00fcber mdwPress.<\/p>\n<p><strong>Die aktuellen Mitglieder sind:<\/strong><\/p>\n<p>\n<a href=\"https:\/\/www.mdw.ac.at\/ar_center\/de\/anderwald-grond_de\/\" target=\"_blank\">Ruth Anderwald<\/a> <a href=\"https:\/\/orcid.org\/0000-0003-4914-5983\"><img loading=\"lazy\" decoding=\"async\" class=\"alignnone wp-image-600\" src=\"https:\/\/www.mdw.ac.at\/mdwpress\/wordpress\/wp-content\/uploads\/2021\/02\/orcid.png\" alt=\"orcid\" width=\"19\" height=\"19\" \/><\/a><br \/>\nArtistic Research Center, mdw<\/p>\n<p><a href=\"https:\/\/www.ipop.at\/ralf-von-appen\/\">Ralf von Appen<\/a> <a href=\"https:\/\/orcid.org\/0000-0001-8850-5617\"><img loading=\"lazy\" decoding=\"async\" class=\"alignnone wp-image-600\" src=\"https:\/\/www.mdw.ac.at\/mdwpress\/wordpress\/wp-content\/uploads\/2021\/02\/orcid.png\" alt=\"orcid\" width=\"19\" height=\"19\" \/><\/a><br \/>\nInstitut f\u00fcr Popularmusikforschung, mdw<\/p>\n<p><a href=\"https:\/\/ufgonline.ufg.ac.at\/ufg_online\/pl\/ui\/$ctx\/visitenkarte.show_vcard?pPersonenId=3B4B11E2DD6032B2&#038;pPersonenGruppe=3\">Silke Felber<\/a> <a href=\"https:\/\/orcid.org\/0000-0003-1459-608X\"><img loading=\"lazy\" decoding=\"async\" class=\"alignnone wp-image-600\" src=\"https:\/\/www.mdw.ac.at\/mdwpress\/wordpress\/wp-content\/uploads\/2021\/02\/orcid.png\" alt=\"orcid\" width=\"19\" height=\"19\" \/><\/a><br \/>\nInstitut f\u00fcr Bildende Kunst und Kulturwissenschaften, Kunstuniversit\u00e4t Linz<\/p>\n<p><a href=\"https:\/\/www.mdw.ac.at\/imi\/fritz_truempi\/\">Fritz Tr\u00fcmpi<\/a> <a href=\"https:\/\/orcid.org\/0000-0003-3362-0604\"><img loading=\"lazy\" decoding=\"async\" class=\"alignnone wp-image-600\" src=\"https:\/\/www.mdw.ac.at\/mdwpress\/wordpress\/wp-content\/uploads\/2021\/02\/orcid.png\" alt=\"orcid\" width=\"19\" height=\"19\" \/><\/a><br \/>Institut f\u00fcr Musikwissenschaft und Interpretationsforschung, mdw<\/p>\n<p><a href=\"https:\/\/www.oeaw.ac.at\/ikw\/team\/monika-mokre\" target=\"_blank\" rel=\"noopener\">Monika Mokre<\/a><a href=\"https:\/\/orcid.org\/0000-0001-6109-6681\"><img loading=\"lazy\" decoding=\"async\" class=\"alignnone wp-image-600\" src=\"https:\/\/www.mdw.ac.at\/mdwpress\/wordpress\/wp-content\/uploads\/2021\/02\/orcid.png\" alt=\"orcid\" width=\"19\" height=\"19\" \/><\/a><br \/>\nInstitut f\u00fcr Kulturwissenschaften, \u00d6AW<\/p>\n<hr style=\"border: 0; border-top: 1px solid #ccc;\">\n<p><strong>Ehemalige Mitglieder<br \/>\n<\/strong><a href=\"https:\/\/www.mdw.ac.at\/ikm\/annuss\/\">Evelyn Annu\u00df<\/a>, mdw <a href=\"https:\/\/orcid.org\/0000-0001-8401-9013\"><img loading=\"lazy\" decoding=\"async\" class=\"alignnone wp-image-600\" src=\"https:\/\/www.mdw.ac.at\/mdwpress\/wordpress\/wp-content\/uploads\/2021\/02\/orcid.png\" alt=\"orcid\" width=\"19\" height=\"19\" \/><\/a><br \/>\n<a href=\"https:\/\/www.mdw.ac.at\/iwk\/wasilakis\/\">Vasileios Chatziioannou<\/a>, mdw <a href=\"https:\/\/orcid.org\/0000-0002-5410-4724\"><img loading=\"lazy\" decoding=\"async\" class=\"alignnone wp-image-600\" src=\"https:\/\/www.mdw.ac.at\/mdwpress\/wordpress\/wp-content\/uploads\/2021\/02\/orcid.png\" alt=\"orcid\" width=\"19\" height=\"19\" \/><\/a><br \/>\n<a href=\"https:\/\/www.ifk.ac.at\/index.php\/prof-in-dr-in-karin-harrasser.html\">Karin Harrasser<\/a>, Kunstuniversit\u00e4t Linz <a href=\"https:\/\/orcid.org\/0000-0001-5591-9995\"><img loading=\"lazy\" decoding=\"async\" class=\"bdaia-img-show alignnone wp-image-600\" src=\"https:\/\/www.mdw.ac.at\/mdwpress\/wordpress\/wp-content\/uploads\/2021\/02\/orcid.png\" alt=\"orcid\" width=\"19\" height=\"19\" \/><\/a><br \/>\n<a href=\"https:\/\/www.dieangewandte.at\/jart\/prj3\/angewandte-2016\/main.jart?reserve-mode=active&amp;content-id=1458930944469&amp;Pe-Id=8341&amp;rel=de\">Nanna Heidenreich<\/a>, Universit\u00e4t f\u00fcr Angewandte Kunst Wien <a href=\"https:\/\/orcid.org\/0000-0003-0762-8573\"><img loading=\"lazy\" decoding=\"async\" class=\"alignnone wp-image-600\" src=\"https:\/\/www.mdw.ac.at\/mdwpress\/wordpress\/wp-content\/uploads\/2021\/02\/orcid.png\" alt=\"orcid\" width=\"19\" height=\"19\" \/><\/a><br \/>\n<a href=\"https:\/\/www.mdw.ac.at\/imi\/marie_louise_herzfeld-schild\/\" target=\"_blank\" rel=\"noopener\">Marie Louise Herzfeld-Schild<\/a>, mdw <a href=\"https:\/\/orcid.org\/0000-0002-2993-7716\"><img loading=\"lazy\" decoding=\"async\" class=\"alignnone wp-image-600\" src=\"https:\/\/www.mdw.ac.at\/mdwpress\/wordpress\/wp-content\/uploads\/2021\/02\/orcid.png\" alt=\"orcid\" width=\"19\" height=\"19\" \/><\/a><br \/>\n<a href=\"https:\/\/zeitgeschichte.univie.ac.at\/ueber-uns\/wissenschaftliche-mitarbeiterinnen\/oliver-rathkolb\/\">Oliver Rathkolb<\/a>, Universit\u00e4t Wien <a href=\"https:\/\/orcid.org\/0000-0002-8664-9980\"><img loading=\"lazy\" decoding=\"async\" class=\"bdaia-img-show alignnone wp-image-600\" src=\"https:\/\/www.mdw.ac.at\/mdwpress\/wordpress\/wp-content\/uploads\/2021\/02\/orcid.png\" alt=\"orcid\" width=\"19\" height=\"19\" \/><\/a><br \/>\n<a href=\"https:\/\/www.oeaw.ac.at\/ikt\/team\/peter-stachel\">Peter Stachel<\/a>, \u00d6sterreichische Akademie der Wissenschaften<br \/>\n<a href=\"https:\/\/www.oeaw.ac.at\/ikt\/team\/heidemarie-uhl\">Heidemarie Uhl<\/a> (\u2020), \u00d6sterreichische Akademie der Wissenschaften <a href=\"https:\/\/orcid.org\/0000-0003-3805-8956\"><img loading=\"lazy\" decoding=\"async\" class=\"alignnone wp-image-600\" src=\"https:\/\/www.mdw.ac.at\/mdwpress\/wordpress\/wp-content\/uploads\/2021\/02\/orcid.png\" alt=\"orcid\" width=\"19\" height=\"19\" \/><\/a><br \/>\n<a href=\"https:\/\/www.mdw.ac.at\/imi\/melanie_unseld\/\">Melanie Unseld<\/a>, mdw <a href=\"https:\/\/orcid.org\/0000-0003-0969-0549\"><img loading=\"lazy\" decoding=\"async\" class=\"alignnone wp-image-600\" src=\"https:\/\/www.mdw.ac.at\/mdwpress\/wordpress\/wp-content\/uploads\/2021\/02\/orcid.png\" alt=\"orcid\" width=\"19\" height=\"19\" \/><\/a><\/p>","protected":false},"excerpt":{"rendered":"<p>Sorry, this entry is only available in Deutsch. Das wissenschaftliche Kuratorium von mdwPress entscheidet auf Grundlage der eingereichten Publikationsantr\u00e4ge und ihrer formalen Einsch\u00e4tzung durch mdwPress \u00fcber die Aufnahme von Publikationen in das Verlagsprogramm. Dies beinhaltet auch die Entscheidung \u00fcber die Aufnahme von Zeitschriften und Buchreihen. In Bezug auf die Ausrichtung des Verlagsprogramms hat es beratende &hellip;<\/p>\n","protected":false},"author":8,"featured_media":0,"parent":0,"menu_order":0,"comment_status":"closed","ping_status":"closed","template":"","meta":{"inline_featured_image":false,"footnotes":""},"class_list":["post-7937","page","type-page","status-publish","hentry"],"yoast_head":"<!-- This site is optimized with the Yoast SEO plugin v26.9 - https:\/\/yoast.com\/product\/yoast-seo-wordpress\/ -->\n<title>Kuratorium &#8211; mdwPress<\/title>\n<meta name=\"robots\" content=\"index, follow, max-snippet:-1, max-image-preview:large, max-video-preview:-1\" \/>\n<link rel=\"canonical\" href=\"https:\/\/www.mdw.ac.at\/mdwpress\/kuratorium\/\" \/>\n<meta property=\"og:locale\" content=\"en_US\" \/>\n<meta property=\"og:type\" content=\"article\" \/>\n<meta property=\"og:title\" content=\"Kuratorium &#8211; mdwPress\" \/>\n<meta property=\"og:description\" content=\"Sorry, this entry is only available in Deutsch. Das wissenschaftliche Kuratorium von mdwPress entscheidet auf Grundlage der eingereichten Publikationsantr\u00e4ge und ihrer formalen Einsch\u00e4tzung durch mdwPress \u00fcber die Aufnahme von Publikationen in das Verlagsprogramm. Dies beinhaltet auch die Entscheidung \u00fcber die Aufnahme von Zeitschriften und Buchreihen. In Bezug auf die Ausrichtung des Verlagsprogramms hat es beratende &hellip;\" \/>\n<meta property=\"og:url\" content=\"https:\/\/www.mdw.ac.at\/mdwpress\/kuratorium\/\" \/>\n<meta property=\"og:site_name\" content=\"mdwPress\" \/>\n<meta property=\"og:image\" content=\"https:\/\/www.mdw.ac.at\/mdwpress\/wp-content\/uploads\/2021\/02\/orcid.png\" \/>\n\t<meta property=\"og:image:width\" content=\"64\" \/>\n\t<meta property=\"og:image:height\" content=\"64\" \/>\n\t<meta property=\"og:image:type\" content=\"image\/png\" \/>\n<meta name=\"twitter:card\" content=\"summary_large_image\" \/>\n<meta name=\"twitter:label1\" content=\"Est. reading time\" \/>\n\t<meta name=\"twitter:data1\" content=\"1 minute\" \/>\n<script type=\"application\/ld+json\" class=\"yoast-schema-graph\">{\"@context\":\"https:\/\/schema.org\",\"@graph\":[{\"@type\":\"WebPage\",\"@id\":\"https:\/\/www.mdw.ac.at\/mdwpress\/kuratorium\/\",\"url\":\"https:\/\/www.mdw.ac.at\/mdwpress\/kuratorium\/\",\"name\":\"Kuratorium &#8211; mdwPress\",\"isPartOf\":{\"@id\":\"https:\/\/www.mdw.ac.at\/mdwpress\/en\/#website\"},\"primaryImageOfPage\":{\"@id\":\"https:\/\/www.mdw.ac.at\/mdwpress\/kuratorium\/#primaryimage\"},\"image\":{\"@id\":\"https:\/\/www.mdw.ac.at\/mdwpress\/kuratorium\/#primaryimage\"},\"thumbnailUrl\":\"https:\/\/www.mdw.ac.at\/mdwpress\/wordpress\/wp-content\/uploads\/2021\/02\/orcid.png\",\"datePublished\":\"2026-05-08T07:08:41+00:00\",\"breadcrumb\":{\"@id\":\"https:\/\/www.mdw.ac.at\/mdwpress\/kuratorium\/#breadcrumb\"},\"inLanguage\":\"en-US\",\"potentialAction\":[{\"@type\":\"ReadAction\",\"target\":[\"https:\/\/www.mdw.ac.at\/mdwpress\/kuratorium\/\"]}]},{\"@type\":\"ImageObject\",\"inLanguage\":\"en-US\",\"@id\":\"https:\/\/www.mdw.ac.at\/mdwpress\/kuratorium\/#primaryimage\",\"url\":\"https:\/\/www.mdw.ac.at\/mdwpress\/wordpress\/wp-content\/uploads\/2021\/02\/orcid.png\",\"contentUrl\":\"https:\/\/www.mdw.ac.at\/mdwpress\/wordpress\/wp-content\/uploads\/2021\/02\/orcid.png\"},{\"@type\":\"BreadcrumbList\",\"@id\":\"https:\/\/www.mdw.ac.at\/mdwpress\/kuratorium\/#breadcrumb\",\"itemListElement\":[{\"@type\":\"ListItem\",\"position\":1,\"name\":\"Startseite\",\"item\":\"https:\/\/www.mdw.ac.at\/mdwpress\/en\/\"},{\"@type\":\"ListItem\",\"position\":2,\"name\":\"Kuratorium\"}]},{\"@type\":\"WebSite\",\"@id\":\"https:\/\/www.mdw.ac.at\/mdwpress\/en\/#website\",\"url\":\"https:\/\/www.mdw.ac.at\/mdwpress\/en\/\",\"name\":\"mdwPress\",\"description\":\"The Open Access University Press at the mdw\",\"publisher\":{\"@id\":\"https:\/\/www.mdw.ac.at\/mdwpress\/en\/#organization\"},\"potentialAction\":[{\"@type\":\"SearchAction\",\"target\":{\"@type\":\"EntryPoint\",\"urlTemplate\":\"https:\/\/www.mdw.ac.at\/mdwpress\/en\/?s={search_term_string}\"},\"query-input\":{\"@type\":\"PropertyValueSpecification\",\"valueRequired\":true,\"valueName\":\"search_term_string\"}}],\"inLanguage\":\"en-US\"},{\"@type\":\"Organization\",\"@id\":\"https:\/\/www.mdw.ac.at\/mdwpress\/en\/#organization\",\"name\":\"mdwPress\",\"url\":\"https:\/\/www.mdw.ac.at\/mdwpress\/en\/\",\"logo\":{\"@type\":\"ImageObject\",\"inLanguage\":\"en-US\",\"@id\":\"https:\/\/www.mdw.ac.at\/mdwpress\/en\/#\/schema\/logo\/image\/\",\"url\":\"https:\/\/www.mdw.ac.at\/mdwpress\/wordpress\/wp-content\/uploads\/2021\/02\/mdwpress-logo-schwarz.svg\",\"contentUrl\":\"https:\/\/www.mdw.ac.at\/mdwpress\/wordpress\/wp-content\/uploads\/2021\/02\/mdwpress-logo-schwarz.svg\",\"width\":\"1024\",\"height\":\"1024\",\"caption\":\"mdwPress\"},\"image\":{\"@id\":\"https:\/\/www.mdw.ac.at\/mdwpress\/en\/#\/schema\/logo\/image\/\"}}]}<\/script>\n<!-- \/ Yoast SEO plugin. -->","yoast_head_json":{"title":"Kuratorium &#8211; mdwPress","robots":{"index":"index","follow":"follow","max-snippet":"max-snippet:-1","max-image-preview":"max-image-preview:large","max-video-preview":"max-video-preview:-1"},"canonical":"https:\/\/www.mdw.ac.at\/mdwpress\/kuratorium\/","og_locale":"en_US","og_type":"article","og_title":"Kuratorium &#8211; mdwPress","og_description":"Sorry, this entry is only available in Deutsch. Das wissenschaftliche Kuratorium von mdwPress entscheidet auf Grundlage der eingereichten Publikationsantr\u00e4ge und ihrer formalen Einsch\u00e4tzung durch mdwPress \u00fcber die Aufnahme von Publikationen in das Verlagsprogramm. Dies beinhaltet auch die Entscheidung \u00fcber die Aufnahme von Zeitschriften und Buchreihen. In Bezug auf die Ausrichtung des Verlagsprogramms hat es beratende &hellip;","og_url":"https:\/\/www.mdw.ac.at\/mdwpress\/kuratorium\/","og_site_name":"mdwPress","og_image":[{"width":64,"height":64,"url":"https:\/\/www.mdw.ac.at\/mdwpress\/wp-content\/uploads\/2021\/02\/orcid.png","type":"image\/png"}],"twitter_card":"summary_large_image","twitter_misc":{"Est. reading time":"1 minute"},"schema":{"@context":"https:\/\/schema.org","@graph":[{"@type":"WebPage","@id":"https:\/\/www.mdw.ac.at\/mdwpress\/kuratorium\/","url":"https:\/\/www.mdw.ac.at\/mdwpress\/kuratorium\/","name":"Kuratorium &#8211; mdwPress","isPartOf":{"@id":"https:\/\/www.mdw.ac.at\/mdwpress\/en\/#website"},"primaryImageOfPage":{"@id":"https:\/\/www.mdw.ac.at\/mdwpress\/kuratorium\/#primaryimage"},"image":{"@id":"https:\/\/www.mdw.ac.at\/mdwpress\/kuratorium\/#primaryimage"},"thumbnailUrl":"https:\/\/www.mdw.ac.at\/mdwpress\/wordpress\/wp-content\/uploads\/2021\/02\/orcid.png","datePublished":"2026-05-08T07:08:41+00:00","breadcrumb":{"@id":"https:\/\/www.mdw.ac.at\/mdwpress\/kuratorium\/#breadcrumb"},"inLanguage":"en-US","potentialAction":[{"@type":"ReadAction","target":["https:\/\/www.mdw.ac.at\/mdwpress\/kuratorium\/"]}]},{"@type":"ImageObject","inLanguage":"en-US","@id":"https:\/\/www.mdw.ac.at\/mdwpress\/kuratorium\/#primaryimage","url":"https:\/\/www.mdw.ac.at\/mdwpress\/wordpress\/wp-content\/uploads\/2021\/02\/orcid.png","contentUrl":"https:\/\/www.mdw.ac.at\/mdwpress\/wordpress\/wp-content\/uploads\/2021\/02\/orcid.png"},{"@type":"BreadcrumbList","@id":"https:\/\/www.mdw.ac.at\/mdwpress\/kuratorium\/#breadcrumb","itemListElement":[{"@type":"ListItem","position":1,"name":"Startseite","item":"https:\/\/www.mdw.ac.at\/mdwpress\/en\/"},{"@type":"ListItem","position":2,"name":"Kuratorium"}]},{"@type":"WebSite","@id":"https:\/\/www.mdw.ac.at\/mdwpress\/en\/#website","url":"https:\/\/www.mdw.ac.at\/mdwpress\/en\/","name":"mdwPress","description":"The Open Access University Press at the mdw","publisher":{"@id":"https:\/\/www.mdw.ac.at\/mdwpress\/en\/#organization"},"potentialAction":[{"@type":"SearchAction","target":{"@type":"EntryPoint","urlTemplate":"https:\/\/www.mdw.ac.at\/mdwpress\/en\/?s={search_term_string}"},"query-input":{"@type":"PropertyValueSpecification","valueRequired":true,"valueName":"search_term_string"}}],"inLanguage":"en-US"},{"@type":"Organization","@id":"https:\/\/www.mdw.ac.at\/mdwpress\/en\/#organization","name":"mdwPress","url":"https:\/\/www.mdw.ac.at\/mdwpress\/en\/","logo":{"@type":"ImageObject","inLanguage":"en-US","@id":"https:\/\/www.mdw.ac.at\/mdwpress\/en\/#\/schema\/logo\/image\/","url":"https:\/\/www.mdw.ac.at\/mdwpress\/wordpress\/wp-content\/uploads\/2021\/02\/mdwpress-logo-schwarz.svg","contentUrl":"https:\/\/www.mdw.ac.at\/mdwpress\/wordpress\/wp-content\/uploads\/2021\/02\/mdwpress-logo-schwarz.svg","width":"1024","height":"1024","caption":"mdwPress"},"image":{"@id":"https:\/\/www.mdw.ac.at\/mdwpress\/en\/#\/schema\/logo\/image\/"}}]}},"_links":{"self":[{"href":"https:\/\/www.mdw.ac.at\/mdwpress\/en\/wp-json\/wp\/v2\/pages\/7937","targetHints":{"allow":["GET"]}}],"collection":[{"href":"https:\/\/www.mdw.ac.at\/mdwpress\/en\/wp-json\/wp\/v2\/pages"}],"about":[{"href":"https:\/\/www.mdw.ac.at\/mdwpress\/en\/wp-json\/wp\/v2\/types\/page"}],"author":[{"embeddable":true,"href":"https:\/\/www.mdw.ac.at\/mdwpress\/en\/wp-json\/wp\/v2\/users\/8"}],"replies":[{"embeddable":true,"href":"https:\/\/www.mdw.ac.at\/mdwpress\/en\/wp-json\/wp\/v2\/comments?post=7937"}],"version-history":[{"count":9,"href":"https:\/\/www.mdw.ac.at\/mdwpress\/en\/wp-json\/wp\/v2\/pages\/7937\/revisions"}],"predecessor-version":[{"id":8143,"href":"https:\/\/www.mdw.ac.at\/mdwpress\/en\/wp-json\/wp\/v2\/pages\/7937\/revisions\/8143"}],"wp:attachment":[{"href":"https:\/\/www.mdw.ac.at\/mdwpress\/en\/wp-json\/wp\/v2\/media?parent=7937"}],"curies":[{"name":"wp","href":"https:\/\/api.w.org\/{rel}","templated":true}]}}