{"id":7852,"date":"2026-05-08T09:06:22","date_gmt":"2026-05-08T07:06:22","guid":{"rendered":"https:\/\/www.mdw.ac.at\/mdwpress\/?page_id=7852"},"modified":"2026-05-08T09:06:22","modified_gmt":"2026-05-08T07:06:22","slug":"kooperationen-und-mitgliedschaften","status":"publish","type":"page","link":"https:\/\/www.mdw.ac.at\/mdwpress\/en\/kooperationen-und-mitgliedschaften\/","title":{"rendered":"Kooperationen und Mitgliedschaften"},"content":{"rendered":"<p class=\"qtranxs-available-languages-message qtranxs-available-languages-message-en\">Sorry, this entry is only available in <a href=\"https:\/\/www.mdw.ac.at\/mdwpress\/de\/wp-json\/wp\/v2\/pages\/7852\" class=\"qtranxs-available-language-link qtranxs-available-language-link-de\" title=\"Deutsch\">Deutsch<\/a>.<\/p><table border=\"0\" width=\"100%\">\n<tr>\n<td width=\"35%\"  valign=\"middle\" align=\"center\"\">\n      <a href=\"https:\/\/www.musiconn.de\/servicemenue\/ueber-uns\"><img decoding=\"async\" src=\"https:\/\/www.mdw.ac.at\/mdwpress\/wp-content\/uploads\/musiconn.png\" alt=\"musiconn Logo\"><\/a>\n    <\/td>\n<td width=\"65%\" valign=\"middle\">\n<p>\u00dcber musiconn, den Fachinformationsdienst (FID) Musikwissenschaft, k\u00f6nnen wir f\u00fcr unsere Zeitschriften kostenfrei die Publikationsplattform <a href=\"https:\/\/ojs-de.net\/ueber-ojs\">Open Journal Systems<\/a> (OJS) bereitstellen, die von der <a href=\"https:\/\/musiconn.qucosa.de\/zeitschriften\/\">SLUB Dresden<\/a> gehostet wird. Dies erm\u00f6glicht auch eine zus\u00e4tzlich Langzeitarchivierung der Zeitschriftenartikel im <a href=\"https:\/\/slubarchiv.slub-dresden.de\/\">Repository der SLUB<\/a> (PDF) und der <a href=\"https:\/\/www.babs-muenchen.de\/\">Bayerischen Staatsbibliothek<\/a> (HTML).<br \/>\nWir danken den Kolleginnen und Kollegen an dieser Stelle sehr herzlich f\u00fcr ihr Unterst\u00fctzung!<\/p>\n<\/td>\n<\/tr>\n<tr>\n<td width=\"35%\"  valign=\"middle\" align=\"center\"\">\n      <a href=\"https:\/\/www.transcript-verlag.de\/mdwpress\/\"><img decoding=\"async\" src=\"https:\/\/www.mdw.ac.at\/mdwpress\/wp-content\/uploads\/transcript_iap_schwarz.png\" alt=\"transcript Logo\"><\/a>\n    <\/td>\n<td width=\"65%\" valign=\"middle\">\n<p>Durch unsere Kooperation mit transcript k\u00f6nnen wir zus\u00e4tzlich zu den digitalen Open-Access-Ausgaben der B\u00fccher auch qualitativ hochwertige Print-Ausgaben mit professionellem Vertrieb \u00fcber den Buchhandel anbieten.<br \/>\nUnsere Autor_innen k\u00f6nnen selbst dar\u00fcber entscheiden, ob Sie diese finanzierungsbed\u00fcrftige Option nutzen m\u00f6chten. transcript fungiert dann als Dienstleister und hat keinen Einfluss auf die Gestaltung des Verlagsprogramms von mdwPress.<\/p>\n<\/td>\n<\/tr>\n<tr>\n<td width=\"35%\"  valign=\"middle\" align=\"center\"\">\n      <a href=\"https:\/\/ag-univerlage.de\/?page_id=1062\"><img decoding=\"async\" src=\"https:\/\/www.mdw.ac.at\/mdwpress\/wp-content\/uploads\/AG-Logo_Schriftzug.png\" alt=\"Univerlage Logo\"><\/a>\n    <\/td>\n<td width=\"65%\" valign=\"middle\">\n<p>Die AG Universit\u00e4tsverlage verbindet seit 2004 zahlreiche Verlage aus Deutschland, \u00d6sterreich, der Schweiz und S\u00fcdtirol. Ziel der AG Universit\u00e4tsverlage ist es, die Verlage bei der Vertretung ihrer Interessen nach au\u00dfen zu unterst\u00fctzen und den Erfahrungsaustausch zu f\u00f6rdern. Die in der AG zusammengeschlossenen Verlage ver\u00f6ffentlichen vorrangig wissenschaftliche Publikationen der eigenen Einrichtungen.<br \/>\nBeim Vertrieb von traditionellen B\u00fcchern ist unser Ziel, hohe Qualit\u00e4t zu fairen Preisen anzubieten. Neben Printprodukten publizieren Universit\u00e4tsverlage auch Online-Ausgaben ihrer Ver\u00f6ffentlichungen und unterst\u00fctzen so das Prinzip des &#8220;Open Access&#8221;.<\/p>\n<\/tr>\n<tr>\n<td width=\"35%\"  valign=\"middle\" align=\"center\"\">\n      <a href=\"https:\/\/www.aeup.eu\/\"><img decoding=\"async\" src=\"https:\/\/www.mdw.ac.at\/mdwpress\/wp-content\/uploads\/Banner_Member_AEUP_570x141.gif\" alt=\"AEUP Logo\"><\/a>\n    <\/td>\n<td width=\"65%\" valign=\"middle\">\n<p>The Association of European University Presses is an organisation of and for university presses across Europe to help them build stronger relationships between them, to co-operate and share knowledge in order to reach common goals and to jointly address important issues in a currently dynamic time in publishing.<br \/>\nThe association provides networking opportunities for its members, organises conferences and webinars, offers access to a common catalog on ScienceOpen and enables its members to be actively involved in the transformation of scientific communication and publishing in Europe.<\/p>\n<\/tr>\n<tr>\n<td width=\"35%\"  valign=\"middle\" align=\"center\"\">\n      <a href=\"https:\/\/www.oapen.org\/oapen\/1891940-organisation\"><img decoding=\"async\" src=\"https:\/\/www.mdw.ac.at\/mdwpress\/wp-content\/uploads\/oapen-logo_banner.jpg\" alt=\"OAPEN Logo\"><\/a>\n    <\/td>\n<td width=\"65%\" valign=\"middle\">\n<p>The OAPEN Foundation (OAPEN) is an independent, not-for-profit Dutch foundation registered at the National Library in The Hague. Dedicated to supporting open access (OA), peer reviewed scholarly books, we manage three key infrastructures: The <a href=\"https:\/\/library.oapen.org\/\">OAPEN Library<\/a>: A global digital library for hosting and disseminating scholarly OA books, free to use, no registration required. The <a href=\"https:\/\/doabooks.org\/en\/doab\/purpose-of-doab\">Directory of Open Access Books<\/a> (DOAB): A free global discovery service developed in partnership with OpenEdition to index peer-reviewed OA books. And the <a href=\"https:\/\/oabooks-toolkit.org\/\">OAPEN Open Access Books Toolkit<\/a>: A free resource intended to help authors to better understand open access book publishing and to increase trust in open access books.<\/p>\n<\/tr>\n<\/table>","protected":false},"excerpt":{"rendered":"<p>Sorry, this entry is only available in Deutsch. Durch unsere Kooperation mit transcript k\u00f6nnen wir zus\u00e4tzlich zu den digitalen Open-Access-Ausgaben der B\u00fccher auch qualitativ hochwertige Print-Ausgaben mit professionellem Vertrieb \u00fcber den Buchhandel anbieten. Unsere Autor_innen k\u00f6nnen selbst dar\u00fcber entscheiden, ob Sie diese finanzierungsbed\u00fcrftige Option nutzen m\u00f6chten. transcript fungiert dann als Dienstleister und hat keinen Einfluss &hellip;<\/p>\n","protected":false},"author":8,"featured_media":0,"parent":0,"menu_order":0,"comment_status":"closed","ping_status":"closed","template":"","meta":{"inline_featured_image":false,"footnotes":""},"class_list":["post-7852","page","type-page","status-publish","hentry"],"yoast_head":"<!-- This site is optimized with the Yoast SEO plugin v26.9 - https:\/\/yoast.com\/product\/yoast-seo-wordpress\/ -->\n<title>Kooperationen und Mitgliedschaften &#8211; mdwPress<\/title>\n<meta name=\"robots\" content=\"index, follow, max-snippet:-1, max-image-preview:large, max-video-preview:-1\" \/>\n<link rel=\"canonical\" href=\"https:\/\/www.mdw.ac.at\/mdwpress\/kooperationen-und-mitgliedschaften\/\" \/>\n<meta property=\"og:locale\" content=\"en_US\" \/>\n<meta property=\"og:type\" content=\"article\" \/>\n<meta property=\"og:title\" content=\"Kooperationen und Mitgliedschaften &#8211; mdwPress\" \/>\n<meta property=\"og:description\" content=\"Sorry, this entry is only available in Deutsch. Durch unsere Kooperation mit transcript k\u00f6nnen wir zus\u00e4tzlich zu den digitalen Open-Access-Ausgaben der B\u00fccher auch qualitativ hochwertige Print-Ausgaben mit professionellem Vertrieb \u00fcber den Buchhandel anbieten. Unsere Autor_innen k\u00f6nnen selbst dar\u00fcber entscheiden, ob Sie diese finanzierungsbed\u00fcrftige Option nutzen m\u00f6chten. transcript fungiert dann als Dienstleister und hat keinen Einfluss &hellip;\" \/>\n<meta property=\"og:url\" content=\"https:\/\/www.mdw.ac.at\/mdwpress\/kooperationen-und-mitgliedschaften\/\" \/>\n<meta property=\"og:site_name\" content=\"mdwPress\" \/>\n<meta property=\"og:image\" content=\"https:\/\/www.mdw.ac.at\/mdwpress\/wp-content\/uploads\/musiconn.png\" \/>\n<meta name=\"twitter:card\" content=\"summary_large_image\" \/>\n<meta name=\"twitter:label1\" content=\"Est. reading time\" \/>\n\t<meta name=\"twitter:data1\" content=\"1 minute\" \/>\n<script type=\"application\/ld+json\" class=\"yoast-schema-graph\">{\"@context\":\"https:\/\/schema.org\",\"@graph\":[{\"@type\":\"WebPage\",\"@id\":\"https:\/\/www.mdw.ac.at\/mdwpress\/kooperationen-und-mitgliedschaften\/\",\"url\":\"https:\/\/www.mdw.ac.at\/mdwpress\/kooperationen-und-mitgliedschaften\/\",\"name\":\"Kooperationen und Mitgliedschaften &#8211; mdwPress\",\"isPartOf\":{\"@id\":\"https:\/\/www.mdw.ac.at\/mdwpress\/en\/#website\"},\"primaryImageOfPage\":{\"@id\":\"https:\/\/www.mdw.ac.at\/mdwpress\/kooperationen-und-mitgliedschaften\/#primaryimage\"},\"image\":{\"@id\":\"https:\/\/www.mdw.ac.at\/mdwpress\/kooperationen-und-mitgliedschaften\/#primaryimage\"},\"thumbnailUrl\":\"https:\/\/www.mdw.ac.at\/mdwpress\/wp-content\/uploads\/musiconn.png\",\"datePublished\":\"2026-05-08T07:06:22+00:00\",\"breadcrumb\":{\"@id\":\"https:\/\/www.mdw.ac.at\/mdwpress\/kooperationen-und-mitgliedschaften\/#breadcrumb\"},\"inLanguage\":\"en-US\",\"potentialAction\":[{\"@type\":\"ReadAction\",\"target\":[\"https:\/\/www.mdw.ac.at\/mdwpress\/kooperationen-und-mitgliedschaften\/\"]}]},{\"@type\":\"ImageObject\",\"inLanguage\":\"en-US\",\"@id\":\"https:\/\/www.mdw.ac.at\/mdwpress\/kooperationen-und-mitgliedschaften\/#primaryimage\",\"url\":\"https:\/\/www.mdw.ac.at\/mdwpress\/wp-content\/uploads\/musiconn.png\",\"contentUrl\":\"https:\/\/www.mdw.ac.at\/mdwpress\/wp-content\/uploads\/musiconn.png\"},{\"@type\":\"BreadcrumbList\",\"@id\":\"https:\/\/www.mdw.ac.at\/mdwpress\/kooperationen-und-mitgliedschaften\/#breadcrumb\",\"itemListElement\":[{\"@type\":\"ListItem\",\"position\":1,\"name\":\"Startseite\",\"item\":\"https:\/\/www.mdw.ac.at\/mdwpress\/en\/\"},{\"@type\":\"ListItem\",\"position\":2,\"name\":\"Kooperationen und Mitgliedschaften\"}]},{\"@type\":\"WebSite\",\"@id\":\"https:\/\/www.mdw.ac.at\/mdwpress\/en\/#website\",\"url\":\"https:\/\/www.mdw.ac.at\/mdwpress\/en\/\",\"name\":\"mdwPress\",\"description\":\"The Open Access University Press at the mdw\",\"publisher\":{\"@id\":\"https:\/\/www.mdw.ac.at\/mdwpress\/en\/#organization\"},\"potentialAction\":[{\"@type\":\"SearchAction\",\"target\":{\"@type\":\"EntryPoint\",\"urlTemplate\":\"https:\/\/www.mdw.ac.at\/mdwpress\/en\/?s={search_term_string}\"},\"query-input\":{\"@type\":\"PropertyValueSpecification\",\"valueRequired\":true,\"valueName\":\"search_term_string\"}}],\"inLanguage\":\"en-US\"},{\"@type\":\"Organization\",\"@id\":\"https:\/\/www.mdw.ac.at\/mdwpress\/en\/#organization\",\"name\":\"mdwPress\",\"url\":\"https:\/\/www.mdw.ac.at\/mdwpress\/en\/\",\"logo\":{\"@type\":\"ImageObject\",\"inLanguage\":\"en-US\",\"@id\":\"https:\/\/www.mdw.ac.at\/mdwpress\/en\/#\/schema\/logo\/image\/\",\"url\":\"https:\/\/www.mdw.ac.at\/mdwpress\/wordpress\/wp-content\/uploads\/2021\/02\/mdwpress-logo-schwarz.svg\",\"contentUrl\":\"https:\/\/www.mdw.ac.at\/mdwpress\/wordpress\/wp-content\/uploads\/2021\/02\/mdwpress-logo-schwarz.svg\",\"width\":\"1024\",\"height\":\"1024\",\"caption\":\"mdwPress\"},\"image\":{\"@id\":\"https:\/\/www.mdw.ac.at\/mdwpress\/en\/#\/schema\/logo\/image\/\"}}]}<\/script>\n<!-- \/ Yoast SEO plugin. -->","yoast_head_json":{"title":"Kooperationen und Mitgliedschaften &#8211; mdwPress","robots":{"index":"index","follow":"follow","max-snippet":"max-snippet:-1","max-image-preview":"max-image-preview:large","max-video-preview":"max-video-preview:-1"},"canonical":"https:\/\/www.mdw.ac.at\/mdwpress\/kooperationen-und-mitgliedschaften\/","og_locale":"en_US","og_type":"article","og_title":"Kooperationen und Mitgliedschaften &#8211; mdwPress","og_description":"Sorry, this entry is only available in Deutsch. Durch unsere Kooperation mit transcript k\u00f6nnen wir zus\u00e4tzlich zu den digitalen Open-Access-Ausgaben der B\u00fccher auch qualitativ hochwertige Print-Ausgaben mit professionellem Vertrieb \u00fcber den Buchhandel anbieten. Unsere Autor_innen k\u00f6nnen selbst dar\u00fcber entscheiden, ob Sie diese finanzierungsbed\u00fcrftige Option nutzen m\u00f6chten. transcript fungiert dann als Dienstleister und hat keinen Einfluss &hellip;","og_url":"https:\/\/www.mdw.ac.at\/mdwpress\/kooperationen-und-mitgliedschaften\/","og_site_name":"mdwPress","og_image":[{"url":"https:\/\/www.mdw.ac.at\/mdwpress\/wp-content\/uploads\/musiconn.png","type":"","width":"","height":""}],"twitter_card":"summary_large_image","twitter_misc":{"Est. reading time":"1 minute"},"schema":{"@context":"https:\/\/schema.org","@graph":[{"@type":"WebPage","@id":"https:\/\/www.mdw.ac.at\/mdwpress\/kooperationen-und-mitgliedschaften\/","url":"https:\/\/www.mdw.ac.at\/mdwpress\/kooperationen-und-mitgliedschaften\/","name":"Kooperationen und Mitgliedschaften &#8211; mdwPress","isPartOf":{"@id":"https:\/\/www.mdw.ac.at\/mdwpress\/en\/#website"},"primaryImageOfPage":{"@id":"https:\/\/www.mdw.ac.at\/mdwpress\/kooperationen-und-mitgliedschaften\/#primaryimage"},"image":{"@id":"https:\/\/www.mdw.ac.at\/mdwpress\/kooperationen-und-mitgliedschaften\/#primaryimage"},"thumbnailUrl":"https:\/\/www.mdw.ac.at\/mdwpress\/wp-content\/uploads\/musiconn.png","datePublished":"2026-05-08T07:06:22+00:00","breadcrumb":{"@id":"https:\/\/www.mdw.ac.at\/mdwpress\/kooperationen-und-mitgliedschaften\/#breadcrumb"},"inLanguage":"en-US","potentialAction":[{"@type":"ReadAction","target":["https:\/\/www.mdw.ac.at\/mdwpress\/kooperationen-und-mitgliedschaften\/"]}]},{"@type":"ImageObject","inLanguage":"en-US","@id":"https:\/\/www.mdw.ac.at\/mdwpress\/kooperationen-und-mitgliedschaften\/#primaryimage","url":"https:\/\/www.mdw.ac.at\/mdwpress\/wp-content\/uploads\/musiconn.png","contentUrl":"https:\/\/www.mdw.ac.at\/mdwpress\/wp-content\/uploads\/musiconn.png"},{"@type":"BreadcrumbList","@id":"https:\/\/www.mdw.ac.at\/mdwpress\/kooperationen-und-mitgliedschaften\/#breadcrumb","itemListElement":[{"@type":"ListItem","position":1,"name":"Startseite","item":"https:\/\/www.mdw.ac.at\/mdwpress\/en\/"},{"@type":"ListItem","position":2,"name":"Kooperationen und Mitgliedschaften"}]},{"@type":"WebSite","@id":"https:\/\/www.mdw.ac.at\/mdwpress\/en\/#website","url":"https:\/\/www.mdw.ac.at\/mdwpress\/en\/","name":"mdwPress","description":"The Open Access University Press at the mdw","publisher":{"@id":"https:\/\/www.mdw.ac.at\/mdwpress\/en\/#organization"},"potentialAction":[{"@type":"SearchAction","target":{"@type":"EntryPoint","urlTemplate":"https:\/\/www.mdw.ac.at\/mdwpress\/en\/?s={search_term_string}"},"query-input":{"@type":"PropertyValueSpecification","valueRequired":true,"valueName":"search_term_string"}}],"inLanguage":"en-US"},{"@type":"Organization","@id":"https:\/\/www.mdw.ac.at\/mdwpress\/en\/#organization","name":"mdwPress","url":"https:\/\/www.mdw.ac.at\/mdwpress\/en\/","logo":{"@type":"ImageObject","inLanguage":"en-US","@id":"https:\/\/www.mdw.ac.at\/mdwpress\/en\/#\/schema\/logo\/image\/","url":"https:\/\/www.mdw.ac.at\/mdwpress\/wordpress\/wp-content\/uploads\/2021\/02\/mdwpress-logo-schwarz.svg","contentUrl":"https:\/\/www.mdw.ac.at\/mdwpress\/wordpress\/wp-content\/uploads\/2021\/02\/mdwpress-logo-schwarz.svg","width":"1024","height":"1024","caption":"mdwPress"},"image":{"@id":"https:\/\/www.mdw.ac.at\/mdwpress\/en\/#\/schema\/logo\/image\/"}}]}},"_links":{"self":[{"href":"https:\/\/www.mdw.ac.at\/mdwpress\/en\/wp-json\/wp\/v2\/pages\/7852","targetHints":{"allow":["GET"]}}],"collection":[{"href":"https:\/\/www.mdw.ac.at\/mdwpress\/en\/wp-json\/wp\/v2\/pages"}],"about":[{"href":"https:\/\/www.mdw.ac.at\/mdwpress\/en\/wp-json\/wp\/v2\/types\/page"}],"author":[{"embeddable":true,"href":"https:\/\/www.mdw.ac.at\/mdwpress\/en\/wp-json\/wp\/v2\/users\/8"}],"replies":[{"embeddable":true,"href":"https:\/\/www.mdw.ac.at\/mdwpress\/en\/wp-json\/wp\/v2\/comments?post=7852"}],"version-history":[{"count":39,"href":"https:\/\/www.mdw.ac.at\/mdwpress\/en\/wp-json\/wp\/v2\/pages\/7852\/revisions"}],"predecessor-version":[{"id":8142,"href":"https:\/\/www.mdw.ac.at\/mdwpress\/en\/wp-json\/wp\/v2\/pages\/7852\/revisions\/8142"}],"wp:attachment":[{"href":"https:\/\/www.mdw.ac.at\/mdwpress\/en\/wp-json\/wp\/v2\/media?parent=7852"}],"curies":[{"name":"wp","href":"https:\/\/api.w.org\/{rel}","templated":true}]}}