{"id":6040,"date":"2026-03-17T10:43:36","date_gmt":"2026-03-17T09:43:36","guid":{"rendered":"https:\/\/www.mdw.ac.at\/mdwpress\/?page_id=6040"},"modified":"2026-05-12T09:29:22","modified_gmt":"2026-05-12T07:29:22","slug":"zeitschriften","status":"publish","type":"page","link":"https:\/\/www.mdw.ac.at\/mdwpress\/en\/publikationen\/zeitschriften\/","title":{"rendered":"Zeitschriften"},"content":{"rendered":"<div class=\"one_third\"><a href=\"https:\/\/bem.publia.org\/bem\/index\"><img loading=\"lazy\" decoding=\"async\" class=\"alignleft wp-image-1958\" src=\"https:\/\/www.mdw.ac.at\/mdwpress\/wordpress\/wp-content\/uploads\/2023\/06\/thmbn-1.png\" alt=\"journal cover of recent issue\" width=\"350\" height=\"532\" \/> <\/a><\/div>\n<div class=\"two_third last\">\n<h2>Bulletin of empirical music education Research (b:em)<\/h2>\n<p>&nbsp;<br \/>\n<span class='bdaia-btns bdaia-btn-medium' style=\"background:#c90073 !important;color:#ffffff !important;\"><a href=\"https:\/\/bem.journals.qucosa.de\/bem\" target=\"_blank\" rel=\"nofollow\" style=\"color:#ffffff !important;\">b:em WEBSITE<\/a><\/span>\n&nbsp;<\/p>\n<p style=\"text-align: justify;\">The <a href=\"https:\/\/www.b-em.info\/\" target=\"_blank\" rel=\"noopener\"><em>Bulletin of empirical music education Research<\/em><\/a> (b:em) offers an international platform for the publication of high-quality empirical studies, meta-studies and methodological reflections from the entire field of music education research. The international open access journal with double-blind peer review is free of charge for both authors and readers. The journal presents and discusses findings and analyses of music education research in schools and classrooms as well as contributions dedicated to non-formal or informal music-making and teaching\/learning contexts. Submissions from related disciplines are also welcome, provided their relevance to music education is clear.<br \/>\nAnother focus is on articles with a methodological or methodological emphasis. They are a valuable contribution to the further development of empirical music education. In addition, each issue contains reviews and conference reports with the aim of promoting internal and international dialog and supporting academic communication. This is particularly important to us in continental Europe.<\/p>\n<p>\nISSN: 2190-3174<br \/>\n<br \/>\nContact: <a href=\"mailto:redaktion@b-em.info\">Valerie Krupp<\/a><br \/>\n<\/div><div class=\"clear-fix\"><\/div>\n<\/p>\n<hr>\n<div class=\"one_third\"><a href=\"https:\/\/ijmm.world\/\"><img loading=\"lazy\" decoding=\"async\" class=\"alignleft wp-image-1958\" src=\"https:\/\/www.mdw.ac.at\/mdwpress\/wordpress\/wp-content\/uploads\/2023\/06\/ijmm_thmbn.png\" alt=\"journal cover of volume 1\" width=\"350\" height=\"532\" \/> <\/a> <\/div>\n<div class=\"two_third last\">\n<h2>International Journal of Music Mediation (IJMM)<\/h2>\n<p>&nbsp;<br \/>\n<span class='bdaia-btns bdaia-btn-medium' style=\"background:#4084c5 !important;color:#ffffff !important;\"><a href=\"https:\/\/ijmm.world\/\" target=\"_blank\" rel=\"nofollow\" style=\"color:#ffffff !important;\">IJMM WEBSITE<\/a><\/span>\n&nbsp;<\/p>\n<p style=\"text-align: justify;\">The <em><a href=\"https:\/\/ijmm.world\" target=\"_blank\">International Journal of Music Mediation<\/em><\/a> (IJMM) is an interdisciplinary, English-language, double-blind peer-reviewed diamond open access journal dealing with music mediation as a hybrid discipline in all its facets. The core of the journal consists of scholarly articles that reflect the most current state of the academic discourse. In addition, the journal is open to practice reflections, interviews by and with practitioners from the field, portraits and conference reports in order to facilitate an exchange between research and practice. Book reviews promote awareness and critical engagement with relevant, current literature on the topic. <br \/>\nIJMM encourages a diversity of approaches and methods, and invites contributions from empirical, theoretical and artistic research. The journal addresses the scholarly community as well as the field of practice (music mediators, musicians, cultural organizations, policy makers) and also serves as a useful resource for students.\n<\/p>\n<p>\nISSN: 2943-6109<br \/>\n<br \/>\nContact: <a href=\"mailto:petri-preis@mdw.ac.at\">Axel Petri-Preis<\/a><br \/>\n<\/div><div class=\"clear-fix\"><\/div>\n<\/p>\n<hr>\n<div class=\"one_third\"><img loading=\"lazy\" decoding=\"async\" class=\"alignleft wp-image-1958\" src=\"https:\/\/www.mdw.ac.at\/mdwpress\/wordpress\/wp-content\/uploads\/2021\/02\/mmjournal_cover_vol_1-2000px-high.png\" alt=\"journal cover of volume 1\" width=\"350\" height=\"532\" \/>&nbsp;<\/div>\n<div class=\"two_third last\">\n<h1>Music &#038; Minorities<\/h1>\n<p>&nbsp;<\/p>\n<span class='bdaia-btns bdaia-btn-medium' style=\"background:#b9dad9 !important;color:#000000 !important;\"><a href=\"https:\/\/journals.qucosa.de\/mm\" target=\"_blank\" rel=\"nofollow\" style=\"color:#000000 !important;\">M&#038;M WEBSITE<\/a><\/span>\n<p>&nbsp;<\/p>\n<p style=\"text-align: justify;\"><a href=\"https:\/\/journals.qucosa.de\/mm\"><em>Music &amp; Minorities<\/em><\/a> (M&amp;M) is dedicated to the scholarly exploration of the multi-dimensional field introduced by the concepts of &#8220;music&#8221; and &#8220;minorities&#8221;. M&#038;M is a peer-reviewed English-language, online-only, fee-free, \u201cdiamond\u201d open access journal.<!--more--> It is edited by the Music and Minorities Research Center (MMRC) at mdw &#8211; University of Music and Performing Arts Vienna and published by mdwPress.<\/p>\n<p style=\"text-align: justify;\">The journal is inclusive of music, dance, and other sound-based social phenomena. The term &#8220;minority&#8221; refers to communities, groups, and\/or individuals that are at risk of discrimination on grounds of ethnicity, race, religion, language, gender, sexual orientation, disability, political opinion, displacement, social or economic deprivation, and their intersections.<\/p>\n<p>Indexed in: <a href=\"https:\/\/doaj.org\/toc\/2791-4569\">DOAJ<\/a><br \/>\n<br \/>ISSN: 2791-4569<br \/>\n    Contact: <a href=\"mailto:mm-journal@mdw.ac.at\">Ursula Hemetek &amp; Malik Sharif<\/a><\/p>\n<p> <\/div><div class=\"clear-fix\"><\/div>","protected":false},"excerpt":{"rendered":"<p>Sorry, this entry is only available in Deutsch. Beitr\u00e4ge empirischer Musikp\u00e4dagogik (b:em) &nbsp; &nbsp; Beitr\u00e4ge empirischer Musikp\u00e4dagogik (b:em) bietet eine internationale Plattform zur Publikation hochwertiger empirischer Studien, Metastudien und Methodenreflexionen aus dem gesamten Bereich musikp\u00e4dagogischer Forschung.<\/p>\n","protected":false},"author":8,"featured_media":0,"parent":903,"menu_order":2,"comment_status":"closed","ping_status":"closed","template":"","meta":{"inline_featured_image":false,"footnotes":""},"class_list":["post-6040","page","type-page","status-publish","hentry"],"yoast_head":"<!-- This site is optimized with the Yoast SEO plugin v26.9 - https:\/\/yoast.com\/product\/yoast-seo-wordpress\/ -->\n<title>Zeitschriften &#8211; mdwPress<\/title>\n<meta name=\"robots\" content=\"index, follow, max-snippet:-1, max-image-preview:large, max-video-preview:-1\" \/>\n<link rel=\"canonical\" href=\"https:\/\/www.mdw.ac.at\/mdwpress\/publikationen\/zeitschriften\/\" \/>\n<meta property=\"og:locale\" content=\"en_US\" \/>\n<meta property=\"og:type\" content=\"article\" \/>\n<meta property=\"og:title\" content=\"Zeitschriften &#8211; mdwPress\" \/>\n<meta property=\"og:description\" content=\"Sorry, this entry is only available in Deutsch. Beitr\u00e4ge empirischer Musikp\u00e4dagogik (b:em) &nbsp; &nbsp; Beitr\u00e4ge empirischer Musikp\u00e4dagogik (b:em) bietet eine internationale Plattform zur Publikation hochwertiger empirischer Studien, Metastudien und Methodenreflexionen aus dem gesamten Bereich musikp\u00e4dagogischer Forschung.\" \/>\n<meta property=\"og:url\" content=\"https:\/\/www.mdw.ac.at\/mdwpress\/publikationen\/zeitschriften\/\" \/>\n<meta property=\"og:site_name\" content=\"mdwPress\" \/>\n<meta property=\"article:modified_time\" content=\"2026-05-12T07:29:22+00:00\" \/>\n<meta name=\"twitter:card\" content=\"summary_large_image\" \/>\n<meta name=\"twitter:label1\" content=\"Est. reading time\" \/>\n\t<meta name=\"twitter:data1\" content=\"5 minutes\" \/>\n<script type=\"application\/ld+json\" class=\"yoast-schema-graph\">{\"@context\":\"https:\/\/schema.org\",\"@graph\":[{\"@type\":\"WebPage\",\"@id\":\"https:\/\/www.mdw.ac.at\/mdwpress\/publikationen\/zeitschriften\/\",\"url\":\"https:\/\/www.mdw.ac.at\/mdwpress\/publikationen\/zeitschriften\/\",\"name\":\"Zeitschriften &#8211; mdwPress\",\"isPartOf\":{\"@id\":\"https:\/\/www.mdw.ac.at\/mdwpress\/en\/#website\"},\"primaryImageOfPage\":{\"@id\":\"https:\/\/www.mdw.ac.at\/mdwpress\/publikationen\/zeitschriften\/#primaryimage\"},\"image\":{\"@id\":\"https:\/\/www.mdw.ac.at\/mdwpress\/publikationen\/zeitschriften\/#primaryimage\"},\"thumbnailUrl\":\"https:\/\/www.mdw.ac.at\/mdwpress\/wordpress\/wp-content\/uploads\/2023\/06\/thmbn-1.png\",\"datePublished\":\"2026-03-17T09:43:36+00:00\",\"dateModified\":\"2026-05-12T07:29:22+00:00\",\"breadcrumb\":{\"@id\":\"https:\/\/www.mdw.ac.at\/mdwpress\/publikationen\/zeitschriften\/#breadcrumb\"},\"inLanguage\":\"en-US\",\"potentialAction\":[{\"@type\":\"ReadAction\",\"target\":[\"https:\/\/www.mdw.ac.at\/mdwpress\/publikationen\/zeitschriften\/\"]}]},{\"@type\":\"ImageObject\",\"inLanguage\":\"en-US\",\"@id\":\"https:\/\/www.mdw.ac.at\/mdwpress\/publikationen\/zeitschriften\/#primaryimage\",\"url\":\"https:\/\/www.mdw.ac.at\/mdwpress\/wordpress\/wp-content\/uploads\/2023\/06\/thmbn-1.png\",\"contentUrl\":\"https:\/\/www.mdw.ac.at\/mdwpress\/wordpress\/wp-content\/uploads\/2023\/06\/thmbn-1.png\"},{\"@type\":\"BreadcrumbList\",\"@id\":\"https:\/\/www.mdw.ac.at\/mdwpress\/publikationen\/zeitschriften\/#breadcrumb\",\"itemListElement\":[{\"@type\":\"ListItem\",\"position\":1,\"name\":\"Startseite\",\"item\":\"https:\/\/www.mdw.ac.at\/mdwpress\/en\/\"},{\"@type\":\"ListItem\",\"position\":2,\"name\":\"Publikationen\",\"item\":\"https:\/\/www.mdw.ac.at\/mdwpress\/publikationen\/\"},{\"@type\":\"ListItem\",\"position\":3,\"name\":\"Zeitschriften\"}]},{\"@type\":\"WebSite\",\"@id\":\"https:\/\/www.mdw.ac.at\/mdwpress\/en\/#website\",\"url\":\"https:\/\/www.mdw.ac.at\/mdwpress\/en\/\",\"name\":\"mdwPress\",\"description\":\"The Open Access University Press at the mdw\",\"publisher\":{\"@id\":\"https:\/\/www.mdw.ac.at\/mdwpress\/en\/#organization\"},\"potentialAction\":[{\"@type\":\"SearchAction\",\"target\":{\"@type\":\"EntryPoint\",\"urlTemplate\":\"https:\/\/www.mdw.ac.at\/mdwpress\/en\/?s={search_term_string}\"},\"query-input\":{\"@type\":\"PropertyValueSpecification\",\"valueRequired\":true,\"valueName\":\"search_term_string\"}}],\"inLanguage\":\"en-US\"},{\"@type\":\"Organization\",\"@id\":\"https:\/\/www.mdw.ac.at\/mdwpress\/en\/#organization\",\"name\":\"mdwPress\",\"url\":\"https:\/\/www.mdw.ac.at\/mdwpress\/en\/\",\"logo\":{\"@type\":\"ImageObject\",\"inLanguage\":\"en-US\",\"@id\":\"https:\/\/www.mdw.ac.at\/mdwpress\/en\/#\/schema\/logo\/image\/\",\"url\":\"https:\/\/www.mdw.ac.at\/mdwpress\/wordpress\/wp-content\/uploads\/2021\/02\/mdwpress-logo-schwarz.svg\",\"contentUrl\":\"https:\/\/www.mdw.ac.at\/mdwpress\/wordpress\/wp-content\/uploads\/2021\/02\/mdwpress-logo-schwarz.svg\",\"width\":\"1024\",\"height\":\"1024\",\"caption\":\"mdwPress\"},\"image\":{\"@id\":\"https:\/\/www.mdw.ac.at\/mdwpress\/en\/#\/schema\/logo\/image\/\"}}]}<\/script>\n<!-- \/ Yoast SEO plugin. -->","yoast_head_json":{"title":"Zeitschriften &#8211; mdwPress","robots":{"index":"index","follow":"follow","max-snippet":"max-snippet:-1","max-image-preview":"max-image-preview:large","max-video-preview":"max-video-preview:-1"},"canonical":"https:\/\/www.mdw.ac.at\/mdwpress\/publikationen\/zeitschriften\/","og_locale":"en_US","og_type":"article","og_title":"Zeitschriften &#8211; mdwPress","og_description":"Sorry, this entry is only available in Deutsch. Beitr\u00e4ge empirischer Musikp\u00e4dagogik (b:em) &nbsp; &nbsp; Beitr\u00e4ge empirischer Musikp\u00e4dagogik (b:em) bietet eine internationale Plattform zur Publikation hochwertiger empirischer Studien, Metastudien und Methodenreflexionen aus dem gesamten Bereich musikp\u00e4dagogischer Forschung.","og_url":"https:\/\/www.mdw.ac.at\/mdwpress\/publikationen\/zeitschriften\/","og_site_name":"mdwPress","article_modified_time":"2026-05-12T07:29:22+00:00","twitter_card":"summary_large_image","twitter_misc":{"Est. reading time":"5 minutes"},"schema":{"@context":"https:\/\/schema.org","@graph":[{"@type":"WebPage","@id":"https:\/\/www.mdw.ac.at\/mdwpress\/publikationen\/zeitschriften\/","url":"https:\/\/www.mdw.ac.at\/mdwpress\/publikationen\/zeitschriften\/","name":"Zeitschriften &#8211; mdwPress","isPartOf":{"@id":"https:\/\/www.mdw.ac.at\/mdwpress\/en\/#website"},"primaryImageOfPage":{"@id":"https:\/\/www.mdw.ac.at\/mdwpress\/publikationen\/zeitschriften\/#primaryimage"},"image":{"@id":"https:\/\/www.mdw.ac.at\/mdwpress\/publikationen\/zeitschriften\/#primaryimage"},"thumbnailUrl":"https:\/\/www.mdw.ac.at\/mdwpress\/wordpress\/wp-content\/uploads\/2023\/06\/thmbn-1.png","datePublished":"2026-03-17T09:43:36+00:00","dateModified":"2026-05-12T07:29:22+00:00","breadcrumb":{"@id":"https:\/\/www.mdw.ac.at\/mdwpress\/publikationen\/zeitschriften\/#breadcrumb"},"inLanguage":"en-US","potentialAction":[{"@type":"ReadAction","target":["https:\/\/www.mdw.ac.at\/mdwpress\/publikationen\/zeitschriften\/"]}]},{"@type":"ImageObject","inLanguage":"en-US","@id":"https:\/\/www.mdw.ac.at\/mdwpress\/publikationen\/zeitschriften\/#primaryimage","url":"https:\/\/www.mdw.ac.at\/mdwpress\/wordpress\/wp-content\/uploads\/2023\/06\/thmbn-1.png","contentUrl":"https:\/\/www.mdw.ac.at\/mdwpress\/wordpress\/wp-content\/uploads\/2023\/06\/thmbn-1.png"},{"@type":"BreadcrumbList","@id":"https:\/\/www.mdw.ac.at\/mdwpress\/publikationen\/zeitschriften\/#breadcrumb","itemListElement":[{"@type":"ListItem","position":1,"name":"Startseite","item":"https:\/\/www.mdw.ac.at\/mdwpress\/en\/"},{"@type":"ListItem","position":2,"name":"Publikationen","item":"https:\/\/www.mdw.ac.at\/mdwpress\/publikationen\/"},{"@type":"ListItem","position":3,"name":"Zeitschriften"}]},{"@type":"WebSite","@id":"https:\/\/www.mdw.ac.at\/mdwpress\/en\/#website","url":"https:\/\/www.mdw.ac.at\/mdwpress\/en\/","name":"mdwPress","description":"The Open Access University Press at the mdw","publisher":{"@id":"https:\/\/www.mdw.ac.at\/mdwpress\/en\/#organization"},"potentialAction":[{"@type":"SearchAction","target":{"@type":"EntryPoint","urlTemplate":"https:\/\/www.mdw.ac.at\/mdwpress\/en\/?s={search_term_string}"},"query-input":{"@type":"PropertyValueSpecification","valueRequired":true,"valueName":"search_term_string"}}],"inLanguage":"en-US"},{"@type":"Organization","@id":"https:\/\/www.mdw.ac.at\/mdwpress\/en\/#organization","name":"mdwPress","url":"https:\/\/www.mdw.ac.at\/mdwpress\/en\/","logo":{"@type":"ImageObject","inLanguage":"en-US","@id":"https:\/\/www.mdw.ac.at\/mdwpress\/en\/#\/schema\/logo\/image\/","url":"https:\/\/www.mdw.ac.at\/mdwpress\/wordpress\/wp-content\/uploads\/2021\/02\/mdwpress-logo-schwarz.svg","contentUrl":"https:\/\/www.mdw.ac.at\/mdwpress\/wordpress\/wp-content\/uploads\/2021\/02\/mdwpress-logo-schwarz.svg","width":"1024","height":"1024","caption":"mdwPress"},"image":{"@id":"https:\/\/www.mdw.ac.at\/mdwpress\/en\/#\/schema\/logo\/image\/"}}]}},"_links":{"self":[{"href":"https:\/\/www.mdw.ac.at\/mdwpress\/en\/wp-json\/wp\/v2\/pages\/6040","targetHints":{"allow":["GET"]}}],"collection":[{"href":"https:\/\/www.mdw.ac.at\/mdwpress\/en\/wp-json\/wp\/v2\/pages"}],"about":[{"href":"https:\/\/www.mdw.ac.at\/mdwpress\/en\/wp-json\/wp\/v2\/types\/page"}],"author":[{"embeddable":true,"href":"https:\/\/www.mdw.ac.at\/mdwpress\/en\/wp-json\/wp\/v2\/users\/8"}],"replies":[{"embeddable":true,"href":"https:\/\/www.mdw.ac.at\/mdwpress\/en\/wp-json\/wp\/v2\/comments?post=6040"}],"version-history":[{"count":48,"href":"https:\/\/www.mdw.ac.at\/mdwpress\/en\/wp-json\/wp\/v2\/pages\/6040\/revisions"}],"predecessor-version":[{"id":8172,"href":"https:\/\/www.mdw.ac.at\/mdwpress\/en\/wp-json\/wp\/v2\/pages\/6040\/revisions\/8172"}],"up":[{"embeddable":true,"href":"https:\/\/www.mdw.ac.at\/mdwpress\/en\/wp-json\/wp\/v2\/pages\/903"}],"wp:attachment":[{"href":"https:\/\/www.mdw.ac.at\/mdwpress\/en\/wp-json\/wp\/v2\/media?parent=6040"}],"curies":[{"name":"wp","href":"https:\/\/api.w.org\/{rel}","templated":true}]}}