{"id":521,"date":"2016-12-01T13:00:27","date_gmt":"2016-12-01T12:00:27","guid":{"rendered":"https:\/\/www.mdw.ac.at\/magazin\/?page_id=521"},"modified":"2025-01-24T17:16:53","modified_gmt":"2025-01-24T16:16:53","slug":"impressum","status":"publish","type":"page","link":"https:\/\/www.mdw.ac.at\/magazin\/impressum\/","title":{"rendered":"Impressum &#038; Offenlegung"},"content":{"rendered":"Herausgeberin und Medieninhaberin: <strong>mdw \u2013 Universit\u00e4t f\u00fcr Musik und darstellende Kunst Wien<\/strong>, vertreten<br \/>\ndurch <strong>Rektorin Ulrike Sych<\/strong>, 1030 Wien, Anton-von-Webern-Platz 1, www.mdw.ac.at<br \/>\nUnternehmensgegenstand sind die f\u00fcr Kunstuniversit\u00e4ten relevanten Aufgaben gem\u00e4\u00df \u00a7 3 Universit\u00e4tsgesetz (UG).<\/p>\n<p><strong>F\u00fcr den Inhalt verantwortlich:<\/strong> Vizerektorat f\u00fcr Internationales und Kunst, Johannes Meissl, Anton-von-Webern-Platz 1, 1030 Wien, <strong>Chefredaktion:<\/strong> Astrid Meixner, <strong>Redaktion:<\/strong> Veranstaltungskommunikation &amp; Marketing<br \/>\n<strong>\u00dcbersetzungen:<\/strong> Christopher Roth, <strong>Lektorat:<\/strong> Stefania Schenk Vitale <strong>Grafische Gestaltung:<\/strong> schultz+schultz-Mediengestaltung, <strong>Technische Umsetzung:<\/strong> Martin Hufnagl, BA ( Zentraler Informatikdienst)<\/p>\n<p><strong>Technische Unterst\u00fctzung: <\/strong><a href=\"https:\/\/wp-konfident.com\" target=\"_blank\" rel=\"noopener\">WP Konfident &#8211; WordPress Agentur Wien<\/a><\/p>\n<p><strong>Blattlinie:<\/strong> Das mdw-Magazin dient der Information \u00fcber alle Belange betreffend die mdw, insbesondere \u00fcber Veranstaltungen sowie \u00fcber Themen des Bildungs-, Forschungs- und Kunstbereiches. Die in dieser Zeitschrift ver\u00f6ffentlichten Beitr\u00e4ge sind urheberrechtlich gesch\u00fctzt.<\/p>\n<p>Alle Rechte vorbehalten. Eigent\u00fcmerin und Rechte-Inhaberin: <strong>\u00a9 mdw 2025<\/strong><br \/>\nErscheinungsweise, 4x j\u00e4hrlich, <a href=\"http:\/\/www.mdw.ac.at\/magazin\">www.mdw.ac.at\/magazin<\/a>","protected":false},"excerpt":{"rendered":"<p>Herausgeberin und Medieninhaberin: mdw \u2013 Universit\u00e4t f\u00fcr Musik und darstellende Kunst Wien, vertreten durch Rektorin Ulrike Sych, 1030 Wien, Anton-von-Webern-Platz 1, www.mdw.ac.at Unternehmensgegenstand sind die f\u00fcr Kunstuniversit\u00e4ten relevanten Aufgaben gem\u00e4\u00df \u00a7 3 Universit\u00e4tsgesetz (UG). F\u00fcr den Inhalt verantwortlich: Vizerektorat f\u00fcr Internationales und Kunst, Johannes Meissl, Anton-von-Webern-Platz 1, 1030 Wien, Chefredaktion: Astrid Meixner, Redaktion: Veranstaltungskommunikation &amp; &hellip;<\/p>\n","protected":false},"author":1,"featured_media":0,"parent":0,"menu_order":0,"comment_status":"closed","ping_status":"closed","template":"","meta":{"_acf_changed":false,"footnotes":""},"class_list":["post-521","page","type-page","status-publish","hentry"],"acf":[],"_links":{"self":[{"href":"https:\/\/www.mdw.ac.at\/magazin\/wp-json\/wp\/v2\/pages\/521","targetHints":{"allow":["GET"]}}],"collection":[{"href":"https:\/\/www.mdw.ac.at\/magazin\/wp-json\/wp\/v2\/pages"}],"about":[{"href":"https:\/\/www.mdw.ac.at\/magazin\/wp-json\/wp\/v2\/types\/page"}],"author":[{"embeddable":true,"href":"https:\/\/www.mdw.ac.at\/magazin\/wp-json\/wp\/v2\/users\/1"}],"replies":[{"embeddable":true,"href":"https:\/\/www.mdw.ac.at\/magazin\/wp-json\/wp\/v2\/comments?post=521"}],"version-history":[{"count":11,"href":"https:\/\/www.mdw.ac.at\/magazin\/wp-json\/wp\/v2\/pages\/521\/revisions"}],"predecessor-version":[{"id":11528,"href":"https:\/\/www.mdw.ac.at\/magazin\/wp-json\/wp\/v2\/pages\/521\/revisions\/11528"}],"wp:attachment":[{"href":"https:\/\/www.mdw.ac.at\/magazin\/wp-json\/wp\/v2\/media?parent=521"}],"curies":[{"name":"wp","href":"https:\/\/api.w.org\/{rel}","templated":true}]}}