{"id":43,"date":"2024-03-18T21:18:28","date_gmt":"2024-03-18T21:18:28","guid":{"rendered":"https:\/\/www.mdw.ac.at\/kindergruppe\/wordpress\/?page_id=43"},"modified":"2026-02-24T12:06:50","modified_gmt":"2026-02-24T12:06:50","slug":"anmeldung-und-kontakt","status":"publish","type":"page","link":"https:\/\/www.mdw.ac.at\/kindergruppe\/anmeldung-und-kontakt\/","title":{"rendered":"Anmeldung &#038; Kontakt"},"content":{"rendered":"\n<p><strong><strong>Der Infoabend und die Vergabe der Schnuppertermine f\u00fcr Herbst 2026 haben bereits stattgefunden. Neue Pl\u00e4tze gibt es voraussichtlich erst wieder im Herbst 2027. Hierzu finder im J\u00e4nner 2027 ein Infoabend statt. Alle Details hierzu finden Sie rechtzeitig auf unserer Homepage.<\/strong><\/strong><\/p>\n\n\n\n<p>Wir betreuen maximal 14 Kinder ab dem Alter von 22 Monaten. Start bzw. Einstieg in die Kindergruppe ist in der Regel jeweils zu Beginn des Kindergruppenjahres im September. Das genaue Datum wird individuell und vorab mit den Betreuungspersonen festgelegt.<\/p>\n\n\n\n<p>Bei Interesse meldet euch bei: <strong>kindergruppe@mdw.ac.at<\/strong><\/p>\n\n\n\n<p>Verein Kindergruppe Sprachmelodie<br>Ungargasse 14<br>1030 Wien<\/p>\n\n\n\n<p>Tel.: 01 711 55 89 20<\/p>\n\n\n<figure class=\"wp-block-post-featured-image\"><img loading=\"lazy\" decoding=\"async\" width=\"1326\" height=\"1600\" src=\"https:\/\/www.mdw.ac.at\/kindergruppe\/wp-content\/uploads\/2024\/05\/Knetzahlen.jpeg\" class=\"attachment-post-thumbnail size-post-thumbnail wp-post-image\" alt=\"\" style=\"object-fit:cover;\" srcset=\"https:\/\/www.mdw.ac.at\/kindergruppe\/wp-content\/uploads\/2024\/05\/Knetzahlen.jpeg 1326w, https:\/\/www.mdw.ac.at\/kindergruppe\/wp-content\/uploads\/2024\/05\/Knetzahlen-249x300.jpeg 249w, https:\/\/www.mdw.ac.at\/kindergruppe\/wp-content\/uploads\/2024\/05\/Knetzahlen-849x1024.jpeg 849w, https:\/\/www.mdw.ac.at\/kindergruppe\/wp-content\/uploads\/2024\/05\/Knetzahlen-768x927.jpeg 768w, https:\/\/www.mdw.ac.at\/kindergruppe\/wp-content\/uploads\/2024\/05\/Knetzahlen-1273x1536.jpeg 1273w\" sizes=\"auto, (max-width: 1326px) 100vw, 1326px\" \/><\/figure>\n\n\n<p><\/p>\n","protected":false},"excerpt":{"rendered":"<p>Der Infoabend und die Vergabe der Schnuppertermine f\u00fcr Herbst 2026 haben bereits stattgefunden. Neue Pl\u00e4tze gibt es voraussichtlich erst wieder im Herbst 2027. Hierzu finder im J\u00e4nner 2027 ein Infoabend statt. Alle Details hierzu finden Sie rechtzeitig auf unserer Homepage. Wir betreuen maximal 14 Kinder ab dem Alter von 22 Monaten. Start bzw. Einstieg in die Kindergruppe ist in der Regel jeweils zu Beginn des Kindergruppenjahres im September. Das genaue Datum wird individuell und vorab mit den Betreuungspersonen festgelegt. Bei Interesse meldet euch bei: kindergruppe@mdw.ac.at Verein Kindergruppe SprachmelodieUngargasse 141030 Wien Tel.: 01 711 55 89 20<\/p>\n","protected":false},"author":1,"featured_media":388,"parent":0,"menu_order":0,"comment_status":"closed","ping_status":"closed","template":"","meta":{"footnotes":""},"class_list":["post-43","page","type-page","status-publish","has-post-thumbnail","hentry"],"yoast_head":"<!-- This site is optimized with the Yoast SEO plugin v23.5 - https:\/\/yoast.com\/wordpress\/plugins\/seo\/ -->\n<title>Anmeldung &amp; Kontakt - Kindergruppe Sprachmelodie<\/title>\n<meta name=\"robots\" content=\"index, follow, max-snippet:-1, max-image-preview:large, max-video-preview:-1\" \/>\n<link rel=\"canonical\" href=\"https:\/\/www.mdw.ac.at\/kindergruppe\/anmeldung-und-kontakt\/\" \/>\n<meta property=\"og:locale\" content=\"de_DE\" \/>\n<meta property=\"og:type\" content=\"article\" \/>\n<meta property=\"og:title\" content=\"Anmeldung &amp; Kontakt - Kindergruppe Sprachmelodie\" \/>\n<meta property=\"og:description\" content=\"Der Infoabend und die Vergabe der Schnuppertermine f\u00fcr Herbst 2026 haben bereits stattgefunden. Neue Pl\u00e4tze gibt es voraussichtlich erst wieder im Herbst 2027. Hierzu finder im J\u00e4nner 2027 ein Infoabend statt. Alle Details hierzu finden Sie rechtzeitig auf unserer Homepage. Wir betreuen maximal 14 Kinder ab dem Alter von 22 Monaten. Start bzw. Einstieg in die Kindergruppe ist in der Regel jeweils zu Beginn des Kindergruppenjahres im September. Das genaue Datum wird individuell und vorab mit den Betreuungspersonen festgelegt. Bei Interesse meldet euch bei: kindergruppe@mdw.ac.at Verein Kindergruppe SprachmelodieUngargasse 141030 Wien Tel.: 01 711 55 89 20\" \/>\n<meta property=\"og:url\" content=\"https:\/\/www.mdw.ac.at\/kindergruppe\/anmeldung-und-kontakt\/\" \/>\n<meta property=\"og:site_name\" content=\"Kindergruppe Sprachmelodie\" \/>\n<meta property=\"article:modified_time\" content=\"2026-02-24T12:06:50+00:00\" \/>\n<meta property=\"og:image\" content=\"https:\/\/www.mdw.ac.at\/kindergruppe\/wp-content\/uploads\/2024\/05\/Knetzahlen.jpeg\" \/>\n\t<meta property=\"og:image:width\" content=\"1326\" \/>\n\t<meta property=\"og:image:height\" content=\"1600\" \/>\n\t<meta property=\"og:image:type\" content=\"image\/jpeg\" \/>\n<meta name=\"twitter:card\" content=\"summary_large_image\" \/>\n<meta name=\"twitter:label1\" content=\"Gesch\u00e4tzte Lesezeit\" \/>\n\t<meta name=\"twitter:data1\" content=\"1\u00a0Minute\" \/>\n<script type=\"application\/ld+json\" class=\"yoast-schema-graph\">{\"@context\":\"https:\/\/schema.org\",\"@graph\":[{\"@type\":\"WebPage\",\"@id\":\"https:\/\/www.mdw.ac.at\/kindergruppe\/anmeldung-und-kontakt\/\",\"url\":\"https:\/\/www.mdw.ac.at\/kindergruppe\/anmeldung-und-kontakt\/\",\"name\":\"Anmeldung & Kontakt - Kindergruppe Sprachmelodie\",\"isPartOf\":{\"@id\":\"https:\/\/www.mdw.ac.at\/kindergruppe\/#website\"},\"primaryImageOfPage\":{\"@id\":\"https:\/\/www.mdw.ac.at\/kindergruppe\/anmeldung-und-kontakt\/#primaryimage\"},\"image\":{\"@id\":\"https:\/\/www.mdw.ac.at\/kindergruppe\/anmeldung-und-kontakt\/#primaryimage\"},\"thumbnailUrl\":\"https:\/\/www.mdw.ac.at\/kindergruppe\/wp-content\/uploads\/2024\/05\/Knetzahlen.jpeg\",\"datePublished\":\"2024-03-18T21:18:28+00:00\",\"dateModified\":\"2026-02-24T12:06:50+00:00\",\"breadcrumb\":{\"@id\":\"https:\/\/www.mdw.ac.at\/kindergruppe\/anmeldung-und-kontakt\/#breadcrumb\"},\"inLanguage\":\"de\",\"potentialAction\":[{\"@type\":\"ReadAction\",\"target\":[\"https:\/\/www.mdw.ac.at\/kindergruppe\/anmeldung-und-kontakt\/\"]}]},{\"@type\":\"ImageObject\",\"inLanguage\":\"de\",\"@id\":\"https:\/\/www.mdw.ac.at\/kindergruppe\/anmeldung-und-kontakt\/#primaryimage\",\"url\":\"https:\/\/www.mdw.ac.at\/kindergruppe\/wp-content\/uploads\/2024\/05\/Knetzahlen.jpeg\",\"contentUrl\":\"https:\/\/www.mdw.ac.at\/kindergruppe\/wp-content\/uploads\/2024\/05\/Knetzahlen.jpeg\",\"width\":1326,\"height\":1600},{\"@type\":\"BreadcrumbList\",\"@id\":\"https:\/\/www.mdw.ac.at\/kindergruppe\/anmeldung-und-kontakt\/#breadcrumb\",\"itemListElement\":[{\"@type\":\"ListItem\",\"position\":1,\"name\":\"Startseite\",\"item\":\"https:\/\/www.mdw.ac.at\/kindergruppe\/\"},{\"@type\":\"ListItem\",\"position\":2,\"name\":\"Anmeldung &#038; Kontakt\"}]},{\"@type\":\"WebSite\",\"@id\":\"https:\/\/www.mdw.ac.at\/kindergruppe\/#website\",\"url\":\"https:\/\/www.mdw.ac.at\/kindergruppe\/\",\"name\":\"Kindergruppe Sprachmelodie\",\"description\":\"Universit\u00e4t f\u00fcr Musik und darstellende Kunst Wien\",\"publisher\":{\"@id\":\"https:\/\/www.mdw.ac.at\/kindergruppe\/#organization\"},\"potentialAction\":[{\"@type\":\"SearchAction\",\"target\":{\"@type\":\"EntryPoint\",\"urlTemplate\":\"https:\/\/www.mdw.ac.at\/kindergruppe\/?s={search_term_string}\"},\"query-input\":{\"@type\":\"PropertyValueSpecification\",\"valueRequired\":true,\"valueName\":\"search_term_string\"}}],\"inLanguage\":\"de\"},{\"@type\":\"Organization\",\"@id\":\"https:\/\/www.mdw.ac.at\/kindergruppe\/#organization\",\"name\":\"Kindergruppe Sprachmelodie\",\"url\":\"https:\/\/www.mdw.ac.at\/kindergruppe\/\",\"logo\":{\"@type\":\"ImageObject\",\"inLanguage\":\"de\",\"@id\":\"https:\/\/www.mdw.ac.at\/kindergruppe\/#\/schema\/logo\/image\/\",\"url\":\"https:\/\/www.mdw.ac.at\/kindergruppe\/wp-content\/uploads\/2024\/10\/cropped-Kopie-von-Wurzeln-der-Liebe.png\",\"contentUrl\":\"https:\/\/www.mdw.ac.at\/kindergruppe\/wp-content\/uploads\/2024\/10\/cropped-Kopie-von-Wurzeln-der-Liebe.png\",\"width\":500,\"height\":500,\"caption\":\"Kindergruppe Sprachmelodie\"},\"image\":{\"@id\":\"https:\/\/www.mdw.ac.at\/kindergruppe\/#\/schema\/logo\/image\/\"}}]}<\/script>\n<!-- \/ Yoast SEO plugin. -->","yoast_head_json":{"title":"Anmeldung & Kontakt - Kindergruppe Sprachmelodie","robots":{"index":"index","follow":"follow","max-snippet":"max-snippet:-1","max-image-preview":"max-image-preview:large","max-video-preview":"max-video-preview:-1"},"canonical":"https:\/\/www.mdw.ac.at\/kindergruppe\/anmeldung-und-kontakt\/","og_locale":"de_DE","og_type":"article","og_title":"Anmeldung & Kontakt - Kindergruppe Sprachmelodie","og_description":"Der Infoabend und die Vergabe der Schnuppertermine f\u00fcr Herbst 2026 haben bereits stattgefunden. Neue Pl\u00e4tze gibt es voraussichtlich erst wieder im Herbst 2027. Hierzu finder im J\u00e4nner 2027 ein Infoabend statt. Alle Details hierzu finden Sie rechtzeitig auf unserer Homepage. Wir betreuen maximal 14 Kinder ab dem Alter von 22 Monaten. Start bzw. Einstieg in die Kindergruppe ist in der Regel jeweils zu Beginn des Kindergruppenjahres im September. Das genaue Datum wird individuell und vorab mit den Betreuungspersonen festgelegt. Bei Interesse meldet euch bei: kindergruppe@mdw.ac.at Verein Kindergruppe SprachmelodieUngargasse 141030 Wien Tel.: 01 711 55 89 20","og_url":"https:\/\/www.mdw.ac.at\/kindergruppe\/anmeldung-und-kontakt\/","og_site_name":"Kindergruppe Sprachmelodie","article_modified_time":"2026-02-24T12:06:50+00:00","og_image":[{"width":1326,"height":1600,"url":"https:\/\/www.mdw.ac.at\/kindergruppe\/wp-content\/uploads\/2024\/05\/Knetzahlen.jpeg","type":"image\/jpeg"}],"twitter_card":"summary_large_image","twitter_misc":{"Gesch\u00e4tzte Lesezeit":"1\u00a0Minute"},"schema":{"@context":"https:\/\/schema.org","@graph":[{"@type":"WebPage","@id":"https:\/\/www.mdw.ac.at\/kindergruppe\/anmeldung-und-kontakt\/","url":"https:\/\/www.mdw.ac.at\/kindergruppe\/anmeldung-und-kontakt\/","name":"Anmeldung & Kontakt - Kindergruppe Sprachmelodie","isPartOf":{"@id":"https:\/\/www.mdw.ac.at\/kindergruppe\/#website"},"primaryImageOfPage":{"@id":"https:\/\/www.mdw.ac.at\/kindergruppe\/anmeldung-und-kontakt\/#primaryimage"},"image":{"@id":"https:\/\/www.mdw.ac.at\/kindergruppe\/anmeldung-und-kontakt\/#primaryimage"},"thumbnailUrl":"https:\/\/www.mdw.ac.at\/kindergruppe\/wp-content\/uploads\/2024\/05\/Knetzahlen.jpeg","datePublished":"2024-03-18T21:18:28+00:00","dateModified":"2026-02-24T12:06:50+00:00","breadcrumb":{"@id":"https:\/\/www.mdw.ac.at\/kindergruppe\/anmeldung-und-kontakt\/#breadcrumb"},"inLanguage":"de","potentialAction":[{"@type":"ReadAction","target":["https:\/\/www.mdw.ac.at\/kindergruppe\/anmeldung-und-kontakt\/"]}]},{"@type":"ImageObject","inLanguage":"de","@id":"https:\/\/www.mdw.ac.at\/kindergruppe\/anmeldung-und-kontakt\/#primaryimage","url":"https:\/\/www.mdw.ac.at\/kindergruppe\/wp-content\/uploads\/2024\/05\/Knetzahlen.jpeg","contentUrl":"https:\/\/www.mdw.ac.at\/kindergruppe\/wp-content\/uploads\/2024\/05\/Knetzahlen.jpeg","width":1326,"height":1600},{"@type":"BreadcrumbList","@id":"https:\/\/www.mdw.ac.at\/kindergruppe\/anmeldung-und-kontakt\/#breadcrumb","itemListElement":[{"@type":"ListItem","position":1,"name":"Startseite","item":"https:\/\/www.mdw.ac.at\/kindergruppe\/"},{"@type":"ListItem","position":2,"name":"Anmeldung &#038; Kontakt"}]},{"@type":"WebSite","@id":"https:\/\/www.mdw.ac.at\/kindergruppe\/#website","url":"https:\/\/www.mdw.ac.at\/kindergruppe\/","name":"Kindergruppe Sprachmelodie","description":"Universit\u00e4t f\u00fcr Musik und darstellende Kunst Wien","publisher":{"@id":"https:\/\/www.mdw.ac.at\/kindergruppe\/#organization"},"potentialAction":[{"@type":"SearchAction","target":{"@type":"EntryPoint","urlTemplate":"https:\/\/www.mdw.ac.at\/kindergruppe\/?s={search_term_string}"},"query-input":{"@type":"PropertyValueSpecification","valueRequired":true,"valueName":"search_term_string"}}],"inLanguage":"de"},{"@type":"Organization","@id":"https:\/\/www.mdw.ac.at\/kindergruppe\/#organization","name":"Kindergruppe Sprachmelodie","url":"https:\/\/www.mdw.ac.at\/kindergruppe\/","logo":{"@type":"ImageObject","inLanguage":"de","@id":"https:\/\/www.mdw.ac.at\/kindergruppe\/#\/schema\/logo\/image\/","url":"https:\/\/www.mdw.ac.at\/kindergruppe\/wp-content\/uploads\/2024\/10\/cropped-Kopie-von-Wurzeln-der-Liebe.png","contentUrl":"https:\/\/www.mdw.ac.at\/kindergruppe\/wp-content\/uploads\/2024\/10\/cropped-Kopie-von-Wurzeln-der-Liebe.png","width":500,"height":500,"caption":"Kindergruppe Sprachmelodie"},"image":{"@id":"https:\/\/www.mdw.ac.at\/kindergruppe\/#\/schema\/logo\/image\/"}}]}},"_links":{"self":[{"href":"https:\/\/www.mdw.ac.at\/kindergruppe\/wp-json\/wp\/v2\/pages\/43","targetHints":{"allow":["GET"]}}],"collection":[{"href":"https:\/\/www.mdw.ac.at\/kindergruppe\/wp-json\/wp\/v2\/pages"}],"about":[{"href":"https:\/\/www.mdw.ac.at\/kindergruppe\/wp-json\/wp\/v2\/types\/page"}],"author":[{"embeddable":true,"href":"https:\/\/www.mdw.ac.at\/kindergruppe\/wp-json\/wp\/v2\/users\/1"}],"replies":[{"embeddable":true,"href":"https:\/\/www.mdw.ac.at\/kindergruppe\/wp-json\/wp\/v2\/comments?post=43"}],"version-history":[{"count":12,"href":"https:\/\/www.mdw.ac.at\/kindergruppe\/wp-json\/wp\/v2\/pages\/43\/revisions"}],"predecessor-version":[{"id":563,"href":"https:\/\/www.mdw.ac.at\/kindergruppe\/wp-json\/wp\/v2\/pages\/43\/revisions\/563"}],"wp:featuredmedia":[{"embeddable":true,"href":"https:\/\/www.mdw.ac.at\/kindergruppe\/wp-json\/wp\/v2\/media\/388"}],"wp:attachment":[{"href":"https:\/\/www.mdw.ac.at\/kindergruppe\/wp-json\/wp\/v2\/media?parent=43"}],"curies":[{"name":"wp","href":"https:\/\/api.w.org\/{rel}","templated":true}]}}