{"id":41,"date":"2024-03-18T21:18:27","date_gmt":"2024-03-18T21:18:27","guid":{"rendered":"https:\/\/www.mdw.ac.at\/kindergruppe\/wordpress\/?page_id=41"},"modified":"2025-10-31T21:19:25","modified_gmt":"2025-10-31T21:19:25","slug":"elternmitarbeit","status":"publish","type":"page","link":"https:\/\/www.mdw.ac.at\/kindergruppe\/elternmitarbeit\/","title":{"rendered":"Kosten&#038;Aufgaben"},"content":{"rendered":"\n<h2 class=\"wp-block-heading\">Kosten<\/h2>\n\n\n\n<h3 class=\"wp-block-heading\">Einmalige Kosten<\/h3>\n\n\n\n<ul class=\"wp-block-list\">\n<li>Einschreibgeb\u00fchr: 150.- Euro<\/li>\n\n\n\n<li>Kaution: 400.- Euro<\/li>\n<\/ul>\n\n\n\n<p>F\u00fcr Studierende der mdw bietet die hmdw F\u00f6rderm\u00f6glichkeit an. Alle Informationen dazu findest du beim<a href=\"https:\/\/hmdw.ac.at\/images\/hmdw\/referate\/sozial\/Antrag_hmdw_Sprachmelodie.pdf\"> Sozialreferat der hmdw<\/a><\/p>\n\n\n\n<h3 class=\"wp-block-heading\">Laufende Kosten<\/h3>\n\n\n\n<ul class=\"wp-block-list\">\n<li>Monatlicher Beitrag: 240.- pro Monat (12x pro Jahr)<\/li>\n\n\n\n<li>Bastelgeld: 50.- Euro pro Semester<\/li>\n<\/ul>\n\n\n\n<h2 class=\"wp-block-heading\">Die Rolle der Eltern<\/h2>\n\n\n\n<p>Das Engagement der Eltern  ist ein essentieller Bestandteil des Konzepts einer elternverwalteten Kindergruppe. Nur wenn alle Familien sich einbringen und die Aufgaben gleichm\u00e4\u00dfig unter sich aufteilen, kann der Kindergruppenalltag f\u00fcr die Kinder, P\u00e4dagog*innen und Familien optimal gestaltet werden. Die Bereitschaft zur Mitarbeit ist somit Voraussetzung zur Aufnahme in die elternverwaltete Kindergruppe Sprachmelodie!<\/p>\n\n\n\n<h3 class=\"wp-block-heading\">Vier bis f\u00fcnf Mal im Jahr\u2026<\/h3>\n\n\n\n<p>\u2026haben die Eltern eines Kindes den sogenannten Wochendienst. In diesem muss am Freitag das Mittagessen gekocht und \u00fcber\u2019s Wochenende die W\u00e4sche gewaschen werden.<\/p>\n\n\n\n<h3 class=\"wp-block-heading\">Zus\u00e4tzliche anfallende Aufgaben\u2026<\/h3>\n\n\n\n<p>\u2026wie die Organisation von Festen, die Betreuung der Homepage, den Einkauf von Lebensmitteln oder die Betreuung von Interessent*innen werden ebenfalls von den Eltern \u00fcbernommen. Jede Familie \u00fcbernimmt nach pers\u00f6nlichen Kompetenzen und zeitlichen Ressourcen ein bis zwei Zusatzaufgaben.<\/p>\n\n\n\n<h3 class=\"wp-block-heading\">Bei krankheitsbedingten Personalengp\u00e4ssen im Team\u2026<\/h3>\n\n\n\n<p>\u2026unterst\u00fctzen die Eltern durch ihre Anwesenheit in der Gruppe. Hierzu tragen sich die Eltern vorab in eine Liste ein, an welchen Tagen sie Bereitschaftsdienst \u00fcbernehmen und im Krankheitsfalle einspringen. Der Elterndienst begleitet die P\u00e4dagog*innen im gesamten Tagesablauf und erledigt alle anfallenden Arbeiten.<\/p>\n\n\n\n<h3 class=\"wp-block-heading\">An den Elternabenden\u2026<\/h3>\n\n\n\n<p>\u2026die ca. alle zwei bis drei Monate stattfinden, sollten alle Familien teilnehmen. Hier informieren die P\u00e4dagog*innen \u00fcber die Entwicklung der Gruppe und geplante Aktivit\u00e4ten, der Vorstand stellt wichtige Entscheidungen zur Disskussion und es ist Raum f\u00fcr die Anliegen aller.<\/p>\n\n\n\n<h2 class=\"wp-block-heading\">\u00d6ffnungszeiten<\/h2>\n\n\n\n<p>Die Kindergruppe ist von Montag bis Freitag zwischen 08:30 Uhr und 16:30 Uhr ge\u00f6ffnet. In der Kernzeit zwischen 09:30-15:00 Uhr werden die Kinder in der Regel von zwei P\u00e4dagogInnen betreut.<\/p>\n\n\n\n<p>Im Allgemeinen besteht in der Kindergruppe die Ferienregelung der \u00f6ffentlichen Schulen. W\u00e4hrend der Sommerferien hat die Kindergruppe den ganzen August geschlossen. Die Entscheidung \u00fcber den Zeitpunkt der Ferien, sowie etwaige \u00c4nderungen aufgrund gro\u00dfen Bedarfes werden im Vorstand des Vereines entschieden und somit von den Eltern mitgetragen.<\/p>\n\n\n<figure class=\"wp-block-post-featured-image\"><img loading=\"lazy\" decoding=\"async\" width=\"1200\" height=\"1600\" src=\"https:\/\/www.mdw.ac.at\/kindergruppe\/wp-content\/uploads\/2025\/09\/Spalier.jpg\" class=\"attachment-post-thumbnail size-post-thumbnail wp-post-image\" alt=\"\" style=\"object-fit:cover;\" srcset=\"https:\/\/www.mdw.ac.at\/kindergruppe\/wp-content\/uploads\/2025\/09\/Spalier.jpg 1200w, https:\/\/www.mdw.ac.at\/kindergruppe\/wp-content\/uploads\/2025\/09\/Spalier-225x300.jpg 225w, https:\/\/www.mdw.ac.at\/kindergruppe\/wp-content\/uploads\/2025\/09\/Spalier-768x1024.jpg 768w, https:\/\/www.mdw.ac.at\/kindergruppe\/wp-content\/uploads\/2025\/09\/Spalier-1152x1536.jpg 1152w\" sizes=\"auto, (max-width: 1200px) 100vw, 1200px\" \/><\/figure>","protected":false},"excerpt":{"rendered":"<p>Kosten Einmalige Kosten F\u00fcr Studierende der mdw bietet die hmdw F\u00f6rderm\u00f6glichkeit an. Alle Informationen dazu findest du beim Sozialreferat der hmdw Laufende Kosten Die Rolle der Eltern Das Engagement der Eltern ist ein essentieller Bestandteil des Konzepts einer elternverwalteten Kindergruppe. Nur wenn alle Familien sich einbringen und die Aufgaben gleichm\u00e4\u00dfig unter sich aufteilen, kann der Kindergruppenalltag f\u00fcr die Kinder, P\u00e4dagog*innen und Familien optimal gestaltet werden. Die Bereitschaft zur Mitarbeit ist somit Voraussetzung zur Aufnahme in die elternverwaltete Kindergruppe Sprachmelodie! Vier bis f\u00fcnf Mal im Jahr\u2026 \u2026haben die Eltern eines Kindes den sogenannten Wochendienst. In diesem muss am Freitag das Mittagessen [&hellip;]<\/p>\n","protected":false},"author":1,"featured_media":501,"parent":0,"menu_order":0,"comment_status":"closed","ping_status":"closed","template":"","meta":{"footnotes":""},"class_list":["post-41","page","type-page","status-publish","has-post-thumbnail","hentry"],"yoast_head":"<!-- This site is optimized with the Yoast SEO plugin v23.5 - https:\/\/yoast.com\/wordpress\/plugins\/seo\/ -->\n<title>Kosten&amp;Aufgaben - Kindergruppe Sprachmelodie<\/title>\n<meta name=\"robots\" content=\"index, follow, max-snippet:-1, max-image-preview:large, max-video-preview:-1\" \/>\n<link rel=\"canonical\" href=\"https:\/\/www.mdw.ac.at\/kindergruppe\/elternmitarbeit\/\" \/>\n<meta property=\"og:locale\" content=\"de_DE\" \/>\n<meta property=\"og:type\" content=\"article\" \/>\n<meta property=\"og:title\" content=\"Kosten&amp;Aufgaben - Kindergruppe Sprachmelodie\" \/>\n<meta property=\"og:description\" content=\"Kosten Einmalige Kosten F\u00fcr Studierende der mdw bietet die hmdw F\u00f6rderm\u00f6glichkeit an. Alle Informationen dazu findest du beim Sozialreferat der hmdw Laufende Kosten Die Rolle der Eltern Das Engagement der Eltern ist ein essentieller Bestandteil des Konzepts einer elternverwalteten Kindergruppe. Nur wenn alle Familien sich einbringen und die Aufgaben gleichm\u00e4\u00dfig unter sich aufteilen, kann der Kindergruppenalltag f\u00fcr die Kinder, P\u00e4dagog*innen und Familien optimal gestaltet werden. Die Bereitschaft zur Mitarbeit ist somit Voraussetzung zur Aufnahme in die elternverwaltete Kindergruppe Sprachmelodie! Vier bis f\u00fcnf Mal im Jahr\u2026 \u2026haben die Eltern eines Kindes den sogenannten Wochendienst. In diesem muss am Freitag das Mittagessen [&hellip;]\" \/>\n<meta property=\"og:url\" content=\"https:\/\/www.mdw.ac.at\/kindergruppe\/elternmitarbeit\/\" \/>\n<meta property=\"og:site_name\" content=\"Kindergruppe Sprachmelodie\" \/>\n<meta property=\"article:modified_time\" content=\"2025-10-31T21:19:25+00:00\" \/>\n<meta property=\"og:image\" content=\"https:\/\/www.mdw.ac.at\/kindergruppe\/wp-content\/uploads\/2025\/09\/Spalier.jpg\" \/>\n\t<meta property=\"og:image:width\" content=\"1200\" \/>\n\t<meta property=\"og:image:height\" content=\"1600\" \/>\n\t<meta property=\"og:image:type\" content=\"image\/jpeg\" \/>\n<meta name=\"twitter:card\" content=\"summary_large_image\" \/>\n<meta name=\"twitter:label1\" content=\"Gesch\u00e4tzte Lesezeit\" \/>\n\t<meta name=\"twitter:data1\" content=\"3\u00a0Minuten\" \/>\n<script type=\"application\/ld+json\" class=\"yoast-schema-graph\">{\"@context\":\"https:\/\/schema.org\",\"@graph\":[{\"@type\":\"WebPage\",\"@id\":\"https:\/\/www.mdw.ac.at\/kindergruppe\/elternmitarbeit\/\",\"url\":\"https:\/\/www.mdw.ac.at\/kindergruppe\/elternmitarbeit\/\",\"name\":\"Kosten&Aufgaben - Kindergruppe Sprachmelodie\",\"isPartOf\":{\"@id\":\"https:\/\/www.mdw.ac.at\/kindergruppe\/#website\"},\"primaryImageOfPage\":{\"@id\":\"https:\/\/www.mdw.ac.at\/kindergruppe\/elternmitarbeit\/#primaryimage\"},\"image\":{\"@id\":\"https:\/\/www.mdw.ac.at\/kindergruppe\/elternmitarbeit\/#primaryimage\"},\"thumbnailUrl\":\"https:\/\/www.mdw.ac.at\/kindergruppe\/wp-content\/uploads\/2025\/09\/Spalier.jpg\",\"datePublished\":\"2024-03-18T21:18:27+00:00\",\"dateModified\":\"2025-10-31T21:19:25+00:00\",\"breadcrumb\":{\"@id\":\"https:\/\/www.mdw.ac.at\/kindergruppe\/elternmitarbeit\/#breadcrumb\"},\"inLanguage\":\"de\",\"potentialAction\":[{\"@type\":\"ReadAction\",\"target\":[\"https:\/\/www.mdw.ac.at\/kindergruppe\/elternmitarbeit\/\"]}]},{\"@type\":\"ImageObject\",\"inLanguage\":\"de\",\"@id\":\"https:\/\/www.mdw.ac.at\/kindergruppe\/elternmitarbeit\/#primaryimage\",\"url\":\"https:\/\/www.mdw.ac.at\/kindergruppe\/wp-content\/uploads\/2025\/09\/Spalier.jpg\",\"contentUrl\":\"https:\/\/www.mdw.ac.at\/kindergruppe\/wp-content\/uploads\/2025\/09\/Spalier.jpg\",\"width\":1200,\"height\":1600},{\"@type\":\"BreadcrumbList\",\"@id\":\"https:\/\/www.mdw.ac.at\/kindergruppe\/elternmitarbeit\/#breadcrumb\",\"itemListElement\":[{\"@type\":\"ListItem\",\"position\":1,\"name\":\"Startseite\",\"item\":\"https:\/\/www.mdw.ac.at\/kindergruppe\/\"},{\"@type\":\"ListItem\",\"position\":2,\"name\":\"Kosten&#038;Aufgaben\"}]},{\"@type\":\"WebSite\",\"@id\":\"https:\/\/www.mdw.ac.at\/kindergruppe\/#website\",\"url\":\"https:\/\/www.mdw.ac.at\/kindergruppe\/\",\"name\":\"Kindergruppe Sprachmelodie\",\"description\":\"Universit\u00e4t f\u00fcr Musik und darstellende Kunst Wien\",\"publisher\":{\"@id\":\"https:\/\/www.mdw.ac.at\/kindergruppe\/#organization\"},\"potentialAction\":[{\"@type\":\"SearchAction\",\"target\":{\"@type\":\"EntryPoint\",\"urlTemplate\":\"https:\/\/www.mdw.ac.at\/kindergruppe\/?s={search_term_string}\"},\"query-input\":{\"@type\":\"PropertyValueSpecification\",\"valueRequired\":true,\"valueName\":\"search_term_string\"}}],\"inLanguage\":\"de\"},{\"@type\":\"Organization\",\"@id\":\"https:\/\/www.mdw.ac.at\/kindergruppe\/#organization\",\"name\":\"Kindergruppe Sprachmelodie\",\"url\":\"https:\/\/www.mdw.ac.at\/kindergruppe\/\",\"logo\":{\"@type\":\"ImageObject\",\"inLanguage\":\"de\",\"@id\":\"https:\/\/www.mdw.ac.at\/kindergruppe\/#\/schema\/logo\/image\/\",\"url\":\"https:\/\/www.mdw.ac.at\/kindergruppe\/wp-content\/uploads\/2024\/10\/cropped-Kopie-von-Wurzeln-der-Liebe.png\",\"contentUrl\":\"https:\/\/www.mdw.ac.at\/kindergruppe\/wp-content\/uploads\/2024\/10\/cropped-Kopie-von-Wurzeln-der-Liebe.png\",\"width\":500,\"height\":500,\"caption\":\"Kindergruppe Sprachmelodie\"},\"image\":{\"@id\":\"https:\/\/www.mdw.ac.at\/kindergruppe\/#\/schema\/logo\/image\/\"}}]}<\/script>\n<!-- \/ Yoast SEO plugin. -->","yoast_head_json":{"title":"Kosten&Aufgaben - Kindergruppe Sprachmelodie","robots":{"index":"index","follow":"follow","max-snippet":"max-snippet:-1","max-image-preview":"max-image-preview:large","max-video-preview":"max-video-preview:-1"},"canonical":"https:\/\/www.mdw.ac.at\/kindergruppe\/elternmitarbeit\/","og_locale":"de_DE","og_type":"article","og_title":"Kosten&Aufgaben - Kindergruppe Sprachmelodie","og_description":"Kosten Einmalige Kosten F\u00fcr Studierende der mdw bietet die hmdw F\u00f6rderm\u00f6glichkeit an. Alle Informationen dazu findest du beim Sozialreferat der hmdw Laufende Kosten Die Rolle der Eltern Das Engagement der Eltern ist ein essentieller Bestandteil des Konzepts einer elternverwalteten Kindergruppe. Nur wenn alle Familien sich einbringen und die Aufgaben gleichm\u00e4\u00dfig unter sich aufteilen, kann der Kindergruppenalltag f\u00fcr die Kinder, P\u00e4dagog*innen und Familien optimal gestaltet werden. Die Bereitschaft zur Mitarbeit ist somit Voraussetzung zur Aufnahme in die elternverwaltete Kindergruppe Sprachmelodie! Vier bis f\u00fcnf Mal im Jahr\u2026 \u2026haben die Eltern eines Kindes den sogenannten Wochendienst. In diesem muss am Freitag das Mittagessen [&hellip;]","og_url":"https:\/\/www.mdw.ac.at\/kindergruppe\/elternmitarbeit\/","og_site_name":"Kindergruppe Sprachmelodie","article_modified_time":"2025-10-31T21:19:25+00:00","og_image":[{"width":1200,"height":1600,"url":"https:\/\/www.mdw.ac.at\/kindergruppe\/wp-content\/uploads\/2025\/09\/Spalier.jpg","type":"image\/jpeg"}],"twitter_card":"summary_large_image","twitter_misc":{"Gesch\u00e4tzte Lesezeit":"3\u00a0Minuten"},"schema":{"@context":"https:\/\/schema.org","@graph":[{"@type":"WebPage","@id":"https:\/\/www.mdw.ac.at\/kindergruppe\/elternmitarbeit\/","url":"https:\/\/www.mdw.ac.at\/kindergruppe\/elternmitarbeit\/","name":"Kosten&Aufgaben - Kindergruppe Sprachmelodie","isPartOf":{"@id":"https:\/\/www.mdw.ac.at\/kindergruppe\/#website"},"primaryImageOfPage":{"@id":"https:\/\/www.mdw.ac.at\/kindergruppe\/elternmitarbeit\/#primaryimage"},"image":{"@id":"https:\/\/www.mdw.ac.at\/kindergruppe\/elternmitarbeit\/#primaryimage"},"thumbnailUrl":"https:\/\/www.mdw.ac.at\/kindergruppe\/wp-content\/uploads\/2025\/09\/Spalier.jpg","datePublished":"2024-03-18T21:18:27+00:00","dateModified":"2025-10-31T21:19:25+00:00","breadcrumb":{"@id":"https:\/\/www.mdw.ac.at\/kindergruppe\/elternmitarbeit\/#breadcrumb"},"inLanguage":"de","potentialAction":[{"@type":"ReadAction","target":["https:\/\/www.mdw.ac.at\/kindergruppe\/elternmitarbeit\/"]}]},{"@type":"ImageObject","inLanguage":"de","@id":"https:\/\/www.mdw.ac.at\/kindergruppe\/elternmitarbeit\/#primaryimage","url":"https:\/\/www.mdw.ac.at\/kindergruppe\/wp-content\/uploads\/2025\/09\/Spalier.jpg","contentUrl":"https:\/\/www.mdw.ac.at\/kindergruppe\/wp-content\/uploads\/2025\/09\/Spalier.jpg","width":1200,"height":1600},{"@type":"BreadcrumbList","@id":"https:\/\/www.mdw.ac.at\/kindergruppe\/elternmitarbeit\/#breadcrumb","itemListElement":[{"@type":"ListItem","position":1,"name":"Startseite","item":"https:\/\/www.mdw.ac.at\/kindergruppe\/"},{"@type":"ListItem","position":2,"name":"Kosten&#038;Aufgaben"}]},{"@type":"WebSite","@id":"https:\/\/www.mdw.ac.at\/kindergruppe\/#website","url":"https:\/\/www.mdw.ac.at\/kindergruppe\/","name":"Kindergruppe Sprachmelodie","description":"Universit\u00e4t f\u00fcr Musik und darstellende Kunst Wien","publisher":{"@id":"https:\/\/www.mdw.ac.at\/kindergruppe\/#organization"},"potentialAction":[{"@type":"SearchAction","target":{"@type":"EntryPoint","urlTemplate":"https:\/\/www.mdw.ac.at\/kindergruppe\/?s={search_term_string}"},"query-input":{"@type":"PropertyValueSpecification","valueRequired":true,"valueName":"search_term_string"}}],"inLanguage":"de"},{"@type":"Organization","@id":"https:\/\/www.mdw.ac.at\/kindergruppe\/#organization","name":"Kindergruppe Sprachmelodie","url":"https:\/\/www.mdw.ac.at\/kindergruppe\/","logo":{"@type":"ImageObject","inLanguage":"de","@id":"https:\/\/www.mdw.ac.at\/kindergruppe\/#\/schema\/logo\/image\/","url":"https:\/\/www.mdw.ac.at\/kindergruppe\/wp-content\/uploads\/2024\/10\/cropped-Kopie-von-Wurzeln-der-Liebe.png","contentUrl":"https:\/\/www.mdw.ac.at\/kindergruppe\/wp-content\/uploads\/2024\/10\/cropped-Kopie-von-Wurzeln-der-Liebe.png","width":500,"height":500,"caption":"Kindergruppe Sprachmelodie"},"image":{"@id":"https:\/\/www.mdw.ac.at\/kindergruppe\/#\/schema\/logo\/image\/"}}]}},"_links":{"self":[{"href":"https:\/\/www.mdw.ac.at\/kindergruppe\/wp-json\/wp\/v2\/pages\/41","targetHints":{"allow":["GET"]}}],"collection":[{"href":"https:\/\/www.mdw.ac.at\/kindergruppe\/wp-json\/wp\/v2\/pages"}],"about":[{"href":"https:\/\/www.mdw.ac.at\/kindergruppe\/wp-json\/wp\/v2\/types\/page"}],"author":[{"embeddable":true,"href":"https:\/\/www.mdw.ac.at\/kindergruppe\/wp-json\/wp\/v2\/users\/1"}],"replies":[{"embeddable":true,"href":"https:\/\/www.mdw.ac.at\/kindergruppe\/wp-json\/wp\/v2\/comments?post=41"}],"version-history":[{"count":5,"href":"https:\/\/www.mdw.ac.at\/kindergruppe\/wp-json\/wp\/v2\/pages\/41\/revisions"}],"predecessor-version":[{"id":491,"href":"https:\/\/www.mdw.ac.at\/kindergruppe\/wp-json\/wp\/v2\/pages\/41\/revisions\/491"}],"wp:featuredmedia":[{"embeddable":true,"href":"https:\/\/www.mdw.ac.at\/kindergruppe\/wp-json\/wp\/v2\/media\/501"}],"wp:attachment":[{"href":"https:\/\/www.mdw.ac.at\/kindergruppe\/wp-json\/wp\/v2\/media?parent=41"}],"curies":[{"name":"wp","href":"https:\/\/api.w.org\/{rel}","templated":true}]}}