{"id":40,"date":"2024-03-18T21:18:27","date_gmt":"2024-03-18T21:18:27","guid":{"rendered":"https:\/\/www.mdw.ac.at\/kindergruppe\/wordpress\/?page_id=40"},"modified":"2024-09-06T12:28:05","modified_gmt":"2024-09-06T12:28:05","slug":"tagesablauf-und-aktivitaeten","status":"publish","type":"page","link":"https:\/\/www.mdw.ac.at\/kindergruppe\/tagesablauf-und-aktivitaeten\/","title":{"rendered":"Konzept&#038;Aktivit\u00e4ten"},"content":{"rendered":"\n<h2 class=\"wp-block-heading\">P\u00e4dagogische Leitgedanken<\/h2>\n\n\n\n<p>Ein friedliches Miteinander ist essentiell und grundlegend f\u00fcr unsere Arbeit. Mit einem Schwerpunkt auf situationsorientierter Bildungsarbeit begegnen wir den Kindern in einer offenen, empathischen und respektvollen Haltung. Die Entschleunigung in einer schnelllebigen Zeit wird bewusst gef\u00f6rdert, sowohl durch Naturerlebnisse als auch durch Freispiel und verschiedene kreative Aktivit\u00e4ten, sowie unterschiedliche Zusatzausbildungen des p\u00e4dagogischen Fachpersonals (Tanz, Musik, Kinderyoga).<\/p>\n\n\n\n<p>Wir f\u00f6rdern genderneutrales Spiel und ermutigen die Kinder, sich individuell zu entwickeln und von Genderstereotypen frei zu machen. Ein wichtiger Baustein unserer Arbeit ist gewaltfreie Kommunikation. Das bedeutet vor allem, dass wir das Tun der Kinder nicht bewerten, sondern ihre Handlungen nur sprachlich spiegeln. Die R\u00e4ume sind so gestaltet, dass sie Freiheit f\u00fcr die ganzheitliche Entwicklung der Kinder bieten und sich jedes Kind als selbstst\u00e4ndiges Individuum entfalten und entwickeln kann und darf. Musizieren und Tanzen sind ein wichtiger Bestandteil des p\u00e4dagogischen Angebots und feste Bausteine in unserem Tagesablauf. Die Kinder werden ermutigt, kreatives, k\u00fcnstlerisches und handwerkliches Tun zu verbinden und so in ihren individuellen Entwicklungsprozessen gesehen und gef\u00f6rdert. Inklusion im Sinne der Anerkennung der Individualit\u00e4t jedes Kindes wird in den Fokus gestellt. Auch die psychomotorische Entwicklung liegt uns sehr am Herzen. Zweimal pro Woche machen wir gemeinsam Yoga im Morgenkreis. Durch Bewegung und Sport sowie individuelle Vorschulf\u00f6rderung begleiten wir die Kinder in ihrer Entwicklung. Freies Spiel nimmt ebenfalls einen wichtigen Platz ein, um die Fantasie, soziale F\u00e4higkeiten und emotionale Entwicklung der Kinder zu f\u00f6rdern.&nbsp;<\/p>\n\n\n\n<p>Die p\u00e4dagogischen Praktiken beruhen auf bewusster Beobachtung der Kinder, um ihre Bed\u00fcrfnisse, Schwierigkeiten und St\u00e4rken zu erkennen. Es wird auf die Einzigartigkeit der Kinder geachtet. Wir wissen und sch\u00e4tzen, dass nicht jedes Kind gleich, sondern in einem ganz individuellen Rhythmus und Tempo lernt. So kann sich jedes Kind sicher und geborgen f\u00fchlen und dies schafft somit den besten N\u00e4hrboden f\u00fcr nat\u00fcrliche Entfaltung.<\/p>\n\n\n\n<h2 class=\"wp-block-heading\">Ein Tag in der Kindergruppe Sprachmelodie<\/h2>\n\n\n\n<p>08:30\u201309:20 Uhr, Ankommen, Begr\u00fc\u00dfung, Freispiel<br>09:30\u201310:00 Uhr, Gemeinsames Fr\u00fchst\u00fcck<br>10:00\u201310:30 Uhr, Morgenkreis mit gemeinsamer Reflexion und Planung des Tage<br>10:30\u201312:30 Uhr, Gemeinsame Aktivit\u00e4ten (Bewegung, Basteln, t\u00e4gliche Ausfl\u00fcge nach drau\u00dfen)<br>12:30\u201313:00 Uhr, Gemeinsames Mittagessen<br>13:00\u201313:00 Uhr, Ruhezeit und Vorschulzeit (ruhige T\u00e4tigkeiten, Lesen, Geschichten)<br>14:30\u201315:00 Uhr, Nachmittagsjause<br>15:00\u201316:00 Uhr, Freies Spiel und kreative Kleingruppenaktivit\u00e4ten<br>16:00\u201316:20 Uhr, Tagesausklang<br>16:30 Uhr, Kindergruppe schlie\u00dft<\/p>\n\n\n\n<p>Die Kinder bekommen Fr\u00fchst\u00fcck, Mittagessen, Nachmittagsjause und Getr\u00e4nke in der Kindergruppe. Vier mal in der Woche kocht Fiore, unsere italienische K\u00f6chin und ausgebildete Kinderbetreuerin. Das Mittagessen wird t\u00e4glich frisch vor Ort zubereitet, wobei auf ausgewogene Ern\u00e4hrung gro\u00dfer Wert gelegt wird. Durch die offene Architektur sind die Kinder beim Kochen dabei und werden, wo es sinnvoll ist, in die Essenszubereitung einbezogen. So lernen sie ganz nebenbei einen achtsamen Umgang mit Lebensmitteln. Freitags kochen die Eltern im Rad und nach Plan. Wir verwenden vorwiegend biologische Lebensmittel.&nbsp;<\/p>\n\n\n\n<figure class=\"wp-block-gallery has-nested-images columns-default is-cropped wp-block-gallery-1 is-layout-flex wp-block-gallery-is-layout-flex\">\n<figure class=\"wp-block-image size-large\"><img loading=\"lazy\" decoding=\"async\" width=\"732\" height=\"1024\" data-id=\"427\" src=\"https:\/\/www.mdw.ac.at\/kindergruppe\/wp-content\/uploads\/2024\/09\/KiGru-Menues_Seite_1-732x1024.jpg\" alt=\"\" class=\"wp-image-427\" srcset=\"https:\/\/www.mdw.ac.at\/kindergruppe\/wp-content\/uploads\/2024\/09\/KiGru-Menues_Seite_1-732x1024.jpg 732w, https:\/\/www.mdw.ac.at\/kindergruppe\/wp-content\/uploads\/2024\/09\/KiGru-Menues_Seite_1-214x300.jpg 214w, https:\/\/www.mdw.ac.at\/kindergruppe\/wp-content\/uploads\/2024\/09\/KiGru-Menues_Seite_1-768x1075.jpg 768w, https:\/\/www.mdw.ac.at\/kindergruppe\/wp-content\/uploads\/2024\/09\/KiGru-Menues_Seite_1-1097x1536.jpg 1097w, https:\/\/www.mdw.ac.at\/kindergruppe\/wp-content\/uploads\/2024\/09\/KiGru-Menues_Seite_1-1463x2048.jpg 1463w, https:\/\/www.mdw.ac.at\/kindergruppe\/wp-content\/uploads\/2024\/09\/KiGru-Menues_Seite_1.jpg 1671w\" sizes=\"auto, (max-width: 732px) 100vw, 732px\" \/><\/figure>\n\n\n\n<figure class=\"wp-block-image size-large\"><img loading=\"lazy\" decoding=\"async\" width=\"591\" height=\"787\" data-id=\"297\" src=\"https:\/\/www.mdw.ac.at\/kindergruppe\/wp-content\/uploads\/2024\/05\/Kochen-edited-1.jpeg\" alt=\"\" class=\"wp-image-297\" srcset=\"https:\/\/www.mdw.ac.at\/kindergruppe\/wp-content\/uploads\/2024\/05\/Kochen-edited-1.jpeg 591w, https:\/\/www.mdw.ac.at\/kindergruppe\/wp-content\/uploads\/2024\/05\/Kochen-edited-1-225x300.jpeg 225w\" sizes=\"auto, (max-width: 591px) 100vw, 591px\" \/><\/figure>\n<\/figure>\n\n\n\n<p>Abenteuer au\u00dferhalb des gesch\u00fctzten Kindergruppenbereichs werden immer wieder und gerne gewagt. Wir besuchen mit den Kindern Kulturveranstaltungen (z.B. im Dschungel, Lilarum), gehen ins Museum (z.B. ZOOM Kindermuseum) oder erkunden Orte im Freien (z.B. Schweizer Garten oder gr\u00fcner Prater). Auch musikalische Angebote liegen uns sehr am Herzen. Wenn es die Alterstruktur zul\u00e4sst, besuchen die Kinder einen Elementaren Musizier-Kurs der MDW. Sollten viele kleine Kinder in der Gruppe sein, organisiert die Elternschaft musikalische Angebote.<\/p>\n\n\n\n<p>Auch j\u00e4hrliche Feste spielen eine gro\u00dfe Rolle im Leben der Kindergruppe: Die Geburtstage der Kinder werden liebevoll mit einer selbstgebastelten Pi\u00f1ata, Bildern, W\u00fcnschekreis und weiteren festen Ritualen gefeiert. Nikolo, Fasching und Ostern feiern die Kinder mit den P\u00e4dagog*innen in der Gruppe. Zum Laternenfest, der Weihnachtsfeier und zum Sommerfest sind auch Eltern und Geschwister geladen. <\/p>\n\n\n\n<figure class=\"wp-block-gallery has-nested-images columns-default is-cropped wp-block-gallery-2 is-layout-flex wp-block-gallery-is-layout-flex\">\n<figure class=\"wp-block-image size-large\"><img loading=\"lazy\" decoding=\"async\" width=\"768\" height=\"1024\" data-id=\"91\" src=\"https:\/\/www.mdw.ac.at\/kindergruppe\/wp-content\/uploads\/2024\/03\/Igelball-768x1024.jpeg\" alt=\"\" class=\"wp-image-91\" srcset=\"https:\/\/www.mdw.ac.at\/kindergruppe\/wp-content\/uploads\/2024\/03\/Igelball-768x1024.jpeg 768w, https:\/\/www.mdw.ac.at\/kindergruppe\/wp-content\/uploads\/2024\/03\/Igelball-225x300.jpeg 225w, https:\/\/www.mdw.ac.at\/kindergruppe\/wp-content\/uploads\/2024\/03\/Igelball-1152x1536.jpeg 1152w, https:\/\/www.mdw.ac.at\/kindergruppe\/wp-content\/uploads\/2024\/03\/Igelball.jpeg 1200w\" sizes=\"auto, (max-width: 768px) 100vw, 768px\" \/><\/figure>\n\n\n\n<figure class=\"wp-block-image size-large\"><img loading=\"lazy\" decoding=\"async\" width=\"768\" height=\"1024\" data-id=\"92\" src=\"https:\/\/www.mdw.ac.at\/kindergruppe\/wp-content\/uploads\/2024\/03\/Stadtpark-768x1024.jpeg\" alt=\"\" class=\"wp-image-92\" srcset=\"https:\/\/www.mdw.ac.at\/kindergruppe\/wp-content\/uploads\/2024\/03\/Stadtpark-768x1024.jpeg 768w, https:\/\/www.mdw.ac.at\/kindergruppe\/wp-content\/uploads\/2024\/03\/Stadtpark-225x300.jpeg 225w, https:\/\/www.mdw.ac.at\/kindergruppe\/wp-content\/uploads\/2024\/03\/Stadtpark-1152x1536.jpeg 1152w, https:\/\/www.mdw.ac.at\/kindergruppe\/wp-content\/uploads\/2024\/03\/Stadtpark.jpeg 1200w\" sizes=\"auto, (max-width: 768px) 100vw, 768px\" \/><\/figure>\n\n\n\n<figure class=\"wp-block-image size-large\"><img loading=\"lazy\" decoding=\"async\" width=\"768\" height=\"1024\" data-id=\"99\" src=\"https:\/\/www.mdw.ac.at\/kindergruppe\/wp-content\/uploads\/2024\/03\/Kneten-768x1024.jpeg\" alt=\"\" class=\"wp-image-99\" srcset=\"https:\/\/www.mdw.ac.at\/kindergruppe\/wp-content\/uploads\/2024\/03\/Kneten-768x1024.jpeg 768w, https:\/\/www.mdw.ac.at\/kindergruppe\/wp-content\/uploads\/2024\/03\/Kneten-225x300.jpeg 225w, https:\/\/www.mdw.ac.at\/kindergruppe\/wp-content\/uploads\/2024\/03\/Kneten-1152x1536.jpeg 1152w, https:\/\/www.mdw.ac.at\/kindergruppe\/wp-content\/uploads\/2024\/03\/Kneten.jpeg 1200w\" sizes=\"auto, (max-width: 768px) 100vw, 768px\" \/><\/figure>\n\n\n\n<figure class=\"wp-block-image size-large\"><img loading=\"lazy\" decoding=\"async\" width=\"768\" height=\"1024\" data-id=\"98\" src=\"https:\/\/www.mdw.ac.at\/kindergruppe\/wp-content\/uploads\/2024\/03\/Luftballontanz-768x1024.jpeg\" alt=\"\" class=\"wp-image-98\" srcset=\"https:\/\/www.mdw.ac.at\/kindergruppe\/wp-content\/uploads\/2024\/03\/Luftballontanz-768x1024.jpeg 768w, https:\/\/www.mdw.ac.at\/kindergruppe\/wp-content\/uploads\/2024\/03\/Luftballontanz-225x300.jpeg 225w, https:\/\/www.mdw.ac.at\/kindergruppe\/wp-content\/uploads\/2024\/03\/Luftballontanz-1152x1536.jpeg 1152w, https:\/\/www.mdw.ac.at\/kindergruppe\/wp-content\/uploads\/2024\/03\/Luftballontanz.jpeg 1200w\" sizes=\"auto, (max-width: 768px) 100vw, 768px\" \/><\/figure>\n\n\n\n<figure class=\"wp-block-image size-large\"><img loading=\"lazy\" decoding=\"async\" width=\"768\" height=\"1024\" data-id=\"94\" src=\"https:\/\/www.mdw.ac.at\/kindergruppe\/wp-content\/uploads\/2024\/03\/Yoga2-768x1024.jpeg\" alt=\"\" class=\"wp-image-94\" srcset=\"https:\/\/www.mdw.ac.at\/kindergruppe\/wp-content\/uploads\/2024\/03\/Yoga2-768x1024.jpeg 768w, https:\/\/www.mdw.ac.at\/kindergruppe\/wp-content\/uploads\/2024\/03\/Yoga2-225x300.jpeg 225w, https:\/\/www.mdw.ac.at\/kindergruppe\/wp-content\/uploads\/2024\/03\/Yoga2-1152x1536.jpeg 1152w, https:\/\/www.mdw.ac.at\/kindergruppe\/wp-content\/uploads\/2024\/03\/Yoga2.jpeg 1200w\" sizes=\"auto, (max-width: 768px) 100vw, 768px\" \/><\/figure>\n\n\n\n<figure class=\"wp-block-image size-large\"><img loading=\"lazy\" decoding=\"async\" width=\"768\" height=\"1024\" data-id=\"100\" src=\"https:\/\/www.mdw.ac.at\/kindergruppe\/wp-content\/uploads\/2024\/03\/Basteln-768x1024.jpeg\" alt=\"\" class=\"wp-image-100\" srcset=\"https:\/\/www.mdw.ac.at\/kindergruppe\/wp-content\/uploads\/2024\/03\/Basteln-768x1024.jpeg 768w, https:\/\/www.mdw.ac.at\/kindergruppe\/wp-content\/uploads\/2024\/03\/Basteln-225x300.jpeg 225w, https:\/\/www.mdw.ac.at\/kindergruppe\/wp-content\/uploads\/2024\/03\/Basteln-1152x1536.jpeg 1152w, https:\/\/www.mdw.ac.at\/kindergruppe\/wp-content\/uploads\/2024\/03\/Basteln.jpeg 1200w\" sizes=\"auto, (max-width: 768px) 100vw, 768px\" \/><\/figure>\n\n\n\n<figure class=\"wp-block-image size-large\"><img loading=\"lazy\" decoding=\"async\" width=\"687\" height=\"916\" data-id=\"203\" src=\"https:\/\/www.mdw.ac.at\/kindergruppe\/wp-content\/uploads\/2024\/05\/Yoga-edited-1.jpeg\" alt=\"\" class=\"wp-image-203\" srcset=\"https:\/\/www.mdw.ac.at\/kindergruppe\/wp-content\/uploads\/2024\/05\/Yoga-edited-1.jpeg 687w, https:\/\/www.mdw.ac.at\/kindergruppe\/wp-content\/uploads\/2024\/05\/Yoga-edited-1-225x300.jpeg 225w\" sizes=\"auto, (max-width: 687px) 100vw, 687px\" \/><\/figure>\n\n\n\n<figure class=\"wp-block-image size-large\"><img loading=\"lazy\" decoding=\"async\" width=\"768\" height=\"1024\" data-id=\"266\" src=\"https:\/\/www.mdw.ac.at\/kindergruppe\/wp-content\/uploads\/2024\/05\/EMP-4-1-768x1024.jpeg\" alt=\"\" class=\"wp-image-266\" srcset=\"https:\/\/www.mdw.ac.at\/kindergruppe\/wp-content\/uploads\/2024\/05\/EMP-4-1-768x1024.jpeg 768w, https:\/\/www.mdw.ac.at\/kindergruppe\/wp-content\/uploads\/2024\/05\/EMP-4-1-225x300.jpeg 225w, https:\/\/www.mdw.ac.at\/kindergruppe\/wp-content\/uploads\/2024\/05\/EMP-4-1-1152x1536.jpeg 1152w, https:\/\/www.mdw.ac.at\/kindergruppe\/wp-content\/uploads\/2024\/05\/EMP-4-1.jpeg 1200w\" sizes=\"auto, (max-width: 768px) 100vw, 768px\" \/><\/figure>\n\n\n\n<figure class=\"wp-block-image size-large\"><img loading=\"lazy\" decoding=\"async\" width=\"768\" height=\"1024\" data-id=\"252\" src=\"https:\/\/www.mdw.ac.at\/kindergruppe\/wp-content\/uploads\/2024\/05\/Waldtag-5-768x1024.jpeg\" alt=\"\" class=\"wp-image-252\" srcset=\"https:\/\/www.mdw.ac.at\/kindergruppe\/wp-content\/uploads\/2024\/05\/Waldtag-5-768x1024.jpeg 768w, https:\/\/www.mdw.ac.at\/kindergruppe\/wp-content\/uploads\/2024\/05\/Waldtag-5-225x300.jpeg 225w, https:\/\/www.mdw.ac.at\/kindergruppe\/wp-content\/uploads\/2024\/05\/Waldtag-5-1152x1536.jpeg 1152w, https:\/\/www.mdw.ac.at\/kindergruppe\/wp-content\/uploads\/2024\/05\/Waldtag-5.jpeg 1200w\" sizes=\"auto, (max-width: 768px) 100vw, 768px\" \/><\/figure>\n<\/figure>\n\n\n<figure class=\"wp-block-post-featured-image\"><img loading=\"lazy\" decoding=\"async\" width=\"1600\" height=\"1200\" src=\"https:\/\/www.mdw.ac.at\/kindergruppe\/wp-content\/uploads\/2024\/05\/Zusammenhalt.jpeg\" class=\"attachment-post-thumbnail size-post-thumbnail wp-post-image\" alt=\"\" style=\"object-fit:cover;\" srcset=\"https:\/\/www.mdw.ac.at\/kindergruppe\/wp-content\/uploads\/2024\/05\/Zusammenhalt.jpeg 1600w, https:\/\/www.mdw.ac.at\/kindergruppe\/wp-content\/uploads\/2024\/05\/Zusammenhalt-300x225.jpeg 300w, https:\/\/www.mdw.ac.at\/kindergruppe\/wp-content\/uploads\/2024\/05\/Zusammenhalt-1024x768.jpeg 1024w, https:\/\/www.mdw.ac.at\/kindergruppe\/wp-content\/uploads\/2024\/05\/Zusammenhalt-768x576.jpeg 768w, https:\/\/www.mdw.ac.at\/kindergruppe\/wp-content\/uploads\/2024\/05\/Zusammenhalt-1536x1152.jpeg 1536w\" sizes=\"auto, (max-width: 1600px) 100vw, 1600px\" \/><\/figure>","protected":false},"excerpt":{"rendered":"<p>P\u00e4dagogische Leitgedanken Ein friedliches Miteinander ist essentiell und grundlegend f\u00fcr unsere Arbeit. Mit einem Schwerpunkt auf situationsorientierter Bildungsarbeit begegnen wir den Kindern in einer offenen, empathischen und respektvollen Haltung. Die Entschleunigung in einer schnelllebigen Zeit wird bewusst gef\u00f6rdert, sowohl durch Naturerlebnisse als auch durch Freispiel und verschiedene kreative Aktivit\u00e4ten, sowie unterschiedliche Zusatzausbildungen des p\u00e4dagogischen Fachpersonals (Tanz, Musik, Kinderyoga). Wir f\u00f6rdern genderneutrales Spiel und ermutigen die Kinder, sich individuell zu entwickeln und von Genderstereotypen frei zu machen. Ein wichtiger Baustein unserer Arbeit ist gewaltfreie Kommunikation. Das bedeutet vor allem, dass wir das Tun der Kinder nicht bewerten, sondern ihre Handlungen nur [&hellip;]<\/p>\n","protected":false},"author":1,"featured_media":366,"parent":0,"menu_order":0,"comment_status":"closed","ping_status":"closed","template":"","meta":{"footnotes":""},"class_list":["post-40","page","type-page","status-publish","has-post-thumbnail","hentry"],"yoast_head":"<!-- This site is optimized with the Yoast SEO plugin v23.5 - https:\/\/yoast.com\/wordpress\/plugins\/seo\/ -->\n<title>Konzept&amp;Aktivit\u00e4ten - Kindergruppe Sprachmelodie<\/title>\n<meta name=\"robots\" content=\"index, follow, max-snippet:-1, max-image-preview:large, max-video-preview:-1\" \/>\n<link rel=\"canonical\" href=\"https:\/\/www.mdw.ac.at\/kindergruppe\/tagesablauf-und-aktivitaeten\/\" \/>\n<meta property=\"og:locale\" content=\"de_DE\" \/>\n<meta property=\"og:type\" content=\"article\" \/>\n<meta property=\"og:title\" content=\"Konzept&amp;Aktivit\u00e4ten - Kindergruppe Sprachmelodie\" \/>\n<meta property=\"og:description\" content=\"P\u00e4dagogische Leitgedanken Ein friedliches Miteinander ist essentiell und grundlegend f\u00fcr unsere Arbeit. Mit einem Schwerpunkt auf situationsorientierter Bildungsarbeit begegnen wir den Kindern in einer offenen, empathischen und respektvollen Haltung. Die Entschleunigung in einer schnelllebigen Zeit wird bewusst gef\u00f6rdert, sowohl durch Naturerlebnisse als auch durch Freispiel und verschiedene kreative Aktivit\u00e4ten, sowie unterschiedliche Zusatzausbildungen des p\u00e4dagogischen Fachpersonals (Tanz, Musik, Kinderyoga). Wir f\u00f6rdern genderneutrales Spiel und ermutigen die Kinder, sich individuell zu entwickeln und von Genderstereotypen frei zu machen. Ein wichtiger Baustein unserer Arbeit ist gewaltfreie Kommunikation. Das bedeutet vor allem, dass wir das Tun der Kinder nicht bewerten, sondern ihre Handlungen nur [&hellip;]\" \/>\n<meta property=\"og:url\" content=\"https:\/\/www.mdw.ac.at\/kindergruppe\/tagesablauf-und-aktivitaeten\/\" \/>\n<meta property=\"og:site_name\" content=\"Kindergruppe Sprachmelodie\" \/>\n<meta property=\"article:modified_time\" content=\"2024-09-06T12:28:05+00:00\" \/>\n<meta property=\"og:image\" content=\"https:\/\/www.mdw.ac.at\/kindergruppe\/wp-content\/uploads\/2024\/05\/Zusammenhalt.jpeg\" \/>\n\t<meta property=\"og:image:width\" content=\"1600\" \/>\n\t<meta property=\"og:image:height\" content=\"1200\" \/>\n\t<meta property=\"og:image:type\" content=\"image\/jpeg\" \/>\n<meta name=\"twitter:card\" content=\"summary_large_image\" \/>\n<meta name=\"twitter:label1\" content=\"Gesch\u00e4tzte Lesezeit\" \/>\n\t<meta name=\"twitter:data1\" content=\"3\u00a0Minuten\" \/>\n<script type=\"application\/ld+json\" class=\"yoast-schema-graph\">{\"@context\":\"https:\/\/schema.org\",\"@graph\":[{\"@type\":\"WebPage\",\"@id\":\"https:\/\/www.mdw.ac.at\/kindergruppe\/tagesablauf-und-aktivitaeten\/\",\"url\":\"https:\/\/www.mdw.ac.at\/kindergruppe\/tagesablauf-und-aktivitaeten\/\",\"name\":\"Konzept&Aktivit\u00e4ten - Kindergruppe Sprachmelodie\",\"isPartOf\":{\"@id\":\"https:\/\/www.mdw.ac.at\/kindergruppe\/#website\"},\"primaryImageOfPage\":{\"@id\":\"https:\/\/www.mdw.ac.at\/kindergruppe\/tagesablauf-und-aktivitaeten\/#primaryimage\"},\"image\":{\"@id\":\"https:\/\/www.mdw.ac.at\/kindergruppe\/tagesablauf-und-aktivitaeten\/#primaryimage\"},\"thumbnailUrl\":\"https:\/\/www.mdw.ac.at\/kindergruppe\/wp-content\/uploads\/2024\/05\/Zusammenhalt.jpeg\",\"datePublished\":\"2024-03-18T21:18:27+00:00\",\"dateModified\":\"2024-09-06T12:28:05+00:00\",\"breadcrumb\":{\"@id\":\"https:\/\/www.mdw.ac.at\/kindergruppe\/tagesablauf-und-aktivitaeten\/#breadcrumb\"},\"inLanguage\":\"de\",\"potentialAction\":[{\"@type\":\"ReadAction\",\"target\":[\"https:\/\/www.mdw.ac.at\/kindergruppe\/tagesablauf-und-aktivitaeten\/\"]}]},{\"@type\":\"ImageObject\",\"inLanguage\":\"de\",\"@id\":\"https:\/\/www.mdw.ac.at\/kindergruppe\/tagesablauf-und-aktivitaeten\/#primaryimage\",\"url\":\"https:\/\/www.mdw.ac.at\/kindergruppe\/wp-content\/uploads\/2024\/05\/Zusammenhalt.jpeg\",\"contentUrl\":\"https:\/\/www.mdw.ac.at\/kindergruppe\/wp-content\/uploads\/2024\/05\/Zusammenhalt.jpeg\",\"width\":1600,\"height\":1200},{\"@type\":\"BreadcrumbList\",\"@id\":\"https:\/\/www.mdw.ac.at\/kindergruppe\/tagesablauf-und-aktivitaeten\/#breadcrumb\",\"itemListElement\":[{\"@type\":\"ListItem\",\"position\":1,\"name\":\"Startseite\",\"item\":\"https:\/\/www.mdw.ac.at\/kindergruppe\/\"},{\"@type\":\"ListItem\",\"position\":2,\"name\":\"Konzept&#038;Aktivit\u00e4ten\"}]},{\"@type\":\"WebSite\",\"@id\":\"https:\/\/www.mdw.ac.at\/kindergruppe\/#website\",\"url\":\"https:\/\/www.mdw.ac.at\/kindergruppe\/\",\"name\":\"Kindergruppe Sprachmelodie\",\"description\":\"Universit\u00e4t f\u00fcr Musik und darstellende Kunst Wien\",\"publisher\":{\"@id\":\"https:\/\/www.mdw.ac.at\/kindergruppe\/#organization\"},\"potentialAction\":[{\"@type\":\"SearchAction\",\"target\":{\"@type\":\"EntryPoint\",\"urlTemplate\":\"https:\/\/www.mdw.ac.at\/kindergruppe\/?s={search_term_string}\"},\"query-input\":{\"@type\":\"PropertyValueSpecification\",\"valueRequired\":true,\"valueName\":\"search_term_string\"}}],\"inLanguage\":\"de\"},{\"@type\":\"Organization\",\"@id\":\"https:\/\/www.mdw.ac.at\/kindergruppe\/#organization\",\"name\":\"Kindergruppe Sprachmelodie\",\"url\":\"https:\/\/www.mdw.ac.at\/kindergruppe\/\",\"logo\":{\"@type\":\"ImageObject\",\"inLanguage\":\"de\",\"@id\":\"https:\/\/www.mdw.ac.at\/kindergruppe\/#\/schema\/logo\/image\/\",\"url\":\"https:\/\/www.mdw.ac.at\/kindergruppe\/wp-content\/uploads\/2024\/10\/cropped-Kopie-von-Wurzeln-der-Liebe.png\",\"contentUrl\":\"https:\/\/www.mdw.ac.at\/kindergruppe\/wp-content\/uploads\/2024\/10\/cropped-Kopie-von-Wurzeln-der-Liebe.png\",\"width\":500,\"height\":500,\"caption\":\"Kindergruppe Sprachmelodie\"},\"image\":{\"@id\":\"https:\/\/www.mdw.ac.at\/kindergruppe\/#\/schema\/logo\/image\/\"}}]}<\/script>\n<!-- \/ Yoast SEO plugin. -->","yoast_head_json":{"title":"Konzept&Aktivit\u00e4ten - Kindergruppe Sprachmelodie","robots":{"index":"index","follow":"follow","max-snippet":"max-snippet:-1","max-image-preview":"max-image-preview:large","max-video-preview":"max-video-preview:-1"},"canonical":"https:\/\/www.mdw.ac.at\/kindergruppe\/tagesablauf-und-aktivitaeten\/","og_locale":"de_DE","og_type":"article","og_title":"Konzept&Aktivit\u00e4ten - Kindergruppe Sprachmelodie","og_description":"P\u00e4dagogische Leitgedanken Ein friedliches Miteinander ist essentiell und grundlegend f\u00fcr unsere Arbeit. Mit einem Schwerpunkt auf situationsorientierter Bildungsarbeit begegnen wir den Kindern in einer offenen, empathischen und respektvollen Haltung. Die Entschleunigung in einer schnelllebigen Zeit wird bewusst gef\u00f6rdert, sowohl durch Naturerlebnisse als auch durch Freispiel und verschiedene kreative Aktivit\u00e4ten, sowie unterschiedliche Zusatzausbildungen des p\u00e4dagogischen Fachpersonals (Tanz, Musik, Kinderyoga). Wir f\u00f6rdern genderneutrales Spiel und ermutigen die Kinder, sich individuell zu entwickeln und von Genderstereotypen frei zu machen. Ein wichtiger Baustein unserer Arbeit ist gewaltfreie Kommunikation. Das bedeutet vor allem, dass wir das Tun der Kinder nicht bewerten, sondern ihre Handlungen nur [&hellip;]","og_url":"https:\/\/www.mdw.ac.at\/kindergruppe\/tagesablauf-und-aktivitaeten\/","og_site_name":"Kindergruppe Sprachmelodie","article_modified_time":"2024-09-06T12:28:05+00:00","og_image":[{"width":1600,"height":1200,"url":"https:\/\/www.mdw.ac.at\/kindergruppe\/wp-content\/uploads\/2024\/05\/Zusammenhalt.jpeg","type":"image\/jpeg"}],"twitter_card":"summary_large_image","twitter_misc":{"Gesch\u00e4tzte Lesezeit":"3\u00a0Minuten"},"schema":{"@context":"https:\/\/schema.org","@graph":[{"@type":"WebPage","@id":"https:\/\/www.mdw.ac.at\/kindergruppe\/tagesablauf-und-aktivitaeten\/","url":"https:\/\/www.mdw.ac.at\/kindergruppe\/tagesablauf-und-aktivitaeten\/","name":"Konzept&Aktivit\u00e4ten - Kindergruppe Sprachmelodie","isPartOf":{"@id":"https:\/\/www.mdw.ac.at\/kindergruppe\/#website"},"primaryImageOfPage":{"@id":"https:\/\/www.mdw.ac.at\/kindergruppe\/tagesablauf-und-aktivitaeten\/#primaryimage"},"image":{"@id":"https:\/\/www.mdw.ac.at\/kindergruppe\/tagesablauf-und-aktivitaeten\/#primaryimage"},"thumbnailUrl":"https:\/\/www.mdw.ac.at\/kindergruppe\/wp-content\/uploads\/2024\/05\/Zusammenhalt.jpeg","datePublished":"2024-03-18T21:18:27+00:00","dateModified":"2024-09-06T12:28:05+00:00","breadcrumb":{"@id":"https:\/\/www.mdw.ac.at\/kindergruppe\/tagesablauf-und-aktivitaeten\/#breadcrumb"},"inLanguage":"de","potentialAction":[{"@type":"ReadAction","target":["https:\/\/www.mdw.ac.at\/kindergruppe\/tagesablauf-und-aktivitaeten\/"]}]},{"@type":"ImageObject","inLanguage":"de","@id":"https:\/\/www.mdw.ac.at\/kindergruppe\/tagesablauf-und-aktivitaeten\/#primaryimage","url":"https:\/\/www.mdw.ac.at\/kindergruppe\/wp-content\/uploads\/2024\/05\/Zusammenhalt.jpeg","contentUrl":"https:\/\/www.mdw.ac.at\/kindergruppe\/wp-content\/uploads\/2024\/05\/Zusammenhalt.jpeg","width":1600,"height":1200},{"@type":"BreadcrumbList","@id":"https:\/\/www.mdw.ac.at\/kindergruppe\/tagesablauf-und-aktivitaeten\/#breadcrumb","itemListElement":[{"@type":"ListItem","position":1,"name":"Startseite","item":"https:\/\/www.mdw.ac.at\/kindergruppe\/"},{"@type":"ListItem","position":2,"name":"Konzept&#038;Aktivit\u00e4ten"}]},{"@type":"WebSite","@id":"https:\/\/www.mdw.ac.at\/kindergruppe\/#website","url":"https:\/\/www.mdw.ac.at\/kindergruppe\/","name":"Kindergruppe Sprachmelodie","description":"Universit\u00e4t f\u00fcr Musik und darstellende Kunst Wien","publisher":{"@id":"https:\/\/www.mdw.ac.at\/kindergruppe\/#organization"},"potentialAction":[{"@type":"SearchAction","target":{"@type":"EntryPoint","urlTemplate":"https:\/\/www.mdw.ac.at\/kindergruppe\/?s={search_term_string}"},"query-input":{"@type":"PropertyValueSpecification","valueRequired":true,"valueName":"search_term_string"}}],"inLanguage":"de"},{"@type":"Organization","@id":"https:\/\/www.mdw.ac.at\/kindergruppe\/#organization","name":"Kindergruppe Sprachmelodie","url":"https:\/\/www.mdw.ac.at\/kindergruppe\/","logo":{"@type":"ImageObject","inLanguage":"de","@id":"https:\/\/www.mdw.ac.at\/kindergruppe\/#\/schema\/logo\/image\/","url":"https:\/\/www.mdw.ac.at\/kindergruppe\/wp-content\/uploads\/2024\/10\/cropped-Kopie-von-Wurzeln-der-Liebe.png","contentUrl":"https:\/\/www.mdw.ac.at\/kindergruppe\/wp-content\/uploads\/2024\/10\/cropped-Kopie-von-Wurzeln-der-Liebe.png","width":500,"height":500,"caption":"Kindergruppe Sprachmelodie"},"image":{"@id":"https:\/\/www.mdw.ac.at\/kindergruppe\/#\/schema\/logo\/image\/"}}]}},"_links":{"self":[{"href":"https:\/\/www.mdw.ac.at\/kindergruppe\/wp-json\/wp\/v2\/pages\/40","targetHints":{"allow":["GET"]}}],"collection":[{"href":"https:\/\/www.mdw.ac.at\/kindergruppe\/wp-json\/wp\/v2\/pages"}],"about":[{"href":"https:\/\/www.mdw.ac.at\/kindergruppe\/wp-json\/wp\/v2\/types\/page"}],"author":[{"embeddable":true,"href":"https:\/\/www.mdw.ac.at\/kindergruppe\/wp-json\/wp\/v2\/users\/1"}],"replies":[{"embeddable":true,"href":"https:\/\/www.mdw.ac.at\/kindergruppe\/wp-json\/wp\/v2\/comments?post=40"}],"version-history":[{"count":15,"href":"https:\/\/www.mdw.ac.at\/kindergruppe\/wp-json\/wp\/v2\/pages\/40\/revisions"}],"predecessor-version":[{"id":428,"href":"https:\/\/www.mdw.ac.at\/kindergruppe\/wp-json\/wp\/v2\/pages\/40\/revisions\/428"}],"wp:featuredmedia":[{"embeddable":true,"href":"https:\/\/www.mdw.ac.at\/kindergruppe\/wp-json\/wp\/v2\/media\/366"}],"wp:attachment":[{"href":"https:\/\/www.mdw.ac.at\/kindergruppe\/wp-json\/wp\/v2\/media?parent=40"}],"curies":[{"name":"wp","href":"https:\/\/api.w.org\/{rel}","templated":true}]}}