{"id":37,"date":"2024-03-18T21:18:26","date_gmt":"2024-03-18T21:18:26","guid":{"rendered":"https:\/\/www.mdw.ac.at\/kindergruppe\/wordpress\/?page_id=37"},"modified":"2025-09-09T20:09:41","modified_gmt":"2025-09-09T20:09:41","slug":"team","status":"publish","type":"page","link":"https:\/\/www.mdw.ac.at\/kindergruppe\/team\/","title":{"rendered":"Team&#038;Verein"},"content":{"rendered":"\n<h2 class=\"wp-block-heading\">Das Team<\/h2>\n\n\n\n<figure class=\"wp-block-image size-full is-resized\"><img loading=\"lazy\" decoding=\"async\" width=\"1771\" height=\"2560\" src=\"https:\/\/www.mdw.ac.at\/kindergruppe\/wp-content\/uploads\/2024\/10\/IMG_2974-scaled.jpg\" alt=\"\" class=\"wp-image-454\" style=\"width:347px;height:auto\" srcset=\"https:\/\/www.mdw.ac.at\/kindergruppe\/wp-content\/uploads\/2024\/10\/IMG_2974-scaled.jpg 1771w, https:\/\/www.mdw.ac.at\/kindergruppe\/wp-content\/uploads\/2024\/10\/IMG_2974-208x300.jpg 208w, https:\/\/www.mdw.ac.at\/kindergruppe\/wp-content\/uploads\/2024\/10\/IMG_2974-708x1024.jpg 708w, https:\/\/www.mdw.ac.at\/kindergruppe\/wp-content\/uploads\/2024\/10\/IMG_2974-768x1110.jpg 768w, https:\/\/www.mdw.ac.at\/kindergruppe\/wp-content\/uploads\/2024\/10\/IMG_2974-1062x1536.jpg 1062w, https:\/\/www.mdw.ac.at\/kindergruppe\/wp-content\/uploads\/2024\/10\/IMG_2974-1417x2048.jpg 1417w\" sizes=\"auto, (max-width: 1771px) 100vw, 1771px\" \/><\/figure>\n\n\n\n<h3 class=\"wp-block-heading\">Sarah Castrian<\/h3>\n\n\n\n<h4 class=\"wp-block-heading\">Diplomierte Kindergartenp\u00e4dagogin und Sprachlehrerin<\/h4>\n\n\n\n<p>Geboren und aufgewachsen im sch\u00f6nen Salzburg, ging es nach der Schule f\u00fcr die Ausbildung und das Studium nach Wien, wo ich \u2013 wie viele andere auch \u2013 \u201epickengeblieben\u201c bin. Mittlerweile lebe ich mit meinem Mann, unserer 9-j\u00e4hrigen Tochter und zwei Katzen im sch\u00f6nen 2. Gemeindebezirk. In meiner Freizeit singe ich im Chor, spiele oder philosophiere mit meiner Tochter oder lasse die Seele in einem der nahegelegenen Parks baumeln.<br>Es bereitet mir gro\u00dfe Freude, Kinder auf ihrem pers\u00f6nlichen Entwicklungs- und Lernweg zu begleiten und mit ihnen gemeinsam zu staunen sowie Neues zu entdecken. F\u00fcr mich ist kindliches Lernen ein ganzheitlicher Prozess, der das Begreifen und Erleben mit allen Sinnen umfasst. Dies geschieht zum Beispiel im freien Spiel, beim Ausprobieren allt\u00e4glicher T\u00e4tigkeiten wie dem Schneiden von Gem\u00fcse, beim Singen, Tanzen und Experimentieren mit Sprache.<br>Als P\u00e4dagogin sehe ich es als meine Aufgabe, einen Rahmen zu schaffen, der den Kindern Geborgenheit bietet und gleichzeitig gen\u00fcgend Freiraum l\u00e4sst, damit sie sich in ihrem eigenen Tempo entfalten k\u00f6nnen.<br>Zus\u00e4tzlich bringe ich meine Leidenschaft f\u00fcr Sprachen in die Arbeit mit den Kindern ein. Ich nutze kreative Methoden, um den Kindern spielerisch Sprachkompetenzen zu vermitteln. Durch Lieder, Geschichten und interaktive Spiele schaffen wir gemeinsam eine lebendige Sprachumgebung, die das Lernen f\u00f6rdert und das Interesse an anderen Sprachen weckt. So ermutige ich die Kinder, ihre sprachlichen F\u00e4higkeiten zu entfalten und Freude am Ausdruck zu entwickeln.<\/p>\n\n\n\n<figure class=\"wp-block-image size-large is-resized\"><img loading=\"lazy\" decoding=\"async\" width=\"792\" height=\"1024\" src=\"https:\/\/www.mdw.ac.at\/kindergruppe\/wp-content\/uploads\/2024\/05\/Melanie-792x1024.jpeg\" alt=\"\" class=\"wp-image-320\" style=\"width:342px;height:auto\" srcset=\"https:\/\/www.mdw.ac.at\/kindergruppe\/wp-content\/uploads\/2024\/05\/Melanie-792x1024.jpeg 792w, https:\/\/www.mdw.ac.at\/kindergruppe\/wp-content\/uploads\/2024\/05\/Melanie-232x300.jpeg 232w, https:\/\/www.mdw.ac.at\/kindergruppe\/wp-content\/uploads\/2024\/05\/Melanie-768x993.jpeg 768w, https:\/\/www.mdw.ac.at\/kindergruppe\/wp-content\/uploads\/2024\/05\/Melanie-1188x1536.jpeg 1188w, https:\/\/www.mdw.ac.at\/kindergruppe\/wp-content\/uploads\/2024\/05\/Melanie.jpeg 1238w\" sizes=\"auto, (max-width: 792px) 100vw, 792px\" \/><\/figure>\n\n\n\n<h3 class=\"wp-block-heading\">Melanie Sattler<\/h3>\n\n\n\n<h4 class=\"wp-block-heading\">Kindergruppenbetreuerin, Dipl. Montessorip\u00e4dagogin, Kinderyogalehrerin<\/h4>\n\n\n\n<p>Die gr\u00f6\u00dfte Freude an der Arbeit mit Kindern bereitet mir, gemeinsam die Welt mit allen Sinnen zu entdecken und zu erforschen und die Kinder auf ihrem Weg und in ihrer Entwicklung individuell zu begleiten und zu st\u00e4rken. In meiner p\u00e4dagogischen Arbeit steht das nat\u00fcrliche Lernen in Verbindung mit der Natur im Vordergrund. Ein achtsamer, respektvoller Umgang uns selbst gegen\u00fcber, allen anderen und der Natur gegen\u00fcber sind mir besonders wichtig. Das freie Spiel erm\u00f6glicht dem Kind die Entdeckung seiner eigenen Kreativit\u00e4t, seiner Interessen und seiner Selbstwirksamkeit. Besonders durch den Aufenthalt in der Natur entstehen kreative Prozesse und diese geben der Fantasie Freiraum. Sie entdecken so die unendlichen Ressourcen, die bereits in ihnen stecken und auf die sie ihr Leben lang zugreifen k\u00f6nnen. Sie sammeln Erfahrungen, negative so wie positive und entwickeln so die Kompetenz mit den daraus entstehenden Gef\u00fchlen umzugehen.<br>Einen weiteren essenziellen Teil meiner Arbeit sehe ich in der nat\u00fcrlichen Konfliktl\u00f6sung und den Kindern dabei zur Seite zu stehen. Alle Gef\u00fchle haben ihren Raum, d\u00fcrfen da sein und k\u00f6nnen auf unterschiedlichste Art verarbeitet werden. An dieser Stelle lasse ich gerne mein Wissen als Kinderyogalehrerin einflie\u00dfen, um mit den Kindern auf spielerische Art und Weise ihre Gef\u00fchle zu erforschen. Denn wenn wir im Einklang mit uns selbst sind kann sich unser nat\u00fcrliches Potenzial entfalten. So finden sie mutig und selbstbewusst ihren weiteren Weg! Sie darin zu ermutigen und ihre Faszination dem Leben gegen\u00fcber zu erhalten ist mir ein gro\u00dfes Herzensanliegen.<br>Die Zukunft liegt in den H\u00e4nden unserer Kinder. Eine gute Basis ist das Fundament f\u00fcr den weiteren Weg, auf dem sie gehen und wie sie sich selbst, der Welt und den Menschen begegnen.<\/p>\n\n\n\n<figure class=\"wp-block-image size-full is-resized\"><img loading=\"lazy\" decoding=\"async\" width=\"300\" height=\"400\" src=\"https:\/\/www.mdw.ac.at\/kindergruppe\/wp-content\/uploads\/2024\/02\/victor-edited.jpeg\" alt=\"\" class=\"wp-image-51\" style=\"width:330px;height:auto\" srcset=\"https:\/\/www.mdw.ac.at\/kindergruppe\/wp-content\/uploads\/2024\/02\/victor-edited.jpeg 300w, https:\/\/www.mdw.ac.at\/kindergruppe\/wp-content\/uploads\/2024\/02\/victor-edited-225x300.jpeg 225w\" sizes=\"auto, (max-width: 300px) 100vw, 300px\" \/><\/figure>\n\n\n\n<h3 class=\"wp-block-heading\">Victor Urtubia<\/h3>\n\n\n\n<h4 class=\"wp-block-heading\">Kindergruppenbetreuer<\/h4>\n\n\n\n<p>In meiner p\u00e4dagogischen Arbeit liegt der Fokus darauf, auf die Pers\u00f6nlichkeit und Individualit\u00e4t jedes einzelnen Kindes einzugehen. Jedes Kind ist einzigartig und braucht daher eine spezielle Behandlung. Die verst\u00e4rkte Aufnahmef\u00e4higkeit im Vorschulalter bietet ein gro\u00dfes Potential, besondere St\u00e4rken und Talente fr\u00fch zu entdecken und auszubauen. Daher ist es meiner Meinung nach sehr wichtig diese Kapazit\u00e4ten zu stimulieren und den Kindern spielerisch Fremdsprachen, Musik, k\u00fcnstlerischen Ausdruck und Motorik n\u00e4her zu bringen. Oft spreche ich Spanisch mit den Kindern. Ein weiterer wichtiger Punkt in meiner Arbeit als P\u00e4dagoge ist es, den Kindern fr\u00fch beizubringen, ihre Gef\u00fchle und Meinungen auszudr\u00fccken und besonders darauf zu achten, respektvoll mit anderen umzugehen.<\/p>\n\n\n\n<figure class=\"wp-block-image size-large is-resized\"><img loading=\"lazy\" decoding=\"async\" width=\"768\" height=\"1024\" src=\"https:\/\/www.mdw.ac.at\/kindergruppe\/wp-content\/uploads\/2024\/05\/Fiore-edited-768x1024.jpeg\" alt=\"\" class=\"wp-image-354\" style=\"width:325px;height:auto\" srcset=\"https:\/\/www.mdw.ac.at\/kindergruppe\/wp-content\/uploads\/2024\/05\/Fiore-edited-768x1024.jpeg 768w, https:\/\/www.mdw.ac.at\/kindergruppe\/wp-content\/uploads\/2024\/05\/Fiore-edited-225x300.jpeg 225w, https:\/\/www.mdw.ac.at\/kindergruppe\/wp-content\/uploads\/2024\/05\/Fiore-edited.jpeg 923w\" sizes=\"auto, (max-width: 768px) 100vw, 768px\" \/><\/figure>\n\n\n\n<h2 class=\"wp-block-heading has-text-align-left has-large-font-size\">FIORE<\/h2>\n\n\n\n<h3 class=\"wp-block-heading\">K\u00f6chin<\/h3>\n\n\n\n<p>Vier mal in der Woche hei\u00dft es \u201cCiao Bambini\u201d. Fiore, unsere italienische K\u00f6chin und ausgebildete Kinderbetreuerin kocht f\u00fcr die Kinder. Sie trifft nicht nur den Geschmack der Kinder, sondern ist auch feste Bezugsperson f\u00fcr die Gruppe. Und neben der vollwertigen Kost bekommen die Kinder von Fiore auch gleich ein paar Worte Italienisch beigebracht.<\/p>\n\n\n\n<h2 class=\"wp-block-heading\">Der Verein<\/h2>\n\n\n\n<p>Die elternverwaltete Kindergruppe Sprachmelodie ist als Verein organisiert. Ein engerer Kreis an Eltern wird jedes Jahr in den Vereinsvorstand gew\u00e4hlt und \u00fcbernimmt die entsprechenden Funktionen. W\u00e4hrend der Zeit im Vorstand verpflichten die Eltern sich intensiver an Entscheidungen betreffend Kindergruppenstruktur zu beteiligen und bei Vorstandssitzungen (im Durchschnitt monatlich) aktiv teilzunehmen. Ein Vorstandsmitglied wird nach M\u00f6glichkeit von der Musikuniversit\u00e4t Wien entsendet. Automatisch, also mit der Anmeldung in die Kindergruppe, wird pro Kind ein Elternteil ordentliches Vereinsmitglied.<\/p>\n\n\n\n<h3 class=\"wp-block-heading\">Obfrau<\/h3>\n\n\n\n<p>Johanna Rauch<\/p>\n\n\n\n<h3 class=\"wp-block-heading\">1. Obfraustellvertreterin<\/h3>\n\n\n\n<p>Wiebke Rademacher<\/p>\n\n\n\n<h3 class=\"wp-block-heading\">2. Obfraustellvertreterin<\/h3>\n\n\n\n<p>Iris Sollan<\/p>\n\n\n\n<h3 class=\"wp-block-heading\">Kassier<\/h3>\n\n\n\n<p>Anna Eberh\u00f6fer<\/p>\n\n\n\n<h3 class=\"wp-block-heading\">Kassierstellvertreter<\/h3>\n\n\n\n<p>Katja Langmaier<\/p>\n\n\n\n<h3 class=\"wp-block-heading\">Schriftf\u00fchrerin<\/h3>\n\n\n\n<p>Natascha Bushati<\/p>\n\n\n\n<h3 class=\"wp-block-heading\">Schriftf\u00fchrerinstellvertreterin<\/h3>\n\n\n\n<p>Jakob Helling<\/p>\n\n\n\n<h3 class=\"wp-block-heading\">Vertreter der mdw<\/h3>\n\n\n\n<p>Paul Hofmann<\/p>\n\n\n\n<h3 class=\"wp-block-heading\">Vertreter der hmdw<\/h3>\n\n\n\n<p>Martin Furch<\/p>\n\n\n\n<p><\/p>\n","protected":false},"excerpt":{"rendered":"<p>Das Team Sarah Castrian Diplomierte Kindergartenp\u00e4dagogin und Sprachlehrerin Geboren und aufgewachsen im sch\u00f6nen Salzburg, ging es nach der Schule f\u00fcr die Ausbildung und das Studium nach Wien, wo ich \u2013 wie viele andere auch \u2013 \u201epickengeblieben\u201c bin. Mittlerweile lebe ich mit meinem Mann, unserer 9-j\u00e4hrigen Tochter und zwei Katzen im sch\u00f6nen 2. Gemeindebezirk. In meiner Freizeit singe ich im Chor, spiele oder philosophiere mit meiner Tochter oder lasse die Seele in einem der nahegelegenen Parks baumeln.Es bereitet mir gro\u00dfe Freude, Kinder auf ihrem pers\u00f6nlichen Entwicklungs- und Lernweg zu begleiten und mit ihnen gemeinsam zu staunen sowie Neues zu entdecken. F\u00fcr [&hellip;]<\/p>\n","protected":false},"author":1,"featured_media":0,"parent":0,"menu_order":0,"comment_status":"closed","ping_status":"closed","template":"","meta":{"footnotes":""},"class_list":["post-37","page","type-page","status-publish","hentry"],"yoast_head":"<!-- This site is optimized with the Yoast SEO plugin v23.5 - https:\/\/yoast.com\/wordpress\/plugins\/seo\/ -->\n<title>Team&amp;Verein - Kindergruppe Sprachmelodie<\/title>\n<meta name=\"robots\" content=\"index, follow, max-snippet:-1, max-image-preview:large, max-video-preview:-1\" \/>\n<link rel=\"canonical\" href=\"https:\/\/www.mdw.ac.at\/kindergruppe\/team\/\" \/>\n<meta property=\"og:locale\" content=\"de_DE\" \/>\n<meta property=\"og:type\" content=\"article\" \/>\n<meta property=\"og:title\" content=\"Team&amp;Verein - Kindergruppe Sprachmelodie\" \/>\n<meta property=\"og:description\" content=\"Das Team Sarah Castrian Diplomierte Kindergartenp\u00e4dagogin und Sprachlehrerin Geboren und aufgewachsen im sch\u00f6nen Salzburg, ging es nach der Schule f\u00fcr die Ausbildung und das Studium nach Wien, wo ich \u2013 wie viele andere auch \u2013 \u201epickengeblieben\u201c bin. Mittlerweile lebe ich mit meinem Mann, unserer 9-j\u00e4hrigen Tochter und zwei Katzen im sch\u00f6nen 2. Gemeindebezirk. In meiner Freizeit singe ich im Chor, spiele oder philosophiere mit meiner Tochter oder lasse die Seele in einem der nahegelegenen Parks baumeln.Es bereitet mir gro\u00dfe Freude, Kinder auf ihrem pers\u00f6nlichen Entwicklungs- und Lernweg zu begleiten und mit ihnen gemeinsam zu staunen sowie Neues zu entdecken. F\u00fcr [&hellip;]\" \/>\n<meta property=\"og:url\" content=\"https:\/\/www.mdw.ac.at\/kindergruppe\/team\/\" \/>\n<meta property=\"og:site_name\" content=\"Kindergruppe Sprachmelodie\" \/>\n<meta property=\"article:modified_time\" content=\"2025-09-09T20:09:41+00:00\" \/>\n<meta property=\"og:image\" content=\"https:\/\/www.mdw.ac.at\/kindergruppe\/wp-content\/uploads\/2024\/10\/IMG_2974-scaled.jpg\" \/>\n<meta name=\"twitter:card\" content=\"summary_large_image\" \/>\n<meta name=\"twitter:label1\" content=\"Gesch\u00e4tzte Lesezeit\" \/>\n\t<meta name=\"twitter:data1\" content=\"6\u00a0Minuten\" \/>\n<script type=\"application\/ld+json\" class=\"yoast-schema-graph\">{\"@context\":\"https:\/\/schema.org\",\"@graph\":[{\"@type\":\"WebPage\",\"@id\":\"https:\/\/www.mdw.ac.at\/kindergruppe\/team\/\",\"url\":\"https:\/\/www.mdw.ac.at\/kindergruppe\/team\/\",\"name\":\"Team&Verein - Kindergruppe Sprachmelodie\",\"isPartOf\":{\"@id\":\"https:\/\/www.mdw.ac.at\/kindergruppe\/#website\"},\"primaryImageOfPage\":{\"@id\":\"https:\/\/www.mdw.ac.at\/kindergruppe\/team\/#primaryimage\"},\"image\":{\"@id\":\"https:\/\/www.mdw.ac.at\/kindergruppe\/team\/#primaryimage\"},\"thumbnailUrl\":\"https:\/\/www.mdw.ac.at\/kindergruppe\/wp-content\/uploads\/2024\/10\/IMG_2974-scaled.jpg\",\"datePublished\":\"2024-03-18T21:18:26+00:00\",\"dateModified\":\"2025-09-09T20:09:41+00:00\",\"breadcrumb\":{\"@id\":\"https:\/\/www.mdw.ac.at\/kindergruppe\/team\/#breadcrumb\"},\"inLanguage\":\"de\",\"potentialAction\":[{\"@type\":\"ReadAction\",\"target\":[\"https:\/\/www.mdw.ac.at\/kindergruppe\/team\/\"]}]},{\"@type\":\"ImageObject\",\"inLanguage\":\"de\",\"@id\":\"https:\/\/www.mdw.ac.at\/kindergruppe\/team\/#primaryimage\",\"url\":\"https:\/\/www.mdw.ac.at\/kindergruppe\/wp-content\/uploads\/2024\/10\/IMG_2974-scaled.jpg\",\"contentUrl\":\"https:\/\/www.mdw.ac.at\/kindergruppe\/wp-content\/uploads\/2024\/10\/IMG_2974-scaled.jpg\",\"width\":1771,\"height\":2560},{\"@type\":\"BreadcrumbList\",\"@id\":\"https:\/\/www.mdw.ac.at\/kindergruppe\/team\/#breadcrumb\",\"itemListElement\":[{\"@type\":\"ListItem\",\"position\":1,\"name\":\"Startseite\",\"item\":\"https:\/\/www.mdw.ac.at\/kindergruppe\/\"},{\"@type\":\"ListItem\",\"position\":2,\"name\":\"Team&#038;Verein\"}]},{\"@type\":\"WebSite\",\"@id\":\"https:\/\/www.mdw.ac.at\/kindergruppe\/#website\",\"url\":\"https:\/\/www.mdw.ac.at\/kindergruppe\/\",\"name\":\"Kindergruppe Sprachmelodie\",\"description\":\"Universit\u00e4t f\u00fcr Musik und darstellende Kunst Wien\",\"publisher\":{\"@id\":\"https:\/\/www.mdw.ac.at\/kindergruppe\/#organization\"},\"potentialAction\":[{\"@type\":\"SearchAction\",\"target\":{\"@type\":\"EntryPoint\",\"urlTemplate\":\"https:\/\/www.mdw.ac.at\/kindergruppe\/?s={search_term_string}\"},\"query-input\":{\"@type\":\"PropertyValueSpecification\",\"valueRequired\":true,\"valueName\":\"search_term_string\"}}],\"inLanguage\":\"de\"},{\"@type\":\"Organization\",\"@id\":\"https:\/\/www.mdw.ac.at\/kindergruppe\/#organization\",\"name\":\"Kindergruppe Sprachmelodie\",\"url\":\"https:\/\/www.mdw.ac.at\/kindergruppe\/\",\"logo\":{\"@type\":\"ImageObject\",\"inLanguage\":\"de\",\"@id\":\"https:\/\/www.mdw.ac.at\/kindergruppe\/#\/schema\/logo\/image\/\",\"url\":\"https:\/\/www.mdw.ac.at\/kindergruppe\/wp-content\/uploads\/2024\/10\/cropped-Kopie-von-Wurzeln-der-Liebe.png\",\"contentUrl\":\"https:\/\/www.mdw.ac.at\/kindergruppe\/wp-content\/uploads\/2024\/10\/cropped-Kopie-von-Wurzeln-der-Liebe.png\",\"width\":500,\"height\":500,\"caption\":\"Kindergruppe Sprachmelodie\"},\"image\":{\"@id\":\"https:\/\/www.mdw.ac.at\/kindergruppe\/#\/schema\/logo\/image\/\"}}]}<\/script>\n<!-- \/ Yoast SEO plugin. -->","yoast_head_json":{"title":"Team&Verein - Kindergruppe Sprachmelodie","robots":{"index":"index","follow":"follow","max-snippet":"max-snippet:-1","max-image-preview":"max-image-preview:large","max-video-preview":"max-video-preview:-1"},"canonical":"https:\/\/www.mdw.ac.at\/kindergruppe\/team\/","og_locale":"de_DE","og_type":"article","og_title":"Team&Verein - Kindergruppe Sprachmelodie","og_description":"Das Team Sarah Castrian Diplomierte Kindergartenp\u00e4dagogin und Sprachlehrerin Geboren und aufgewachsen im sch\u00f6nen Salzburg, ging es nach der Schule f\u00fcr die Ausbildung und das Studium nach Wien, wo ich \u2013 wie viele andere auch \u2013 \u201epickengeblieben\u201c bin. Mittlerweile lebe ich mit meinem Mann, unserer 9-j\u00e4hrigen Tochter und zwei Katzen im sch\u00f6nen 2. Gemeindebezirk. In meiner Freizeit singe ich im Chor, spiele oder philosophiere mit meiner Tochter oder lasse die Seele in einem der nahegelegenen Parks baumeln.Es bereitet mir gro\u00dfe Freude, Kinder auf ihrem pers\u00f6nlichen Entwicklungs- und Lernweg zu begleiten und mit ihnen gemeinsam zu staunen sowie Neues zu entdecken. F\u00fcr [&hellip;]","og_url":"https:\/\/www.mdw.ac.at\/kindergruppe\/team\/","og_site_name":"Kindergruppe Sprachmelodie","article_modified_time":"2025-09-09T20:09:41+00:00","og_image":[{"url":"https:\/\/www.mdw.ac.at\/kindergruppe\/wp-content\/uploads\/2024\/10\/IMG_2974-scaled.jpg"}],"twitter_card":"summary_large_image","twitter_misc":{"Gesch\u00e4tzte Lesezeit":"6\u00a0Minuten"},"schema":{"@context":"https:\/\/schema.org","@graph":[{"@type":"WebPage","@id":"https:\/\/www.mdw.ac.at\/kindergruppe\/team\/","url":"https:\/\/www.mdw.ac.at\/kindergruppe\/team\/","name":"Team&Verein - Kindergruppe Sprachmelodie","isPartOf":{"@id":"https:\/\/www.mdw.ac.at\/kindergruppe\/#website"},"primaryImageOfPage":{"@id":"https:\/\/www.mdw.ac.at\/kindergruppe\/team\/#primaryimage"},"image":{"@id":"https:\/\/www.mdw.ac.at\/kindergruppe\/team\/#primaryimage"},"thumbnailUrl":"https:\/\/www.mdw.ac.at\/kindergruppe\/wp-content\/uploads\/2024\/10\/IMG_2974-scaled.jpg","datePublished":"2024-03-18T21:18:26+00:00","dateModified":"2025-09-09T20:09:41+00:00","breadcrumb":{"@id":"https:\/\/www.mdw.ac.at\/kindergruppe\/team\/#breadcrumb"},"inLanguage":"de","potentialAction":[{"@type":"ReadAction","target":["https:\/\/www.mdw.ac.at\/kindergruppe\/team\/"]}]},{"@type":"ImageObject","inLanguage":"de","@id":"https:\/\/www.mdw.ac.at\/kindergruppe\/team\/#primaryimage","url":"https:\/\/www.mdw.ac.at\/kindergruppe\/wp-content\/uploads\/2024\/10\/IMG_2974-scaled.jpg","contentUrl":"https:\/\/www.mdw.ac.at\/kindergruppe\/wp-content\/uploads\/2024\/10\/IMG_2974-scaled.jpg","width":1771,"height":2560},{"@type":"BreadcrumbList","@id":"https:\/\/www.mdw.ac.at\/kindergruppe\/team\/#breadcrumb","itemListElement":[{"@type":"ListItem","position":1,"name":"Startseite","item":"https:\/\/www.mdw.ac.at\/kindergruppe\/"},{"@type":"ListItem","position":2,"name":"Team&#038;Verein"}]},{"@type":"WebSite","@id":"https:\/\/www.mdw.ac.at\/kindergruppe\/#website","url":"https:\/\/www.mdw.ac.at\/kindergruppe\/","name":"Kindergruppe Sprachmelodie","description":"Universit\u00e4t f\u00fcr Musik und darstellende Kunst Wien","publisher":{"@id":"https:\/\/www.mdw.ac.at\/kindergruppe\/#organization"},"potentialAction":[{"@type":"SearchAction","target":{"@type":"EntryPoint","urlTemplate":"https:\/\/www.mdw.ac.at\/kindergruppe\/?s={search_term_string}"},"query-input":{"@type":"PropertyValueSpecification","valueRequired":true,"valueName":"search_term_string"}}],"inLanguage":"de"},{"@type":"Organization","@id":"https:\/\/www.mdw.ac.at\/kindergruppe\/#organization","name":"Kindergruppe Sprachmelodie","url":"https:\/\/www.mdw.ac.at\/kindergruppe\/","logo":{"@type":"ImageObject","inLanguage":"de","@id":"https:\/\/www.mdw.ac.at\/kindergruppe\/#\/schema\/logo\/image\/","url":"https:\/\/www.mdw.ac.at\/kindergruppe\/wp-content\/uploads\/2024\/10\/cropped-Kopie-von-Wurzeln-der-Liebe.png","contentUrl":"https:\/\/www.mdw.ac.at\/kindergruppe\/wp-content\/uploads\/2024\/10\/cropped-Kopie-von-Wurzeln-der-Liebe.png","width":500,"height":500,"caption":"Kindergruppe Sprachmelodie"},"image":{"@id":"https:\/\/www.mdw.ac.at\/kindergruppe\/#\/schema\/logo\/image\/"}}]}},"_links":{"self":[{"href":"https:\/\/www.mdw.ac.at\/kindergruppe\/wp-json\/wp\/v2\/pages\/37","targetHints":{"allow":["GET"]}}],"collection":[{"href":"https:\/\/www.mdw.ac.at\/kindergruppe\/wp-json\/wp\/v2\/pages"}],"about":[{"href":"https:\/\/www.mdw.ac.at\/kindergruppe\/wp-json\/wp\/v2\/types\/page"}],"author":[{"embeddable":true,"href":"https:\/\/www.mdw.ac.at\/kindergruppe\/wp-json\/wp\/v2\/users\/1"}],"replies":[{"embeddable":true,"href":"https:\/\/www.mdw.ac.at\/kindergruppe\/wp-json\/wp\/v2\/comments?post=37"}],"version-history":[{"count":17,"href":"https:\/\/www.mdw.ac.at\/kindergruppe\/wp-json\/wp\/v2\/pages\/37\/revisions"}],"predecessor-version":[{"id":492,"href":"https:\/\/www.mdw.ac.at\/kindergruppe\/wp-json\/wp\/v2\/pages\/37\/revisions\/492"}],"wp:attachment":[{"href":"https:\/\/www.mdw.ac.at\/kindergruppe\/wp-json\/wp\/v2\/media?parent=37"}],"curies":[{"name":"wp","href":"https:\/\/api.w.org\/{rel}","templated":true}]}}