{"id":224,"date":"2024-05-21T19:22:32","date_gmt":"2024-05-21T19:22:32","guid":{"rendered":"https:\/\/www.mdw.ac.at\/kindergruppe\/wordpress\/?page_id=224"},"modified":"2024-05-29T13:53:41","modified_gmt":"2024-05-29T13:53:41","slug":"startseite","status":"publish","type":"page","link":"https:\/\/www.mdw.ac.at\/kindergruppe\/","title":{"rendered":"Herzlich Willkommen"},"content":{"rendered":"<div class=\"wp-block-post-excerpt\"><p class=\"wp-block-post-excerpt__excerpt\">Wir sind eine elternverwaltete Kindergruppe im dritten Bezirk mit 14 wunderbaren Kindern zwischen 22 Monaten und 6 Jahren und 3 P\u00e4dagog*innen in einer famili\u00e4ren Atmosph\u00e4re. Durch die Anbindung an die Universit\u00e4t f\u00fcr Musik und darstellende Kunst liegt uns die musikalische Fr\u00fchf\u00f6rderung sehr am Herzen. Auch Bewegung, Tanz, Kinderyoga und Kreativit\u00e4t sind uns sehr wichtig. Au\u00dferdem&hellip; <\/p><\/div>\n\n<figure class=\"wp-block-post-featured-image\"><img loading=\"lazy\" decoding=\"async\" width=\"1920\" height=\"1079\" src=\"https:\/\/www.mdw.ac.at\/kindergruppe\/wp-content\/uploads\/2024\/03\/cropped-cropped-Bunte-Baelle.jpg\" class=\"attachment-post-thumbnail size-post-thumbnail wp-post-image\" alt=\"\" style=\"object-fit:cover;\" srcset=\"https:\/\/www.mdw.ac.at\/kindergruppe\/wp-content\/uploads\/2024\/03\/cropped-cropped-Bunte-Baelle.jpg 1920w, https:\/\/www.mdw.ac.at\/kindergruppe\/wp-content\/uploads\/2024\/03\/cropped-cropped-Bunte-Baelle-300x169.jpg 300w, https:\/\/www.mdw.ac.at\/kindergruppe\/wp-content\/uploads\/2024\/03\/cropped-cropped-Bunte-Baelle-1024x575.jpg 1024w, https:\/\/www.mdw.ac.at\/kindergruppe\/wp-content\/uploads\/2024\/03\/cropped-cropped-Bunte-Baelle-768x432.jpg 768w, https:\/\/www.mdw.ac.at\/kindergruppe\/wp-content\/uploads\/2024\/03\/cropped-cropped-Bunte-Baelle-1536x863.jpg 1536w\" sizes=\"auto, (max-width: 1920px) 100vw, 1920px\" \/><\/figure>","protected":false},"excerpt":{"rendered":"<p>Wir sind eine elternverwaltete Kindergruppe im dritten Bezirk mit 14 wunderbaren Kindern zwischen 22 Monaten und 6 Jahren und 3 P\u00e4dagog*innen in einer famili\u00e4ren Atmosph\u00e4re. Durch die Anbindung an die Universit\u00e4t f\u00fcr Musik und darstellende Kunst liegt uns die musikalische Fr\u00fchf\u00f6rderung sehr am Herzen. Auch Bewegung, Tanz, Kinderyoga und Kreativit\u00e4t sind uns sehr wichtig. Au\u00dferdem haben wir einen eigenen Garten und verbringen viel Zeit in der Natur. Eine wertsch\u00e4tzende Kommunikation und ein respektvolles Miteinander haben h\u00f6chste Prioritat.<\/p>\n","protected":false},"author":1,"featured_media":233,"parent":0,"menu_order":0,"comment_status":"closed","ping_status":"closed","template":"","meta":{"footnotes":""},"class_list":["post-224","page","type-page","status-publish","has-post-thumbnail","hentry"],"yoast_head":"<!-- This site is optimized with the Yoast SEO plugin v23.5 - https:\/\/yoast.com\/wordpress\/plugins\/seo\/ -->\n<title>Herzlich Willkommen - Kindergruppe Sprachmelodie<\/title>\n<meta name=\"robots\" content=\"index, follow, max-snippet:-1, max-image-preview:large, max-video-preview:-1\" \/>\n<link rel=\"canonical\" href=\"https:\/\/www.mdw.ac.at\/kindergruppe\/\" \/>\n<meta property=\"og:locale\" content=\"de_DE\" \/>\n<meta property=\"og:type\" content=\"article\" \/>\n<meta property=\"og:title\" content=\"Herzlich Willkommen - Kindergruppe Sprachmelodie\" \/>\n<meta property=\"og:description\" content=\"Wir sind eine elternverwaltete Kindergruppe im dritten Bezirk mit 14 wunderbaren Kindern zwischen 22 Monaten und 6 Jahren und 3 P\u00e4dagog*innen in einer famili\u00e4ren Atmosph\u00e4re. Durch die Anbindung an die Universit\u00e4t f\u00fcr Musik und darstellende Kunst liegt uns die musikalische Fr\u00fchf\u00f6rderung sehr am Herzen. Auch Bewegung, Tanz, Kinderyoga und Kreativit\u00e4t sind uns sehr wichtig. Au\u00dferdem haben wir einen eigenen Garten und verbringen viel Zeit in der Natur. Eine wertsch\u00e4tzende Kommunikation und ein respektvolles Miteinander haben h\u00f6chste Prioritat.\" \/>\n<meta property=\"og:url\" content=\"https:\/\/www.mdw.ac.at\/kindergruppe\/\" \/>\n<meta property=\"og:site_name\" content=\"Kindergruppe Sprachmelodie\" \/>\n<meta property=\"article:modified_time\" content=\"2024-05-29T13:53:41+00:00\" \/>\n<meta property=\"og:image\" content=\"https:\/\/www.mdw.ac.at\/kindergruppe\/wp-content\/uploads\/2024\/03\/cropped-cropped-Bunte-Baelle.jpg\" \/>\n\t<meta property=\"og:image:width\" content=\"1920\" \/>\n\t<meta property=\"og:image:height\" content=\"1079\" \/>\n\t<meta property=\"og:image:type\" content=\"image\/jpeg\" \/>\n<meta name=\"twitter:card\" content=\"summary_large_image\" \/>\n<script type=\"application\/ld+json\" class=\"yoast-schema-graph\">{\"@context\":\"https:\/\/schema.org\",\"@graph\":[{\"@type\":\"WebPage\",\"@id\":\"https:\/\/www.mdw.ac.at\/kindergruppe\/\",\"url\":\"https:\/\/www.mdw.ac.at\/kindergruppe\/\",\"name\":\"Herzlich Willkommen - Kindergruppe Sprachmelodie\",\"isPartOf\":{\"@id\":\"https:\/\/www.mdw.ac.at\/kindergruppe\/#website\"},\"primaryImageOfPage\":{\"@id\":\"https:\/\/www.mdw.ac.at\/kindergruppe\/#primaryimage\"},\"image\":{\"@id\":\"https:\/\/www.mdw.ac.at\/kindergruppe\/#primaryimage\"},\"thumbnailUrl\":\"https:\/\/www.mdw.ac.at\/kindergruppe\/wp-content\/uploads\/2024\/03\/cropped-cropped-Bunte-Baelle.jpg\",\"datePublished\":\"2024-05-21T19:22:32+00:00\",\"dateModified\":\"2024-05-29T13:53:41+00:00\",\"breadcrumb\":{\"@id\":\"https:\/\/www.mdw.ac.at\/kindergruppe\/#breadcrumb\"},\"inLanguage\":\"de\",\"potentialAction\":[{\"@type\":\"ReadAction\",\"target\":[\"https:\/\/www.mdw.ac.at\/kindergruppe\/\"]}]},{\"@type\":\"ImageObject\",\"inLanguage\":\"de\",\"@id\":\"https:\/\/www.mdw.ac.at\/kindergruppe\/#primaryimage\",\"url\":\"https:\/\/www.mdw.ac.at\/kindergruppe\/wp-content\/uploads\/2024\/03\/cropped-cropped-Bunte-Baelle.jpg\",\"contentUrl\":\"https:\/\/www.mdw.ac.at\/kindergruppe\/wp-content\/uploads\/2024\/03\/cropped-cropped-Bunte-Baelle.jpg\",\"width\":1920,\"height\":1079},{\"@type\":\"BreadcrumbList\",\"@id\":\"https:\/\/www.mdw.ac.at\/kindergruppe\/#breadcrumb\",\"itemListElement\":[{\"@type\":\"ListItem\",\"position\":1,\"name\":\"Startseite\",\"item\":\"https:\/\/www.mdw.ac.at\/kindergruppe\/\"},{\"@type\":\"ListItem\",\"position\":2,\"name\":\"Herzlich Willkommen\"}]},{\"@type\":\"WebSite\",\"@id\":\"https:\/\/www.mdw.ac.at\/kindergruppe\/#website\",\"url\":\"https:\/\/www.mdw.ac.at\/kindergruppe\/\",\"name\":\"Kindergruppe Sprachmelodie\",\"description\":\"Universit\u00e4t f\u00fcr Musik und darstellende Kunst Wien\",\"publisher\":{\"@id\":\"https:\/\/www.mdw.ac.at\/kindergruppe\/#organization\"},\"potentialAction\":[{\"@type\":\"SearchAction\",\"target\":{\"@type\":\"EntryPoint\",\"urlTemplate\":\"https:\/\/www.mdw.ac.at\/kindergruppe\/?s={search_term_string}\"},\"query-input\":{\"@type\":\"PropertyValueSpecification\",\"valueRequired\":true,\"valueName\":\"search_term_string\"}}],\"inLanguage\":\"de\"},{\"@type\":\"Organization\",\"@id\":\"https:\/\/www.mdw.ac.at\/kindergruppe\/#organization\",\"name\":\"Kindergruppe Sprachmelodie\",\"url\":\"https:\/\/www.mdw.ac.at\/kindergruppe\/\",\"logo\":{\"@type\":\"ImageObject\",\"inLanguage\":\"de\",\"@id\":\"https:\/\/www.mdw.ac.at\/kindergruppe\/#\/schema\/logo\/image\/\",\"url\":\"https:\/\/www.mdw.ac.at\/kindergruppe\/wp-content\/uploads\/2024\/10\/cropped-Kopie-von-Wurzeln-der-Liebe.png\",\"contentUrl\":\"https:\/\/www.mdw.ac.at\/kindergruppe\/wp-content\/uploads\/2024\/10\/cropped-Kopie-von-Wurzeln-der-Liebe.png\",\"width\":500,\"height\":500,\"caption\":\"Kindergruppe Sprachmelodie\"},\"image\":{\"@id\":\"https:\/\/www.mdw.ac.at\/kindergruppe\/#\/schema\/logo\/image\/\"}}]}<\/script>\n<!-- \/ Yoast SEO plugin. -->","yoast_head_json":{"title":"Herzlich Willkommen - Kindergruppe Sprachmelodie","robots":{"index":"index","follow":"follow","max-snippet":"max-snippet:-1","max-image-preview":"max-image-preview:large","max-video-preview":"max-video-preview:-1"},"canonical":"https:\/\/www.mdw.ac.at\/kindergruppe\/","og_locale":"de_DE","og_type":"article","og_title":"Herzlich Willkommen - Kindergruppe Sprachmelodie","og_description":"Wir sind eine elternverwaltete Kindergruppe im dritten Bezirk mit 14 wunderbaren Kindern zwischen 22 Monaten und 6 Jahren und 3 P\u00e4dagog*innen in einer famili\u00e4ren Atmosph\u00e4re. Durch die Anbindung an die Universit\u00e4t f\u00fcr Musik und darstellende Kunst liegt uns die musikalische Fr\u00fchf\u00f6rderung sehr am Herzen. Auch Bewegung, Tanz, Kinderyoga und Kreativit\u00e4t sind uns sehr wichtig. Au\u00dferdem haben wir einen eigenen Garten und verbringen viel Zeit in der Natur. Eine wertsch\u00e4tzende Kommunikation und ein respektvolles Miteinander haben h\u00f6chste Prioritat.","og_url":"https:\/\/www.mdw.ac.at\/kindergruppe\/","og_site_name":"Kindergruppe Sprachmelodie","article_modified_time":"2024-05-29T13:53:41+00:00","og_image":[{"width":1920,"height":1079,"url":"https:\/\/www.mdw.ac.at\/kindergruppe\/wp-content\/uploads\/2024\/03\/cropped-cropped-Bunte-Baelle.jpg","type":"image\/jpeg"}],"twitter_card":"summary_large_image","schema":{"@context":"https:\/\/schema.org","@graph":[{"@type":"WebPage","@id":"https:\/\/www.mdw.ac.at\/kindergruppe\/","url":"https:\/\/www.mdw.ac.at\/kindergruppe\/","name":"Herzlich Willkommen - Kindergruppe Sprachmelodie","isPartOf":{"@id":"https:\/\/www.mdw.ac.at\/kindergruppe\/#website"},"primaryImageOfPage":{"@id":"https:\/\/www.mdw.ac.at\/kindergruppe\/#primaryimage"},"image":{"@id":"https:\/\/www.mdw.ac.at\/kindergruppe\/#primaryimage"},"thumbnailUrl":"https:\/\/www.mdw.ac.at\/kindergruppe\/wp-content\/uploads\/2024\/03\/cropped-cropped-Bunte-Baelle.jpg","datePublished":"2024-05-21T19:22:32+00:00","dateModified":"2024-05-29T13:53:41+00:00","breadcrumb":{"@id":"https:\/\/www.mdw.ac.at\/kindergruppe\/#breadcrumb"},"inLanguage":"de","potentialAction":[{"@type":"ReadAction","target":["https:\/\/www.mdw.ac.at\/kindergruppe\/"]}]},{"@type":"ImageObject","inLanguage":"de","@id":"https:\/\/www.mdw.ac.at\/kindergruppe\/#primaryimage","url":"https:\/\/www.mdw.ac.at\/kindergruppe\/wp-content\/uploads\/2024\/03\/cropped-cropped-Bunte-Baelle.jpg","contentUrl":"https:\/\/www.mdw.ac.at\/kindergruppe\/wp-content\/uploads\/2024\/03\/cropped-cropped-Bunte-Baelle.jpg","width":1920,"height":1079},{"@type":"BreadcrumbList","@id":"https:\/\/www.mdw.ac.at\/kindergruppe\/#breadcrumb","itemListElement":[{"@type":"ListItem","position":1,"name":"Startseite","item":"https:\/\/www.mdw.ac.at\/kindergruppe\/"},{"@type":"ListItem","position":2,"name":"Herzlich Willkommen"}]},{"@type":"WebSite","@id":"https:\/\/www.mdw.ac.at\/kindergruppe\/#website","url":"https:\/\/www.mdw.ac.at\/kindergruppe\/","name":"Kindergruppe Sprachmelodie","description":"Universit\u00e4t f\u00fcr Musik und darstellende Kunst Wien","publisher":{"@id":"https:\/\/www.mdw.ac.at\/kindergruppe\/#organization"},"potentialAction":[{"@type":"SearchAction","target":{"@type":"EntryPoint","urlTemplate":"https:\/\/www.mdw.ac.at\/kindergruppe\/?s={search_term_string}"},"query-input":{"@type":"PropertyValueSpecification","valueRequired":true,"valueName":"search_term_string"}}],"inLanguage":"de"},{"@type":"Organization","@id":"https:\/\/www.mdw.ac.at\/kindergruppe\/#organization","name":"Kindergruppe Sprachmelodie","url":"https:\/\/www.mdw.ac.at\/kindergruppe\/","logo":{"@type":"ImageObject","inLanguage":"de","@id":"https:\/\/www.mdw.ac.at\/kindergruppe\/#\/schema\/logo\/image\/","url":"https:\/\/www.mdw.ac.at\/kindergruppe\/wp-content\/uploads\/2024\/10\/cropped-Kopie-von-Wurzeln-der-Liebe.png","contentUrl":"https:\/\/www.mdw.ac.at\/kindergruppe\/wp-content\/uploads\/2024\/10\/cropped-Kopie-von-Wurzeln-der-Liebe.png","width":500,"height":500,"caption":"Kindergruppe Sprachmelodie"},"image":{"@id":"https:\/\/www.mdw.ac.at\/kindergruppe\/#\/schema\/logo\/image\/"}}]}},"_links":{"self":[{"href":"https:\/\/www.mdw.ac.at\/kindergruppe\/wp-json\/wp\/v2\/pages\/224","targetHints":{"allow":["GET"]}}],"collection":[{"href":"https:\/\/www.mdw.ac.at\/kindergruppe\/wp-json\/wp\/v2\/pages"}],"about":[{"href":"https:\/\/www.mdw.ac.at\/kindergruppe\/wp-json\/wp\/v2\/types\/page"}],"author":[{"embeddable":true,"href":"https:\/\/www.mdw.ac.at\/kindergruppe\/wp-json\/wp\/v2\/users\/1"}],"replies":[{"embeddable":true,"href":"https:\/\/www.mdw.ac.at\/kindergruppe\/wp-json\/wp\/v2\/comments?post=224"}],"version-history":[{"count":13,"href":"https:\/\/www.mdw.ac.at\/kindergruppe\/wp-json\/wp\/v2\/pages\/224\/revisions"}],"predecessor-version":[{"id":384,"href":"https:\/\/www.mdw.ac.at\/kindergruppe\/wp-json\/wp\/v2\/pages\/224\/revisions\/384"}],"wp:featuredmedia":[{"embeddable":true,"href":"https:\/\/www.mdw.ac.at\/kindergruppe\/wp-json\/wp\/v2\/media\/233"}],"wp:attachment":[{"href":"https:\/\/www.mdw.ac.at\/kindergruppe\/wp-json\/wp\/v2\/media?parent=224"}],"curies":[{"name":"wp","href":"https:\/\/api.w.org\/{rel}","templated":true}]}}