{"id":3663,"date":"2026-03-26T16:05:35","date_gmt":"2026-03-26T16:05:35","guid":{"rendered":"https:\/\/www.mdw.ac.at\/ar_center\/?page_id=3663"},"modified":"2026-03-26T17:06:58","modified_gmt":"2026-03-26T17:06:58","slug":"faq","status":"publish","type":"page","link":"https:\/\/www.mdw.ac.at\/ar_center\/de\/faq\/","title":{"rendered":"FAQ"},"content":{"rendered":"<p>[vc_row][vc_column][vc_column_text]<\/p>\n<ol>\n<li><strong>An wen richtet sich das Masterstudium Contemporary Arts Practice?<br \/>\n<\/strong>Das Masterstudium CAP richtet sich an Menschen, die in der sparten\u00fcbergreifenden Musik -, Performance-, Theater und Tanzszene in Feldern der Musik-, Kunst- und Kulturvermittlung sowie Community Musik in Kooperation mit bildungs-, kultur- und Sozialeinrichtungen t\u00e4tig sein wollen.<br \/>\n<strong><br \/>\n<\/strong><\/li>\n<li><strong>Welche Kompetenzen erwerbe ich im Masterstudium<\/strong><strong> Contemporary Arts Practice?<br \/>\n<\/strong>Absolvent_innen des Masterstudiums CAP sind in der Lage, inter- bzw. transdisziplin\u00e4re Projekte in k\u00fcnstlerischer, organisatorischer und wirtschaftlicher Hinsicht professionell zu planen, zu entwickeln und umzusetzen. Das Feld der k\u00fcnstlerischen Praxis orientiert sich dabei am gew\u00e4hlten Studienprofil (IComP, IMP\/EM, MV\/CM oder TMP). Sie erwerben zukunftsweisende k\u00fcnstlerische Kompetenzen sowie organisatorische, wirtschaftliche und projektbezogene F\u00e4higkeiten, einschlie\u00dflich Selbstmanagementkompetenzen. Dar\u00fcber hinaus erhalten sie wissenschaftliches Grundwissen zur Kontextualisierung ihrer k\u00fcnstlerischen Arbeit, unter anderem in den Bereichen Theorie der Improvisation, Musiksoziologie, Community Music, Gender Studies, Musikmanagement\/Kulturbetriebslehre und Artistic Research. Die Studierenden entwickeln die F\u00e4higkeit, gesellschaftliche Inklusions- und Exklusionsmechanismen kritisch zu reflektieren, ihre eigene gesellschaftspolitische Verantwortung als K\u00fcnstler_in (Citizen Artist \/ Artist Citizen) zu erkennen und sich bewusst im Spektrum der K\u00fcnste zu positionieren. Darauf aufbauend sind sie in der Lage, offen und reflektiert in partizipative k\u00fcnstlerische Prozesse mit Menschen unterschiedlicher kultureller und sozialer Hintergr\u00fcnde einzutreten.<br \/>\n<strong><br \/>\n<\/strong><\/li>\n<li><strong>Welche Vorstudien muss ich abgeschlossen haben, um das Masterstudium Contemporary Arts Practice zu beginnen?<\/strong><strong><br \/>\n<\/strong>Die Zulassung zum Masterstudium CAP setzt den Abschluss eines fachlich einschl\u00e4gigen Bachelorstudiums oder eines gleichwertigen Studiums auf mindestens demselben hochschulischen Niveau an einer anerkannten inl\u00e4ndischen oder ausl\u00e4ndischen postsekund\u00e4ren Bildungseinrichtung voraus.Facheinschl\u00e4gige Vorstudien sind insbesondere k\u00fcnstlerische bzw. k\u00fcnstlerisch-p\u00e4dagogische Bachelor- und Diplomstudien an der mdw.<br \/>\n<strong><br \/>\n<\/strong><\/li>\n<li><strong>Kann ich das Masterstudium Contemporary Arts Practice im Wintersemester und im Sommersemester beginnen?<\/strong><br \/>\nDas Masterstudium CAP beginnt ausschlie\u00dflich im Wintersemester.<br \/>\n<strong><br \/>\n<\/strong><\/li>\n<li><strong>Muss ich f\u00fcr das Masterstudium Contemporary Arts Practice einen Studienbeitrag zahlen?<br \/>\n<\/strong>Detaillierte Informationen zum Studienbeitrag finden Sie auf der <a href=\"https:\/\/www.mdw.ac.at\/studiencenter\/studienbeitrag\/\">Website des StudienCenters der mdw<\/a>.<br \/>\n<strong><br \/>\n<\/strong><\/li>\n<li><strong>Findet der Unterricht im Masterstudium Contemporary Arts Practice auf Deutsch oder auf Englisch statt?<\/strong><strong><br \/>\n<\/strong>Die Unterrichtssprache ist Deutsch. Studienwerber_innen, deren Erstsprache nicht Deutsch ist, m\u00fcssen vor der Zulassung ausreichende Deutschkenntnisse nachweisen (derzeit mindestens Niveau B2).<br \/>\n<strong><br \/>\n<\/strong><\/li>\n<li><strong>Wie lange dauert das Masterstudium<\/strong><br \/>\nDie Mindeststudiendauer betr\u00e4gt 4 Semester.<br \/>\n<strong><br \/>\n<\/strong><\/li>\n<li><strong>Ist es m\u00f6glich, das Masterstudium Contemporary Arts Practice berufsbegleitend zu absolvieren<\/strong><br \/>\nDer CAP-Master ist als Vollzeitstudium konzipiert. Lehrveranstaltungen werden jedoch teilweise geblockt angeboten.<br \/>\n<strong><br \/>\n<\/strong><\/li>\n<li><strong>Ist es m\u00f6glich, das Masterstudium Contemporary Arts Practice im Distance Learning zu absolvieren?<\/strong><strong><br \/>\n<\/strong>Nein, der CAP-Master ist als Pr\u00e4senzstudium organisiert.<\/li>\n<\/ol>\n<p>[\/vc_column_text][\/vc_column][\/vc_row][vc_row][vc_column][vc_column_text]<img decoding=\"async\" loading=\"lazy\" class=\"alignnone size-full wp-image-1871\" src=\"https:\/\/www.mdw.ac.at\/ar_center\/wp-content\/uploads\/2023\/01\/ARC-CAP-Design-Element-4-1.png\" alt=\"\" width=\"1921\" height=\"253\" srcset=\"https:\/\/www.mdw.ac.at\/ar_center\/wp-content\/uploads\/2023\/01\/ARC-CAP-Design-Element-4-1.png 1921w, https:\/\/www.mdw.ac.at\/ar_center\/wp-content\/uploads\/2023\/01\/ARC-CAP-Design-Element-4-1-768x101.png 768w, https:\/\/www.mdw.ac.at\/ar_center\/wp-content\/uploads\/2023\/01\/ARC-CAP-Design-Element-4-1-1536x202.png 1536w, https:\/\/www.mdw.ac.at\/ar_center\/wp-content\/uploads\/2023\/01\/ARC-CAP-Design-Element-4-1-1280x169.png 1280w\" sizes=\"(max-width: 1921px) 100vw, 1921px\" \/>[\/vc_column_text][\/vc_column][\/vc_row]<\/p>\n","protected":false},"excerpt":{"rendered":"<p>[vc_row][vc_column][vc_column_text] An wen richtet sich das Masterstudium Contemporary Arts Practice? Das Masterstudium CAP richtet sich an Menschen, die in der sparten\u00fcbergreifenden Musik -, Performance-, Theater und Tanzszene in Feldern der Musik-, Kunst- und Kulturvermittlung sowie Community Musik in Kooperation mit bildungs-, kultur- und Sozialeinrichtungen t\u00e4tig sein wollen. Welche Kompetenzen erwerbe ich im Masterstudium Contemporary Arts [&hellip;]<\/p>\n","protected":false},"author":2,"featured_media":0,"parent":0,"menu_order":0,"comment_status":"closed","ping_status":"closed","template":"","meta":[],"_links":{"self":[{"href":"https:\/\/www.mdw.ac.at\/ar_center\/wp-json\/wp\/v2\/pages\/3663"}],"collection":[{"href":"https:\/\/www.mdw.ac.at\/ar_center\/wp-json\/wp\/v2\/pages"}],"about":[{"href":"https:\/\/www.mdw.ac.at\/ar_center\/wp-json\/wp\/v2\/types\/page"}],"author":[{"embeddable":true,"href":"https:\/\/www.mdw.ac.at\/ar_center\/wp-json\/wp\/v2\/users\/2"}],"replies":[{"embeddable":true,"href":"https:\/\/www.mdw.ac.at\/ar_center\/wp-json\/wp\/v2\/comments?post=3663"}],"version-history":[{"count":22,"href":"https:\/\/www.mdw.ac.at\/ar_center\/wp-json\/wp\/v2\/pages\/3663\/revisions"}],"predecessor-version":[{"id":3702,"href":"https:\/\/www.mdw.ac.at\/ar_center\/wp-json\/wp\/v2\/pages\/3663\/revisions\/3702"}],"wp:attachment":[{"href":"https:\/\/www.mdw.ac.at\/ar_center\/wp-json\/wp\/v2\/media?parent=3663"}],"curies":[{"name":"wp","href":"https:\/\/api.w.org\/{rel}","templated":true}]}}