{"id":3506,"date":"2025-10-21T08:15:28","date_gmt":"2025-10-21T08:15:28","guid":{"rendered":"https:\/\/www.mdw.ac.at\/ar_center\/?page_id=3506"},"modified":"2026-03-12T15:02:57","modified_gmt":"2026-03-12T15:02:57","slug":"masterprufung","status":"publish","type":"page","link":"https:\/\/www.mdw.ac.at\/ar_center\/de\/masterprufung\/","title":{"rendered":"Masterpr\u00fcfung"},"content":{"rendered":"<p>[vc_row][vc_column][vc_column_text]Das Studium schlie\u00dft mit einer kommissionellen Masterpr\u00fcfung ab, die aus zwei Teilen besteht:<\/p>\n<ul>\n<li>Im ersten Teil der Masterpr\u00fcfung wird das Abschlussprojekt pr\u00e4sentiert. Dies kann in Form einer Lecture Performance mit einer maximalen L\u00e4nge von 25 Minuten umgesetzt werden. Die Lecture Performance umfasst die Pr\u00e4sentation des k\u00fcnstlerischen Abschlussprojekts, stellt einen vertiefend reflektierten Bezug zum schriftlichen Teil der Masterarbeit her und umfasst k\u00fcnstlerische Anteile.<\/li>\n<li>Im zweiten Teil der Masterpr\u00fcfung (Defensio) findet ein maximal 15-min\u00fctiges Gespr\u00e4ch mit der Kommission statt, das sich auf die Inhalte der beiden Teile der Masterarbeit sowie die vorangegangene Pr\u00e4sentation bezieht.<\/li>\n<\/ul>\n<p>Voraussetzung f\u00fcr den Antritt zur kommissionellen Masterpr\u00fcfung: positiver Abschluss aller Studienbereiche und positive Beurteilung der Masterarbeit.<\/p>\n<p>Das Masterstudium Contemporary Arts Practice schlie\u00dft mit dem akademischen Titel <strong>Master of Arts<\/strong> ab.[\/vc_column_text][\/vc_column][\/vc_row][vc_section][vc_row][vc_column][vc_column_text]<img decoding=\"async\" loading=\"lazy\" class=\"alignnone size-full wp-image-1866\" src=\"https:\/\/www.mdw.ac.at\/ar_center\/wp-content\/uploads\/2023\/01\/ARC-CAP-Design-Element-4.png\" alt=\"\" width=\"1921\" height=\"253\" srcset=\"https:\/\/www.mdw.ac.at\/ar_center\/wp-content\/uploads\/2023\/01\/ARC-CAP-Design-Element-4.png 1921w, https:\/\/www.mdw.ac.at\/ar_center\/wp-content\/uploads\/2023\/01\/ARC-CAP-Design-Element-4-768x101.png 768w, https:\/\/www.mdw.ac.at\/ar_center\/wp-content\/uploads\/2023\/01\/ARC-CAP-Design-Element-4-1536x202.png 1536w, https:\/\/www.mdw.ac.at\/ar_center\/wp-content\/uploads\/2023\/01\/ARC-CAP-Design-Element-4-1280x169.png 1280w\" sizes=\"(max-width: 1921px) 100vw, 1921px\" \/>[\/vc_column_text][\/vc_column][\/vc_row][\/vc_section]<\/p>\n","protected":false},"excerpt":{"rendered":"<p>[vc_row][vc_column][vc_column_text]Das Studium schlie\u00dft mit einer kommissionellen Masterpr\u00fcfung ab, die aus zwei Teilen besteht: Im ersten Teil der Masterpr\u00fcfung wird das Abschlussprojekt pr\u00e4sentiert. Dies kann in Form einer Lecture Performance mit einer maximalen L\u00e4nge von 25 Minuten umgesetzt werden. Die Lecture Performance umfasst die Pr\u00e4sentation des k\u00fcnstlerischen Abschlussprojekts, stellt einen vertiefend reflektierten Bezug zum schriftlichen Teil [&hellip;]<\/p>\n","protected":false},"author":4,"featured_media":0,"parent":0,"menu_order":0,"comment_status":"closed","ping_status":"closed","template":"","meta":[],"_links":{"self":[{"href":"https:\/\/www.mdw.ac.at\/ar_center\/wp-json\/wp\/v2\/pages\/3506"}],"collection":[{"href":"https:\/\/www.mdw.ac.at\/ar_center\/wp-json\/wp\/v2\/pages"}],"about":[{"href":"https:\/\/www.mdw.ac.at\/ar_center\/wp-json\/wp\/v2\/types\/page"}],"author":[{"embeddable":true,"href":"https:\/\/www.mdw.ac.at\/ar_center\/wp-json\/wp\/v2\/users\/4"}],"replies":[{"embeddable":true,"href":"https:\/\/www.mdw.ac.at\/ar_center\/wp-json\/wp\/v2\/comments?post=3506"}],"version-history":[{"count":6,"href":"https:\/\/www.mdw.ac.at\/ar_center\/wp-json\/wp\/v2\/pages\/3506\/revisions"}],"predecessor-version":[{"id":3636,"href":"https:\/\/www.mdw.ac.at\/ar_center\/wp-json\/wp\/v2\/pages\/3506\/revisions\/3636"}],"wp:attachment":[{"href":"https:\/\/www.mdw.ac.at\/ar_center\/wp-json\/wp\/v2\/media?parent=3506"}],"curies":[{"name":"wp","href":"https:\/\/api.w.org\/{rel}","templated":true}]}}