{"id":3251,"date":"2025-03-27T13:40:37","date_gmt":"2025-03-27T13:40:37","guid":{"rendered":"https:\/\/www.mdw.ac.at\/ar_center\/?page_id=3251"},"modified":"2025-03-27T13:41:08","modified_gmt":"2025-03-27T13:41:08","slug":"anderwald-grond_de","status":"publish","type":"page","link":"https:\/\/www.mdw.ac.at\/ar_center\/de\/anderwald-grond_de\/","title":{"rendered":"Ruth Anderwald und Leonhard Grond"},"content":{"rendered":"<p>[vc_section css=&#8221;.vc_custom_1592596618839{margin-top: 100px !important;}&#8221;][vc_row][vc_column width=&#8221;1\/4&#8243;]<div  class=\"wpb_content_element   clearfix\"><style type=\"text\/css\">#ut_am_69df09255f54b { opacity: 1; }#ut_am_wrap_69df09255f54c .ut-image-gallery-item-caption-title h3 { letter-spacing: 0em; }#ut_am_wrap_69df09255f54c .ut-gallery-slider-caption { font-weight: bold; }#ut_am_wrap_69df09255f54c { text-align: left; }@media (min-width: 768px) and (max-width: 1024px) { #ut_am_wrap_69df09255f54c { text-align: left !important; } }@media (max-width: 767px) { #ut_am_wrap_69df09255f54c { text-align: center !important; } }<\/style><div id=\"ut_am_wrap_69df09255f54c\" class=\"ut-image-gallery-image \"><div id=\"ut_reveal_69df09255f54d\"  data-appear-top-offset=\"auto\" class=\"ut-animated-image-item ut-image-gallery-item ut-animation-done \"><a class=\"ut-deactivated-link\" href=\"#\"><div class=\"ut-animated-image-zoom\"><img class=\"ut-lazy skip-lazy ut-animated-image\"  id=\"ut_am_69df09255f54b\" src=\"data:image\/svg+xml;charset=utf-8,%3Csvg xmlns%3D'http%3A%2F%2Fwww.w3.org%2F2000%2Fsvg' viewBox%3D'0 0 325 217'%2F%3E\" data-src=\"https:\/\/www.mdw.ac.at\/ar_center\/wp-content\/uploads\/2025\/03\/Anderwald_Grond-1-325x217.jpg\" width=\"325\" height=\"217\" alt=\"\"\/><\/div><div data-image-caption class=\"ut-image-gallery-image-caption\"><div class=\"ut-image-gallery-item-caption-title\"><h3>credits: private<\/h3><\/div><\/div><\/a><\/div><\/div><\/div>[\/vc_column][vc_column width=&#8221;3\/4&#8243;][vc_column_text]Ruth Anderwald + Leonhard Grond arbeiten als K\u00fcnstler*in, Kurator*in und k\u00fcnstlerische Forscher*in und sind Gastprofessoren am ARC Artistic Research Center. Seit 2025 sind sie assoziierte Mitglieder am CSS Centre for Sensory Studies, Concordia University, Montreal. Bis 2024 waren sie Professor*in f\u00fcr das PhD-Programm (PhD in Art) an der Universit\u00e4t f\u00fcr angewandte Kunst, Wien.<\/p>\n<p>Ruths und Leonhards Arbeiten werden international ausgestellt, z.B. bei der 15. Bienal de la Habana (2025), Centre Pompidou, Paris (2009, 2020), Himalayas Art Museum, Shanghai (2010), Tate Modern, London (2008), CCA Tel Aviv (2011, 2016). Sie haben Ausstellungen und Screening-Programme u. a. f\u00fcr die Kunsthalle Wien (2012), die Whitechapel Gallery London (2013), das Kunsthaus Graz (2017) und das U-Jazdowski-Castle Warschau (2018) kuratiert.<\/p>\n<p>Sie leiteten zwei FWF-PEEK-Projekte, Dizziness\u2014A Resource (2015-2017) und Navigating Dizziness Together (2020-24), und initiierten die EU-Projekte The Arts of Resistance (2024-2025) und ART WORKS! European Culture of Resistance and Liberation (2019-21) mit Museion Bozen, MSU Museum of Contemporary Art Zagreb, Stiftung wannseeFORUM, HKW Haus der Kulturen der Welt Berlin, Foundation Between Bridges, HBK Braunschweig und der Universit\u00e4t f\u00fcr angewandte Kunst Wien. ART WORKS! wurde von der Europ\u00e4ischen Kommission als Best-Practice-Projekt in Reaktion auf die COVID-19-Krise ausgezeichnet. Das Projekt Baustelle der Erinnerung (2018-2023) begleitete die Neugestaltung der \u00f6sterreichischen Dauerausstellung (Blog 17) in der Gedenkst\u00e4tte Auschwitz-Birkenau im Auftrag des \u00d6sterreichischen Nationalfonds.<\/p>\n<p>Seit 15 Jahren erforschen Ruth und Leonhard Taumelzust\u00e4nde und haben gemeinsam mit dem Kurator Sergio Edelsztein das Projekt Iliggocene-The Age of Dizziness ins Leben gerufen, ein kunstbasiertes Forschungsprojekt in der dezentralen Form einer Netzwerkausstellung und diskursiven Reihe mit Screenings und Performances, dessen Prozess und Ergebnisse in einem Audioarchiv dokumentiert und ver\u00f6ffentlicht werden. Gef\u00f6rdert von der Kulturstiftung des Bundes (KSB) erforscht das Iliggocene die gesellschaftspolitische und k\u00fcnstlerische Seite des Taumels als Zustand der Unberechenbarkeit und Unsicherheit. Der Begriff Iliggocene (von iliggos &#8211; griechisch f\u00fcr \u201eSchwindel\u201c) bezieht sich auf Taumelzust\u00e4nde, wie sie durch die k\u00fcnstlerische Forschung von Ruth und Leonhard zusammen mit Sergio Edelsztein in ihrer Podcast-Serie On Certain Groundlessness untersucht wurden (in mehr als 40 L\u00e4ndern gerh\u00f6rt, verf\u00fcgbar auf Spotify, Apple Podcast und diesem Link: <a href=\"https:\/\/www.on-dizziness.com\/resources-overview\/podcast\">https:\/\/www.on-dizziness.com\/resources-overview\/podcast<\/a>).<\/p>\n<p>Die erste Iliggocene-Ausstellung wird im M\u00e4rz 2026 im KINDL-Zentrum f\u00fcr zeitgen\u00f6ssische Kunst Berlin er\u00f6ffnet, gefolgt von Veranstaltungen, Performances, Vortr\u00e4gen und weiteren Ausstellungen im Museum f\u00fcr Zeitgen\u00f6ssische Kunst Zagreb, im Kunsthaus Graz und im n.b.k. Neuer Berliner Kunstverein.<\/p>\n<p>Zu ihren akademischen Ver\u00f6ffentlichungen z\u00e4hlen \u2018Contemplations: A Perspective on Reflexivity out of the \u201cBrackish Waters\u201d of Artistic Research\u2019 in Revisiting Reflexivity: Liveable Worlds in Research and Beyond (Eds. Sarah R Davies, Andrea Schikowitz, Fredy Mora G\u00e1mez, Elaine Goldberg, Esther Dessewffy, Bao-Chau Pham, Ariadne Avk\u0131ran, &amp; Kathleen Gregory) The Bristol University Press, Bristol (2025); sowie der Sammelband Dizziness\u2014A Resource, (Eds. Ruth Anderwald, Karoline Feyertag, Leonhard Grond) Sternberg Press, Berlin (2019).<\/p>\n<p><a href=\"http:\/\/www.on-dizziness.com\">www.on-dizziness.com<\/a><br \/>\n<a href=\"http:\/\/www.culture-of-resistance.eu\">www.culture-of-resistance.eu<\/a>[\/vc_column_text][\/vc_column][\/vc_row][\/vc_section][vc_section css=&#8221;.vc_custom_1592596618839{margin-top: 100px !important;}&#8221;][vc_row][vc_column]<div  class=\"wpb_content_element   clearfix\"><style type=\"text\/css\">#ut_am_69df09255f864 { opacity: 1; }#ut_am_wrap_69df09255f865 .ut-image-gallery-item-caption-title h3 { letter-spacing: 0em; }#ut_am_wrap_69df09255f865 .ut-gallery-slider-caption { font-weight: bold; }#ut_am_wrap_69df09255f865 { text-align: left; }@media (min-width: 768px) and (max-width: 1024px) { #ut_am_wrap_69df09255f865 { text-align: left !important; } }@media (max-width: 767px) { #ut_am_wrap_69df09255f865 { text-align: center !important; } }<\/style><div id=\"ut_am_wrap_69df09255f865\" class=\"ut-image-gallery-image \"><div id=\"ut_reveal_69df09255f866\"  data-appear-top-offset=\"auto\" class=\"ut-animated-image-item ut-image-gallery-item ut-animation-done \"><a class=\"ut-deactivated-link\" href=\"#\"><div class=\"ut-animated-image-zoom\"><img class=\"ut-lazy skip-lazy ut-animated-image\"  id=\"ut_am_69df09255f864\" src=\"data:image\/svg+xml;charset=utf-8,%3Csvg xmlns%3D'http%3A%2F%2Fwww.w3.org%2F2000%2Fsvg' viewBox%3D'0 0 500 600'%2F%3E\" data-src=\"https:\/\/www.mdw.ac.at\/ar_center\/wp-content\/uploads\/2020\/07\/ARC-Design-Element-6-1.svg\" width=\"500\" height=\"\" alt=\"\"\/><\/div><\/a><\/div><\/div><\/div>[\/vc_column][\/vc_row][\/vc_section]<\/p>\n","protected":false},"excerpt":{"rendered":"<p>[vc_section css=&#8221;.vc_custom_1592596618839{margin-top: 100px !important;}&#8221;][vc_row][vc_column width=&#8221;1\/4&#8243;][\/vc_column][vc_column width=&#8221;3\/4&#8243;][vc_column_text]Ruth Anderwald + Leonhard Grond arbeiten als K\u00fcnstler*in, Kurator*in und k\u00fcnstlerische Forscher*in und sind Gastprofessoren am ARC Artistic Research Center. Seit 2025 sind sie assoziierte Mitglieder am CSS Centre for Sensory Studies, Concordia University, Montreal. Bis 2024 waren sie Professor*in f\u00fcr das PhD-Programm (PhD in Art) an der Universit\u00e4t f\u00fcr [&hellip;]<\/p>\n","protected":false},"author":4,"featured_media":0,"parent":0,"menu_order":0,"comment_status":"closed","ping_status":"closed","template":"","meta":[],"_links":{"self":[{"href":"https:\/\/www.mdw.ac.at\/ar_center\/wp-json\/wp\/v2\/pages\/3251"}],"collection":[{"href":"https:\/\/www.mdw.ac.at\/ar_center\/wp-json\/wp\/v2\/pages"}],"about":[{"href":"https:\/\/www.mdw.ac.at\/ar_center\/wp-json\/wp\/v2\/types\/page"}],"author":[{"embeddable":true,"href":"https:\/\/www.mdw.ac.at\/ar_center\/wp-json\/wp\/v2\/users\/4"}],"replies":[{"embeddable":true,"href":"https:\/\/www.mdw.ac.at\/ar_center\/wp-json\/wp\/v2\/comments?post=3251"}],"version-history":[{"count":1,"href":"https:\/\/www.mdw.ac.at\/ar_center\/wp-json\/wp\/v2\/pages\/3251\/revisions"}],"predecessor-version":[{"id":3253,"href":"https:\/\/www.mdw.ac.at\/ar_center\/wp-json\/wp\/v2\/pages\/3251\/revisions\/3253"}],"wp:attachment":[{"href":"https:\/\/www.mdw.ac.at\/ar_center\/wp-json\/wp\/v2\/media?parent=3251"}],"curies":[{"name":"wp","href":"https:\/\/api.w.org\/{rel}","templated":true}]}}