{"id":2786,"date":"2024-11-07T11:41:50","date_gmt":"2024-11-07T11:41:50","guid":{"rendered":"https:\/\/www.mdw.ac.at\/ar_center\/?page_id=2786"},"modified":"2025-03-25T08:40:30","modified_gmt":"2025-03-25T08:40:30","slug":"artistic-research-lab_de","status":"publish","type":"page","link":"https:\/\/www.mdw.ac.at\/ar_center\/de\/artistic-research-lab_de\/","title":{"rendered":"Artistic Research LAB Pr\u00e4sentationen"},"content":{"rendered":"<h3>Die aktuellen Doktoratsstudierenden pr\u00e4sentieren audiovisuelle Beitr\u00e4ge aus ihren aktuellen k\u00fcnstlerischen Forschungsprojekten.<\/h3>\n","protected":false},"excerpt":{"rendered":"<p>Die aktuellen Doktoratsstudierenden pr\u00e4sentieren audiovisuelle Beitr\u00e4ge aus ihren aktuellen k\u00fcnstlerischen Forschungsprojekten.<\/p>\n","protected":false},"author":4,"featured_media":0,"parent":0,"menu_order":0,"comment_status":"closed","ping_status":"closed","template":"","meta":[],"_links":{"self":[{"href":"https:\/\/www.mdw.ac.at\/ar_center\/wp-json\/wp\/v2\/pages\/2786"}],"collection":[{"href":"https:\/\/www.mdw.ac.at\/ar_center\/wp-json\/wp\/v2\/pages"}],"about":[{"href":"https:\/\/www.mdw.ac.at\/ar_center\/wp-json\/wp\/v2\/types\/page"}],"author":[{"embeddable":true,"href":"https:\/\/www.mdw.ac.at\/ar_center\/wp-json\/wp\/v2\/users\/4"}],"replies":[{"embeddable":true,"href":"https:\/\/www.mdw.ac.at\/ar_center\/wp-json\/wp\/v2\/comments?post=2786"}],"version-history":[{"count":1,"href":"https:\/\/www.mdw.ac.at\/ar_center\/wp-json\/wp\/v2\/pages\/2786\/revisions"}],"predecessor-version":[{"id":2787,"href":"https:\/\/www.mdw.ac.at\/ar_center\/wp-json\/wp\/v2\/pages\/2786\/revisions\/2787"}],"wp:attachment":[{"href":"https:\/\/www.mdw.ac.at\/ar_center\/wp-json\/wp\/v2\/media?parent=2786"}],"curies":[{"name":"wp","href":"https:\/\/api.w.org\/{rel}","templated":true}]}}