{"id":2642,"date":"2024-07-11T07:35:48","date_gmt":"2024-07-11T07:35:48","guid":{"rendered":"https:\/\/www.mdw.ac.at\/ar_center\/?page_id=2642"},"modified":"2025-03-25T09:36:47","modified_gmt":"2025-03-25T09:36:47","slug":"activities-portfolio-ma-cap_de","status":"publish","type":"page","link":"https:\/\/www.mdw.ac.at\/ar_center\/de\/activities-portfolio-ma-cap_de\/","title":{"rendered":"Aktivit\u00e4ten Portfolio \u2014 MA CAP"},"content":{"rendered":"<p>[vc_section][vc_row][vc_column][vc_column_text]<\/p>\n<h2>Studienjahr 2023\/24<\/h2>\n<p>[\/vc_column_text][\/vc_column][\/vc_row][vc_row][vc_column][vc_column_text]<\/p>\n<h4><\/h4>\n<h4>1) Konzerte und Auff\u00fchrungen (Auswahl)<\/h4>\n<p>10. Dezember 2023 | Konzert in der Gruft | Obdachlosenbetreuungseinrichtung der Caritas, Wien<\/p>\n<p>14. Dezember 2023 | Konzert des Community Orchester Wien | Bildungszentrum Simmering, Wien<\/p>\n<p>17. Dezember 2023 | Konzert in der Gruft | Obdachlosenbetreuungseinrichtung der Caritas, Wien<\/p>\n<p>19. Dezember 2023 | Performatives Konzert mit einem Dialog der verschiedensten K\u00fcnste in der Ausstellung \u201eON STAGE. Kunst als B\u00fchne\u201c | mumok, Wien<\/p>\n<p>26. J\u00e4nner 2024 | Festival f\u00fcr Werkstattst\u00fccke: CAP-Master Showing No. 1 | mdw<\/p>\n<p>19.-23. Februar 2024 | Teilnahme METRIC | Antwerpen, Belgien<\/p>\n<p>24. April 2024 | Konzert Strafvollzugsanstalt | Gerasdorf, Nieder\u00f6sterreich<\/p>\n<p>30. April 2024 | Flashmob 200 Jahre Beethoven 9. Symphonie | Stephansplatz, Wien<\/p>\n<p>02. Mai 2024 | KlangBildKlang Workshop im Kindergarten | Lorenz Reiter Gasse, Wien<\/p>\n<p>12. Mai 2024 | KlangBildKlang Konzert in der Gruft | Obdachlosenbetreuungseinrichtung der Caritas, Wien<\/p>\n<p>16. Mai 2024 | Konzert des Community Orchester Wien | Bildungszentrum Simmering<\/p>\n<p>21.Mai 2024 | KlangBildKlang Workshop | SeniorInnenhaus Caritas socialis, Oberzellergasse, Wien<\/p>\n<p>28. Mai 2024 | Konzert: We Remember Re_De \u2013 A Tribute to Renald Deppe | Porgy &amp; Bess, Wien<\/p>\n<p>29. Mai 2024 | Auf dem Weg, Konzert im Rahmen von KlangBildKlang | Cape 10, Wien<\/p>\n<p>06. Juni 2024 | Konzert: Verortung und Perspektive &#8211; Eine Hommage an Renald Deppe Vol. 1 | Porgy &amp; Bess, Wien<\/p>\n<p>07. Juni 2024 | Konzert: Verortung und Perspektive &#8211; Eine Hommage an Renald Deppe Vol. 2 | Porgy &amp; Bess, Wien<\/p>\n<p>08. Juni 2024 | Konzert: Verortung und Perspektive &#8211; Eine Hommage an Renald Deppe Vol. 3 | Porgy &amp; Bess, Wien<\/p>\n<p>02. Juni 2024 | KlangBildKlang Workshop | SeniorInnenhaus Caritas socialis, Oberzellergasse, Wien<\/p>\n<p>12. Juni 2024 | KlangBildKlang Pr\u00e4sentation Lehrlingsprojekt Jugend am Werk | Louis H\u00e4fligerg., Wien<\/p>\n<p>19. Juni 2024 | KlangBildKlang Workshop | Schulstandort Spalowskygasse, Wien<\/p>\n<p>19. Juni 2024 | Konzert des Community Orchester Wien | Gr\u00e4tzelfest Spalowskygasse, Wien<\/p>\n<p>21. Juni 2024 | KlangBildKlang | Konzerthaus Wien<\/p>\n<p>22. Juni 2024 | KlangBildKlang | Konzerthaus Wien<\/p>\n<p>15.-26. Juli 2024 | SONV &#8211; Sounds of Now Vienna<\/p>\n<p>19.-25.August 2024 | Teilnahme an: \u201cParabases: New attempts on Ancient Drama. An international meeting of students of drama schools approaching ancient Greek dramaturgy an Myth.\u201d | Thessaloniki, Griechenland<\/p>\n<p>&nbsp;<\/p>\n<h4><\/h4>\n<h4>2) Presse<\/h4>\n<p>Die Presse, 21. Februar 2023: Lernen, \u00fcber Musik zu reflektieren, [online] https:\/\/www.diepresse.com\/6254382\/lernen-ueber-musik-zu-reflektieren<\/p>\n<p>Improfil Nr. 86, Dezember 2023, S. 28: CAP \u2013 Contemporary Arts Practice<\/p>\n<p>&nbsp;<\/p>\n<h4><\/h4>\n<h4>3) Vortr\u00e4ge\/ Workshops<\/h4>\n<p>08. M\u00e4rz 2023 | Sibelius Akademie | Invited Lecture \u201cExploring New Ground in Music Curricula\u201d von Axel Petri-Preis im Rahmen der Arbeitstagung \u201eThe Social Turn and Implications for Higher Music Education\u201d<\/p>\n<p>04. Juli 2024 | University of Surrey | Vortrag von Axel Petri-Preis im Rahmen der Tagung \u201eMusic and the University\u201c<\/p>\n<p>21. Februar 2024 | Royal Conservatoire Antwerp | Workshop im Rahmen von METRIC von Maria Gst\u00e4ttner-Heckel<\/p>\n<p>21 August 2024 | Workshop f\u00fcr \u201cParabases: New attempts on Ancient Drama. An international meeting of students of drama schools approaching ancient Greek dramaturgy and Myth.\u201d von Maria Gst\u00e4ttner-Heckel | Thessaloniki, Griechenland<\/p>\n<p>&nbsp;<\/p>\n<h4><\/h4>\n<h4>4) Publikationen<\/h4>\n<p>Petri-Preis, Axel (2024, im Druck): Neue Wege in der k\u00fcnstlerischen Hochschullehre. Der Master Contemporary Arts Practice, in: Gandt, Stefanie, Schmohl, Tobias, Zinger, Benjamin, Zitzmann, Christina (Hrsg.), Disruptionen in der Hochschulbildung, Bielefeld: wbv Media. (peer reviewed)<\/p>\n<p>Petri-Preis, Axel (2025, in Vorbereitung): Towards Community Engagement in Music Curricula. Students\u2018 Perspectives on the MA Program Contemporary Arts Practice. In: Petri-Preis, Axel &amp; Ziegenmeyer, Annette (Hrsg.), Turning Social. On the Social-Transformative Potential of Music Mediation, Wien: mdwpress. (peer reviewed)[\/vc_column_text][\/vc_column][\/vc_row][vc_row][vc_column][vc_column_text]<img decoding=\"async\" loading=\"lazy\" class=\"alignnone size-full wp-image-1871\" src=\"https:\/\/www.mdw.ac.at\/ar_center\/wp-content\/uploads\/2023\/01\/ARC-CAP-Design-Element-4-1.png\" alt=\"\" width=\"1921\" height=\"253\" srcset=\"https:\/\/www.mdw.ac.at\/ar_center\/wp-content\/uploads\/2023\/01\/ARC-CAP-Design-Element-4-1.png 1921w, https:\/\/www.mdw.ac.at\/ar_center\/wp-content\/uploads\/2023\/01\/ARC-CAP-Design-Element-4-1-768x101.png 768w, https:\/\/www.mdw.ac.at\/ar_center\/wp-content\/uploads\/2023\/01\/ARC-CAP-Design-Element-4-1-1536x202.png 1536w, https:\/\/www.mdw.ac.at\/ar_center\/wp-content\/uploads\/2023\/01\/ARC-CAP-Design-Element-4-1-1280x169.png 1280w\" sizes=\"(max-width: 1921px) 100vw, 1921px\" \/>[\/vc_column_text][\/vc_column][\/vc_row][\/vc_section]<\/p>\n","protected":false},"excerpt":{"rendered":"<p>[vc_section][vc_row][vc_column][vc_column_text] Studienjahr 2023\/24 [\/vc_column_text][\/vc_column][\/vc_row][vc_row][vc_column][vc_column_text] 1) Konzerte und Auff\u00fchrungen (Auswahl) 10. Dezember 2023 | Konzert in der Gruft | Obdachlosenbetreuungseinrichtung der Caritas, Wien 14. Dezember 2023 | Konzert des Community Orchester Wien | Bildungszentrum Simmering, Wien 17. Dezember 2023 | Konzert in der Gruft | Obdachlosenbetreuungseinrichtung der Caritas, Wien 19. Dezember 2023 | Performatives Konzert mit [&hellip;]<\/p>\n","protected":false},"author":4,"featured_media":0,"parent":0,"menu_order":0,"comment_status":"closed","ping_status":"closed","template":"","meta":[],"_links":{"self":[{"href":"https:\/\/www.mdw.ac.at\/ar_center\/wp-json\/wp\/v2\/pages\/2642"}],"collection":[{"href":"https:\/\/www.mdw.ac.at\/ar_center\/wp-json\/wp\/v2\/pages"}],"about":[{"href":"https:\/\/www.mdw.ac.at\/ar_center\/wp-json\/wp\/v2\/types\/page"}],"author":[{"embeddable":true,"href":"https:\/\/www.mdw.ac.at\/ar_center\/wp-json\/wp\/v2\/users\/4"}],"replies":[{"embeddable":true,"href":"https:\/\/www.mdw.ac.at\/ar_center\/wp-json\/wp\/v2\/comments?post=2642"}],"version-history":[{"count":4,"href":"https:\/\/www.mdw.ac.at\/ar_center\/wp-json\/wp\/v2\/pages\/2642\/revisions"}],"predecessor-version":[{"id":2654,"href":"https:\/\/www.mdw.ac.at\/ar_center\/wp-json\/wp\/v2\/pages\/2642\/revisions\/2654"}],"wp:attachment":[{"href":"https:\/\/www.mdw.ac.at\/ar_center\/wp-json\/wp\/v2\/media?parent=2642"}],"curies":[{"name":"wp","href":"https:\/\/api.w.org\/{rel}","templated":true}]}}