{"id":2531,"date":"2024-05-07T10:18:46","date_gmt":"2024-05-07T10:18:46","guid":{"rendered":"https:\/\/www.mdw.ac.at\/ar_center\/?page_id=2531"},"modified":"2025-01-10T16:20:32","modified_gmt":"2025-01-10T16:20:32","slug":"artistic-research-lab-presentations-2024","status":"publish","type":"page","link":"https:\/\/www.mdw.ac.at\/ar_center\/artistic-research-lab-presentations-2024\/","title":{"rendered":"AR Lab \u2013 2024 Presentations"},"content":{"rendered":"<p>[vc_row][vc_column][vc_column_text]<strong>14th and 15th June 2024, 19:00h<\/strong><\/p>\n<p>mdw \u2013 Future Art Lab, Klangtheater<\/p>\n<p>Anton-von-Webern-Platz 1<\/p>\n<p>1030 Wien<\/p>\n<p>Watch in Mediathek: <a href=\"https:\/\/mdw.vhx.tv\/artistic-research-lab-2024\" target=\"_blank\" rel=\"noopener\">LINK<\/a><\/p>\n<p>As the public closing event of the Artistic Research Lab in the artistic doctoral programme, sixteen mdw students will present audiovisual contributions from their current artistic research projects. The spectrum ranges from new and sometimes transcultural forms of composition and interpretation to experimental approaches to creation, curating, media art, film and theatre to historically informed performance practice and innovative turntablism.<\/p>\n<p><img decoding=\"async\" class=\"alignnone size-full wp-image-134\" src=\"https:\/\/www.mdw.ac.at\/ar_center\/wp-content\/uploads\/2020\/06\/Header_Bg_04_02.svg\" alt=\"\" \/><\/p>\n<p>&nbsp;<\/p>\n<p><strong>PRESENTATION OF ARTISTIC PROJECTS (PART 1)<\/strong><\/p>\n<p><strong>Friday, 14th June 2024, 19:00h \u2013 Future Art Lab, Klangtheater<br \/>\n<\/strong><\/p>\n<p>Presentations by: David Panzl, Tong Zhang, Jagoda Szmytka, Dustin Zorn, Chidi Obijiaku, Birgitta Flick und Karl Salzmann<\/p>\n<p>&nbsp;<\/p>\n<p><strong>Program:<\/strong><\/p>\n<p>David Panzl\u00a0\u00a0\u00a0\u00a0\u00a0\u00a0\u00a0\u00a0\u00a0\u00a0\u00a0\u00a0\u00a0\u00a0\u00a0\u00a0 \u00a0\u00a0\u00a0\u00a0\u00a0\u00a0 <em>Gravity Beats<\/em><\/p>\n<p>Tong Zhang\u00a0\u00a0\u00a0\u00a0\u00a0\u00a0\u00a0\u00a0\u00a0\u00a0\u00a0\u00a0\u00a0\u00a0\u00a0\u00a0\u00a0\u00a0\u00a0\u00a0\u00a0\u00a0\u00a0 <em>Out-of-sync<\/em><\/p>\n<p>Jagoda Szmytka\u00a0\u00a0\u00a0\u00a0\u00a0\u00a0\u00a0\u00a0\u00a0 \u00a0\u00a0\u00a0\u00a0\u00a0\u00a0 <em>On Music Fundamentals and Elementary Counterpoint in Extended Composition \u2014 An Overview of the Doctoral Artistic Research Project<\/em><\/p>\n<p>Dustin Zorn\u00a0\u00a0\u00a0\u00a0\u00a0\u00a0\u00a0\u00a0\u00a0\u00a0\u00a0\u00a0\u00a0\u00a0\u00a0\u00a0\u00a0\u00a0\u00a0\u00a0\u00a0\u00a0\u00a0 <em>From Stria to Metastasia \u2013 <\/em><em>fantastic proliferations of a revived algorithm <\/em><em>\u00a0<\/em><\/p>\n<p>&#8212;&#8212;&#8212;&#8212; INTERMISSION &#8212;&#8212;&#8212;&#8212;<\/p>\n<p>Chidi Obijiaku\u00a0\u00a0\u00a0\u00a0\u00a0\u00a0\u00a0\u00a0\u00a0\u00a0\u00a0\u00a0\u00a0\u00a0\u00a0\u00a0\u00a0\u00a0\u00a0 <em>from street to score<\/em><\/p>\n<p>Birgitta Flick\u00a0\u00a0\u00a0\u00a0\u00a0\u00a0\u00a0\u00a0\u00a0\u00a0\u00a0\u00a0\u00a0\u00a0\u00a0\u00a0\u00a0\u00a0\u00a0\u00a0\u00a0\u00a0 <em>Scores as tools and transformers in collective practices: Reflections on the creative collaboration for PlanetWoman<\/em><\/p>\n<p>Karl Salzmann\u00a0\u00a0\u00a0\u00a0\u00a0\u00a0\u00a0\u00a0\u00a0\u00a0\u00a0\u00a0\u00a0\u00a0\u00a0\u00a0\u00a0\u00a0\u00a0 <em>Final Scratch<\/em><\/p>\n<p>&nbsp;<\/p>\n<p><strong>PRESENTATION OF ARTISTIC PROJECTS (PART 2)<\/strong><\/p>\n<p><strong>Saturday, 15th June 2024, 19:00h \u2013 Future Art Lab, Klangtheater<br \/>\n<\/strong><\/p>\n<p>Presentations by: Ettore Biagi, Ginan Seidl, Ragnhei\u00f0ur Erla Bj\u00f6rnsd\u00f3ttir, Arne Vogelgesang, Christoph Wichert, Patrik Lechner, Athanasia Kontou and Gerhild Steinbuch.<\/p>\n<p>&nbsp;<\/p>\n<p>Ettore Biagi\u00a0\u00a0\u00a0\u00a0\u00a0\u00a0\u00a0\u00a0\u00a0\u00a0\u00a0\u00a0\u00a0\u00a0\u00a0\u00a0\u00a0\u00a0\u00a0\u00a0\u00a0\u00a0\u00a0\u00a0\u00a0\u00a0\u00a0 \u00a0\u00a0\u00a0\u00a0\u00a0\u00a0\u00a0\u00a0\u00a0\u00a0\u00a0 <em>Creative Empowerment for ensemble of river stones<\/em><\/p>\n<p>Ginan Seidl\u00a0\u00a0\u00a0\u00a0\u00a0\u00a0\u00a0\u00a0\u00a0\u00a0\u00a0\u00a0\u00a0\u00a0\u00a0\u00a0\u00a0\u00a0\u00a0\u00a0\u00a0\u00a0\u00a0\u00a0\u00a0\u00a0\u00a0\u00a0\u00a0\u00a0\u00a0\u00a0\u00a0\u00a0\u00a0\u00a0\u00a0\u00a0\u00a0\u00a0 <em>tonal territories<\/em><\/p>\n<p>Arne Vogelgesang\u00a0\u00a0\u00a0\u00a0\u00a0\u00a0\u00a0\u00a0\u00a0\u00a0\u00a0\u00a0\u00a0\u00a0\u00a0\u00a0\u00a0\u00a0\u00a0\u00a0\u00a0\u00a0\u00a0\u00a0\u00a0\u00a0\u00a0\u00a0\u00a0 <em>Edging the Cut<\/em><\/p>\n<p>Ragnhei\u00f0ur Erla Bj\u00f6rnsd\u00f3ttir \u00a0\u00a0\u00a0\u00a0\u00a0\u00a0\u00a0\u00a0\u00a0\u00a0\u00a0 <em>Multispecies Vocal Weaving \u2013 Vibrational Practices<\/em><\/p>\n<p>&#8212;&#8212;&#8212;&#8212; INTERMISSION &#8212;&#8212;&#8212;&#8212;<\/p>\n<p>Christoph Wichert\u00a0\u00a0\u00a0\u00a0\u00a0 \u00a0\u00a0\u00a0\u00a0\u00a0\u00a0\u00a0\u00a0\u00a0\u00a0\u00a0\u00a0\u00a0\u00a0\u00a0\u00a0\u00a0\u00a0\u00a0\u00a0\u00a0\u00a0\u00a0 <em>Lost in Transcription<\/em><\/p>\n<p>Patrik Lechner\u00a0\u00a0\u00a0\u00a0\u00a0\u00a0\u00a0\u00a0\u00a0\u00a0\u00a0 \u00a0\u00a0\u00a0\u00a0\u00a0\u00a0\u00a0\u00a0\u00a0\u00a0\u00a0\u00a0\u00a0\u00a0\u00a0\u00a0\u00a0\u00a0\u00a0\u00a0\u00a0\u00a0\u00a0 <em>Biconic Walk<\/em><\/p>\n<p>Athanasia Kontou\u00a0\u00a0\u00a0\u00a0\u00a0 \u00a0\u00a0\u00a0\u00a0\u00a0\u00a0\u00a0\u00a0\u00a0\u00a0\u00a0\u00a0\u00a0\u00a0\u00a0\u00a0\u00a0\u00a0\u00a0\u00a0\u00a0\u00a0\u00a0 <em>Eight and a half months of \u201cgetting personal\u201d \u2013 <\/em>Reflecting on\u00a0shifting and expanding towards an experimental, interdisciplinary practice, in service of personal, vulnerable storytelling.<\/p>\n<p>Gerhild Steinbuch \u00a0\u00a0\u00a0\u00a0\u00a0\u00a0\u00a0\u00a0\u00a0\u00a0\u00a0\u00a0\u00a0\u00a0\u00a0\u00a0\u00a0\u00a0\u00a0\u00a0\u00a0\u00a0\u00a0\u00a0\u00a0\u00a0\u00a0\u00a0 <em>Stratifying perspectives \u2013 (Per)forming dramaturgies along tectonic shifts<\/em>[\/vc_column_text][\/vc_column][\/vc_row][vc_section][vc_row][vc_column]<div  class=\"wpb_content_element   clearfix\"><style type=\"text\/css\">#ut_am_69d4c8a7404f6 { opacity: 1; }#ut_am_wrap_69d4c8a7404f7 .ut-image-gallery-item-caption-title h3 { letter-spacing: 0em; }#ut_am_wrap_69d4c8a7404f7 .ut-gallery-slider-caption { font-weight: bold; }#ut_am_wrap_69d4c8a7404f7 { text-align: left; }@media (min-width: 768px) and (max-width: 1024px) { #ut_am_wrap_69d4c8a7404f7 { text-align: left !important; } }@media (max-width: 767px) { #ut_am_wrap_69d4c8a7404f7 { text-align: center !important; } }<\/style><div id=\"ut_am_wrap_69d4c8a7404f7\" class=\"ut-image-gallery-image \"><div id=\"ut_reveal_69d4c8a7404f8\"  data-appear-top-offset=\"auto\" class=\"ut-animated-image-item ut-image-gallery-item ut-animation-done \"><a class=\"ut-deactivated-link\" href=\"#\"><div class=\"ut-animated-image-zoom\"><img class=\"ut-lazy skip-lazy ut-animated-image\"  id=\"ut_am_69d4c8a7404f6\" src=\"data:image\/svg+xml;charset=utf-8,%3Csvg xmlns%3D'http%3A%2F%2Fwww.w3.org%2F2000%2Fsvg' viewBox%3D'0 0 325 217'%2F%3E\" data-src=\"https:\/\/www.mdw.ac.at\/ar_center\/wp-content\/uploads\/2020\/06\/Header_Bg_04.svg\" width=\"325\" height=\"217\" alt=\"\"\/><\/div><\/a><\/div><\/div><\/div>[\/vc_column][\/vc_row][\/vc_section]<\/p>\n","protected":false},"excerpt":{"rendered":"<p>[vc_row][vc_column][vc_column_text]14th and 15th June 2024, 19:00h mdw \u2013 Future Art Lab, Klangtheater Anton-von-Webern-Platz 1 1030 Wien Watch in Mediathek: LINK As the public closing event of the Artistic Research Lab in the artistic doctoral programme, sixteen mdw students will present audiovisual contributions from their current artistic research projects. The spectrum ranges from new and sometimes [&hellip;]<\/p>\n","protected":false},"author":4,"featured_media":0,"parent":0,"menu_order":0,"comment_status":"closed","ping_status":"closed","template":"","meta":[],"_links":{"self":[{"href":"https:\/\/www.mdw.ac.at\/ar_center\/wp-json\/wp\/v2\/pages\/2531"}],"collection":[{"href":"https:\/\/www.mdw.ac.at\/ar_center\/wp-json\/wp\/v2\/pages"}],"about":[{"href":"https:\/\/www.mdw.ac.at\/ar_center\/wp-json\/wp\/v2\/types\/page"}],"author":[{"embeddable":true,"href":"https:\/\/www.mdw.ac.at\/ar_center\/wp-json\/wp\/v2\/users\/4"}],"replies":[{"embeddable":true,"href":"https:\/\/www.mdw.ac.at\/ar_center\/wp-json\/wp\/v2\/comments?post=2531"}],"version-history":[{"count":12,"href":"https:\/\/www.mdw.ac.at\/ar_center\/wp-json\/wp\/v2\/pages\/2531\/revisions"}],"predecessor-version":[{"id":2916,"href":"https:\/\/www.mdw.ac.at\/ar_center\/wp-json\/wp\/v2\/pages\/2531\/revisions\/2916"}],"wp:attachment":[{"href":"https:\/\/www.mdw.ac.at\/ar_center\/wp-json\/wp\/v2\/media?parent=2531"}],"curies":[{"name":"wp","href":"https:\/\/api.w.org\/{rel}","templated":true}]}}