{"id":239,"date":"2020-06-20T10:51:12","date_gmt":"2020-06-20T10:51:12","guid":{"rendered":"http:\/\/www.mdw.ac.at\/ar_center\/?page_id=239"},"modified":"2025-09-27T16:07:25","modified_gmt":"2025-09-27T16:07:25","slug":"about-arc_de","status":"publish","type":"page","link":"https:\/\/www.mdw.ac.at\/ar_center\/de\/about-arc_de\/","title":{"rendered":"\u00dcber das ARC"},"content":{"rendered":"<p>[vc_section parallax=&#8221;content-moving&#8221; background_position=&#8221;center top&#8221;][vc_row][vc_column][vc_column_text]<\/p>\n<h2>Mission Statement<\/h2>\n<p>Der Name des Artistic Research Center der mdw verweist in seiner Abk\u00fcrzung auch auf die englischen Bedeutung von ARC als \u201eBogen\u201c als Br\u00fcckenbogen zwischen Kunst und Wissenschaft, und damit auch als Erweiterung jenes offenen Raumes, in dem Kunst und Wissenschaft einander wechselseitig befruchten. Im Zentrum steht innovative k\u00fcnstlerische Arbeit, die zur Produktion neuen Wissens f\u00fchrt und als eigenst\u00e4ndiger Beitrag zur Entwicklung und Erschlie\u00dfung der K\u00fcnste dienen kann. Dabei ist von einer Vielfalt an Wissens- und Verstehensformen auszugehen. Wissen \u00fcber spezifische Problemstellungen wird in den K\u00fcnsten generiert, die entsprechende k\u00fcnstlerische Forschung kontextualisiert und der daraus resultierende Erkenntnisgewinn ad\u00e4quat dokumentiert und kommuniziert. Dabei spielen \u2013 in unterschiedlichen projektspezifischen Gewichtungen \u2013 Entwicklung und kritisch-systematische Reflexion k\u00fcnstlerischer Praktiken, Inter- und Transdisziplinarit\u00e4t, Kollaborativit\u00e4t, Plurimedialit\u00e4t, Diversit\u00e4t der Wissensformen und Bewusstsein f\u00fcr Fragen der gesellschaftlichen beziehungsweise sozialen Relevanz eine wesentliche Rolle.[\/vc_column_text][\/vc_column][\/vc_row][vc_row][vc_column][vc_column_text]<\/p>\n<h2>Aufgaben<\/h2>\n<ul>\n<li>die Lehre im Rahmen des <a href=\"https:\/\/www.mdw.ac.at\/ar_center\/de\/doctor-artium-program_de\/\">k\u00fcnstlerischen Doktoratsstudiums<\/a>,<\/li>\n<li>Organisationsrahmen f\u00fcr das <a href=\"https:\/\/www.mdw.ac.at\/ar_center\/master-contemporary-arts-practice-cap\/\">Studium Contemporary Arts Practice (CAP \u2013 Master)<\/a><\/li>\n<li>Beitr\u00e4ge f\u00fcr k\u00fcnstlerische und k\u00fcnstlerisch-wissenschaftliche Master- bzw. Diplomstudien,<\/li>\n<li>die Beherbergung und Unterst\u00fctzung von k\u00fcnstlerischer Forschung in eigenen und Drittmittel-Projekten, Meta-Artistic-Research und B\u00fcndelung von AR-Expertise,<\/li>\n<li>der Betrieb einer Vernetzungs- und Publikationsplattform. (<a href=\"https:\/\/doi.org\/10.22501\/mdw\">Research Catalogue Portal<\/a>).<\/li>\n<\/ul>\n<p>[\/vc_column_text][\/vc_column][\/vc_row][\/vc_section][vc_section full_width=&#8221;stretch_row_content&#8221; css=&#8221;.vc_custom_1592274390566{margin-top: -100px !important;}&#8221;][vc_row full_width=&#8221;stretch_row_content_no_spaces&#8221;][vc_column]<div  class=\"wpb_content_element   clearfix\"><style type=\"text\/css\">#ut_am_69d2429408b59 { opacity: 1; }#ut_am_wrap_69d2429408b5a .ut-image-gallery-item-caption-title h3 { letter-spacing: 0em; }#ut_am_wrap_69d2429408b5a .ut-gallery-slider-caption { font-weight: bold; }#ut_am_wrap_69d2429408b5a { text-align: center; }@media (min-width: 768px) and (max-width: 1024px) { #ut_am_wrap_69d2429408b5a { text-align: center !important; } }@media (max-width: 767px) { #ut_am_wrap_69d2429408b5a { text-align: center !important; } }<\/style><div id=\"ut_am_wrap_69d2429408b5a\" class=\"ut-image-gallery-image \"><div id=\"ut_reveal_69d2429408b5b\"  data-appear-top-offset=\"auto\" class=\"ut-animated-image-item ut-image-gallery-item ut-animation-done \"><a class=\"ut-deactivated-link\" href=\"#\"><div class=\"ut-animated-image-zoom\"><img class=\"ut-lazy skip-lazy ut-animated-image\"  id=\"ut_am_69d2429408b59\" src=\"data:image\/svg+xml;charset=utf-8,%3Csvg xmlns%3D'http%3A%2F%2Fwww.w3.org%2F2000%2Fsvg' viewBox%3D'0 0 1300 867'%2F%3E\" data-src=\"https:\/\/www.mdw.ac.at\/ar_center\/wp-content\/uploads\/2020\/06\/Header_Bg_03.svg\" width=\"1300\" height=\"867\" alt=\"\"\/><\/div><\/a><\/div><\/div><\/div>[\/vc_column][\/vc_row][\/vc_section]<\/p>\n","protected":false},"excerpt":{"rendered":"<p>[vc_section parallax=&#8221;content-moving&#8221; background_position=&#8221;center top&#8221;][vc_row][vc_column][vc_column_text] Mission Statement Der Name des Artistic Research Center der mdw verweist in seiner Abk\u00fcrzung auch auf die englischen Bedeutung von ARC als \u201eBogen\u201c als Br\u00fcckenbogen zwischen Kunst und Wissenschaft, und damit auch als Erweiterung jenes offenen Raumes, in dem Kunst und Wissenschaft einander wechselseitig befruchten. Im Zentrum steht innovative k\u00fcnstlerische Arbeit, [&hellip;]<\/p>\n","protected":false},"author":1,"featured_media":0,"parent":0,"menu_order":0,"comment_status":"closed","ping_status":"closed","template":"","meta":[],"_links":{"self":[{"href":"https:\/\/www.mdw.ac.at\/ar_center\/wp-json\/wp\/v2\/pages\/239"}],"collection":[{"href":"https:\/\/www.mdw.ac.at\/ar_center\/wp-json\/wp\/v2\/pages"}],"about":[{"href":"https:\/\/www.mdw.ac.at\/ar_center\/wp-json\/wp\/v2\/types\/page"}],"author":[{"embeddable":true,"href":"https:\/\/www.mdw.ac.at\/ar_center\/wp-json\/wp\/v2\/users\/1"}],"replies":[{"embeddable":true,"href":"https:\/\/www.mdw.ac.at\/ar_center\/wp-json\/wp\/v2\/comments?post=239"}],"version-history":[{"count":56,"href":"https:\/\/www.mdw.ac.at\/ar_center\/wp-json\/wp\/v2\/pages\/239\/revisions"}],"predecessor-version":[{"id":3490,"href":"https:\/\/www.mdw.ac.at\/ar_center\/wp-json\/wp\/v2\/pages\/239\/revisions\/3490"}],"wp:attachment":[{"href":"https:\/\/www.mdw.ac.at\/ar_center\/wp-json\/wp\/v2\/media?parent=239"}],"curies":[{"name":"wp","href":"https:\/\/api.w.org\/{rel}","templated":true}]}}