{"id":198,"date":"2020-06-19T20:26:30","date_gmt":"2020-06-19T20:26:30","guid":{"rendered":"http:\/\/www.mdw.ac.at\/ar_center\/?page_id=198"},"modified":"2025-03-11T11:13:53","modified_gmt":"2025-03-11T11:13:53","slug":"literature-links_de","status":"publish","type":"page","link":"https:\/\/www.mdw.ac.at\/ar_center\/de\/literature-links_de\/","title":{"rendered":"Literatur \/ Links"},"content":{"rendered":"<p>[vc_section css=&#8221;.vc_custom_1592951170706{margin-top: 100px !important;}&#8221;][vc_row][vc_column][vc_column_text]<\/p>\n<h2>Artistic Research an der mdw<\/h2>\n<p><a href=\"https:\/\/www.mdw.ac.at\/magazin\/index.php\/2019\/11\/24\/kuenstlerische-forschung-an-der-mdw-rueckblick-und-ausblick\/?lang=de\" target=\"_blank\" rel=\"noopener noreferrer\">K\u00fcnstlerische Forschung an der mdw \u2013 R\u00fcckblick und Ausblick<\/a><\/p>\n<p><a href=\"https:\/\/www.mdw.ac.at\/magazin\/index.php\/2019\/11\/25\/kuenstlerische-forschung\/?lang=de\" target=\"_blank\" rel=\"noopener noreferrer\">K\u00fcnstlerische Forschung &#8211; mdw magazin special<\/a><\/p>\n<p><a href=\"https:\/\/www.mdw.ac.at\/magazin\/index.php\/2019\/11\/25\/interdisziplinaere-projektvielfalt-neun-artistic-research-pilotprojekte-an-der-mdw\/?lang=de\" target=\"_blank\" rel=\"noopener noreferrer\">Interdisziplin\u00e4re Projektvielfalt: Neun Artistic-Research-Pilotprojekte an der mdw<\/a><\/p>\n<p><a href=\"https:\/\/www.mdw.ac.at\/magazin\/index.php\/2019\/02\/25\/rotting-sounds\/?lang=de\" target=\"_blank\" rel=\"noopener noreferrer\">Rotting Sounds \u2013 \u00dcber den zeitlichen Verfall von digitalem Audio: sich dem Verderben hingeben<\/a><a href=\"https:\/\/www.mdw.ac.at\/magazin\/index.php\/2019\/02\/25\/rotting-sounds\/?lang=de\" target=\"_blank\" rel=\"noopener noreferrer\"> (PEEK Projekt)<\/a><\/p>\n<p><a href=\"https:\/\/www.mdw.ac.at\/magazin\/index.php\/2019\/11\/29\/kreative-missverstaendnisse-methodologien-der-inspiration\/?lang=de\" target=\"_blank\" rel=\"noopener noreferrer\">Kreative (Miss)Verst\u00e4ndnisse \u2013 Methodologien der Inspiration (PEEK Projekt)<\/a><\/p>\n<p><a href=\"https:\/\/www.mdw.ac.at\/magazin\/index.php\/2019\/11\/25\/endlich-dort-wo-der-pfeffer-waechst-88-tage-in-indien\/?lang=de\" target=\"_blank\" rel=\"noopener noreferrer\">Endlich dort, wo der Pfeffer w\u00e4chst \u2013 88 Tage in Indien<\/a><\/p>\n<p><a href=\"https:\/\/www.mdw.ac.at\/magazin\/2022\/09\/26\/kreative-miss-verstaendnisse-in-wien-und-budapest\/\" target=\"_blank\" rel=\"noopener\">Kreative (Miss)Verst\u00e4ndnsse in Wien und Budapest<\/a><\/p>\n<p><a href=\"https:\/\/www.mdw.ac.at\/magazin\/2024\/11\/27\/was-kann-kuenstlerische-forschung-angesichts-der-klimakrise-beitragen\/\" target=\"_blank\" rel=\"noopener\">Was kann k\u00fcnstlerische Forschung angesichts der Klimakrise beitragen?<\/a><\/p>\n<div class=\"autoren\" data-flyer=\"author\">Publikation: Annegret Huber \/ Doris Ingrisch \/ Therese Kaufmann \/ Johannes Kretz \/ Gesine Schr\u00f6der \/ Tasos Zembylas (eds.)\u00a0<strong>Knowing in Performing \u2013 Artistic Research in Music and the Performing Arts<\/strong>,\u00a0<a href=\"https:\/\/www.transcript-verlag.de\/978-3-8376-5287-1\/knowing-in-performing\/?number=978-3-8394-5287-5\" target=\"_blank\" rel=\"noopener noreferrer\">link<\/a><\/div>\n<div data-flyer=\"author\"><\/div>\n<div data-flyer=\"author\"><\/div>\n<div data-flyer=\"author\">Karl Salzmann: <a href=\"https:\/\/www.mdw.ac.at\/magazin\/2025\/02\/26\/early-stage-researchers-kuenstlerische-forschung-mit-dem-plattenspieler\/\" target=\"_blank\" rel=\"noopener\">K\u00fcnstlerische Forschung mit dem Plattenspieler<\/a><\/div>\n<h2><\/h2>\n<p>&nbsp;<\/p>\n<h2>Allgemeine Literatur und Informationen \u00fcber artistic research<\/h2>\n<p><a href=\"https:\/\/edoc.hu-berlin.de\/bitstream\/handle\/18452\/7501\/klein.pdf\" target=\"_blank\" rel=\"noopener noreferrer\">Was ist k\u00fcnstlerische Forschung? (Julian Klein)<\/a><\/p>\n<p><a href=\"https:\/\/jar-online.net\/what-artistic-research\" target=\"_blank\" rel=\"noopener noreferrer\">What is artistic research? (Julian Klein, JAR)<\/a><\/p>\n<p><a href=\"https:\/\/www.ahk.nl\/fileadmin\/download\/ahk\/Lectoraten\/Borgdorff_publicaties\/The_debate_on_research_in_the_arts.pdf\">The debate on research in the arts (Henk Borgdorff)\u00a0<\/a><\/p>\n<p><a href=\"http:\/\/www.artandresearch.org.uk\/v2n2\/lesage.html\" target=\"_blank\" rel=\"noopener noreferrer\">Who is afraid of artistic research? (Dieter Lesage)<\/a><\/p>\n<p>Jens Badura (Hg.), Selma Dubach (Hg.), Anke Haarmann (Hg.), Dieter Mersch (Hg.), Anton Rey (Hg.), Christoph Schenker (Hg.), Germ\u00e1n Toro P\u00e9rez (Hg.)<br \/>\n<a href=\"https:\/\/www.diaphanes.net\/buch\/detail\/2385\" target=\"_blank\" rel=\"noopener noreferrer\"><strong>K\u00fcnstlerische Forschung. Ein Handbuch<\/strong><\/a>, Z\u00fcrich-Berlin 2015<\/p>\n<p><a href=\"https:\/\/www.artistic-research.de\/publikationen\" target=\"_blank\" rel=\"noopener noreferrer\">Publikations-Sammlung<\/a> des Institut f\u00fcr k\u00fcnstlerische Forschung, Berlin<\/p>\n<p><a href=\"https:\/\/www.kubi-online.de\/artikel\/kuenstlerische-praktiken-wissensproduktion-kuenstlerische-forschung\" target=\"_blank\" rel=\"noopener noreferrer\">K\u00fcnstlerische Praktiken als Wissensproduktion und k\u00fcnstlerische Forschung<\/a><br \/>\n(Annemarie Matzke)<\/p>\n<p><a href=\"https:\/\/www.mdw.ac.at\/ar_center\/wp-content\/uploads\/2020\/09\/Barbara-Bolt_Artistic-Research_A-PerformativeParadigm_PARSE_Issue3.pdf\" target=\"_blank\" rel=\"noopener noreferrer\">Barbara Bolt: Artistic Research \u2013 A Performative Paradigm?<\/a><\/p>\n<p><a href=\"https:\/\/cultureactioneurope.org\/news\/vienna-declaration-on-artistic-research\/\">The Vienna Declaration on Artistic Research<\/a><\/p>\n<p><a href=\"https:\/\/opus4.kobv.de\/opus4-udk\/solrsearch\/index\/search\/searchtype\/collection\/id\/16021\" target=\"_blank\" rel=\"noopener noreferrer\">Das Wissen der K\u00fcnste, UDK Berlin<\/a><\/p>\n<h2><\/h2>\n<p>&nbsp;<\/p>\n<h2><strong>Organisationen<\/strong><\/h2>\n<p><a href=\"https:\/\/www.mdw.ac.at\/forschungsf%C3%B6rderung\/artistic-research\/\" target=\"_blank\" rel=\"noopener noreferrer\">Forschungsf\u00f6rderung der mdw &#8211; artistic research<\/a><\/p>\n<p><a href=\"https:\/\/societyforartisticresearch.org\/\" target=\"_blank\" rel=\"noopener noreferrer\">Society for Artistic Research<\/a><\/p>\n<p><a href=\"https:\/\/www.artistic-research.de\" target=\"_blank\" rel=\"noopener noreferrer\">Institut f\u00fcr k\u00fcnstlerische Forschung, Berlin<\/a><\/p>\n<p><a href=\"https:\/\/orpheusinstituut.be\/\" target=\"_blank\" rel=\"noopener noreferrer\">Orpheus Institute<\/a><\/p>\n<p><a href=\"https:\/\/www.aec-music.eu\/events\/aec-european-platform-for-artistic-research-in-music-meeting-eparm\" target=\"_blank\" rel=\"noopener noreferrer\">AEC &#8211; EPARM<\/a>[\/vc_column_text][\/vc_column][\/vc_row][\/vc_section]<\/p>\n","protected":false},"excerpt":{"rendered":"<p>[vc_section css=&#8221;.vc_custom_1592951170706{margin-top: 100px !important;}&#8221;][vc_row][vc_column][vc_column_text] Artistic Research an der mdw K\u00fcnstlerische Forschung an der mdw \u2013 R\u00fcckblick und Ausblick K\u00fcnstlerische Forschung &#8211; mdw magazin special Interdisziplin\u00e4re Projektvielfalt: Neun Artistic-Research-Pilotprojekte an der mdw Rotting Sounds \u2013 \u00dcber den zeitlichen Verfall von digitalem Audio: sich dem Verderben hingeben (PEEK Projekt) Kreative (Miss)Verst\u00e4ndnisse \u2013 Methodologien der Inspiration (PEEK Projekt) [&hellip;]<\/p>\n","protected":false},"author":1,"featured_media":0,"parent":0,"menu_order":0,"comment_status":"closed","ping_status":"closed","template":"","meta":[],"_links":{"self":[{"href":"https:\/\/www.mdw.ac.at\/ar_center\/wp-json\/wp\/v2\/pages\/198"}],"collection":[{"href":"https:\/\/www.mdw.ac.at\/ar_center\/wp-json\/wp\/v2\/pages"}],"about":[{"href":"https:\/\/www.mdw.ac.at\/ar_center\/wp-json\/wp\/v2\/types\/page"}],"author":[{"embeddable":true,"href":"https:\/\/www.mdw.ac.at\/ar_center\/wp-json\/wp\/v2\/users\/1"}],"replies":[{"embeddable":true,"href":"https:\/\/www.mdw.ac.at\/ar_center\/wp-json\/wp\/v2\/comments?post=198"}],"version-history":[{"count":25,"href":"https:\/\/www.mdw.ac.at\/ar_center\/wp-json\/wp\/v2\/pages\/198\/revisions"}],"predecessor-version":[{"id":3045,"href":"https:\/\/www.mdw.ac.at\/ar_center\/wp-json\/wp\/v2\/pages\/198\/revisions\/3045"}],"wp:attachment":[{"href":"https:\/\/www.mdw.ac.at\/ar_center\/wp-json\/wp\/v2\/media?parent=198"}],"curies":[{"name":"wp","href":"https:\/\/api.w.org\/{rel}","templated":true}]}}