{"id":1888,"date":"2023-01-25T10:16:38","date_gmt":"2023-01-25T10:16:38","guid":{"rendered":"https:\/\/www.mdw.ac.at\/ar_center\/?page_id=1888"},"modified":"2025-03-25T09:19:56","modified_gmt":"2025-03-25T09:19:56","slug":"music-mediation-community-music_de","status":"publish","type":"page","link":"https:\/\/www.mdw.ac.at\/ar_center\/de\/music-mediation-community-music_de\/","title":{"rendered":"Profil: Musikvermittlung \u2013 Community Music"},"content":{"rendered":"<div class=\"\"><span class=\"\">K\u00fcnstler_innen, die im Bereich von Musikvermittlung und Community Music t\u00e4tig sind, initiieren musikalische Begegnungsr\u00e4ume und stiften vielf\u00e4ltige Beziehungen zwischen Musiken und Menschen. Dies geschieht in Formaten wie Pr\u00e4sentationsformen von Musik f\u00fcr spezielle Dialoggruppen, partizipativen Workshops und langfristigen Kooperationsprojekten sowie medialen Vermittlungsformen (z. B. Programmhefte, Radio-Features, Apps).<\/span><\/div>\n<p>&nbsp;<\/p>\n<div class=\"\"><span class=\"\">In diesem Studienprofil lernen Sie deshalb<\/span><\/div>\n<ul class=\"\">\n<li class=\"\" dir=\"ltr\" aria-level=\"1\">\n<div class=\"\"><span class=\"\">partizipative k\u00fcnstlerische Formate im Dialog mit allen Beteiligten und involvierten Institutionen aus den Bereichen Bildung, Kultur und Sozialarbeit zu entwickeln und umzusetzen.<\/span><\/div>\n<\/li>\n<li class=\"\" dir=\"ltr\" aria-level=\"1\">\n<div class=\"\"><span class=\"\">Pr\u00e4sentationsformate zwischen Konzert und Musiktheater an der Schnittstelle von Kunst und Bildung f\u00fcr unterschiedliche Dialoggruppen zu konzipieren und durchzuf\u00fchren.<\/span><\/div>\n<\/li>\n<li class=\"\" dir=\"ltr\" aria-level=\"1\">\n<div class=\"\"><span class=\"\">ihre Rollen als Musiker_innen, Vermittler_innen und Facilitators professionell auszuf\u00fcllen.<\/span><\/div>\n<\/li>\n<li class=\"\" dir=\"ltr\" aria-level=\"1\">\n<div class=\"\"><span class=\"\">methodisch fundiert mit unterschiedlichen Personengruppen im Gruppen- und Einzelsetting inter- und\/oder transdisziplin\u00e4r zu arbeiten.<\/span><\/div>\n<\/li>\n<li class=\"\" dir=\"ltr\" aria-level=\"1\">\n<div class=\"\"><span class=\"\">mit und durch Musiken zwischenmenschliche Beziehungen zu initiieren und nachhaltig zu gestalten.<\/span><\/div>\n<\/li>\n<\/ul>\n<p>&nbsp;<\/p>\n<p>Ansprechperson:<a href=\"mailto:petri-preis@mdw.ac.at\"> Axel Petri-Preis\u00a0<\/a><\/p>\n<p>&nbsp;<\/p>\n<p><img decoding=\"async\" loading=\"lazy\" class=\"alignnone size-full wp-image-1871\" src=\"https:\/\/www.mdw.ac.at\/ar_center\/wp-content\/uploads\/2023\/01\/ARC-CAP-Design-Element-4-1.png\" alt=\"\" width=\"1921\" height=\"253\" srcset=\"https:\/\/www.mdw.ac.at\/ar_center\/wp-content\/uploads\/2023\/01\/ARC-CAP-Design-Element-4-1.png 1921w, https:\/\/www.mdw.ac.at\/ar_center\/wp-content\/uploads\/2023\/01\/ARC-CAP-Design-Element-4-1-768x101.png 768w, https:\/\/www.mdw.ac.at\/ar_center\/wp-content\/uploads\/2023\/01\/ARC-CAP-Design-Element-4-1-1536x202.png 1536w, https:\/\/www.mdw.ac.at\/ar_center\/wp-content\/uploads\/2023\/01\/ARC-CAP-Design-Element-4-1-1280x169.png 1280w\" sizes=\"(max-width: 1921px) 100vw, 1921px\" \/><\/p>\n","protected":false},"excerpt":{"rendered":"<p>K\u00fcnstler_innen, die im Bereich von Musikvermittlung und Community Music t\u00e4tig sind, initiieren musikalische Begegnungsr\u00e4ume und stiften vielf\u00e4ltige Beziehungen zwischen Musiken und Menschen. Dies geschieht in Formaten wie Pr\u00e4sentationsformen von Musik f\u00fcr spezielle Dialoggruppen, partizipativen Workshops und langfristigen Kooperationsprojekten sowie medialen Vermittlungsformen (z. B. Programmhefte, Radio-Features, Apps). &nbsp; In diesem Studienprofil lernen Sie deshalb partizipative k\u00fcnstlerische [&hellip;]<\/p>\n","protected":false},"author":4,"featured_media":0,"parent":0,"menu_order":0,"comment_status":"closed","ping_status":"closed","template":"","meta":[],"_links":{"self":[{"href":"https:\/\/www.mdw.ac.at\/ar_center\/wp-json\/wp\/v2\/pages\/1888"}],"collection":[{"href":"https:\/\/www.mdw.ac.at\/ar_center\/wp-json\/wp\/v2\/pages"}],"about":[{"href":"https:\/\/www.mdw.ac.at\/ar_center\/wp-json\/wp\/v2\/types\/page"}],"author":[{"embeddable":true,"href":"https:\/\/www.mdw.ac.at\/ar_center\/wp-json\/wp\/v2\/users\/4"}],"replies":[{"embeddable":true,"href":"https:\/\/www.mdw.ac.at\/ar_center\/wp-json\/wp\/v2\/comments?post=1888"}],"version-history":[{"count":6,"href":"https:\/\/www.mdw.ac.at\/ar_center\/wp-json\/wp\/v2\/pages\/1888\/revisions"}],"predecessor-version":[{"id":2905,"href":"https:\/\/www.mdw.ac.at\/ar_center\/wp-json\/wp\/v2\/pages\/1888\/revisions\/2905"}],"wp:attachment":[{"href":"https:\/\/www.mdw.ac.at\/ar_center\/wp-json\/wp\/v2\/media?parent=1888"}],"curies":[{"name":"wp","href":"https:\/\/api.w.org\/{rel}","templated":true}]}}