{"id":1883,"date":"2023-01-25T10:14:38","date_gmt":"2023-01-25T10:14:38","guid":{"rendered":"https:\/\/www.mdw.ac.at\/ar_center\/?page_id=1883"},"modified":"2026-03-12T13:51:26","modified_gmt":"2026-03-12T13:51:26","slug":"elemental-music-making_de","status":"publish","type":"page","link":"https:\/\/www.mdw.ac.at\/ar_center\/de\/elemental-music-making_de\/","title":{"rendered":"Profil: Interartistic Music Practice \/ Elementares Musizieren"},"content":{"rendered":"<p>In diesem Studienprofil steht der k\u00fcnstlerische Ansatz des Elementaren Musizierens in vertiefter Selbsterfahrung und Anwendung in diversen sozialen Kontexten im Zentrum.<\/p>\n<p>Die Studierende lernen<\/p>\n<ul>\n<li>im Bewusstsein von sozialen Ungleichheitsverh\u00e4ltnissen mit Menschen diverser Generationen und Voraussetzungen in der Gruppe zu musizieren.<\/li>\n<li>dramaturgisch gestaltete Musizierprozesse zu konzipieren, zu initiieren, im Dialog mit den Teilnehmenden zu begleiten und zu reflektieren, wobei alle aus der Beziehung und Wechselwirkung von Musik, Sprache, Bewegung, Darstellungs- und Visualisierungsformen sch\u00f6pfen,<\/li>\n<li>ihr Imaginationsverm\u00f6gen und ihre eigenen Klangvorstellungen in gemeinsam entwickelte Gestaltungen einbringen,<\/li>\n<li>ad\u00e4quate Pr\u00e4sentationsformate entwickeln, die dem jeweiligen k\u00fcnstlerischen Prozess des Elementaren Musizierens entsprechen und ihn sichtbar machen.<\/li>\n<\/ul>\n<p>&nbsp;<\/p>\n<p>Ansprechperson: Veronika Kinsky\u00a0 <a href=\"mailto:kinsky@mdw.ac.at\">kinsky@mdw.ac.at<\/a><\/p>\n<p>&nbsp;<\/p>\n<p><img decoding=\"async\" loading=\"lazy\" class=\"alignnone size-full wp-image-1871\" src=\"https:\/\/www.mdw.ac.at\/ar_center\/wp-content\/uploads\/2023\/01\/ARC-CAP-Design-Element-4-1.png\" alt=\"\" width=\"1921\" height=\"253\" srcset=\"https:\/\/www.mdw.ac.at\/ar_center\/wp-content\/uploads\/2023\/01\/ARC-CAP-Design-Element-4-1.png 1921w, https:\/\/www.mdw.ac.at\/ar_center\/wp-content\/uploads\/2023\/01\/ARC-CAP-Design-Element-4-1-768x101.png 768w, https:\/\/www.mdw.ac.at\/ar_center\/wp-content\/uploads\/2023\/01\/ARC-CAP-Design-Element-4-1-1536x202.png 1536w, https:\/\/www.mdw.ac.at\/ar_center\/wp-content\/uploads\/2023\/01\/ARC-CAP-Design-Element-4-1-1280x169.png 1280w\" sizes=\"(max-width: 1921px) 100vw, 1921px\" \/><\/p>\n","protected":false},"excerpt":{"rendered":"<p>In diesem Studienprofil steht der k\u00fcnstlerische Ansatz des Elementaren Musizierens in vertiefter Selbsterfahrung und Anwendung in diversen sozialen Kontexten im Zentrum. Die Studierende lernen im Bewusstsein von sozialen Ungleichheitsverh\u00e4ltnissen mit Menschen diverser Generationen und Voraussetzungen in der Gruppe zu musizieren. dramaturgisch gestaltete Musizierprozesse zu konzipieren, zu initiieren, im Dialog mit den Teilnehmenden zu begleiten und [&hellip;]<\/p>\n","protected":false},"author":4,"featured_media":0,"parent":0,"menu_order":0,"comment_status":"closed","ping_status":"closed","template":"","meta":[],"_links":{"self":[{"href":"https:\/\/www.mdw.ac.at\/ar_center\/wp-json\/wp\/v2\/pages\/1883"}],"collection":[{"href":"https:\/\/www.mdw.ac.at\/ar_center\/wp-json\/wp\/v2\/pages"}],"about":[{"href":"https:\/\/www.mdw.ac.at\/ar_center\/wp-json\/wp\/v2\/types\/page"}],"author":[{"embeddable":true,"href":"https:\/\/www.mdw.ac.at\/ar_center\/wp-json\/wp\/v2\/users\/4"}],"replies":[{"embeddable":true,"href":"https:\/\/www.mdw.ac.at\/ar_center\/wp-json\/wp\/v2\/comments?post=1883"}],"version-history":[{"count":8,"href":"https:\/\/www.mdw.ac.at\/ar_center\/wp-json\/wp\/v2\/pages\/1883\/revisions"}],"predecessor-version":[{"id":3628,"href":"https:\/\/www.mdw.ac.at\/ar_center\/wp-json\/wp\/v2\/pages\/1883\/revisions\/3628"}],"wp:attachment":[{"href":"https:\/\/www.mdw.ac.at\/ar_center\/wp-json\/wp\/v2\/media?parent=1883"}],"curies":[{"name":"wp","href":"https:\/\/api.w.org\/{rel}","templated":true}]}}