{"id":1878,"date":"2023-01-25T10:18:15","date_gmt":"2023-01-25T10:18:15","guid":{"rendered":"https:\/\/www.mdw.ac.at\/ar_center\/?page_id=1878"},"modified":"2025-04-29T08:29:05","modified_gmt":"2025-04-29T08:29:05","slug":"team-cap_de","status":"publish","type":"page","link":"https:\/\/www.mdw.ac.at\/ar_center\/de\/team-cap_de\/","title":{"rendered":"Team \u2013 CAP"},"content":{"rendered":"<p>[vc_section css=&#8221;.vc_custom_1592596618839{margin-top: 100px !important;}&#8221;][vc_row][vc_column][vc_column_text]Das Team der Lehrenden besteht aus rund 40 Expert_innen. F\u00fcr profilspezifische Fragen wenden Sie sich bitte an die jeweilige Kontaktperson.[\/vc_column_text][\/vc_column][\/vc_row][\/vc_section][vc_section css=&#8221;.vc_custom_1592596618839{margin-top: 100px !important;}&#8221;][vc_row][vc_column width=&#8221;1\/4&#8243;]<div  class=\"wpb_content_element   clearfix\"><style type=\"text\/css\">#ut_am_69d03be1d7cda { opacity: 1; }#ut_am_wrap_69d03be1d7cdb .ut-image-gallery-item-caption-title h3 { letter-spacing: 0em; }#ut_am_wrap_69d03be1d7cdb .ut-gallery-slider-caption { font-weight: bold; }#ut_am_wrap_69d03be1d7cdb { text-align: left; }@media (min-width: 768px) and (max-width: 1024px) { #ut_am_wrap_69d03be1d7cdb { text-align: left !important; } }@media (max-width: 767px) { #ut_am_wrap_69d03be1d7cdb { text-align: center !important; } }<\/style><div id=\"ut_am_wrap_69d03be1d7cdb\" class=\"ut-image-gallery-image \"><div id=\"ut_reveal_69d03be1d7cdd\"  data-appear-top-offset=\"auto\" class=\"ut-animated-image-item ut-image-gallery-item ut-animation-done \"><a class=\"ut-deactivated-link\" href=\"#\"><div class=\"ut-animated-image-zoom\"><img class=\"ut-lazy skip-lazy ut-animated-image\"  id=\"ut_am_69d03be1d7cda\" src=\"data:image\/svg+xml;charset=utf-8,%3Csvg xmlns%3D'http%3A%2F%2Fwww.w3.org%2F2000%2Fsvg' viewBox%3D'0 0 325 217'%2F%3E\" data-src=\"https:\/\/www.mdw.ac.at\/ar_center\/wp-content\/uploads\/2023\/02\/kinskysw-325x217.png\" width=\"325\" height=\"217\" alt=\"\"\/><\/div><div data-image-caption class=\"ut-image-gallery-image-caption\"><div class=\"ut-image-gallery-item-caption-title\"><h3>credits: Veronika Kinsky<\/h3><\/div><\/div><\/a><\/div><\/div><\/div>[\/vc_column][vc_column width=&#8221;3\/4&#8243;]<div class=\"wpb_content_element \"><style type=\"text\/css\">#ut_accordion_69d03be1d7d71 .ut-accordion-module-item.open .ut-accordion-module-heading { color: rgba(62, 136, 179, 1) !important }#ut_accordion_69d03be1d7d71 .ut-accordion-module-heading:hover { color: rgba(62, 136, 179, 1) !important }#ut_accordion_69d03be1d7d71 .ut-accordion-module-heading:active { color: rgba(62, 136, 179, 1) !important }#ut_accordion_69d03be1d7d71 .ut-accordion-module-heading:focus { color: rgba(62, 136, 179, 1) !important }#ut_accordion_69d03be1d7d71 .ut-accordion-module-item { border-top-style:solid; }#ut_accordion_69d03be1d7d71 .ut-accordion-module-item:last-child { border-top-style:solid; border-bottom-style:solid; }<\/style><div id=\"ut_accordion_69d03be1d7d71\" data-accordion-group class=\"ut-accordion-module ut-accordion-module-single  ut-accordion-module-with-border\"><div data-accordion data-accordion data-single data-transition=\"400\" data-easing=\"ease\" class=\"ut-accordion-module-item \"><h3 data-control class=\"ut-accordion-module-heading\" data-counter=\"1\">Ansprechperson Interartistic Music Practice \/ Elementares Musizieren: Veronika Kinsky<\/h3><div data-content class=\"ut-accordion-module-content\"><div class=\"ut-accordion-module-inner entry-content clearfix\"><\/p>\n<div class=\"page\" title=\"Page 1\">\n<div class=\"section\">\n<div class=\"layoutArea\">\n<div><\/div>\n<div><\/div>\n<div class=\"column\"><strong>Veronika Kinsky<\/strong><\/div>\n<div>Senior Lecturer am Institut f\u00fcr musikp\u00e4dagogische Forschung, Musikdidaktik und Elementares Musizieren (IMP) an der mdw, Ansprechperson f\u00fcr das Studienprofil Elementares Musizieren.<\/div>\n<\/div>\n<\/div>\n<\/div>\n<div class=\"page\" title=\"Page 2\">\n<div class=\"section\">\n<div class=\"layoutArea\">\n<div class=\"column\">\n<p>Studierte Instrumentalp\u00e4dagogik Klavier sowie Musik und Bewegungsp\u00e4dagogik\/Rhythmik an der mdw.<\/p>\n<p>Zu besonderen Schwerpunkten in der Lehre und Forschung z\u00e4hlen die Auseinandersetzung mit Unterrichtsdramaturgie und rhythmisierten Unterrichtsformen, im Speziellen mit dem Kernelement Bilderbuch, weiters der vielf\u00e4ltige Einsatz des Klaviers als Bewegungsbegleitung sowie als improvisatorische Unterst\u00fctzung in Elementaren Musizier-, Rhythmik- und Klavierstunden. Zu diesen Themen gibt sie auch regelm\u00e4\u00dfige Weiterbildungsveranstaltungen im In- und Ausland.<\/p>\n<p>Gemeinsam mit Eva K\u00f6niger gr\u00fcndete sie im Herbst 2017 im Rahmen der Kurse des Zentrums Elementares Musizieren ein inklusiv gef\u00fchrtes Musizierensemble f\u00fcr 7-14 J\u00e4hrige Kinder. <a href=\"https:\/\/www.mdw.ac.at\/imp\/young-all-stars\/\">https:\/\/www.mdw.ac.at\/imp\/young-all-stars\/<\/a><\/p>\n<p>Als Pianistin, Komponistin und Performerin wirkt sie in Musiktheaterproduktionen f\u00fcr junges Publikum mit, unter anderem bei Agathes Wunderkoffer mit Veronika Mandl.<\/p>\n<p>Kontakt: <a href=\"mailto:kinsky@mdw.ac.at\">kinsky@mdw.ac.at<\/a><\/p>\n<\/div>\n<\/div>\n<\/div>\n<\/div>\n<p><\/div><\/div><\/div><\/div><\/div>[\/vc_column][\/vc_row][\/vc_section][vc_section css=&#8221;.vc_custom_1592596618839{margin-top: 100px !important;}&#8221;][vc_row][vc_column width=&#8221;1\/4&#8243;]<div  class=\"wpb_content_element   clearfix\"><style type=\"text\/css\">#ut_am_69d03be1d810c { opacity: 1; }#ut_am_wrap_69d03be1d810d .ut-image-gallery-item-caption-title h3 { letter-spacing: 0em; }#ut_am_wrap_69d03be1d810d .ut-gallery-slider-caption { font-weight: bold; }#ut_am_wrap_69d03be1d810d { text-align: left; }@media (min-width: 768px) and (max-width: 1024px) { #ut_am_wrap_69d03be1d810d { text-align: left !important; } }@media (max-width: 767px) { #ut_am_wrap_69d03be1d810d { text-align: center !important; } }<\/style><div id=\"ut_am_wrap_69d03be1d810d\" class=\"ut-image-gallery-image \"><div id=\"ut_reveal_69d03be1d810e\"  data-appear-top-offset=\"auto\" class=\"ut-animated-image-item ut-image-gallery-item ut-animation-done \"><a class=\"ut-deactivated-link\" href=\"#\"><div class=\"ut-animated-image-zoom\"><img class=\"ut-lazy skip-lazy ut-animated-image\"  id=\"ut_am_69d03be1d810c\" src=\"data:image\/svg+xml;charset=utf-8,%3Csvg xmlns%3D'http%3A%2F%2Fwww.w3.org%2F2000%2Fsvg' viewBox%3D'0 0 325 217'%2F%3E\" data-src=\"https:\/\/www.mdw.ac.at\/ar_center\/wp-content\/uploads\/2023\/02\/Gstattnersw-325x217.png\" width=\"325\" height=\"217\" alt=\"\"\/><\/div><div data-image-caption class=\"ut-image-gallery-image-caption\"><div class=\"ut-image-gallery-item-caption-title\"><h3>credits: Pamela Ru\u00dfmann<\/h3><\/div><\/div><\/a><\/div><\/div><\/div>[\/vc_column][vc_column width=&#8221;3\/4&#8243;]<div class=\"wpb_content_element \"><style type=\"text\/css\">#ut_accordion_69d03be1d8172 .ut-accordion-module-item.open .ut-accordion-module-heading { color: rgba(62, 136, 179, 1) !important }#ut_accordion_69d03be1d8172 .ut-accordion-module-heading:hover { color: rgba(62, 136, 179, 1) !important }#ut_accordion_69d03be1d8172 .ut-accordion-module-heading:active { color: rgba(62, 136, 179, 1) !important }#ut_accordion_69d03be1d8172 .ut-accordion-module-heading:focus { color: rgba(62, 136, 179, 1) !important }#ut_accordion_69d03be1d8172 .ut-accordion-module-item { border-top-style:solid; }#ut_accordion_69d03be1d8172 .ut-accordion-module-item:last-child { border-top-style:solid; border-bottom-style:solid; }<\/style><div id=\"ut_accordion_69d03be1d8172\" data-accordion-group class=\"ut-accordion-module ut-accordion-module-single  ut-accordion-module-with-border\"><div data-accordion data-accordion data-single data-transition=\"400\" data-easing=\"ease\" class=\"ut-accordion-module-item \"><h3 data-control class=\"ut-accordion-module-heading\" data-counter=\"1\">Ansprechperson Improviser*Composer-Performer: Maria Gst\u00e4ttner<\/h3><div data-content class=\"ut-accordion-module-content\"><div class=\"ut-accordion-module-inner entry-content clearfix\"><strong>Maria Gst\u00e4ttner<\/strong><\/p>\n<p>Komponistin, Improvisatorin, Fagottspielerin, k\u00fcnstlerisch Forschende<\/p>\n<p>&nbsp;<\/p>\n<p>Werke von Maria Gst\u00e4ttner entstanden f\u00fcr zahlreiche Ensemble wie z.B dem Ensemble Kontrapunkte, dem Wiener Concertverein, the next step, dem ensemble plus+, Granmo\/Berg und werden in diversen Kontexten aufgef\u00fchrt z.B. wien modern, styriarte, steirischer herbst, cultural museum chicago, klangspuren schwaz, Musikverein Wien, Porgy &amp; Bess Wien.<\/p>\n<p>&nbsp;<\/p>\n<p>Ihr musikalisches Schaffen erstreckt sich u. a. von den Wiener Philharmonikern, den Wiener Symphonikern, dem Radio Symphonieorchester Wien, der Volksoper Wien hin zu zeitgen\u00f6ssischen Ensembles wie dem Klangforum Wien, dem Ensemble Kontrapunkte, die reihe, dem Ensemble Phace, dem Sonic Fiction Orchestra, Studio Dan \u2013 Verein f\u00fcr neue Musik, dem Max Brand Ensemble, dem Vienna Improvisers Orchestra, Aniada a Noa.<\/p>\n<p>&nbsp;<\/p>\n<p>Weiters spielt sie auf den B\u00fchnen des Burgtheaters und des Volkstheaters Wien, tritt international als Solistin und Kammermusikerin auf und arbeitet in Bereichen von interdisziplin\u00e4rer Performancekunst und freier Improvisation.<\/p>\n<p>&nbsp;<\/p>\n<p>Sie hat das Instrumentalstudium Fagott, die Lehrbef\u00e4higung Fagott und den Universit\u00e4tslehrgang Aufbaustudium Kulturmanagement an der Universit\u00e4t f\u00fcr Musik und darstellende Kunst Wien mit Auszeichnung abgeschlossen, sowie das k\u00fcnstlerische Doktorat (Dr. artium) an der Kunstuniversit\u00e4t Graz.<\/p>\n<p>&nbsp;<\/p>\n<p>Als k\u00fcnstlerisch-wissenschaftliche Forschende ist sie in Bereichen musikalischer Improvisation t\u00e4tig, arbeitet als Senior Lecturer an der Universit\u00e4t f\u00fcr Musik und darstellende Kunst Wien, und wurde mit zahlreichen F\u00f6rderungen ausgezeichnet (zb. Staatsstipendium f\u00fcr Komposition, Theodor-K\u00f6rner Preis f\u00fcr Komposition, World Music Award). <a href=\"http:\/\/www.magst.at\/\">www.magst.at<\/a><\/p>\n<p>&nbsp;<\/p>\n<p>Kontakt: <a href=\"mailto:gstaettner@mdw.ac.at\">gstaettner@mdw.ac.at<\/a><\/div><\/div><\/div><\/div><\/div>[\/vc_column][\/vc_row][\/vc_section][vc_section css=&#8221;.vc_custom_1592596618839{margin-top: 100px !important;}&#8221;][vc_row][vc_column width=&#8221;1\/4&#8243;]<div  class=\"wpb_content_element   clearfix\"><style type=\"text\/css\">#ut_am_69d03be1d84a2 { opacity: 1; }#ut_am_wrap_69d03be1d84a3 .ut-image-gallery-item-caption-title h3 { letter-spacing: 0em; }#ut_am_wrap_69d03be1d84a3 .ut-gallery-slider-caption { font-weight: bold; }#ut_am_wrap_69d03be1d84a3 { text-align: center; }@media (min-width: 768px) and (max-width: 1024px) { #ut_am_wrap_69d03be1d84a3 { text-align: center !important; } }@media (max-width: 767px) { #ut_am_wrap_69d03be1d84a3 { text-align: center !important; } }<\/style><div id=\"ut_am_wrap_69d03be1d84a3\" class=\"ut-image-gallery-image \"><div id=\"ut_reveal_69d03be1d84a4\"  data-appear-top-offset=\"auto\" class=\"ut-animated-image-item ut-image-gallery-item ut-animation-done \"><a class=\"ut-deactivated-link\" href=\"#\"><div class=\"ut-animated-image-zoom\"><img class=\"ut-lazy skip-lazy ut-animated-image\"  id=\"ut_am_69d03be1d84a2\" src=\"data:image\/svg+xml;charset=utf-8,%3Csvg xmlns%3D'http%3A%2F%2Fwww.w3.org%2F2000%2Fsvg' viewBox%3D'0 0 325 217'%2F%3E\" data-src=\"https:\/\/www.mdw.ac.at\/ar_center\/wp-content\/uploads\/2025\/01\/APP21246-1-325x217.jpg\" width=\"325\" height=\"217\" alt=\"\"\/><\/div><div data-image-caption class=\"ut-image-gallery-image-caption\"><div class=\"ut-image-gallery-item-caption-title\"><h3>credits: Armin Bardel<\/h3><\/div><\/div><\/a><\/div><\/div><\/div>[\/vc_column][vc_column width=&#8221;3\/4&#8243;]<div class=\"wpb_content_element \"><style type=\"text\/css\">#ut_accordion_69d03be1d8501 .ut-accordion-module-item.open .ut-accordion-module-heading { color: rgba(62, 136, 179, 1) !important }#ut_accordion_69d03be1d8501 .ut-accordion-module-heading:hover { color: rgba(62, 136, 179, 1) !important }#ut_accordion_69d03be1d8501 .ut-accordion-module-heading:active { color: rgba(62, 136, 179, 1) !important }#ut_accordion_69d03be1d8501 .ut-accordion-module-heading:focus { color: rgba(62, 136, 179, 1) !important }#ut_accordion_69d03be1d8501 .ut-accordion-module-item { border-top-style:solid; }#ut_accordion_69d03be1d8501 .ut-accordion-module-item:last-child { border-top-style:solid; border-bottom-style:solid; }<\/style><div id=\"ut_accordion_69d03be1d8501\" data-accordion-group class=\"ut-accordion-module ut-accordion-module-single  ut-accordion-module-with-border\"><div data-accordion data-accordion data-single data-transition=\"400\" data-easing=\"ease\" class=\"ut-accordion-module-item \"><h3 data-control class=\"ut-accordion-module-heading\" data-counter=\"1\">Ansprechperson Musikvermittlung\/Community Music: Axel Petri-Preis<\/h3><div data-content class=\"ut-accordion-module-content\"><div class=\"ut-accordion-module-inner entry-content clearfix\"><strong>Mag. art. Axel Petri-Preis, PhD<\/strong><\/p>\n<p>(Universit\u00e4tsprofessor, stv. Institutsleiter, Koordinator f\u00fcr den Fachbereich Musik im Dialog, Vorsitzender der Studienkommission f\u00fcr den MA CAP)<\/p>\n<p>&nbsp;<\/p>\n<p>Axel Petri-Preis studierte Lehramt Musikerziehung und Germanistik (Abschluss 2005 mit Auszeichnung und W\u00fcrdigungspreis) an der mdw sowie Musikwissenschaft an der Universit\u00e4t Wien. Seine Promotion mit Auszeichnung erfolgte 2021 mit einer Studie \u00fcber die Lernwege von klassisch ausgebildeten Musiker_innen.<\/p>\n<p>&nbsp;<\/p>\n<p>Sein Unterrichtspraktikum absolvierte er 2005\/06 an der AHS Geringergasse 2 in Wien, bevor er im darauf folgenden Studienjahr mit einem Fulbright Stipendium als Teaching Assistant am Bard College NY arbeitete. Dem Auslandsaufenthalt folgten einige Jahre Lehrt\u00e4tigkeit in der Erwachsenenbildung und an zwei Wiener AHS. 2012-2014 war Axel Petri-Preis Stipendiat der Masterclass on Music Education, einer Exzellenzinitiative der K\u00f6rber-Stiftung Hamburg.<\/p>\n<p>&nbsp;<\/p>\n<p>Seit 2007 ist Axel Petri-Preis als Musikvermittler f\u00fcr Institutionen wie Neue Oper Wien, Wien Modern, Festspiele Mecklenburg-Vorpommern, Wiener Konzerthaus, Jeunesse, W\u00fcrttembergisches Kammerorchester Heilbronn u.v.m. t\u00e4tig. Er entwickelt neue Konzertformate, f\u00fchrt Workshops und Werkeinf\u00fchrungen f\u00fcr verschiedene Zielgruppen durch, moderiert Konzerte, coacht Orchester und Ensembles und konzipiert Programmhefte. Seine Projekte wurden mit dem Projekt Europa Preis, dem Teacher\u2019s Award der Industriellenvereinigung und dem Aviso-Preis ausgezeichnet, sowie f\u00fcr den junge ohren award und die Orte des Respekts nominiert. Gastvortr\u00e4ge f\u00fchrten ihn u.a. an die Kunstuniversit\u00e4t Graz, die Anton Bruckner Privatuniversit\u00e4t, die Central European University, die Sibelius Akademie und die Universit\u00e4t zu K\u00f6ln. Am Institut f\u00fcr Kulturkonzepte unterrichtet er das Seminar \u201e\u00dcberzeugende Vermittlungskonzepte\u201c, im Sommersemester 2023 hatte er einen Lehrauftrag an der interuniversit\u00e4ren Einrichtung Wissenschaft und Kunst, eine Kooperation von Universit\u00e4t Salzburg und Universit\u00e4t Mozarteum, inne.<\/p>\n<p>&nbsp;<\/p>\n<p>In seiner Forschung besch\u00e4ftigt sich Axel Petri-Preis mit der Aus- und Weiterbildung von Musiker_innen an Musikhochschulen vor allem im Hinblick auf Musikvermittlung, mit Community Engagement im klassischen Musikleben, mit diskriminierungssensibler Musikvermittlung sowie mit Praxen und Formaten der Musikvermittlung. Er ist Gr\u00fcnder und Editor-in-Chief des International Journal of Music Mediation (IJMM), zuletzt erschien bei transcript das Handbuch Musikvermittlung, f\u00fcr das er als Mitherausgeber verantwortlich zeichnet.<\/p>\n<p>Axel Petri-Preis arbeitet seit 2017 am IMP, ist Vorsitzender f\u00fcr die Stuko des MA Contemporary Arts Practice und Mitglied der Stuko f\u00fcr den MA Music in Society.<\/p>\n<p>&nbsp;<\/p>\n<p><strong>Funktionen:<\/strong><\/p>\n<ul>\n<li>Gr\u00fcndungs- und Vorstandsmitglied der IG Musikvermittlung<\/li>\n<li>Gr\u00fcndungs- und Vorstandsmitglied des Forums Musikvermittlung an deutschsprachigen Hochschulen und Universit\u00e4ten und Co-Leiter der AG Forschung<\/li>\n<\/ul>\n<p>&nbsp;<\/p>\n<p>Kontakt: <a href=\"mailto:petri-preis@mdw.ac.at\"> Axel Petri-Preis\u00a0<\/a><\/div><\/div><\/div><\/div><\/div>[\/vc_column][\/vc_row][\/vc_section][vc_section css=&#8221;.vc_custom_1592596618839{margin-top: 100px !important;}&#8221;][vc_row][vc_column width=&#8221;1\/4&#8243;]<div  class=\"wpb_content_element   clearfix\"><style type=\"text\/css\">#ut_am_69d03be1d8811 { opacity: 1; }#ut_am_wrap_69d03be1d8812 .ut-image-gallery-item-caption-title h3 { letter-spacing: 0em; }#ut_am_wrap_69d03be1d8812 .ut-gallery-slider-caption { font-weight: bold; }#ut_am_wrap_69d03be1d8812 { text-align: left; }@media (min-width: 768px) and (max-width: 1024px) { #ut_am_wrap_69d03be1d8812 { text-align: left !important; } }@media (max-width: 767px) { #ut_am_wrap_69d03be1d8812 { text-align: center !important; } }<\/style><div id=\"ut_am_wrap_69d03be1d8812\" class=\"ut-image-gallery-image \"><div id=\"ut_reveal_69d03be1d8813\"  data-appear-top-offset=\"auto\" class=\"ut-animated-image-item ut-image-gallery-item ut-animation-done \"><a class=\"ut-deactivated-link\" href=\"#\"><div class=\"ut-animated-image-zoom\"><img class=\"ut-lazy skip-lazy ut-animated-image\"  id=\"ut_am_69d03be1d8811\" src=\"data:image\/svg+xml;charset=utf-8,%3Csvg xmlns%3D'http%3A%2F%2Fwww.w3.org%2F2000%2Fsvg' viewBox%3D'0 0 325 217'%2F%3E\" data-src=\"https:\/\/www.mdw.ac.at\/ar_center\/wp-content\/uploads\/2023\/05\/dom_portrait1-325x217.jpg\" width=\"325\" height=\"217\" alt=\"\"\/><\/div><div data-image-caption class=\"ut-image-gallery-image-caption\"><div class=\"ut-image-gallery-item-caption-title\"><h3>credits: Konrad Stania<\/h3><\/div><\/div><\/a><\/div><\/div><\/div>[\/vc_column][vc_column width=&#8221;3\/4&#8243;]<div class=\"wpb_content_element \"><style type=\"text\/css\">#ut_accordion_69d03be1d886b .ut-accordion-module-item.open .ut-accordion-module-heading { color: rgba(62, 136, 179, 1) !important }#ut_accordion_69d03be1d886b .ut-accordion-module-heading:hover { color: rgba(62, 136, 179, 1) !important }#ut_accordion_69d03be1d886b .ut-accordion-module-heading:active { color: rgba(62, 136, 179, 1) !important }#ut_accordion_69d03be1d886b .ut-accordion-module-heading:focus { color: rgba(62, 136, 179, 1) !important }#ut_accordion_69d03be1d886b .ut-accordion-module-item { border-top-style:solid; }#ut_accordion_69d03be1d886b .ut-accordion-module-item:last-child { border-top-style:solid; border-bottom-style:solid; }<\/style><div id=\"ut_accordion_69d03be1d886b\" data-accordion-group class=\"ut-accordion-module ut-accordion-module-single  ut-accordion-module-with-border\"><div data-accordion data-accordion data-single data-transition=\"400\" data-easing=\"ease\" class=\"ut-accordion-module-item \"><h3 data-control class=\"ut-accordion-module-heading\" data-counter=\"1\">Ansprechperson Transmediale Performance: Dominik Gr\u00fcnb\u00fchel<\/h3><div data-content class=\"ut-accordion-module-content\"><div class=\"ut-accordion-module-inner entry-content clearfix\"><span class=\"bold\">Mag. art. Dominik Gr\u00fcnb\u00fchel <a title=\"Nachricht senden an gruenbuehel@mdw.ac.at\" href=\"https:\/\/online.mdw.ac.at\/mdw_online\/pl\/ui\/$ctx\/wbMail.callMask?pRecipientAdress=gruenbuehel%40mdw.ac.at&amp;pRecipientName=&amp;pSubject=&amp;pBody=\" target=\"emailWin\" rel=\"noopener\">gruenbuehel@mdw.ac.at<\/a><\/span><\/div><\/div><\/div><\/div><\/div>[\/vc_column][\/vc_row][vc_row][vc_column]<div  class=\"wpb_content_element   clearfix\"><style type=\"text\/css\">#ut_am_69d03be1d8b51 { opacity: 1; }#ut_am_wrap_69d03be1d8b52 .ut-image-gallery-item-caption-title h3 { letter-spacing: 0em; }#ut_am_wrap_69d03be1d8b52 .ut-gallery-slider-caption { font-weight: bold; }#ut_am_wrap_69d03be1d8b52 { text-align: left; }@media (min-width: 768px) and (max-width: 1024px) { #ut_am_wrap_69d03be1d8b52 { text-align: left !important; } }@media (max-width: 767px) { #ut_am_wrap_69d03be1d8b52 { text-align: center !important; } }<\/style><div id=\"ut_am_wrap_69d03be1d8b52\" class=\"ut-image-gallery-image \"><div id=\"ut_reveal_69d03be1d8b53\"  data-appear-top-offset=\"auto\" class=\"ut-animated-image-item ut-image-gallery-item ut-animation-done \"><a class=\"ut-deactivated-link\" href=\"#\"><div class=\"ut-animated-image-zoom\"><img class=\"ut-lazy skip-lazy ut-animated-image\"  id=\"ut_am_69d03be1d8b51\" src=\"data:image\/svg+xml;charset=utf-8,%3Csvg xmlns%3D'http%3A%2F%2Fwww.w3.org%2F2000%2Fsvg' viewBox%3D'0 0 t t'%2F%3E\" data-src=\"http:\/\/h\" width=\"\" height=\"\" alt=\"\"\/><\/div><\/a><\/div><\/div><\/div>[\/vc_column][\/vc_row][\/vc_section]<\/p>\n","protected":false},"excerpt":{"rendered":"<p>[vc_section css=&#8221;.vc_custom_1592596618839{margin-top: 100px !important;}&#8221;][vc_row][vc_column][vc_column_text]Das Team der Lehrenden besteht aus rund 40 Expert_innen. F\u00fcr profilspezifische Fragen wenden Sie sich bitte an die jeweilige Kontaktperson.[\/vc_column_text][\/vc_column][\/vc_row][\/vc_section][vc_section css=&#8221;.vc_custom_1592596618839{margin-top: 100px !important;}&#8221;][vc_row][vc_column width=&#8221;1\/4&#8243;][\/vc_column][vc_column width=&#8221;3\/4&#8243;][\/vc_column][\/vc_row][\/vc_section][vc_section css=&#8221;.vc_custom_1592596618839{margin-top: 100px !important;}&#8221;][vc_row][vc_column width=&#8221;1\/4&#8243;][\/vc_column][vc_column width=&#8221;3\/4&#8243;][\/vc_column][\/vc_row][\/vc_section][vc_section css=&#8221;.vc_custom_1592596618839{margin-top: 100px !important;}&#8221;][vc_row][vc_column width=&#8221;1\/4&#8243;][\/vc_column][vc_column width=&#8221;3\/4&#8243;][\/vc_column][\/vc_row][\/vc_section][vc_section css=&#8221;.vc_custom_1592596618839{margin-top: 100px !important;}&#8221;][vc_row][vc_column width=&#8221;1\/4&#8243;][\/vc_column][vc_column width=&#8221;3\/4&#8243;][\/vc_column][\/vc_row][vc_row][vc_column][\/vc_column][\/vc_row][\/vc_section]<\/p>\n","protected":false},"author":4,"featured_media":0,"parent":0,"menu_order":0,"comment_status":"closed","ping_status":"closed","template":"","meta":[],"_links":{"self":[{"href":"https:\/\/www.mdw.ac.at\/ar_center\/wp-json\/wp\/v2\/pages\/1878"}],"collection":[{"href":"https:\/\/www.mdw.ac.at\/ar_center\/wp-json\/wp\/v2\/pages"}],"about":[{"href":"https:\/\/www.mdw.ac.at\/ar_center\/wp-json\/wp\/v2\/types\/page"}],"author":[{"embeddable":true,"href":"https:\/\/www.mdw.ac.at\/ar_center\/wp-json\/wp\/v2\/users\/4"}],"replies":[{"embeddable":true,"href":"https:\/\/www.mdw.ac.at\/ar_center\/wp-json\/wp\/v2\/comments?post=1878"}],"version-history":[{"count":34,"href":"https:\/\/www.mdw.ac.at\/ar_center\/wp-json\/wp\/v2\/pages\/1878\/revisions"}],"predecessor-version":[{"id":3330,"href":"https:\/\/www.mdw.ac.at\/ar_center\/wp-json\/wp\/v2\/pages\/1878\/revisions\/3330"}],"wp:attachment":[{"href":"https:\/\/www.mdw.ac.at\/ar_center\/wp-json\/wp\/v2\/media?parent=1878"}],"curies":[{"name":"wp","href":"https:\/\/api.w.org\/{rel}","templated":true}]}}