{"id":1876,"date":"2023-01-25T10:42:09","date_gmt":"2023-01-25T10:42:09","guid":{"rendered":"https:\/\/www.mdw.ac.at\/ar_center\/?page_id=1876"},"modified":"2025-03-25T09:22:25","modified_gmt":"2025-03-25T09:22:25","slug":"team-cap","status":"publish","type":"page","link":"https:\/\/www.mdw.ac.at\/ar_center\/team-cap\/","title":{"rendered":"Team \u2013 CAP"},"content":{"rendered":"<p>[vc_section css=&#8221;.vc_custom_1592596618839{margin-top: 100px !important;}&#8221;][vc_row][vc_column][vc_column_text]The team of lecturers consists of around 40 experts. For profile-specific questions, please get in touch with the relevant contact person.[\/vc_column_text][\/vc_column][\/vc_row][\/vc_section][vc_section css=&#8221;.vc_custom_1592596618839{margin-top: 100px !important;}&#8221;][vc_row][vc_column width=&#8221;1\/4&#8243;]<div  class=\"wpb_content_element   clearfix\"><style type=\"text\/css\">#ut_am_69d051aac2825 { opacity: 1; }#ut_am_wrap_69d051aac2826 .ut-image-gallery-item-caption-title h3 { letter-spacing: 0em; }#ut_am_wrap_69d051aac2826 .ut-gallery-slider-caption { font-weight: bold; }#ut_am_wrap_69d051aac2826 { text-align: left; }@media (min-width: 768px) and (max-width: 1024px) { #ut_am_wrap_69d051aac2826 { text-align: left !important; } }@media (max-width: 767px) { #ut_am_wrap_69d051aac2826 { text-align: center !important; } }<\/style><div id=\"ut_am_wrap_69d051aac2826\" class=\"ut-image-gallery-image \"><div id=\"ut_reveal_69d051aac2827\"  data-appear-top-offset=\"auto\" class=\"ut-animated-image-item ut-image-gallery-item ut-animation-done \"><a class=\"ut-deactivated-link\" href=\"#\"><div class=\"ut-animated-image-zoom\"><img class=\"ut-lazy skip-lazy ut-animated-image\"  id=\"ut_am_69d051aac2825\" src=\"data:image\/svg+xml;charset=utf-8,%3Csvg xmlns%3D'http%3A%2F%2Fwww.w3.org%2F2000%2Fsvg' viewBox%3D'0 0 325 217'%2F%3E\" data-src=\"https:\/\/www.mdw.ac.at\/ar_center\/wp-content\/uploads\/2023\/02\/kinskysw-325x217.png\" width=\"325\" height=\"217\" alt=\"\"\/><\/div><div data-image-caption class=\"ut-image-gallery-image-caption\"><div class=\"ut-image-gallery-item-caption-title\"><h3>credits: Veronika Kinsky<\/h3><\/div><\/div><\/a><\/div><\/div><\/div>[\/vc_column][vc_column width=&#8221;3\/4&#8243;]<div class=\"wpb_content_element \"><style type=\"text\/css\">#ut_accordion_69d051aac288e .ut-accordion-module-item.open .ut-accordion-module-heading { color: rgba(62, 136, 179, 1) !important }#ut_accordion_69d051aac288e .ut-accordion-module-heading:hover { color: rgba(62, 136, 179, 1) !important }#ut_accordion_69d051aac288e .ut-accordion-module-heading:active { color: rgba(62, 136, 179, 1) !important }#ut_accordion_69d051aac288e .ut-accordion-module-heading:focus { color: rgba(62, 136, 179, 1) !important }#ut_accordion_69d051aac288e .ut-accordion-module-item { border-top-style:solid; }#ut_accordion_69d051aac288e .ut-accordion-module-item:last-child { border-top-style:solid; border-bottom-style:solid; }<\/style><div id=\"ut_accordion_69d051aac288e\" data-accordion-group class=\"ut-accordion-module ut-accordion-module-single  ut-accordion-module-with-border\"><div data-accordion data-accordion data-single data-transition=\"400\" data-easing=\"ease\" class=\"ut-accordion-module-item \"><h3 data-control class=\"ut-accordion-module-heading\" data-counter=\"1\">Contact person Interatistic Music Practice \/ Elementary Music-Making: Veronika Kinsky<\/h3><div data-content class=\"ut-accordion-module-content\"><div class=\"ut-accordion-module-inner entry-content clearfix\"><\/p>\n<div class=\"page\" title=\"Page 1\">\n<div class=\"section\">\n<div class=\"layoutArea\">\n<div><\/div>\n<div><\/div>\n<div class=\"column\"><strong>Mag.art Veronika Kinsky<\/strong><\/div>\n<\/div>\n<\/div>\n<\/div>\n<div class=\"page\" title=\"Page 2\">\n<div class=\"section\">\n<div class=\"layoutArea\">\n<div class=\"column\">\n<p>under contstruction&#8230;<\/p>\n<p>contact: <a href=\"mailto:kinsky@mdw.ac.at\">kinsky@mdw.ac.at<\/a><\/p>\n<\/div>\n<\/div>\n<\/div>\n<\/div>\n<p><\/div><\/div><\/div><\/div><\/div>[\/vc_column][\/vc_row][\/vc_section][vc_section css=&#8221;.vc_custom_1592596618839{margin-top: 100px !important;}&#8221;][vc_row][vc_column width=&#8221;1\/4&#8243;]<div  class=\"wpb_content_element   clearfix\"><style type=\"text\/css\">#ut_am_69d051aac2bfd { opacity: 1; }#ut_am_wrap_69d051aac2bfe .ut-image-gallery-item-caption-title h3 { letter-spacing: 0em; }#ut_am_wrap_69d051aac2bfe .ut-gallery-slider-caption { font-weight: bold; }#ut_am_wrap_69d051aac2bfe { text-align: left; }@media (min-width: 768px) and (max-width: 1024px) { #ut_am_wrap_69d051aac2bfe { text-align: left !important; } }@media (max-width: 767px) { #ut_am_wrap_69d051aac2bfe { text-align: center !important; } }<\/style><div id=\"ut_am_wrap_69d051aac2bfe\" class=\"ut-image-gallery-image \"><div id=\"ut_reveal_69d051aac2bff\"  data-appear-top-offset=\"auto\" class=\"ut-animated-image-item ut-image-gallery-item ut-animation-done \"><a class=\"ut-deactivated-link\" href=\"#\"><div class=\"ut-animated-image-zoom\"><img class=\"ut-lazy skip-lazy ut-animated-image\"  id=\"ut_am_69d051aac2bfd\" src=\"data:image\/svg+xml;charset=utf-8,%3Csvg xmlns%3D'http%3A%2F%2Fwww.w3.org%2F2000%2Fsvg' viewBox%3D'0 0 325 217'%2F%3E\" data-src=\"https:\/\/www.mdw.ac.at\/ar_center\/wp-content\/uploads\/2023\/02\/Gstattnersw-325x217.png\" width=\"325\" height=\"217\" alt=\"\"\/><\/div><div data-image-caption class=\"ut-image-gallery-image-caption\"><div class=\"ut-image-gallery-item-caption-title\"><h3>credits: Pamela Ru\u00dfmann<\/h3><\/div><\/div><\/a><\/div><\/div><\/div>[\/vc_column][vc_column width=&#8221;3\/4&#8243;]<div class=\"wpb_content_element \"><style type=\"text\/css\">#ut_accordion_69d051aac2c41 .ut-accordion-module-item.open .ut-accordion-module-heading { color: rgba(62, 136, 179, 1) !important }#ut_accordion_69d051aac2c41 .ut-accordion-module-heading:hover { color: rgba(62, 136, 179, 1) !important }#ut_accordion_69d051aac2c41 .ut-accordion-module-heading:active { color: rgba(62, 136, 179, 1) !important }#ut_accordion_69d051aac2c41 .ut-accordion-module-heading:focus { color: rgba(62, 136, 179, 1) !important }#ut_accordion_69d051aac2c41 .ut-accordion-module-item { border-top-style:solid; }#ut_accordion_69d051aac2c41 .ut-accordion-module-item:last-child { border-top-style:solid; border-bottom-style:solid; }<\/style><div id=\"ut_accordion_69d051aac2c41\" data-accordion-group class=\"ut-accordion-module ut-accordion-module-single  ut-accordion-module-with-border\"><div data-accordion data-accordion data-single data-transition=\"400\" data-easing=\"ease\" class=\"ut-accordion-module-item \"><h3 data-control class=\"ut-accordion-module-heading\" data-counter=\"1\">Contact person Improviser*Composer-Performer: Maria Gst\u00e4ttner<\/h3><div data-content class=\"ut-accordion-module-content\"><div class=\"ut-accordion-module-inner entry-content clearfix\"><strong>Mag.art. Dr.art. Maria Gst\u00e4ttner MAS<\/strong><\/p>\n<p>under construction&#8230;<\/p>\n<p>&nbsp;<\/p>\n<p>Contact: <a href=\"mailto:gstaettner@mdw.ac.at\">gstaettner@mdw.ac.at<\/a><\/div><\/div><\/div><\/div><\/div>[\/vc_column][\/vc_row][\/vc_section][vc_section css=&#8221;.vc_custom_1592596618839{margin-top: 100px !important;}&#8221;][vc_row][vc_column width=&#8221;1\/4&#8243;]<div  class=\"wpb_content_element   clearfix\"><style type=\"text\/css\">#ut_am_69d051aac2f86 { opacity: 1; }#ut_am_wrap_69d051aac2f87 .ut-image-gallery-item-caption-title h3 { letter-spacing: 0em; }#ut_am_wrap_69d051aac2f87 .ut-gallery-slider-caption { font-weight: bold; }#ut_am_wrap_69d051aac2f87 { text-align: center; }@media (min-width: 768px) and (max-width: 1024px) { #ut_am_wrap_69d051aac2f87 { text-align: center !important; } }@media (max-width: 767px) { #ut_am_wrap_69d051aac2f87 { text-align: center !important; } }<\/style><div id=\"ut_am_wrap_69d051aac2f87\" class=\"ut-image-gallery-image \"><div id=\"ut_reveal_69d051aac2f88\"  data-appear-top-offset=\"auto\" class=\"ut-animated-image-item ut-image-gallery-item ut-animation-done \"><a class=\"ut-deactivated-link\" href=\"#\"><div class=\"ut-animated-image-zoom\"><img class=\"ut-lazy skip-lazy ut-animated-image\"  id=\"ut_am_69d051aac2f86\" src=\"data:image\/svg+xml;charset=utf-8,%3Csvg xmlns%3D'http%3A%2F%2Fwww.w3.org%2F2000%2Fsvg' viewBox%3D'0 0 325 217'%2F%3E\" data-src=\"https:\/\/www.mdw.ac.at\/ar_center\/wp-content\/uploads\/2025\/01\/APP21246-1-325x217.jpg\" width=\"325\" height=\"217\" alt=\"\"\/><\/div><div data-image-caption class=\"ut-image-gallery-image-caption\"><div class=\"ut-image-gallery-item-caption-title\"><h3>credits: Armin Bardel<\/h3><\/div><\/div><\/a><\/div><\/div><\/div>[\/vc_column][vc_column width=&#8221;3\/4&#8243;]<div class=\"wpb_content_element \"><style type=\"text\/css\">#ut_accordion_69d051aac2fc8 .ut-accordion-module-item.open .ut-accordion-module-heading { color: rgba(62, 136, 179, 1) !important }#ut_accordion_69d051aac2fc8 .ut-accordion-module-heading:hover { color: rgba(62, 136, 179, 1) !important }#ut_accordion_69d051aac2fc8 .ut-accordion-module-heading:active { color: rgba(62, 136, 179, 1) !important }#ut_accordion_69d051aac2fc8 .ut-accordion-module-heading:focus { color: rgba(62, 136, 179, 1) !important }#ut_accordion_69d051aac2fc8 .ut-accordion-module-item { border-top-style:solid; }#ut_accordion_69d051aac2fc8 .ut-accordion-module-item:last-child { border-top-style:solid; border-bottom-style:solid; }<\/style><div id=\"ut_accordion_69d051aac2fc8\" data-accordion-group class=\"ut-accordion-module ut-accordion-module-single  ut-accordion-module-with-border\"><div data-accordion data-accordion data-single data-transition=\"400\" data-easing=\"ease\" class=\"ut-accordion-module-item \"><h3 data-control class=\"ut-accordion-module-heading\" data-counter=\"1\">Contact person Music Mediation \/ Community Music: Axel Petri-Preis<\/h3><div data-content class=\"ut-accordion-module-content\"><div class=\"ut-accordion-module-inner entry-content clearfix\"><strong>Mag. art. Axel Petri-Preis, PhD<\/strong><\/p>\n<p>(Universit\u00e4tsprofessor, stv. Institutsleiter, Koordinator f\u00fcr den Fachbereich Musik im Dialog, Vorsitzender der Studienkommission f\u00fcr den MA CAP)<\/p>\n<p>Axel Petri-Preis studied music education and German studies at the University of Music and Performing Arts Vienna (mdw), graduating in 2005 with distinction. He also studied musicology at the University of Vienna, completing his PhD in music mediation with distinction in 2021 with a study on the learning paths of classically trained musicians.<\/p>\n<p>He completed his teaching internship in 2005\/06 at the AHS Geringergasse 2 in Vienna, before working as a Fulbright Teaching Assistant at Bard College NY in the following academic year. After his time abroad, he spent several years teaching in adult education and at two Viennese secondary schools. From 2012 to 2014, Axel Petri-Preis was a fellow of the Masterclass on Music Education, an excellence initiative of the K\u00f6rber Foundation in Hamburg.<\/p>\n<p>Since 2007, Axel Petri-Preis has been active as a music mediator for institutions such as Neue Oper Wien, Wien Modern, Festspiele Mecklenburg-Vorpommern, Wiener Konzerthaus, Jeunesse, W\u00fcrttembergisches Kammerorchester Heilbronn, and many others. He develops new concert formats, conducts workshops and introductory lectures for various audiences, moderates concerts, coaches orchestras and ensembles, and designs program booklets. His projects have received the Project Europa Award, the Teacher\u2019s Award from the Federation of Austrian Industries, and the Aviso Award, and have been nominated for the Junge Ohren Award and the Places of Respect. He has given guest lectures at institutions including the University of Music and Performing Arts Graz, the Anton Bruckner Private University, the Central European University, the Sibelius Academy, and the University of Cologne. He teaches the seminar &#8220;Convincing Mediation Concepts&#8221; at the Institute for Cultural Concepts and held a teaching position at the inter-university program Science and Art, a cooperation between the University of Salzburg and Mozarteum University, in the summer semester of 2023.<\/p>\n<p>In his research, Axel Petri-Preis focuses on the training and further education of musicians at conservatoires, particularly with regard to music mediation, community engagement in classical music, discrimination-sensitive music mediation, and practices and formats of music mediation. He is the founder and Editor-in-Chief of the International Journal of Music Mediation (IJMM), and most recently co-edited the Handbook of Music Mediation published by transcript.<\/p>\n<p>Axel Petri-Preis has been working at the Department of Music Education Research and Practice (IMP) since 2017. He serves as chair of curricular commission of the MA Contemporary Arts Practice and is member of the curricular commission of the MA Music in Society.<\/p>\n<p><strong>Roles:<\/strong><\/p>\n<ul>\n<li>Founding and board memberof the IG Music Mediation<\/li>\n<li>Founding and board memberof the Forum Music Mediation at German-speaking Universities and Colleges,and co-leader of the Research Working Group<\/li>\n<\/ul>\n<p>&nbsp;<\/p>\n<p>Contact: <a href=\"mailto:petri-preis@mdw.ac.at\"> Axel Petri-Preis\u00a0<\/a><\/div><\/div><\/div><\/div><\/div>[\/vc_column][\/vc_row][\/vc_section][vc_section css=&#8221;.vc_custom_1592596618839{margin-top: 100px !important;}&#8221;][vc_row][vc_column width=&#8221;1\/4&#8243;]<div  class=\"wpb_content_element   clearfix\"><style type=\"text\/css\">#ut_am_69d051aac334b { opacity: 1; }#ut_am_wrap_69d051aac334c .ut-image-gallery-item-caption-title h3 { letter-spacing: 0em; }#ut_am_wrap_69d051aac334c .ut-gallery-slider-caption { font-weight: bold; }#ut_am_wrap_69d051aac334c { text-align: left; }@media (min-width: 768px) and (max-width: 1024px) { #ut_am_wrap_69d051aac334c { text-align: left !important; } }@media (max-width: 767px) { #ut_am_wrap_69d051aac334c { text-align: center !important; } }<\/style><div id=\"ut_am_wrap_69d051aac334c\" class=\"ut-image-gallery-image \"><div id=\"ut_reveal_69d051aac334d\"  data-appear-top-offset=\"auto\" class=\"ut-animated-image-item ut-image-gallery-item ut-animation-done \"><a class=\"ut-deactivated-link\" href=\"#\"><div class=\"ut-animated-image-zoom\"><img class=\"ut-lazy skip-lazy ut-animated-image\"  id=\"ut_am_69d051aac334b\" src=\"data:image\/svg+xml;charset=utf-8,%3Csvg xmlns%3D'http%3A%2F%2Fwww.w3.org%2F2000%2Fsvg' viewBox%3D'0 0 325 217'%2F%3E\" data-src=\"https:\/\/www.mdw.ac.at\/ar_center\/wp-content\/uploads\/2023\/05\/dom_portrait1-325x217.jpg\" width=\"325\" height=\"217\" alt=\"\"\/><\/div><div data-image-caption class=\"ut-image-gallery-image-caption\"><div class=\"ut-image-gallery-item-caption-title\"><h3>credits: Konrad Stania<\/h3><\/div><\/div><\/a><\/div><\/div><\/div>[\/vc_column][vc_column width=&#8221;3\/4&#8243;]<div class=\"wpb_content_element \"><style type=\"text\/css\">#ut_accordion_69d051aac338a .ut-accordion-module-item.open .ut-accordion-module-heading { color: rgba(62, 136, 179, 1) !important }#ut_accordion_69d051aac338a .ut-accordion-module-heading:hover { color: rgba(62, 136, 179, 1) !important }#ut_accordion_69d051aac338a .ut-accordion-module-heading:active { color: rgba(62, 136, 179, 1) !important }#ut_accordion_69d051aac338a .ut-accordion-module-heading:focus { color: rgba(62, 136, 179, 1) !important }#ut_accordion_69d051aac338a .ut-accordion-module-item { border-top-style:solid; }#ut_accordion_69d051aac338a .ut-accordion-module-item:last-child { border-top-style:solid; border-bottom-style:solid; }<\/style><div id=\"ut_accordion_69d051aac338a\" data-accordion-group class=\"ut-accordion-module ut-accordion-module-single  ut-accordion-module-with-border\"><div data-accordion data-accordion data-single data-transition=\"400\" data-easing=\"ease\" class=\"ut-accordion-module-item \"><h3 data-control class=\"ut-accordion-module-heading\" data-counter=\"1\">Contact person Transmediale Performance: Dominik Gr\u00fcnb\u00fchel<\/h3><div data-content class=\"ut-accordion-module-content\"><div class=\"ut-accordion-module-inner entry-content clearfix\"><strong><span class=\"bold\">Mag. art. Dominik Gr\u00fcnb\u00fchel<\/span><\/strong><\/p>\n<p>under construction&#8230;<\/p>\n<p><span class=\"bold\">contact: <a title=\"Nachricht senden an gruenbuehel@mdw.ac.at\" href=\"https:\/\/online.mdw.ac.at\/mdw_online\/pl\/ui\/$ctx\/wbMail.callMask?pRecipientAdress=gruenbuehel%40mdw.ac.at&amp;pRecipientName=&amp;pSubject=&amp;pBody=\" target=\"emailWin\" rel=\"noopener\">gruenbuehel@mdw.ac.at<\/a><\/span><\/div><\/div><\/div><\/div><\/div>[\/vc_column][\/vc_row][vc_row][vc_column]<div  class=\"wpb_content_element   clearfix\"><style type=\"text\/css\">#ut_am_69d051aac36b8 { opacity: 1; }#ut_am_wrap_69d051aac36b9 .ut-image-gallery-item-caption-title h3 { letter-spacing: 0em; }#ut_am_wrap_69d051aac36b9 .ut-gallery-slider-caption { font-weight: bold; }#ut_am_wrap_69d051aac36b9 { text-align: left; }@media (min-width: 768px) and (max-width: 1024px) { #ut_am_wrap_69d051aac36b9 { text-align: left !important; } }@media (max-width: 767px) { #ut_am_wrap_69d051aac36b9 { text-align: center !important; } }<\/style><div id=\"ut_am_wrap_69d051aac36b9\" class=\"ut-image-gallery-image \"><div id=\"ut_reveal_69d051aac36ba\"  data-appear-top-offset=\"auto\" class=\"ut-animated-image-item ut-image-gallery-item ut-animation-done \"><a class=\"ut-deactivated-link\" href=\"#\"><div class=\"ut-animated-image-zoom\"><img class=\"ut-lazy skip-lazy ut-animated-image\"  id=\"ut_am_69d051aac36b8\" src=\"data:image\/svg+xml;charset=utf-8,%3Csvg xmlns%3D'http%3A%2F%2Fwww.w3.org%2F2000%2Fsvg' viewBox%3D'0 0 t t'%2F%3E\" data-src=\"http:\/\/h\" width=\"\" height=\"\" alt=\"\"\/><\/div><\/a><\/div><\/div><\/div>[\/vc_column][\/vc_row][\/vc_section]<\/p>\n","protected":false},"excerpt":{"rendered":"<p>[vc_section css=&#8221;.vc_custom_1592596618839{margin-top: 100px !important;}&#8221;][vc_row][vc_column][vc_column_text]The team of lecturers consists of around 40 experts. For profile-specific questions, please get in touch with the relevant contact person.[\/vc_column_text][\/vc_column][\/vc_row][\/vc_section][vc_section css=&#8221;.vc_custom_1592596618839{margin-top: 100px !important;}&#8221;][vc_row][vc_column width=&#8221;1\/4&#8243;][\/vc_column][vc_column width=&#8221;3\/4&#8243;][\/vc_column][\/vc_row][\/vc_section][vc_section css=&#8221;.vc_custom_1592596618839{margin-top: 100px !important;}&#8221;][vc_row][vc_column width=&#8221;1\/4&#8243;][\/vc_column][vc_column width=&#8221;3\/4&#8243;][\/vc_column][\/vc_row][\/vc_section][vc_section css=&#8221;.vc_custom_1592596618839{margin-top: 100px !important;}&#8221;][vc_row][vc_column width=&#8221;1\/4&#8243;][\/vc_column][vc_column width=&#8221;3\/4&#8243;][\/vc_column][\/vc_row][\/vc_section][vc_section css=&#8221;.vc_custom_1592596618839{margin-top: 100px !important;}&#8221;][vc_row][vc_column width=&#8221;1\/4&#8243;][\/vc_column][vc_column width=&#8221;3\/4&#8243;][\/vc_column][\/vc_row][vc_row][vc_column][\/vc_column][\/vc_row][\/vc_section]<\/p>\n","protected":false},"author":4,"featured_media":0,"parent":0,"menu_order":0,"comment_status":"closed","ping_status":"closed","template":"","meta":[],"_links":{"self":[{"href":"https:\/\/www.mdw.ac.at\/ar_center\/wp-json\/wp\/v2\/pages\/1876"}],"collection":[{"href":"https:\/\/www.mdw.ac.at\/ar_center\/wp-json\/wp\/v2\/pages"}],"about":[{"href":"https:\/\/www.mdw.ac.at\/ar_center\/wp-json\/wp\/v2\/types\/page"}],"author":[{"embeddable":true,"href":"https:\/\/www.mdw.ac.at\/ar_center\/wp-json\/wp\/v2\/users\/4"}],"replies":[{"embeddable":true,"href":"https:\/\/www.mdw.ac.at\/ar_center\/wp-json\/wp\/v2\/comments?post=1876"}],"version-history":[{"count":9,"href":"https:\/\/www.mdw.ac.at\/ar_center\/wp-json\/wp\/v2\/pages\/1876\/revisions"}],"predecessor-version":[{"id":3176,"href":"https:\/\/www.mdw.ac.at\/ar_center\/wp-json\/wp\/v2\/pages\/1876\/revisions\/3176"}],"wp:attachment":[{"href":"https:\/\/www.mdw.ac.at\/ar_center\/wp-json\/wp\/v2\/media?parent=1876"}],"curies":[{"name":"wp","href":"https:\/\/api.w.org\/{rel}","templated":true}]}}