{"id":1870,"date":"2023-01-25T10:01:36","date_gmt":"2023-01-25T10:01:36","guid":{"rendered":"https:\/\/www.mdw.ac.at\/ar_center\/?page_id=1870"},"modified":"2026-03-18T17:15:34","modified_gmt":"2026-03-18T17:15:34","slug":"master-contemporary-arts-practice-cap-2_de","status":"publish","type":"page","link":"https:\/\/www.mdw.ac.at\/ar_center\/de\/master-contemporary-arts-practice-cap-2_de\/","title":{"rendered":"Master Contemporary Arts Practice \u2013 CAP"},"content":{"rendered":"<p>[vc_row][vc_column][vc_column_text]<strong>Contemporary Arts Practice\u00a0<\/strong>ist ein k\u00fcnstlerisch-wissenschaftliches Masterstudium. Absolvent_innen werden bef\u00e4higt, kompetent, innovativ und professionell in unterschiedlichen k\u00fcnstlerischen und gesellschaftlichen Kontexten zu handeln. Das vier Semester umfassende Studium zielt darauf ab, Kunstschaffende f\u00fcr ein sich wandelndes Berufsfeld zu Beginn des 21. Jahrhunderts zeitgem\u00e4\u00df zu qualifizieren.<\/p>\n<p>Die folgenden vier Studienprofile k\u00f6nnen von den Studierenden ausgew\u00e4hlt werden:<\/p>\n<ul>\n<li><a href=\"https:\/\/www.mdw.ac.at\/ar_center\/de\/improvisercomposer-performer_de\/\">Improviser*Composer-Performer<\/a> (IComP)<\/li>\n<li><a href=\"https:\/\/www.mdw.ac.at\/ar_center\/de\/elemental-music-making_de\/\">Interartistic Music Practice\/Elementares Musizieren<\/a> (IMP\/EM)<\/li>\n<li><a href=\"https:\/\/www.mdw.ac.at\/ar_center\/de\/music-mediation-community-music_de\/\">Musikvermittlung\/Community Music<\/a> (MV\/CM)<\/li>\n<li><a href=\"https:\/\/www.mdw.ac.at\/ar_center\/de\/transmedial-performance_de\/\">Transmediale Performance<\/a> (TMP)<\/li>\n<\/ul>\n<p>Die Studienprofile sind durch gemeinsame Fragestellungen miteinander verbunden. Dazu z\u00e4hlen insbesondere die drei S\u00e4ulen Improvisation, inter- und transdisziplin\u00e4re Praxis sowie Community Engagement. Im Zentrum des Studiums steht die Entwicklung, wissenschaftliche Fundierung und Umsetzung eines eigenen k\u00fcnstlerischen bzw. kunstvermittelnden Projekts im Kontext eines der vier Profile. Die daraus hervorgehende Masterarbeit kann sich methodisch an Ans\u00e4tzen des <strong>Artistic Research<\/strong> orientieren.<\/p>\n<p>Absolvent_innen des Masterstudiums Contemporary Arts Practice (CAP) agieren innovativ und intermedial in unterschiedlichen k\u00fcnstlerischen und gesellschaftlichen Kontexten. Sie sind insbesondere in der sparten\u00fcbergreifenden Musik-, Performance-, Theater- und Tanzszene t\u00e4tig sowie in Feldern der Musik-, Kunst- und Kulturvermittlung und der Community Music, h\u00e4ufig in Kooperation mit Bildungs-, Kultur- und Sozialeinrichtungen.[\/vc_column_text][\/vc_column][\/vc_row][vc_row][vc_column][vc_column_text]<img decoding=\"async\" loading=\"lazy\" class=\"alignnone size-full wp-image-1871\" src=\"https:\/\/www.mdw.ac.at\/ar_center\/wp-content\/uploads\/2023\/01\/ARC-CAP-Design-Element-4-1.png\" alt=\"\" width=\"1921\" height=\"253\" srcset=\"https:\/\/www.mdw.ac.at\/ar_center\/wp-content\/uploads\/2023\/01\/ARC-CAP-Design-Element-4-1.png 1921w, https:\/\/www.mdw.ac.at\/ar_center\/wp-content\/uploads\/2023\/01\/ARC-CAP-Design-Element-4-1-768x101.png 768w, https:\/\/www.mdw.ac.at\/ar_center\/wp-content\/uploads\/2023\/01\/ARC-CAP-Design-Element-4-1-1536x202.png 1536w, https:\/\/www.mdw.ac.at\/ar_center\/wp-content\/uploads\/2023\/01\/ARC-CAP-Design-Element-4-1-1280x169.png 1280w\" sizes=\"(max-width: 1921px) 100vw, 1921px\" \/>[\/vc_column_text][\/vc_column][\/vc_row][vc_row][vc_column][vc_column_text]<\/p>\n<h3>Zahlen und Fakten<\/h3>\n<table width=\"100%\">\n<tbody>\n<tr>\n<td>Umfang \/ Dauer<\/td>\n<td>120 ECTS Credits \/ 4 Semester \/ Vollzeitstudium<\/td>\n<\/tr>\n<tr>\n<td>Unterrichtssprache<\/td>\n<td>Deutsch<\/td>\n<\/tr>\n<tr>\n<td>Zulassungsvoraussetzungen<\/td>\n<td>Abgeschlossenes Bachelorstudium, erfolgreiche Zulassungspr\u00fcfung,<br \/>\nNachweis der Deutschkenntnisse<\/td>\n<\/tr>\n<tr>\n<td>Abschlussmodalit\u00e4ten<\/td>\n<td>Projekt, Masterarbeit,\u00a0 Masterpr\u00fcfung<\/td>\n<\/tr>\n<tr>\n<td>Abschluss<\/td>\n<td>Master of Arts<\/td>\n<\/tr>\n<\/tbody>\n<\/table>\n<p>&nbsp;<\/p>\n<p>Kontakt: <a href=\"mailto:cap-master@mdw.ac.at\">cap-master@mdw.ac.at<\/a>[\/vc_column_text][\/vc_column][\/vc_row][vc_row][vc_column][vc_column_text]<img decoding=\"async\" loading=\"lazy\" class=\"alignnone size-full wp-image-1871\" src=\"https:\/\/www.mdw.ac.at\/ar_center\/wp-content\/uploads\/2023\/01\/ARC-CAP-Design-Element-4-1.png\" alt=\"\" width=\"1921\" height=\"253\" srcset=\"https:\/\/www.mdw.ac.at\/ar_center\/wp-content\/uploads\/2023\/01\/ARC-CAP-Design-Element-4-1.png 1921w, https:\/\/www.mdw.ac.at\/ar_center\/wp-content\/uploads\/2023\/01\/ARC-CAP-Design-Element-4-1-768x101.png 768w, https:\/\/www.mdw.ac.at\/ar_center\/wp-content\/uploads\/2023\/01\/ARC-CAP-Design-Element-4-1-1536x202.png 1536w, https:\/\/www.mdw.ac.at\/ar_center\/wp-content\/uploads\/2023\/01\/ARC-CAP-Design-Element-4-1-1280x169.png 1280w\" sizes=\"(max-width: 1921px) 100vw, 1921px\" \/>[\/vc_column_text][\/vc_column][\/vc_row][vc_section][\/vc_section]<\/p>\n","protected":false},"excerpt":{"rendered":"<p>[vc_row][vc_column][vc_column_text]Contemporary Arts Practice\u00a0ist ein k\u00fcnstlerisch-wissenschaftliches Masterstudium. Absolvent_innen werden bef\u00e4higt, kompetent, innovativ und professionell in unterschiedlichen k\u00fcnstlerischen und gesellschaftlichen Kontexten zu handeln. Das vier Semester umfassende Studium zielt darauf ab, Kunstschaffende f\u00fcr ein sich wandelndes Berufsfeld zu Beginn des 21. Jahrhunderts zeitgem\u00e4\u00df zu qualifizieren. Die folgenden vier Studienprofile k\u00f6nnen von den Studierenden ausgew\u00e4hlt werden: Improviser*Composer-Performer (IComP) [&hellip;]<\/p>\n","protected":false},"author":4,"featured_media":0,"parent":0,"menu_order":0,"comment_status":"closed","ping_status":"closed","template":"","meta":[],"_links":{"self":[{"href":"https:\/\/www.mdw.ac.at\/ar_center\/wp-json\/wp\/v2\/pages\/1870"}],"collection":[{"href":"https:\/\/www.mdw.ac.at\/ar_center\/wp-json\/wp\/v2\/pages"}],"about":[{"href":"https:\/\/www.mdw.ac.at\/ar_center\/wp-json\/wp\/v2\/types\/page"}],"author":[{"embeddable":true,"href":"https:\/\/www.mdw.ac.at\/ar_center\/wp-json\/wp\/v2\/users\/4"}],"replies":[{"embeddable":true,"href":"https:\/\/www.mdw.ac.at\/ar_center\/wp-json\/wp\/v2\/comments?post=1870"}],"version-history":[{"count":28,"href":"https:\/\/www.mdw.ac.at\/ar_center\/wp-json\/wp\/v2\/pages\/1870\/revisions"}],"predecessor-version":[{"id":3654,"href":"https:\/\/www.mdw.ac.at\/ar_center\/wp-json\/wp\/v2\/pages\/1870\/revisions\/3654"}],"wp:attachment":[{"href":"https:\/\/www.mdw.ac.at\/ar_center\/wp-json\/wp\/v2\/media?parent=1870"}],"curies":[{"name":"wp","href":"https:\/\/api.w.org\/{rel}","templated":true}]}}