{"id":1846,"date":"2023-01-19T08:30:02","date_gmt":"2023-01-19T08:30:02","guid":{"rendered":"https:\/\/www.mdw.ac.at\/ar_center\/?page_id=1846"},"modified":"2025-03-25T08:44:43","modified_gmt":"2025-03-25T08:44:43","slug":"artistic-research-lab-presentations-2023_de","status":"publish","type":"page","link":"https:\/\/www.mdw.ac.at\/ar_center\/de\/doctor-artium-program_de\/artistic-research-lab-presentations-2023_de\/","title":{"rendered":"AR Lab \u2013 2023 Pr\u00e4sentationen"},"content":{"rendered":"<p>[vc_row][vc_column][vc_column_text]<\/p>\n<h4>2.6.2023 und 3.6.2023, 18:00 bis 21:30 Uhr<\/h4>\n<p>Hauptgeb\u00e4ude, Bauteil V\/Klangtheater<br \/>\nAnton-von-Webern-Platz 1<br \/>\n1030 Wien<\/p>\n<h4><img decoding=\"async\" class=\"alignnone size-full wp-image-134\" src=\"https:\/\/www.mdw.ac.at\/ar_center\/wp-content\/uploads\/2020\/06\/Header_Bg_04_02.svg\" alt=\"\" \/><\/h4>\n<p>Als \u00f6ffentliche Schlussveranstaltung des Artistic Research Lab im k\u00fcnstlerischen Doktoratsstudium pr\u00e4sentieren f\u00fcnfzehn Studierende der mdw audiovisuelle Beitr\u00e4ge aus ihren aktuellen k\u00fcnstlerischen Forschungsprojekten. Der Bogen spannt sich dabei von neuen mitunter auch transkulturellen Formen der Komposition und Interpretation \u00fcber experimentelle Zugangsweisen zu Kreation, Medienkunst, Filmton, Theater und Choreographie bis hin zu historisch informierter Auff\u00fchrungspraxis ebenso wie zu innovativem Turntablism.<\/p>\n<p>&nbsp;<\/p>\n<p>&nbsp;<\/p>\n<p><strong>PR\u00c4SENTATION DER K\u00dcNSTERISCHEN DISSERTATIONSPROJEKTE (TEIL 1)<\/strong><\/p>\n<p><strong>Freitag 2.6.2023,\u00a0 18h-22h, mdw \u2013 Future Art Lab,\u00a0Klangtheater<\/strong><\/p>\n<p>&nbsp;<\/p>\n<p>Christoph Wichert\u00a0\u00a0\u00a0\u00a0\u00a0\u00a0\u00a0\u00a0\u00a0\u00a0\u00a0\u00a0 \u00a0\u00a0\u00a0\u00a0\u00a0\u00a0 <em>Serama Berjalan, DerfDerDes?<\/em><\/p>\n<p>Arne Vogelgesang\u00a0\u00a0\u00a0\u00a0\u00a0\u00a0\u00a0\u00a0\u00a0\u00a0\u00a0\u00a0\u00a0\u00a0\u00a0\u00a0\u00a0\u00a0\u00a0 <em>Locating Virtual Flesh<\/em><\/p>\n<p>Ragnhei\u00f0ur Erla Bj\u00f6rnsd\u00f3ttir\u00a0\u00a0 <em>Multispecies Vocal Weaving \u2013 <\/em><em>\u00a0everything is connected to something<\/em><\/p>\n<p>Daniel Maltz\u00a0\u00a0\u00a0\u00a0\u00a0\u00a0\u00a0\u00a0\u00a0\u00a0\u00a0\u00a0\u00a0\u00a0\u00a0\u00a0\u00a0\u00a0\u00a0\u00a0\u00a0 \u00a0\u00a0\u00a0\u00a0\u00a0\u00a0 <em>We must open ourselves up to seemingly unimportant details.<\/em><\/p>\n<p>&#8212;&#8212;&#8212;&#8212; PAUSE &#8212;&#8212;&#8212;&#8212;<\/p>\n<p>Ettore Biagi\u00a0\u00a0\u00a0\u00a0\u00a0\u00a0\u00a0\u00a0\u00a0\u00a0\u00a0\u00a0\u00a0\u00a0\u00a0\u00a0\u00a0\u00a0\u00a0\u00a0\u00a0\u00a0\u00a0\u00a0\u00a0\u00a0\u00a0\u00a0\u00a0\u00a0 <em>Resonant Listening:\u00a0Self-anatomy as method<\/em><\/p>\n<p>Birgitta Flick\u00a0\u00a0\u00a0\u00a0\u00a0\u00a0\u00a0\u00a0\u00a0\u00a0\u00a0\u00a0\u00a0\u00a0\u00a0\u00a0\u00a0\u00a0\u00a0\u00a0\u00a0\u00a0\u00a0\u00a0\u00a0\u00a0\u00a0\u00a0\u00a0 <em>Experimenting with Notation: Reflective Practice as Self-Education<\/em><\/p>\n<p>Illia Razumeiko\u00a0\u00a0\u00a0\u00a0\u00a0\u00a0\u00a0\u00a0\u00a0\u00a0\u00a0\u00a0\u00a0\u00a0\u00a0\u00a0\u00a0\u00a0\u00a0\u00a0\u00a0\u00a0\u00a0\u00a0 <em>Museum as performance act, <\/em>mit: Illia Razumeiko, Roman Grygoriv<\/p>\n<p>Tian Fu\u00a0\u00a0\u00a0\u00a0\u00a0\u00a0\u00a0\u00a0\u00a0\u00a0\u00a0\u00a0\u00a0\u00a0\u00a0\u00a0\u00a0\u00a0\u00a0\u00a0\u00a0\u00a0\u00a0\u00a0\u00a0\u00a0\u00a0\u00a0\u00a0\u00a0\u00a0\u00a0\u00a0\u00a0\u00a0\u00a0\u00a0 <em>White Box Mental Knobs<\/em> \u767d\u9e64\u795e\u725b, mit:\u00a0Tian Fu, Anton Tkachuk<\/p>\n<p>&nbsp;<\/p>\n<p>&nbsp;<\/p>\n<p><strong>PR\u00c4SENTATION DER K\u00dcNSTERISCHEN DISSERTATIONSPROJEKTE (TEIL 2)<\/strong><\/p>\n<p><strong>Samstag, 3.6.2023, 18h-22h mdw \u2013 Future Art Lab,\u00a0Klangtheater<\/strong><\/p>\n<p>&nbsp;<\/p>\n<p>Karl Salzmann\u00a0\u00a0\u00a0\u00a0\u00a0\u00a0\u00a0\u00a0\u00a0\u00a0\u00a0\u00a0 \u00a0\u00a0\u00a0\u00a0\u00a0\u00a0 <em>To start from scratch<\/em><\/p>\n<p>Jagoda Szmytka\u00a0\u00a0\u00a0\u00a0\u00a0\u00a0\u00a0\u00a0\u00a0 \u00a0\u00a0\u00a0\u00a0\u00a0\u00a0 <em>Study of who where when, <\/em>mit: Jagoda Szmytka; Sonja Leipold, Piibe Talen &#8211; Cembali<\/p>\n<p>Matija Schellander\u00a0\u00a0\u00a0\u00a0 \u00a0\u00a0\u00a0\u00a0\u00a0\u00a0 <em>Useless sequencer<\/em><\/p>\n<p>Tong Zhang\u00a0\u00a0\u00a0\u00a0\u00a0\u00a0\u00a0\u00a0\u00a0\u00a0\u00a0\u00a0\u00a0\u00a0\u00a0\u00a0 \u00a0\u00a0\u00a0\u00a0\u00a0\u00a0 <em>out of sync<\/em><\/p>\n<p>&#8212;&#8212;&#8212;&#8212; PAUSE &#8212;&#8212;&#8212;&#8212;<\/p>\n<p>Ivar Roban Krizic\u00a0\u00a0\u00a0\u00a0\u00a0\u00a0\u00a0 \u00a0\u00a0\u00a0\u00a0\u00a0\u00a0 <em>Re-Reflections<\/em><\/p>\n<p>Jorge Sanchez-Chiong \u00a0\u00a0\u00a0\u00a0\u00a0\u00a0 <em>33rd anniversary of anything but art! (33rd month)<\/em><\/p>\n<p>Brigitte Wilfing\u00a0\u00a0\u00a0\u00a0\u00a0\u00a0\u00a0\u00a0\u00a0\u00a0 \u00a0\u00a0\u00a0\u00a0\u00a0\u00a0 <em>What is a posthuman social club?\u00a0<\/em><em>An introduction into a theoretical-practical aspect of my <\/em><em>dissertation<\/em>[\/vc_column_text][\/vc_column][\/vc_row]<\/p>\n","protected":false},"excerpt":{"rendered":"<p>[vc_row][vc_column][vc_column_text] 2.6.2023 und 3.6.2023, 18:00 bis 21:30 Uhr Hauptgeb\u00e4ude, Bauteil V\/Klangtheater Anton-von-Webern-Platz 1 1030 Wien Als \u00f6ffentliche Schlussveranstaltung des Artistic Research Lab im k\u00fcnstlerischen Doktoratsstudium pr\u00e4sentieren f\u00fcnfzehn Studierende der mdw audiovisuelle Beitr\u00e4ge aus ihren aktuellen k\u00fcnstlerischen Forschungsprojekten. Der Bogen spannt sich dabei von neuen mitunter auch transkulturellen Formen der Komposition und Interpretation \u00fcber experimentelle Zugangsweisen [&hellip;]<\/p>\n","protected":false},"author":4,"featured_media":0,"parent":192,"menu_order":0,"comment_status":"closed","ping_status":"closed","template":"","meta":[],"_links":{"self":[{"href":"https:\/\/www.mdw.ac.at\/ar_center\/wp-json\/wp\/v2\/pages\/1846"}],"collection":[{"href":"https:\/\/www.mdw.ac.at\/ar_center\/wp-json\/wp\/v2\/pages"}],"about":[{"href":"https:\/\/www.mdw.ac.at\/ar_center\/wp-json\/wp\/v2\/types\/page"}],"author":[{"embeddable":true,"href":"https:\/\/www.mdw.ac.at\/ar_center\/wp-json\/wp\/v2\/users\/4"}],"replies":[{"embeddable":true,"href":"https:\/\/www.mdw.ac.at\/ar_center\/wp-json\/wp\/v2\/comments?post=1846"}],"version-history":[{"count":7,"href":"https:\/\/www.mdw.ac.at\/ar_center\/wp-json\/wp\/v2\/pages\/1846\/revisions"}],"predecessor-version":[{"id":2921,"href":"https:\/\/www.mdw.ac.at\/ar_center\/wp-json\/wp\/v2\/pages\/1846\/revisions\/2921"}],"up":[{"embeddable":true,"href":"https:\/\/www.mdw.ac.at\/ar_center\/wp-json\/wp\/v2\/pages\/192"}],"wp:attachment":[{"href":"https:\/\/www.mdw.ac.at\/ar_center\/wp-json\/wp\/v2\/media?parent=1846"}],"curies":[{"name":"wp","href":"https:\/\/api.w.org\/{rel}","templated":true}]}}