{"id":1842,"date":"2023-01-19T08:29:26","date_gmt":"2023-01-19T08:29:26","guid":{"rendered":"https:\/\/www.mdw.ac.at\/ar_center\/?page_id=1842"},"modified":"2025-01-10T16:23:11","modified_gmt":"2025-01-10T16:23:11","slug":"artistic-research-lab-presentations-2023","status":"publish","type":"page","link":"https:\/\/www.mdw.ac.at\/ar_center\/doctor-artium-program\/artistic-research-lab-presentations-2023\/","title":{"rendered":"AR Lab \u2013 2023 Presentations"},"content":{"rendered":"<p>[vc_row][vc_column][vc_column_text]<strong>2nd and 3rd June 2023, 18h-21:30h<\/strong><\/p>\n<p>mdw \u2013 Future Art Lab<\/p>\n<p>Anton-von-Webern-Platz 1<\/p>\n<p>1030 Wien<\/p>\n<h4><img decoding=\"async\" class=\"alignnone size-full wp-image-134\" src=\"https:\/\/www.mdw.ac.at\/ar_center\/wp-content\/uploads\/2020\/06\/Header_Bg_04_02.svg\" alt=\"\" \/><\/h4>\n<p>As the final public event of the Artistic Research Lab in the artistic doctoral programme, fifteen mdw students will present audiovisual contributions from their current artistic research projects. The spectrum ranges from new and sometimes transcultural forms of composition and interpretation to experimental approaches to creation, media art, film sound, theatre and choreography to historically informed performance practice and innovative turntablism.<\/p>\n<p>&nbsp;<\/p>\n<p><strong>PRESENTATION OF ARTISTIC DISSERTATION PROJECTS (PART 1)<\/strong><\/p>\n<p><strong>Friday, 2nd June 2023, 18h-22h mdw \u2013 Future Art Lab,\u00a0Klangtheater<\/strong><\/p>\n<p>&nbsp;<\/p>\n<p>Christoph Wichert\u00a0\u00a0\u00a0\u00a0\u00a0\u00a0\u00a0\u00a0\u00a0\u00a0\u00a0\u00a0 \u00a0\u00a0\u00a0\u00a0\u00a0\u00a0 <em>Serama Berjalan, DerfDerDes?<\/em><\/p>\n<p>Arne Vogelgesang\u00a0\u00a0\u00a0\u00a0\u00a0\u00a0\u00a0\u00a0\u00a0\u00a0\u00a0\u00a0\u00a0\u00a0\u00a0\u00a0\u00a0\u00a0\u00a0 <em>Locating Virtual Flesh<\/em><\/p>\n<p>Ragnhei\u00f0ur Erla Bj\u00f6rnsd\u00f3ttir\u00a0\u00a0 <em>Multispecies Vocal Weaving \u2013 <\/em><em>everything is connected to something<\/em><\/p>\n<p>Daniel Maltz\u00a0\u00a0\u00a0\u00a0\u00a0\u00a0\u00a0\u00a0\u00a0\u00a0\u00a0\u00a0\u00a0\u00a0\u00a0\u00a0\u00a0\u00a0\u00a0\u00a0\u00a0 \u00a0\u00a0\u00a0\u00a0\u00a0\u00a0 <em>We must open ourselves up to seemingly unimportant details.<\/em><\/p>\n<p>&#8212;&#8212;&#8212;&#8212; INTERMISSION &#8212;&#8212;&#8212;&#8212;<\/p>\n<p>Ettore Biagi\u00a0\u00a0\u00a0\u00a0\u00a0\u00a0\u00a0\u00a0\u00a0\u00a0\u00a0\u00a0\u00a0\u00a0\u00a0\u00a0\u00a0\u00a0\u00a0\u00a0\u00a0\u00a0\u00a0\u00a0\u00a0\u00a0\u00a0\u00a0\u00a0\u00a0 <em>Resonant Listening:\u00a0Self-anatomy as method<\/em><\/p>\n<p>Birgitta Flick\u00a0\u00a0\u00a0\u00a0\u00a0\u00a0\u00a0\u00a0\u00a0\u00a0\u00a0\u00a0\u00a0\u00a0\u00a0\u00a0\u00a0\u00a0\u00a0\u00a0\u00a0\u00a0\u00a0\u00a0\u00a0\u00a0\u00a0\u00a0\u00a0 <em>Experimenting with Notation: Reflective Practice as Self-Education<\/em><\/p>\n<p>Illia Razumeiko\u00a0\u00a0\u00a0\u00a0\u00a0\u00a0\u00a0\u00a0\u00a0\u00a0\u00a0\u00a0\u00a0\u00a0\u00a0\u00a0\u00a0\u00a0\u00a0\u00a0\u00a0\u00a0\u00a0\u00a0 <em>Museum as performance act, <\/em>with: Illia Razumeiko, Roman Grygoriv<\/p>\n<p>Tian Fu\u00a0\u00a0\u00a0\u00a0\u00a0\u00a0\u00a0\u00a0\u00a0\u00a0\u00a0\u00a0\u00a0\u00a0\u00a0\u00a0\u00a0\u00a0\u00a0\u00a0\u00a0\u00a0\u00a0\u00a0\u00a0\u00a0\u00a0\u00a0\u00a0\u00a0\u00a0\u00a0\u00a0\u00a0\u00a0\u00a0\u00a0 <em>White Box Mental Knobs<\/em> \u767d\u9e64\u795e\u725b, with: Tian Fu, Anton Tkachuk<\/p>\n<p>&nbsp;<\/p>\n<p><strong>PRESENTATION OF ARTISTIC DISSERTATION PROJECTS (PART 2)<\/strong><\/p>\n<p><strong>Saturday, 3nd June 2023, 18h-22h mdw \u2013 Future Art Lab,\u00a0Klangtheater<\/strong><\/p>\n<p>&nbsp;<\/p>\n<p>Karl Salzmann\u00a0\u00a0\u00a0\u00a0\u00a0\u00a0\u00a0\u00a0\u00a0\u00a0\u00a0\u00a0 \u00a0\u00a0\u00a0\u00a0\u00a0\u00a0 <em>To start from scratch<\/em><\/p>\n<p>Jagoda Szmytka\u00a0\u00a0\u00a0\u00a0\u00a0\u00a0\u00a0\u00a0\u00a0 \u00a0\u00a0\u00a0\u00a0\u00a0\u00a0 <em>Study of who where when, <\/em>with: Jagoda Szmytka; Sonja Leipold, Piibe Talen &#8211; harpsichords<\/p>\n<p>Matija Schellander\u00a0\u00a0\u00a0\u00a0 \u00a0\u00a0\u00a0\u00a0\u00a0\u00a0 <em>Useless sequencer<\/em><\/p>\n<p>Tong Zhang\u00a0\u00a0\u00a0\u00a0\u00a0\u00a0\u00a0\u00a0\u00a0\u00a0\u00a0\u00a0\u00a0\u00a0\u00a0\u00a0 \u00a0\u00a0\u00a0\u00a0\u00a0\u00a0 <em>out of sync<\/em><\/p>\n<p>&nbsp;<\/p>\n<p>&#8212;&#8212;&#8212;&#8212; INTERMISSION &#8212;&#8212;&#8212;&#8212;<\/p>\n<p>&nbsp;<\/p>\n<p>Ivar Roban Krizic\u00a0\u00a0\u00a0\u00a0\u00a0\u00a0\u00a0 \u00a0\u00a0\u00a0\u00a0\u00a0\u00a0 <em>Re-Reflections<\/em><\/p>\n<p>Jorge Sanchez-Chiong \u00a0\u00a0\u00a0\u00a0\u00a0\u00a0 <em>33rd anniversary of anything but art! (33rd month)<\/em><\/p>\n<p>Brigitte Wilfing\u00a0\u00a0\u00a0\u00a0\u00a0\u00a0\u00a0\u00a0\u00a0\u00a0 \u00a0\u00a0\u00a0\u00a0\u00a0\u00a0 <em>What is a posthuman social club? <\/em><em>An introduction into a theoretical-practical aspect of my <\/em><em>dissertation<\/em>[\/vc_column_text][\/vc_column][\/vc_row]<\/p>\n","protected":false},"excerpt":{"rendered":"<p>[vc_row][vc_column][vc_column_text]2nd and 3rd June 2023, 18h-21:30h mdw \u2013 Future Art Lab Anton-von-Webern-Platz 1 1030 Wien As the final public event of the Artistic Research Lab in the artistic doctoral programme, fifteen mdw students will present audiovisual contributions from their current artistic research projects. The spectrum ranges from new and sometimes transcultural forms of composition and [&hellip;]<\/p>\n","protected":false},"author":4,"featured_media":0,"parent":55,"menu_order":0,"comment_status":"closed","ping_status":"closed","template":"","meta":[],"_links":{"self":[{"href":"https:\/\/www.mdw.ac.at\/ar_center\/wp-json\/wp\/v2\/pages\/1842"}],"collection":[{"href":"https:\/\/www.mdw.ac.at\/ar_center\/wp-json\/wp\/v2\/pages"}],"about":[{"href":"https:\/\/www.mdw.ac.at\/ar_center\/wp-json\/wp\/v2\/types\/page"}],"author":[{"embeddable":true,"href":"https:\/\/www.mdw.ac.at\/ar_center\/wp-json\/wp\/v2\/users\/4"}],"replies":[{"embeddable":true,"href":"https:\/\/www.mdw.ac.at\/ar_center\/wp-json\/wp\/v2\/comments?post=1842"}],"version-history":[{"count":10,"href":"https:\/\/www.mdw.ac.at\/ar_center\/wp-json\/wp\/v2\/pages\/1842\/revisions"}],"predecessor-version":[{"id":2918,"href":"https:\/\/www.mdw.ac.at\/ar_center\/wp-json\/wp\/v2\/pages\/1842\/revisions\/2918"}],"up":[{"embeddable":true,"href":"https:\/\/www.mdw.ac.at\/ar_center\/wp-json\/wp\/v2\/pages\/55"}],"wp:attachment":[{"href":"https:\/\/www.mdw.ac.at\/ar_center\/wp-json\/wp\/v2\/media?parent=1842"}],"curies":[{"name":"wp","href":"https:\/\/api.w.org\/{rel}","templated":true}]}}