{"id":1618,"date":"2022-06-03T12:39:40","date_gmt":"2022-06-03T12:39:40","guid":{"rendered":"https:\/\/www.mdw.ac.at\/ar_center\/?page_id=1618"},"modified":"2025-03-25T08:42:23","modified_gmt":"2025-03-25T08:42:23","slug":"artistic-research-lab-presentations-2022_de","status":"publish","type":"page","link":"https:\/\/www.mdw.ac.at\/ar_center\/de\/doctor-artium-program_de\/artistic-research-lab-presentations-2022_de\/","title":{"rendered":"AR Lab \u2013 2022 Pr\u00e4sentationen"},"content":{"rendered":"<p>[vc_row][vc_column][vc_column_text]<\/p>\n<h4>Freitag, 3.6.2022 und Samstag, 4.6.2022<\/h4>\n<p>Hauptgeb\u00e4ude, Bauteil V\/Klangtheater<br \/>\nAnton-von-Webern-Platz 1<br \/>\n1030 Wien<\/p>\n<h4><img decoding=\"async\" class=\"alignnone size-full wp-image-134\" src=\"https:\/\/www.mdw.ac.at\/ar_center\/wp-content\/uploads\/2020\/06\/Header_Bg_04_02.svg\" alt=\"\" \/><\/h4>\n<p>Als \u00f6ffentliche Schlussveranstaltung des Artistic Research Lab im k\u00fcnstlerischen Doktoratsstudium sowie von RAPP Lab 4 zum Thema \u201eTranskulturalit\u00e4t in der k\u00fcnstlerischen Forschung&#8221; pr\u00e4sentieren zehn Studierende der mdw audiovisuelle Beitr\u00e4ge aus ihren aktuellen k\u00fcnstlerischen Forschungsprojekten. Der Bogen spannt sich dabei von neuen transkulturellen Formen der Komposition und Interpretation \u00fcber experimentelle Zugangsweisen zu Kreation und Choreographie bis hin zu historisch informierter Auff\u00fchrungspraxis ebenso wie zu innovativem Turntablism.<\/p>\n<p>&nbsp;<\/p>\n<p><strong>Programm:\u00a0\u00a0<\/strong><strong>Freitag, 3. Juni 2022, <\/strong>19h-22h<\/p>\n<p><strong>\u00a0<\/strong><\/p>\n<p><strong>Birgitta Flick<\/strong>: <em>Circular Composition<\/em><\/p>\n<p>Chanda Rule, voice, Birgitta Flick, Tenorsaxophon, Ivar Roban Krizic, Kontrabass, Gernot Bernroider, Schlagzeug<\/p>\n<p>&nbsp;<\/p>\n<p><strong>Birgitta Flick<\/strong>: <em>Circular Compositon II<\/em>, 3rd Movement, &#8220;Sorrow&#8221; for tenor saxophone solo<\/p>\n<p>Kumbhaka, Text von Chanda Rule, Birgitta Flick, Tenorsaxophon<\/p>\n<p>&nbsp;<\/p>\n<p><strong>Jagoda Szmytka<\/strong>: <em>untitled<\/em> (via Zoom)<\/p>\n<p>&nbsp;<\/p>\n<p><strong>Christoph Wichert<\/strong>: <em>Kampung Saya<\/em><\/p>\n<p>Christoph Wichert, Fagott und Serunai<\/p>\n<p>&nbsp;<\/p>\n<p><strong>Illia Razumeiko: <\/strong><em>Wind from Podil<\/em> &#8211; fragments and stories from OPERA LINGUA<\/p>\n<p>Dirigent: Roman Grygoriv<\/p>\n<p>Ausf\u00fchrende: Leah Batstone, Brigitte Wilfing, Birgitta Flick, Ivar Roban Krizic at al.<\/p>\n<p>&nbsp;<\/p>\n<p><strong>Fu Tian<\/strong>: <em>The Story of Croche<\/em><\/p>\n<p>Performer: Fu Tian<\/p>\n<p>&nbsp;<\/p>\n<p>&nbsp;<\/p>\n<p><strong>Saturday, 4th June 2022, 19h-22h<\/strong><\/p>\n<p>&nbsp;<\/p>\n<p>&nbsp;<\/p>\n<p><strong>Brigitte Wilfing:<\/strong> <em>And Yet It Turns<\/em><\/p>\n<p>Performerin: Brigitte Wilfing<\/p>\n<p>&nbsp;<\/p>\n<p><strong>Daniel Maltz<\/strong> <em>Hausmusik<\/em> (via Zoom)<\/p>\n<p>Performer: Daniel Maltz<\/p>\n<p>&nbsp;<\/p>\n<p><strong>Jorge Sanchez-Chiong:<\/strong> <em>anything but art<\/em><\/p>\n<p>Performer: Jorge Sanchez-Chiong<\/p>\n<p>&nbsp;<\/p>\n<p><strong>Ivar Roban Krizic:<\/strong> <em>Performing Reflection. A Work in Progress<\/em><\/p>\n<p>Ausf\u00fchrende: Ivar Roban Krizic &#8211; Kontrabass, Objekte, Stimme,\u00a0Bojan Krhlanko &#8211; Percussion, Objekte, Elektronik<\/p>\n<p>&nbsp;<\/p>\n<p><strong>Karl Salzmann:<\/strong> <em>Artistic practice and other interventions for and with the turntable<\/em><\/p>\n<p>Ausf\u00fchrende: <a href=\"https:\/\/indigo-inc.at\/\" target=\"_blank\" rel=\"noopener\">Electric Indigo<\/a> und Karl Salzmann<\/p>\n<p>&nbsp;<\/p>\n<p>&nbsp;<\/p>\n<p>&nbsp;<\/p>\n<p>&nbsp;<\/p>\n<p>Video ansehen: <a href=\"https:\/\/mdw.vhx.tv\/artistic-research-lab-2022\" target=\"_blank\" rel=\"noopener\">LINK<\/a>[\/vc_column_text][\/vc_column][\/vc_row]<\/p>\n","protected":false},"excerpt":{"rendered":"<p>[vc_row][vc_column][vc_column_text] Freitag, 3.6.2022 und Samstag, 4.6.2022 Hauptgeb\u00e4ude, Bauteil V\/Klangtheater Anton-von-Webern-Platz 1 1030 Wien Als \u00f6ffentliche Schlussveranstaltung des Artistic Research Lab im k\u00fcnstlerischen Doktoratsstudium sowie von RAPP Lab 4 zum Thema \u201eTranskulturalit\u00e4t in der k\u00fcnstlerischen Forschung&#8221; pr\u00e4sentieren zehn Studierende der mdw audiovisuelle Beitr\u00e4ge aus ihren aktuellen k\u00fcnstlerischen Forschungsprojekten. Der Bogen spannt sich dabei von neuen transkulturellen [&hellip;]<\/p>\n","protected":false},"author":2,"featured_media":0,"parent":192,"menu_order":0,"comment_status":"closed","ping_status":"closed","template":"","meta":[],"_links":{"self":[{"href":"https:\/\/www.mdw.ac.at\/ar_center\/wp-json\/wp\/v2\/pages\/1618"}],"collection":[{"href":"https:\/\/www.mdw.ac.at\/ar_center\/wp-json\/wp\/v2\/pages"}],"about":[{"href":"https:\/\/www.mdw.ac.at\/ar_center\/wp-json\/wp\/v2\/types\/page"}],"author":[{"embeddable":true,"href":"https:\/\/www.mdw.ac.at\/ar_center\/wp-json\/wp\/v2\/users\/2"}],"replies":[{"embeddable":true,"href":"https:\/\/www.mdw.ac.at\/ar_center\/wp-json\/wp\/v2\/comments?post=1618"}],"version-history":[{"count":7,"href":"https:\/\/www.mdw.ac.at\/ar_center\/wp-json\/wp\/v2\/pages\/1618\/revisions"}],"predecessor-version":[{"id":3120,"href":"https:\/\/www.mdw.ac.at\/ar_center\/wp-json\/wp\/v2\/pages\/1618\/revisions\/3120"}],"up":[{"embeddable":true,"href":"https:\/\/www.mdw.ac.at\/ar_center\/wp-json\/wp\/v2\/pages\/192"}],"wp:attachment":[{"href":"https:\/\/www.mdw.ac.at\/ar_center\/wp-json\/wp\/v2\/media?parent=1618"}],"curies":[{"name":"wp","href":"https:\/\/api.w.org\/{rel}","templated":true}]}}