{"id":1236,"date":"2021-12-21T10:09:25","date_gmt":"2021-12-21T10:09:25","guid":{"rendered":"https:\/\/www.mdw.ac.at\/ar_center\/?page_id=1236"},"modified":"2024-08-26T07:41:20","modified_gmt":"2024-08-26T07:41:20","slug":"team-kretz_de","status":"publish","type":"page","link":"https:\/\/www.mdw.ac.at\/ar_center\/de\/team-kretz_de\/","title":{"rendered":"Johannes Kretz"},"content":{"rendered":"<p>[vc_section css=&#8221;.vc_custom_1592596618839{margin-top: 100px !important;}&#8221;][vc_row][vc_column width=&#8221;1\/4&#8243;]<div  class=\"wpb_content_element   clearfix\"><style type=\"text\/css\">#ut_am_69d55aae6c16d { opacity: 1; }#ut_am_wrap_69d55aae6c16e .ut-image-gallery-item-caption-title h3 { letter-spacing: 0em; }#ut_am_wrap_69d55aae6c16e .ut-gallery-slider-caption { font-weight: bold; }#ut_am_wrap_69d55aae6c16e { text-align: left; }@media (min-width: 768px) and (max-width: 1024px) { #ut_am_wrap_69d55aae6c16e { text-align: left !important; } }@media (max-width: 767px) { #ut_am_wrap_69d55aae6c16e { text-align: center !important; } }<\/style><div id=\"ut_am_wrap_69d55aae6c16e\" class=\"ut-image-gallery-image \"><div id=\"ut_reveal_69d55aae6c16f\"  data-appear-top-offset=\"auto\" class=\"ut-animated-image-item ut-image-gallery-item ut-animation-done \"><a class=\"ut-deactivated-link\" href=\"#\"><div class=\"ut-animated-image-zoom\"><img class=\"ut-lazy skip-lazy ut-animated-image\"  id=\"ut_am_69d55aae6c16d\" src=\"data:image\/svg+xml;charset=utf-8,%3Csvg xmlns%3D'http%3A%2F%2Fwww.w3.org%2F2000%2Fsvg' viewBox%3D'0 0 325 217'%2F%3E\" data-src=\"https:\/\/www.mdw.ac.at\/ar_center\/wp-content\/uploads\/2020\/06\/IMG_1321-2-325x217.jpg\" width=\"325\" height=\"217\" alt=\"Johannes Kretz\"\/><\/div><div data-image-caption class=\"ut-image-gallery-image-caption\"><div class=\"ut-image-gallery-item-caption-title\"><h3>credits: private<\/h3><\/div><\/div><\/a><\/div><\/div><\/div>[\/vc_column][vc_column width=&#8221;3\/4&#8243;][vc_column_text]Komponist, Elektronik-Performer, k\u00fcnstlerischer Forscher<\/p>\n<p>Geb. 1968 in Wien<\/p>\n<p>Studium Komposition an der Wiener Musikhochschule (bei F. Burt und M. Jarrell), weiters Musikerziehung, dazu Mathematik an der Universit\u00e4t Wien \u2022 1992-93 Studien (Computermusik) am IRCAM, Paris u.a. bei Marco Stroppa und Brian Ferneyhough<\/p>\n<p>1994-2003 Assistent\/Professor f\u00fcr Computermusik beim Internationalen Bartok-Seminar in Szombathely (H) \u2022 1996-2001 Lehrer f\u00fcr Tonsatz und Komposition am Konservatorium der Stadt Wien \u2022 Seit 1997: Lehrer f\u00fcr Computermusik an der Universit\u00e4t f\u00fcr Musik und darstellende Kunst Wien (mdw), seit 2001 auch Musiktheorie, seit 2004 auch Komposition, seit 2009: ao. Professor f\u00fcr Komposition (Habiliation) \u2022 2008-2018: Leiter des Zentrums f\u00fcr innovative Musiktechnologie (ZiMT) an der mdw, 2013 &#8211; 2021 Institutsleiter und Studiendekan des Institut 1 f\u00fcr Komposition und Elektroakustik der mdw \u2022 2018-2021: Projektleiter von <a href=\"https:\/\/www.mdw.ac.at\/creativemisunderstandings\" target=\"_blank\" rel=\"noopener\">&#8220;creative (mis)understandings&#8221;<\/a>, artistic research-Projekt (PEEK &#8211; FWF). Seit 2020: Leiter des <a href=\"https:\/\/www.mdw.ac.at\/ar_center\">ARC (Artistic Research Center)<\/a> an der mdw. \u2022 Seit 2023: Mitglied des Research Advisory Council des <a href=\"https:\/\/orpheusinstituut.be\/en\/about-us\/organisation\" target=\"_blank\" rel=\"noopener\">Orpheus Institut, Ghent<\/a>, Belgien. \u2022 Seit 2024: Mitglied des core AR-Ensemble des PEEK-Projeks &#8220;Philosophy in the Arts : Arts in Philosophy&#8221;. \u2022 Seit 2024 Vorstandsmitglied der\u00a0<a href=\"https:\/\/societyforartisticresearch.org\/\" target=\"_blank\" rel=\"noreferrer noopener\">Society for Artistic Research (SAR)<\/a>.<\/p>\n<p>Gr\u00fcndungsmitglied des NewTonEnsemble Wien, des European Bridges Ensemble und der internationalen Komponistengruppe PRISMA, des Performance Duos TOUCHING, sowie von ikultur.com. Ko-Kurator von aNOther festival Wien zusammen mit Wei-Ya Lin und Mahdieh Bayat.<\/p>\n<p>Stipendien und Preise: u.a. \u00d6sterr. Staatsstipendium 1997, Stiftung Delz (CH, 2001), Theodor K\u00f6rner Preis 2004<\/p>\n<p>Auftr\u00e4ge\/Auftritte: u.a. National Theater Hall, Taipei, Wien Modern Festival, Ars Electronica Festival, Konzerthaus Wien, Eclat Festival Stuttgart, Klangforum Wien, Ensemble On Line, Ensemble Reconsil, quartett22, Lemgoer Orgeltage, Haller Bachtage, Triton Trombone Quartett, Wiener Kammerchor.<\/p>\n<p>Auff\u00fchrungen: in \u00d6sterreich, Deutschland, Frankreich, Ungarn, Tschechien, Lettland, Litauen, Polen, T\u00fcrkei, Japan, S\u00fcdkorea, China, Taiwan, Usbekistan, Iran, Indien, USA, Kanada, Mexico und Argentinien.<\/p>\n<p><a href=\"http:\/\/www.johanneskretz.org\" target=\"_blank\" rel=\"noopener\">Pers\u00f6nliche Website<\/a>[\/vc_column_text][\/vc_column][\/vc_row][\/vc_section][vc_section css=&#8221;.vc_custom_1592596618839{margin-top: 100px !important;}&#8221;][vc_row][vc_column]<div  class=\"wpb_content_element   clearfix\"><style type=\"text\/css\">#ut_am_69d55aae6c48f { opacity: 1; }#ut_am_wrap_69d55aae6c490 .ut-image-gallery-item-caption-title h3 { letter-spacing: 0em; }#ut_am_wrap_69d55aae6c490 .ut-gallery-slider-caption { font-weight: bold; }#ut_am_wrap_69d55aae6c490 { text-align: left; }@media (min-width: 768px) and (max-width: 1024px) { #ut_am_wrap_69d55aae6c490 { text-align: left !important; } }@media (max-width: 767px) { #ut_am_wrap_69d55aae6c490 { text-align: center !important; } }<\/style><div id=\"ut_am_wrap_69d55aae6c490\" class=\"ut-image-gallery-image \"><div id=\"ut_reveal_69d55aae6c491\"  data-appear-top-offset=\"auto\" class=\"ut-animated-image-item ut-image-gallery-item ut-animation-done \"><a class=\"ut-deactivated-link\" href=\"#\"><div class=\"ut-animated-image-zoom\"><img class=\"ut-lazy skip-lazy ut-animated-image\"  id=\"ut_am_69d55aae6c48f\" src=\"data:image\/svg+xml;charset=utf-8,%3Csvg xmlns%3D'http%3A%2F%2Fwww.w3.org%2F2000%2Fsvg' viewBox%3D'0 0 500 600'%2F%3E\" data-src=\"https:\/\/www.mdw.ac.at\/ar_center\/wp-content\/uploads\/2020\/07\/ARC-Design-Element-6-1.svg\" width=\"500\" height=\"\" alt=\"\"\/><\/div><\/a><\/div><\/div><\/div>[\/vc_column][\/vc_row][\/vc_section]<\/p>\n","protected":false},"excerpt":{"rendered":"<p>[vc_section css=&#8221;.vc_custom_1592596618839{margin-top: 100px !important;}&#8221;][vc_row][vc_column width=&#8221;1\/4&#8243;][\/vc_column][vc_column width=&#8221;3\/4&#8243;][vc_column_text]Komponist, Elektronik-Performer, k\u00fcnstlerischer Forscher Geb. 1968 in Wien Studium Komposition an der Wiener Musikhochschule (bei F. Burt und M. Jarrell), weiters Musikerziehung, dazu Mathematik an der Universit\u00e4t Wien \u2022 1992-93 Studien (Computermusik) am IRCAM, Paris u.a. bei Marco Stroppa und Brian Ferneyhough 1994-2003 Assistent\/Professor f\u00fcr Computermusik beim Internationalen Bartok-Seminar in [&hellip;]<\/p>\n","protected":false},"author":4,"featured_media":0,"parent":0,"menu_order":0,"comment_status":"closed","ping_status":"closed","template":"","meta":[],"_links":{"self":[{"href":"https:\/\/www.mdw.ac.at\/ar_center\/wp-json\/wp\/v2\/pages\/1236"}],"collection":[{"href":"https:\/\/www.mdw.ac.at\/ar_center\/wp-json\/wp\/v2\/pages"}],"about":[{"href":"https:\/\/www.mdw.ac.at\/ar_center\/wp-json\/wp\/v2\/types\/page"}],"author":[{"embeddable":true,"href":"https:\/\/www.mdw.ac.at\/ar_center\/wp-json\/wp\/v2\/users\/4"}],"replies":[{"embeddable":true,"href":"https:\/\/www.mdw.ac.at\/ar_center\/wp-json\/wp\/v2\/comments?post=1236"}],"version-history":[{"count":7,"href":"https:\/\/www.mdw.ac.at\/ar_center\/wp-json\/wp\/v2\/pages\/1236\/revisions"}],"predecessor-version":[{"id":2676,"href":"https:\/\/www.mdw.ac.at\/ar_center\/wp-json\/wp\/v2\/pages\/1236\/revisions\/2676"}],"wp:attachment":[{"href":"https:\/\/www.mdw.ac.at\/ar_center\/wp-json\/wp\/v2\/media?parent=1236"}],"curies":[{"name":"wp","href":"https:\/\/api.w.org\/{rel}","templated":true}]}}