{"id":1198,"date":"2021-12-21T10:12:54","date_gmt":"2021-12-21T10:12:54","guid":{"rendered":"https:\/\/www.mdw.ac.at\/ar_center\/?page_id=1198"},"modified":"2024-08-26T07:38:01","modified_gmt":"2024-08-26T07:38:01","slug":"team-lin_de","status":"publish","type":"page","link":"https:\/\/www.mdw.ac.at\/ar_center\/de\/team-lin_de\/","title":{"rendered":"Wei-Ya Lin"},"content":{"rendered":"<p>[vc_section css=&#8221;.vc_custom_1592596618839{margin-top: 100px !important;}&#8221;][vc_row][vc_column width=&#8221;1\/4&#8243;]<div  class=\"wpb_content_element   clearfix\"><style type=\"text\/css\">#ut_am_69d03be1d4c3e { opacity: 1; }#ut_am_wrap_69d03be1d4c3f .ut-image-gallery-item-caption-title h3 { letter-spacing: 0em; }#ut_am_wrap_69d03be1d4c3f .ut-gallery-slider-caption { font-weight: bold; }#ut_am_wrap_69d03be1d4c3f { text-align: left; }@media (min-width: 768px) and (max-width: 1024px) { #ut_am_wrap_69d03be1d4c3f { text-align: left !important; } }@media (max-width: 767px) { #ut_am_wrap_69d03be1d4c3f { text-align: center !important; } }<\/style><div id=\"ut_am_wrap_69d03be1d4c3f\" class=\"ut-image-gallery-image \"><div id=\"ut_reveal_69d03be1d4c40\"  data-appear-top-offset=\"auto\" class=\"ut-animated-image-item ut-image-gallery-item ut-animation-done \"><a class=\"ut-deactivated-link\" href=\"#\"><div class=\"ut-animated-image-zoom\"><img class=\"ut-lazy skip-lazy ut-animated-image\"  id=\"ut_am_69d03be1d4c3e\" src=\"data:image\/svg+xml;charset=utf-8,%3Csvg xmlns%3D'http%3A%2F%2Fwww.w3.org%2F2000%2Fsvg' viewBox%3D'0 0 325 217'%2F%3E\" data-src=\"https:\/\/www.mdw.ac.at\/ar_center\/wp-content\/uploads\/2021\/11\/Wei-Ya-Lin-1-325x217.jpg\" width=\"325\" height=\"217\" alt=\"\"\/><\/div><div data-image-caption class=\"ut-image-gallery-image-caption\"><div class=\"ut-image-gallery-item-caption-title\"><h3>credits: Sabine Hauswirth<\/h3><\/div><\/div><\/a><\/div><\/div><\/div>[\/vc_column][vc_column width=&#8221;3\/4&#8243;][vc_column_text]<\/p>\n<div class=\"page\" title=\"Page 2\">\n<div class=\"section\">\n<div class=\"layoutArea\">\n<div class=\"column\">\n<p>email: <a href=\"mailto:lin@mdw.ac.at\">lin@mdw.ac.at<\/a><\/p>\n<p>&nbsp;<\/p>\n<\/div>\n<\/div>\n<\/div>\n<\/div>\n<h3><\/h3>\n<div class=\"page\" title=\"Page 2\">\n<div class=\"section\">\n<p><strong>Ausbildung<\/strong><\/p>\n<p>2015 Abschluss des Doktoratsstudiums mit Auszeichnung am 7. Oktober 2015<\/p>\n<p>Dissertationsschrift: <em>Die Musik im Leben der Tao (taiwanesische indigene Volksgruppe): Tradition und Innovation<\/em>. Institut f\u00fcr Volksmusikforschung und Ethnomusikologie an der Universit\u00e4t f\u00fcr Musik und darstellende Kunst Wien (mdw). Betreuung: a.o. Univ.-Prof. Dr. Ursula Hemetek und Univ.-Prof. Dr. Svanibor Pettan<\/p>\n<p>2006 \u2013 2007 Postgradualstudium im Fach Kammermusik bei Univ.-Prof. Johannes Meissl an der mdw<\/p>\n<p>2004 \u2013 2007 Kompositionsstudium bei Univ.-Prof. Axel Seidlmann und Univ.-Prof. Herbert Lauermann an der mdw<\/p>\n<p>1998 \u2013 2006 Magistra Artium im Konzertfach Viola bei Univ.-Prof. Wolfgang Klos an der mdw, Diplompr\u00fcfung mit Auszeichnung<\/p>\n<\/div>\n<p>&nbsp;<\/p>\n<div class=\"section\">\n<p><strong>Akademische Anstellungen<\/strong><\/p>\n<p>seit 10\/2021 <strong>Senior Artist-Researcher<\/strong> am Artistic Research Center der mdw<\/p>\n<p>10\/2020 \u2013 09\/2021 <strong>Lehrbeauftragte<\/strong> im Rahmen des k\u00fcnstlerischen Doktoratsstudiums am Artistic Research Center der mdw<\/p>\n<p>09\/2018 \u2013 02\/2023 <strong>Co-Projektleiterin und Projektmitarbeiterin <\/strong>(post-doc) (zusammen mit Univ.-Prof. Johannes Kretz) vom FWF-PEEK-Projekt <em>Kreative (Mis)verst\u00e4ndnisse<\/em> am Institut f\u00fcr Komposition, Elektroakustik und TonmeisterInnen-Ausbildung, Anstellung 60%, mdw<\/p>\n<p>seit 03\/2018 <strong>Wissenschaftliche Mitarbeiterin <\/strong>(post-doc) in K\u00fcnstlerischer Forschung am Institut f\u00fcr Komposition, Elektroakustik und TonmeisterInnen-Ausbildung, Anstellung 20%, mdw<\/p>\n<p>seit 03\/2018 <strong>Lehrbeauftragte<\/strong> am Institut f\u00fcr Musikwissenschaft, Universit\u00e4t Wien<\/p>\n<p>10\/2017 \u2013 02\/2018 <strong>Lehrbeauftragte<\/strong> am Institut f\u00fcr Kultur- und Sozialanthropologie, Philipps Universit\u00e4t Marburg, Deutschland<\/p>\n<p>08\/2017 \u2013 07\/2018 <strong>Co-Projektleiterin <\/strong>(zusammen mit Univ.-Prof. Dr. Cheng-Hsien Yang) vom Projekt <em>Traditional Knowledge and Practice: The First Phase of Information Collection<\/em> (\u50b3\u7d71\u77e5\u8b58\u8207\u5be6\u8e10\u8cc7\u6599\u5fb5\u96c6\u59d4\u8a17\u7b2c\u4e00\u671f\u8a08\u756b), finanziert vom B\u00fcro f\u00fcr Kulturerbe, Ministerium f\u00fcr Kultur, Taiwan (\u53f0\u7063\u6587\u5316\u90e8\u6587\u5316\u8cc7\u7522\u5c40)<\/p>\n<p>04\/2016 \u2013 09\/2017 <strong>Wissenschaftliche Mitarbeiterin<\/strong> (post-doc) beim Projekt <em>Bi-Musikalit\u00e4t<\/em> am Institut f\u00fcr Volksmusikforschung und Ethnomusikologie, Anstellung 50%, mdw (Details siehe: https:\/\/www.mdw.ac.at\/upload\/MDWeb\/ive\/downloads\/<br \/>\nHomepage-ForschungsprojektsBi-Multimusikalitaetandermdw_1.pdf)<\/p>\n<p>08\/2015 \u2013 06\/2017 <strong>Wissenschaftliche Mitarbeiterin<\/strong> (pr\u00e4-doc) vom Projekt <em>Sparkling Science \u2013 Musik ohne Grenzen<\/em> (Drittmittel-Projekt BMWFW) am Franz Schubert Institut und Institut f\u00fcr Volksmusikforschung und Ethnomusikologie, Anstellung 50%, mdw (<a href=\"http:\/\/www.mdw.ac.at\/ifs\/?PageId=4155\">Details<\/a>)<\/p>\n<p>2014 \u2013 2016 <strong>Musikalische Leitung und wissenschaftliche Beratung (in Ethnomusikologie) <\/strong>vom k\u00fcnstlerischen Projekt <em>Maataw<\/em> der Formosa Indigenous Dance Foundation of Culture and Arts in Taiwan (Details auf <a href=\"http:\/\/www.fidfca.com.tw\/\">Chinesisch<\/a>)<\/p>\n<p>seit 10\/2013 <strong>Lehrbeauftragte<\/strong> am Institut f\u00fcr Komposition, Elektroakustik und TonmeisterInnen-Ausbildung, mdw<\/p>\n<p>&nbsp;<\/p>\n<\/div>\n<h1><\/h1>\n<div class=\"section\">\n<h3><\/h3>\n<p><strong>Ausgew\u00e4hlte (k\u00fcnstlerisch-)wissenschaftliche, k\u00fcnstlerische und p\u00e4dagogische Aktivit\u00e4ten und Initiativen<\/strong><\/p>\n<p>seit 10\/2014 <strong>Initiierung und Leitung<\/strong> des internationalen wissenschaftlich-k\u00fcnstlerischen Projekts <em>Confusing Inspiration<\/em> mit Studierenden und Lehrenden an der Universit\u00e4t f\u00fcr Musik und darstellende Kunst Wien (Partnerinstitutionen: \u0130stanbul Teknik \u00dcniversitesi in der T\u00fcrkei, Hochschule Luzern in der Schweiz, J\u0101zeps V\u012btols Latvian Academy of Music in Riga, Lettland und Liszt Academy of Music in Budapest, Ungarn)<\/p>\n<p>seit 2014 <strong>Initiantin, Lektorin und Leiterin <\/strong>des j\u00e4hrlich stattfindenden interkulturellen und interdisziplin\u00e4ren Sommerkurses f\u00fcr Kinder und Jugendliche <a href=\"http:\/\/www.ikultlab.com\"><em>iKultLab<\/em><\/a><\/p>\n<p>2014 \u2013 2016 <strong>Musikalische Leiterin und<\/strong> <strong>Bratschistin <\/strong>beim k\u00fcnstlerischen Projekt <em>Maataw<\/em> der Formosa Indigenous Dance Foundation of Culture and Arts in Taiwan, Premiere am 24., 25. Und 26. Januar 2016 (Details auf <a href=\"http:\/\/www.fidfca.com.tw\/\">Chinesisch<\/a>)<\/p>\n<p>2014 <strong>Initiantin und Koordinatorin<\/strong> des auf angewandter Ethnomusikologie und k\u00fcnstlerischer Forschung basierenden Konzertprojekts: <em>Soundscape \u2013 Island of Human Beings<\/em>, Premiere am 30. September 2014 in Taiwan National Theater in Taipeh, Taiwan (<a href=\"http:\/\/npac-ntch.org\/program\/show\/2c90813e46705b770146b7e121cd0f8e?%20lang=en\">Programm<\/a>)<\/p>\n<p>2011 \u2013 2014 Bratschistin der britischen Freiimprovisationsgruppen <a href=\"http:\/\/www.forwind.net\/artists\/sonnamble\"><em>Sonnamble<\/em><\/a> und <a href=\"https:\/\/2pmintheforest.bandcamp.com\/\"><em>2PM in the Forest<\/em><\/a><\/p>\n<p>seit 2010 <strong>Initiantin und Co-Kuratorin<\/strong> (zusammen mit Univ.-Prof. Johannes Kretz) des j\u00e4hrlich stattfindenden <em><a href=\"http:\/\/www.anotherfestival.org\">aNOther Festival<\/a> \u2013 <\/em>ein interkulturelles und interdisziplin\u00e4res Festival f\u00fcr bildende und darstellende Kunst<\/p>\n<p>2009 \u2013 2019 Bratschistin und Bassistin der Wiener Rockband <a href=\"http:\/\/www.neuschneemusik.org\"><em>Neuschnee<\/em><\/a><\/p>\n<p>2006 \u2013 2012 Bratschistin im <a href=\"https:\/\/myspace.com\/hibikiquartett\"><em>Hibiki Quartett<\/em><\/a><\/p>\n<p>2001 \u2013 2004 Bratschistin im <em>Cordes Quartett Wien<\/em><\/p>\n<p>2005 \u2013 2010 <strong>Initiierung und Management<\/strong> j\u00e4hrlicher Chinatourneen im Auftrag der <em>Schloss Kammerphilharmonie<\/em> <em>Wien<\/em><\/p>\n<p>1992 \u2013 2009 Diverse Konzertauftritte als Solistin, Kammermusikerin und Orchester-musikerin auf Bratsche in den USA, Europa und Asien<\/p>\n<p>&nbsp;<\/p>\n<p><strong>Wissenschaftliche Netzwerke<br \/>\n<\/strong><\/p>\n<p>seit 02\/2020 Vorstandsmitglied bei der European Platform for Artistic Research in Music<\/p>\n<p>05\/2017 \u2013 11\/2021 Vorstandsmitglied im \u00d6sterreichischen Nationalkomitee im ICTM<\/p>\n<p>seit 05\/2017 Vorstandsmitglied (Sekret\u00e4rin) der ICTM Study Group on Applied Ethnomusicology<\/p>\n<p>12\/2016 \u2013 06\/2020 Mitglied der Arbeitsgruppe Zuk\u00fcnftige Studien des Senats der Universit\u00e4t f\u00fcr Musik und darstellende Kunst Wien<\/p>\n<p>07\/2016 \u2013 06\/2017 Vorstandsmitglied des Ethnomusikologischen Kulturvereins<\/p>\n<\/div>\n<\/div>\n<p>[\/vc_column_text][\/vc_column][\/vc_row][\/vc_section][vc_section css=&#8221;.vc_custom_1592596618839{margin-top: 100px !important;}&#8221;][vc_row][vc_column width=&#8221;3\/4&#8243;]<div class=\"wpb_content_element \"><style type=\"text\/css\">#ut_accordion_69d03be1d4ca9 .ut-accordion-module-item.open .ut-accordion-module-heading { color: rgba(62, 136, 179, 1) !important }#ut_accordion_69d03be1d4ca9 .ut-accordion-module-heading:hover { color: rgba(62, 136, 179, 1) !important }#ut_accordion_69d03be1d4ca9 .ut-accordion-module-heading:active { color: rgba(62, 136, 179, 1) !important }#ut_accordion_69d03be1d4ca9 .ut-accordion-module-heading:focus { color: rgba(62, 136, 179, 1) !important }#ut_accordion_69d03be1d4ca9 .ut-accordion-module-item { border-top-style:solid; }#ut_accordion_69d03be1d4ca9 .ut-accordion-module-item:last-child { border-top-style:solid; border-bottom-style:solid; }<\/style><div id=\"ut_accordion_69d03be1d4ca9\" data-accordion-group class=\"ut-accordion-module ut-accordion-module-single  ut-accordion-module-with-border\"><div data-accordion data-accordion data-single data-transition=\"400\" data-easing=\"ease\" class=\"ut-accordion-module-item \"><h3 data-control class=\"ut-accordion-module-heading\" data-counter=\"1\">Forschungsinteressen<\/h3><div data-content class=\"ut-accordion-module-content\"><div class=\"ut-accordion-module-inner entry-content clearfix\"><\/p>\n<ul>\n<li>K\u00fcnstlerische Forschung<\/li>\n<li>angewandte Ethnomusikologie<\/li>\n<li>postkoloniale Studien und Dekolonisierungsstrategien<\/li>\n<li>auditive Ontologien<\/li>\n<li>Musik der Indigenen<\/li>\n<li>Musik der Minderheiten<\/li>\n<li>Bi-Musikalit\u00e4t<\/li>\n<\/ul>\n<p><\/div><\/div><\/div><\/div><\/div>[\/vc_column][\/vc_row][vc_row][vc_column width=&#8221;3\/4&#8243;]<div class=\"wpb_content_element \"><style type=\"text\/css\">#ut_accordion_69d03be1d4d26 .ut-accordion-module-item.open .ut-accordion-module-heading { color: rgba(62, 136, 179, 1) !important }#ut_accordion_69d03be1d4d26 .ut-accordion-module-heading:hover { color: rgba(62, 136, 179, 1) !important }#ut_accordion_69d03be1d4d26 .ut-accordion-module-heading:active { color: rgba(62, 136, 179, 1) !important }#ut_accordion_69d03be1d4d26 .ut-accordion-module-heading:focus { color: rgba(62, 136, 179, 1) !important }#ut_accordion_69d03be1d4d26 .ut-accordion-module-item { border-top-style:solid; }#ut_accordion_69d03be1d4d26 .ut-accordion-module-item:last-child { border-top-style:solid; border-bottom-style:solid; }<\/style><div id=\"ut_accordion_69d03be1d4d26\" data-accordion-group class=\"ut-accordion-module ut-accordion-module-single  ut-accordion-module-with-border\"><div data-accordion data-accordion data-single data-transition=\"400\" data-easing=\"ease\" class=\"ut-accordion-module-item \"><h3 data-control class=\"ut-accordion-module-heading\" data-counter=\"1\">Projekte und Initiativen<\/h3><div data-content class=\"ut-accordion-module-content\"><div class=\"ut-accordion-module-inner entry-content clearfix\"><a href=\"http:\/\/creative-mis-understandings.org\/\"><em>Kreative (Mis)verst\u00e4ndnisse<\/em>\u00a0<\/a>(2018 \u2013 2022)<\/p>\n<p>Co-Projektleiterin und Projektmitarbeiterin (zusammen mit a.o.Univ.-Prof. Johannes Kretz) am Institut f\u00fcr Komposition, Elektroakustik und TonmeisterInnen-Ausbildung der mdw, finanziert von dem Wissenschaftsfonds \u00d6sterreich (fwf \u00ad\u2013 PEEK Programme)<\/p>\n<p>&nbsp;<\/p>\n<p><em>Traditional Knowledge and Practice: The First Phase of Information Collection<\/em> \u50b3\u7d71\u77e5\u8b58\u8207\u5be6\u8e10\u8cc7\u6599\u5fb5\u96c6\u59d4\u8a17\u7b2c\u4e00\u671f\u8a08\u756b (2017 \u2013 2018)<\/p>\n<p>Co-Projektleiterin (zusammen mit Univ.-Prof. Dr. Cheng-Hsien Yang), finanziert vom B\u00fcro f\u00fcr Kulturerbe, Ministerium f\u00fcr Kultur, Taiwan (\u53f0\u7063\u6587\u5316\u90e8\u6587\u5316\u8cc7\u7522\u5c40)<\/p>\n<p>&nbsp;<\/p>\n<p><a href=\"https:\/\/www.mdw.ac.at\/ive\/bi-multimusikalitaet\/\"><em>Bi-Musikalit\u00e4t<\/em><\/a> (2016 \u2013 2017) im Rahmen von\u00a0<em>Changing mdw<\/em><\/p>\n<p>Wissenschaftliche Mitarbeiterin, geleitet von a.o.Univ.-Prof. Ursula Hemetek am Institut f\u00fcr Volksmusikforschung und Ethnomusikologie der mdw<\/p>\n<p>&nbsp;<\/p>\n<p><em>Sparkling Science \u2013<a href=\"https:\/\/www.mdw.ac.at\/fsi\/musik-ohne-grenzen\/\"> Musik ohne Grenzen <\/a><\/em>(2015 \u2013 2017)<\/p>\n<p>Wissenschaftliche Mitarbeiterin, geleitet von Univ.-Prof. Walter Wretschitsch am Franz Schubert Institut und Institut f\u00fcr Volksmusikforschung und Ethnomusikologie der mdw, finanziert durch BMWFW<\/p>\n<p>&nbsp;<\/p>\n<p><em>Confusing Inspiration<\/em> (seit 2014)<\/p>\n<p>Initiierung und Leitung, ein internationales Projekt in der k\u00fcnstlerischen Forschung mit Studierenden und Lehrenden an der mdw (Partnerinstitutionen: \u0130stanbul Teknik \u00dcniversitesi in der T\u00fcrkei, Hochschule Luzern in der Schweiz, J\u0101zeps V\u012btols Latvian Academy of Music in Riga, Lettland und Liszt Academy of Music in Budapest, Ungarn)<\/p>\n<p>&nbsp;<\/p>\n<p><a href=\"http:\/\/www.ikultlab.com\"><em>iKultLab<\/em><\/a> (seit 2014)\u00a0\u00a0 <strong>\u00a0\u00a0\u00a0\u00a0\u00a0\u00a0\u00a0\u00a0\u00a0\u00a0\u00a0 <\/strong><\/p>\n<p>Initiantin, Lektorin und Leiterin, ein j\u00e4hrlich stattfindender Sommerkurses f\u00fcr Kinder und Jugendliche<\/p>\n<p>&nbsp;<\/p>\n<p><em><a href=\"http:\/\/www.anotherfestival.org\">aNOther Festival<\/a> <\/em>(seit 2010)<\/p>\n<p>Initiantin und Co-Kuratorin (zusammen mit a.o.Univ.-Prof. Johannes Kretz) <em>\u2013 <\/em>ein interkulturelles und interdisziplin\u00e4res Festival f\u00fcr bildende und darstellende Kunst<\/div><\/div><\/div><\/div><\/div>[\/vc_column][\/vc_row][vc_row][vc_column width=&#8221;3\/4&#8243;]<div class=\"wpb_content_element \"><style type=\"text\/css\">#ut_accordion_69d03be1d4da4 .ut-accordion-module-item.open .ut-accordion-module-heading { color: rgba(62, 136, 179, 1) !important }#ut_accordion_69d03be1d4da4 .ut-accordion-module-heading:hover { color: rgba(62, 136, 179, 1) !important }#ut_accordion_69d03be1d4da4 .ut-accordion-module-heading:active { color: rgba(62, 136, 179, 1) !important }#ut_accordion_69d03be1d4da4 .ut-accordion-module-heading:focus { color: rgba(62, 136, 179, 1) !important }#ut_accordion_69d03be1d4da4 .ut-accordion-module-item { border-top-style:solid; }#ut_accordion_69d03be1d4da4 .ut-accordion-module-item:last-child { border-top-style:solid; border-bottom-style:solid; }<\/style><div id=\"ut_accordion_69d03be1d4da4\" data-accordion-group class=\"ut-accordion-module ut-accordion-module-single  ut-accordion-module-with-border\"><div data-accordion data-accordion data-single data-transition=\"400\" data-easing=\"ease\" class=\"ut-accordion-module-item \"><h3 data-control class=\"ut-accordion-module-heading\" data-counter=\"1\">Publikationen<\/h3><div data-content class=\"ut-accordion-module-content\"><div class=\"ut-accordion-module-inner entry-content clearfix\"><\/p>\n<div id=\"e18466\" class=\"element element-text g12_12 element-1\">\n<h3>Monographien<\/h3>\n<p>2021 <em>Lieder, Geister und Tabus: zum soziokulturellen Wandel der Musiktradition bei den Tao in Taiwan<\/em>. Bielefeld: <a href=\"https:\/\/www.transcript-verlag.de\/978-3-8376-4855-3\/lieder-geister-und-tabus\/\">transcript Verlag<\/a><\/p>\n<p>2015 <em>Die Musik im Leben der Tao (taiwanesische indigene Volksgruppe): Tradition und Innovation. <\/em>Dissertation am Institut f\u00fcr Volksmusikforschung und Ethnomusikologie der Universit\u00e4t f\u00fcr Musik und darstellende Kunst Wien. Betreuung: a.o. Univ.-Prof. Dr. Ursula Hemetek und Prof. Dr. Svanibor Pettan.<\/p>\n<p>&nbsp;<\/p>\n<h3>Herausgabe<\/h3>\n<p>2017 <em>Sieben Bl\u00e4tter und ein Stein: das M\u00e4rchen von M\u00e4rchen<\/em> (H\u00f6r- und Liederbuch mit 2 CDs) Gro\u00dfwolfgers: <a href=\"https:\/\/www.bibliothekderprovinz.at\/buch\/7219\/\">Bibliothek der Provinz <\/a><\/p>\n<p>&nbsp;<\/p>\n<h3>Kommende Publikationen<\/h3>\n<p>Im Druck: <em>Dialogues in Applied Ethnomusicology: Practices, Policies and Challenges<\/em> (HerausgeberInnen: Huib Schippers, Wei-Ya Lin und Boyu Zhang). Beijing: Central Conservatory of Music Press.<\/p>\n<p>&nbsp;<\/p>\n<h3>Projektendbericht<\/h3>\n<p>2017 <em>Abschlussbericht zum Sparkling Science Projekt Musik ohne Grenzen: Mehrsprachigkeit in der Musik (Bi- bzw. Multimusikalit\u00e4t) und das Verstehen des \u201eAnderen\u201c, \u201eUnvertrauten\u201c<\/em>. Universit\u00e4t f\u00fcr Musik und darstellende Kunst Wien, Franz Schubert Institut und Institut f\u00fcr Volksmusikforschung und Ethnomusikologie. <a href=\"https:\/\/www.mdw.ac.at\/fsi\/musik-ohne-grenzen\/\">Quelle<\/a><\/p>\n<p>2017 <em>Endbericht zum Forschungsprojekt Bi-\/Multimusikalit\u00e4t <\/em>im Rahmen des wissenschaftlichen Projekts <em>Changing mdw<\/em> \u2013 <em>Klangwelten und ihre Konstruktion<\/em>. Universit\u00e4t f\u00fcr Musik und darstellende Kunst Wien, Institut f\u00fcr Volksmusikforschung und Ethnomusikologie. <a href=\"https:\/\/www.mdw.ac.at\/upload\/MDWeb\/ive\/downloads\/BIM-Endbericht_FINALE.pdf\">Quelle<\/a><\/p>\n<p>&nbsp;<\/p>\n<h3>Beitr\u00e4ge mit Peer-Review<\/h3>\n<p>2021 Practising Theories by Listening to Songs Related to the Tao (an indigenous ethnic group of Taiwan). In Terada Yoshitaka und Ursula Hemetek (Hrg.): <em>Music and Minorities (tent. Title).<\/em> National Museum of Ethnology in Osaka, Japan.<\/p>\n<p>2021 Creative (Mis)understandings: A Methodology of Inspiration. In Therese Kaufmann, Doris Ingrisch, Tasos Zembylas, Annegret Huber, Johannes Kretz (Hrg.): <em>Knowing in Performing. Artistic Research in Music and the Performing Arts<\/em>. Bielederfeld: transcript Verlag. S.111\u2013129 (Co-Autor: Kretz, Johannes).<\/p>\n<p>2019 \u201eRaus aus dem Elfenbeinturm!\u201c \u2013 Projekte in angewandter Ethnomusikologie mit der indigenen Gruppe Tao (Taiwan). <em>Die Musikforschung 4\/2019<\/em>. S.332\u2013344.<\/p>\n<p>2017 Representing Musical Identities of Children with Migrant Background \u2013 An Example from the Research Project Music without Borders. Journal <em>Musicologist Vol.1<\/em>, S.32\u201351.<\/p>\n<p>2016 <em>Maataw<\/em> \u2013 the Floating Island: Performing Social and Ecological Change among Tao People. <em>Musicological Annual L2<\/em>\/II, S.85\u2013101.<\/p>\n<p>2016 \u9054\u609f\u65cf\u4e2d\u7684\u97f3\u6a02\u8207\u5176\u7981\u5fcc\u6587\u5316\u7684\u95dc\u806f\u6027 (Die Beziehung zwischen der Musik und den Tabus in der Gesellschaft der Tao).<em>\u53f0\u7063\u539f\u4f4f\u6c11\u7814\u7a76\u8ad6\u53e2\u7b2c\u5341\u4e5d\u671f<\/em> (<em>Taiwan Indigenous Studies Review<\/em>), S.43\u201368.<\/p>\n<p>2015 The Relationship between the Practices of Traditional Singing and Church Hymns in the Society of the Tao (an indigenous ethnic group of Taiwan). In Pal Richter und Lujza Tari (Hrg.): <em>Multipart Music: Individuals and Educated People in Traditional Multipart Music Practices<\/em>. Budapest: Research Centre for the Humanities HAS, S.416\u2013434.<\/p>\n<p>2013 The Relationship between Music and Taboos in the Society of the Tao (An Indigenous Ethnic Group of Taiwan). <em>Journal of Creative Communications <\/em>8(1), S.45\u201364.<\/p>\n<p>&nbsp;<\/p>\n<h3>Kommende Publikationen<\/h3>\n<p>Im Druck: Music without Borders: conducting music education through ethnomusicology in Austria. In Huib Schippers, Wei-Ya Lin und Boyu Zhang (Hrg.): <em>Dialogues in Applied Ethnomusicology: Practices, Policies and Challenges<\/em>. Beijing: Central Conservatory of Music Press.<\/p>\n<p>&nbsp;<\/p>\n<h3>Wissenschaftliche Beitr\u00e4ge<\/h3>\n<p>2019 Performing Artistic Research \u2013 Decolonizing Academia. In Chinthaka Prageeth Meddegoda (Hrg.): <em>Symposium Proceedings Colombo<\/em>. S.179\u2013190 (Co-Autor: Kretz, Johannes). <a href=\"https:\/\/static.s123-cdn-static.com\/uploads\/3167268\/normal_5e70f66af1bf2.pdf\">Quelle<\/a><\/p>\n<p>2018 \u2019<em>Bei uns gibt es keine sogenannte Musik, wir mianoanood (singen)!\u2019<\/em> \u2013 Eine Studie zur Erforschung des auditiven Wissens der Tao. In Bernd Brabec de Mori und Martin Winter (Hrg.): <em>Auditive Wissenskulturen.<\/em> Wiesbaden: Springer SV Verlag f\u00fcr Sozialwissenschaften. S.343\u2013360.<\/p>\n<p>2018 Bi-\/Multimusikalit\u00e4t: Potenziale der musikalischen Vielfalt an der Universit\u00e4t f\u00fcr Musik und darstellende Kunst Wien. In: Cornelia Szabo-Knotik, Anita Mayer-Hirzberger (Hrg.): ANKLAENGE 2017. Be\/Spiegelungen. Die Universit\u00e4t f\u00fcr Musik und darstellende Kunst Wien als kulturvermittelnde bzw. -schaffende Institution im Kontext der Sozial- und Kulturgeschichte. (Anklaenge &#8211; Wiener Jahrbuch f\u00fcr Musikwissenschaft). Wien: Hollitzer 2018. S.143\u2013159.<\/p>\n<p>2016 \u63a2\u8a0e\u5982\u4f55\u4fdd\u8b77\u539f\u4f4f\u6c11\u50b3\u7d71\u667a\u6167: \u4ee5\u52a0\u62ff\u5927\u8207\u6fb3\u5927\u5229\u4e9e\u7684\u7d93\u9a57\u70ba\u4f8b (Diskussion \u00fcber den Schutz traditionellen indigenen Wissens: Beispiele aus Kanada und Australien). <em>Taiwan Journal of Indigenous Studies<\/em> Vol. 8, S.21\u201347.<\/p>\n<p>2015 Sound Articulation \u2013 from Ethnomusicology about Taiwanese Aborigines to Contemporary Composition. In <em>Folclor Si Postfolclor In Contemporaneitate, Materiale Conferintei internationale 11-12 decembrie 2014<\/em>. Academia de Muzica, Teatru si Arte Plastice, Chisinau. S.38\u201345 (Co-Autor: Kretz, Johannes).<\/p>\n<p>2013 Mikarayag \u2013 Clapping and Singing Gathering of the Tao: Individual Creativity within the Collective Act. In Ardian Ahmedaja (Hrg.): <em>Local and Global Understandings of Creativities. Multipart music making and the construction of ideas, contexts and contents.\u00a0CD and DVD with audiovisual examples included.<\/em> Newcastle u.T.: Cambridge Scholars Publishing. S.232\u2013249.<\/p>\n<p>2012 Digital Archive of the Taiwan Music Institute (\u570b\u7acb\u50b3\u7d71\u85dd\u8853\u4e2d\u5fc3\u53f0\u7063\u97f3\u6a02\u9928), Website Review in <em>Yearbook for Traditional Music <\/em>44, S.230\u2013231.<\/p>\n<p>2011 \u5e8f\uff0d\u9ed8\u9ed8\u50b3\u627f\u9054\u609f\u50b3\u7d71\u793e\u6703\u6587\u5316\u7684\u862d\u5dbc\u6a39\u4eba (Preface). In Chou Tsung-Ching (Hrg.): \u96c5\u7f8e\u65cf\u6b4c\u8b20\uff1a\u60c5\u6b4c\u8207\u62cd\u624b\u6b4c\uff0f\u53e4\u8b20 (Yami Songs: Love Songs and Mikarayag\/ Old Songs), 2 Bde., Hsin-Chu: Chiaotung University Press. S.9\u201311.<\/p>\n<p>2011 Mehrspur-Aufnahmen in der Feldforschung &#8211; Obvious Engineering? <em>Jahrbuch des Phonogrammarchivs der \u00d6sterreichischen Akademie der Wissenschaften <\/em>2, S.91\u2013127 (Co-Autor: Sch\u00f6pf, J\u00fcrgen)<\/p>\n<p>2011 Mikarayag \u2013 Mehrstimmiger Gesang der Tao. Feldforschungsbericht von der Orchideeninsel, Taiwan 2010. <em>Jahrbuch des Phonogrammarchivs der \u00d6sterreichischen Akademie der Wissenschaften <\/em>2, S.272\u2013287.<\/p>\n<p>2008 Gedanken zu Kunst, Gesellschaft und Vermischung. Ein Beitrag f\u00fcr das Programmheft des Festivals <em>Wien Modern 2008<\/em>, S.151.<\/p>\n<p>2006 <em>Die Musik und das Leben der taiwanesischen Ureinwohner-Volksgruppe Tao (Yami)<\/em>. Magisterarbeit an der Universit\u00e4t f\u00fcr Musik und darstellende Kunst Wien.<\/p>\n<\/div>\n<p><\/div><\/div><\/div><\/div><\/div>[\/vc_column][\/vc_row][\/vc_section][vc_section css=&#8221;.vc_custom_1592596618839{margin-top: 100px !important;}&#8221;][vc_row][vc_column]<div  class=\"wpb_content_element   clearfix\"><style type=\"text\/css\">#ut_am_69d03be1d5136 { opacity: 1; }#ut_am_wrap_69d03be1d5137 .ut-image-gallery-item-caption-title h3 { letter-spacing: 0em; }#ut_am_wrap_69d03be1d5137 .ut-gallery-slider-caption { font-weight: bold; }#ut_am_wrap_69d03be1d5137 { text-align: left; }@media (min-width: 768px) and (max-width: 1024px) { #ut_am_wrap_69d03be1d5137 { text-align: left !important; } }@media (max-width: 767px) { #ut_am_wrap_69d03be1d5137 { text-align: center !important; } }<\/style><div id=\"ut_am_wrap_69d03be1d5137\" class=\"ut-image-gallery-image \"><div id=\"ut_reveal_69d03be1d5138\"  data-appear-top-offset=\"auto\" class=\"ut-animated-image-item ut-image-gallery-item ut-animation-done \"><a class=\"ut-deactivated-link\" href=\"#\"><div class=\"ut-animated-image-zoom\"><img class=\"ut-lazy skip-lazy ut-animated-image\"  id=\"ut_am_69d03be1d5136\" src=\"data:image\/svg+xml;charset=utf-8,%3Csvg xmlns%3D'http%3A%2F%2Fwww.w3.org%2F2000%2Fsvg' viewBox%3D'0 0 500 600'%2F%3E\" data-src=\"https:\/\/www.mdw.ac.at\/ar_center\/wp-content\/uploads\/2020\/07\/ARC-Design-Element-6-1.svg\" width=\"500\" height=\"\" alt=\"\"\/><\/div><\/a><\/div><\/div><\/div>[\/vc_column][\/vc_row][\/vc_section]<\/p>\n","protected":false},"excerpt":{"rendered":"<p>[vc_section css=&#8221;.vc_custom_1592596618839{margin-top: 100px !important;}&#8221;][vc_row][vc_column width=&#8221;1\/4&#8243;][\/vc_column][vc_column width=&#8221;3\/4&#8243;][vc_column_text] email: lin@mdw.ac.at &nbsp; Ausbildung 2015 Abschluss des Doktoratsstudiums mit Auszeichnung am 7. Oktober 2015 Dissertationsschrift: Die Musik im Leben der Tao (taiwanesische indigene Volksgruppe): Tradition und Innovation. Institut f\u00fcr Volksmusikforschung und Ethnomusikologie an der Universit\u00e4t f\u00fcr Musik und darstellende Kunst Wien (mdw). Betreuung: a.o. Univ.-Prof. Dr. Ursula Hemetek und [&hellip;]<\/p>\n","protected":false},"author":4,"featured_media":0,"parent":0,"menu_order":0,"comment_status":"closed","ping_status":"closed","template":"","meta":[],"_links":{"self":[{"href":"https:\/\/www.mdw.ac.at\/ar_center\/wp-json\/wp\/v2\/pages\/1198"}],"collection":[{"href":"https:\/\/www.mdw.ac.at\/ar_center\/wp-json\/wp\/v2\/pages"}],"about":[{"href":"https:\/\/www.mdw.ac.at\/ar_center\/wp-json\/wp\/v2\/types\/page"}],"author":[{"embeddable":true,"href":"https:\/\/www.mdw.ac.at\/ar_center\/wp-json\/wp\/v2\/users\/4"}],"replies":[{"embeddable":true,"href":"https:\/\/www.mdw.ac.at\/ar_center\/wp-json\/wp\/v2\/comments?post=1198"}],"version-history":[{"count":23,"href":"https:\/\/www.mdw.ac.at\/ar_center\/wp-json\/wp\/v2\/pages\/1198\/revisions"}],"predecessor-version":[{"id":2674,"href":"https:\/\/www.mdw.ac.at\/ar_center\/wp-json\/wp\/v2\/pages\/1198\/revisions\/2674"}],"wp:attachment":[{"href":"https:\/\/www.mdw.ac.at\/ar_center\/wp-json\/wp\/v2\/media?parent=1198"}],"curies":[{"name":"wp","href":"https:\/\/api.w.org\/{rel}","templated":true}]}}