{"id":1037,"date":"2021-05-13T20:24:30","date_gmt":"2021-05-13T20:24:30","guid":{"rendered":"https:\/\/www.mdw.ac.at\/ar_center\/?page_id=1037"},"modified":"2025-03-25T08:43:06","modified_gmt":"2025-03-25T08:43:06","slug":"artistic-research-lab-presentations-2021_de","status":"publish","type":"page","link":"https:\/\/www.mdw.ac.at\/ar_center\/de\/doctor-artium-program_de\/artistic-research-lab-presentations-2021_de\/","title":{"rendered":"AR Lab \u2013 2021 Pr\u00e4sentationen"},"content":{"rendered":"<p>[vc_row][vc_column][vc_column_text]Die aktuellen Doktoratsstudierenden Tian Fu, Ivar Roban Krizic, Illia Razumeiko, Jorge Sanchez-Chiong und Brigitte Wilfing audiovisuelle Beitr\u00e4ge aus ihren aktuellen k\u00fcnstlerischen Forschungsprojekten. Der Bogen spannt sich dabei von Rap und Neuer Musik \u00fcber Improvisation, experimentelles Musiktheater, choreographische Komposition bis hin zu \u201eAnything but Art\u201c und verbindet k\u00fcnstlerische Forschungsfragen, Reflexion und deren Darstellungsformen innerhalb k\u00fcnstlerischer Praxis.<\/p>\n<p><strong><span class=\"\">Datum: 18. Juni 2021, 17:00-20:00 Uhr<\/span><\/strong><\/p>\n<p>\u2192 <a href=\"https:\/\/www.mdw.ac.at\/ar_center\/de\/dissertation-projects_de\/\">Informationen \u00fcber die aktuellen k\u00fcnstlerischen Dissertationsvorhaben<\/a>.<br \/>\n\u2192 <a href=\"https:\/\/www.mdw.ac.at\/ar_center\/de\/doctor-artium-program_de\/\">Informationen \u00fcber das K\u00fcnstlerische Doktoratsprogramm<\/a>.[\/vc_column_text][\/vc_column][\/vc_row][vc_row][vc_column]<div class=\"wpb_content_element \"><style type=\"text\/css\">#ut_vs_69d07d7f39177.ut-shortcode-video-wrap .ut-video-module-caption-text span { font-weight: bold; }<\/style><div id=\"ut_vs_69d07d7f39177\" class=\"ut-shortcode-video-wrap  ut-shortcode-video-wrap-tablet- ut-shortcode-video-wrap-mobile- clearfix\" ><div class=\"ut-video-module \"><div class=\"ut-video-module-caption \"><a class=\"ut-load-video \" data-location=\"inline\"  data-video=\"https:\/\/www.youtube.com\/watch?v=8cpH1R_if3E\" data-html=\"#ut_vid_69d07d7f39d14\" href=\"#\"><img class=\"ut-lozad\" src=\"data:image\/svg+xml;charset=utf-8,%3Csvg xmlns%3D'http%3A%2F%2Fwww.w3.org%2F2000%2Fsvg' viewBox%3D'0 0 1280 720'%2F%3E\" data-src=\"\/\/i.ytimg.com\/vi\/8cpH1R_if3E\/maxresdefault.jpg\" width=\"1280\" height=\"720\"><div class=\"ut-video-module-caption-text\"><div class=\"ut-video-module-inner-caption-text ut-video-module-empty-caption ut-video-module-caption-position-default\"><div class=\"ut-video-module-play-icon \"><i class=\"Bklyn-Core-Right-6\" aria-hidden=\"true\"><\/i><\/div><\/div><\/div><\/a><\/div><div class=\"ut-video-module-loading\"><div class=\"sk-fading-circle\"><div class=\"sk-circle1 sk-circle\"><\/div><div class=\"sk-circle2 sk-circle\"><\/div><div class=\"sk-circle3 sk-circle\"><\/div><div class=\"sk-circle4 sk-circle\"><\/div><div class=\"sk-circle5 sk-circle\"><\/div><div class=\"sk-circle6 sk-circle\"><\/div><div class=\"sk-circle7 sk-circle\"><\/div><div class=\"sk-circle8 sk-circle\"><\/div><div class=\"sk-circle9 sk-circle\"><\/div><div class=\"sk-circle10 sk-circle\"><\/div><div class=\"sk-circle11 sk-circle\"><\/div><div class=\"sk-circle12 sk-circle\"><\/div><\/div><\/div><\/div><\/div><\/div>[\/vc_column][\/vc_row]<\/p>\n","protected":false},"excerpt":{"rendered":"<p>[vc_row][vc_column][vc_column_text]Die aktuellen Doktoratsstudierenden Tian Fu, Ivar Roban Krizic, Illia Razumeiko, Jorge Sanchez-Chiong und Brigitte Wilfing audiovisuelle Beitr\u00e4ge aus ihren aktuellen k\u00fcnstlerischen Forschungsprojekten. Der Bogen spannt sich dabei von Rap und Neuer Musik \u00fcber Improvisation, experimentelles Musiktheater, choreographische Komposition bis hin zu \u201eAnything but Art\u201c und verbindet k\u00fcnstlerische Forschungsfragen, Reflexion und deren Darstellungsformen innerhalb k\u00fcnstlerischer Praxis. [&hellip;]<\/p>\n","protected":false},"author":3,"featured_media":0,"parent":192,"menu_order":0,"comment_status":"closed","ping_status":"closed","template":"","meta":[],"_links":{"self":[{"href":"https:\/\/www.mdw.ac.at\/ar_center\/wp-json\/wp\/v2\/pages\/1037"}],"collection":[{"href":"https:\/\/www.mdw.ac.at\/ar_center\/wp-json\/wp\/v2\/pages"}],"about":[{"href":"https:\/\/www.mdw.ac.at\/ar_center\/wp-json\/wp\/v2\/types\/page"}],"author":[{"embeddable":true,"href":"https:\/\/www.mdw.ac.at\/ar_center\/wp-json\/wp\/v2\/users\/3"}],"replies":[{"embeddable":true,"href":"https:\/\/www.mdw.ac.at\/ar_center\/wp-json\/wp\/v2\/comments?post=1037"}],"version-history":[{"count":8,"href":"https:\/\/www.mdw.ac.at\/ar_center\/wp-json\/wp\/v2\/pages\/1037\/revisions"}],"predecessor-version":[{"id":2919,"href":"https:\/\/www.mdw.ac.at\/ar_center\/wp-json\/wp\/v2\/pages\/1037\/revisions\/2919"}],"up":[{"embeddable":true,"href":"https:\/\/www.mdw.ac.at\/ar_center\/wp-json\/wp\/v2\/pages\/192"}],"wp:attachment":[{"href":"https:\/\/www.mdw.ac.at\/ar_center\/wp-json\/wp\/v2\/media?parent=1037"}],"curies":[{"name":"wp","href":"https:\/\/api.w.org\/{rel}","templated":true}]}}